{"id":857,"date":"2020-04-18T17:42:35","date_gmt":"2020-04-18T15:42:35","guid":{"rendered":"http:\/\/bernard-visse.fr\/ev\/?page_id=857"},"modified":"2020-04-20T21:04:06","modified_gmt":"2020-04-20T19:04:06","slug":"prix-litteraires-de-graffigny","status":"publish","type":"page","link":"https:\/\/bernard-visse.fr\/ev\/prix-litteraires-de-graffigny\/","title":{"rendered":"Prix litt\u00e9raires de Graffigny"},"content":{"rendered":"\n<p>Le Cercle litt\u00e9raire de Graffigny, qui porte le nom d&rsquo;une brillante personnalit\u00e9 du Si\u00e8cle des Lumi\u00e8res, Madame de Graffigny, a \u00e9t\u00e9 inaugur\u00e9 \u00e0 Lun\u00e9ville le 20 octobre 1991, jour de la <em>Fureur de lire<\/em>.<\/p>\n\n\n\n<p>Devenu prix biennal lorsque sa fondatrice prit en charge l&rsquo;organisation du <a rel=\"noreferrer noopener\" href=\"https:\/\/bernard-visse.fr\/ev\/grand-prix-des-poetes-lorrains\/\" target=\"_blank\">Grand Prix des Po\u00e8tes lorrains<\/a>, les prix litt\u00e9raires de Graffigny ont pour vocation d&rsquo;honorer la m\u00e9moire des gens de lettres de Lun\u00e9ville. <\/p>\n\n\n\n<p>Les r\u00e9compenses attribu\u00e9es portent le nom de po\u00e8tes n\u00e9s ou ayant v\u00e9cu \u00e0 Lun\u00e9ville : le Prix Voltaire, le Prix Charles-Gu\u00e9rin, le Prix Paul-Briquel, le Prix Andr\u00e9-Nicolas, le Prix Jean-Cl\u00e9zentaine, le Prix Charles-Maire, le Prix de Graffigny, le Prix Fran\u00e7ois-Devaux, ainsi que des m\u00e9dailles d&rsquo;or, d&rsquo;argent, de bronze, un Prix Flamme vive, un Prix Flamme po\u00e9tique, un Prix sp\u00e9cial, et le Prix Nicolas-Ferry dit B\u00e9b\u00e9.<\/p>\n\n\n\n<p>Chaque ann\u00e9e paire, le concours est ouvert du 1er mai au 30 juin.<\/p>\n\n\n\n<p><strong>Composition du jury : <\/strong>Pierre Poncet, Yvette Lemoine.<\/p>\n\n\n\n<p>Pour en obtenir le r\u00e8glement, adresser au printemps de chaque ann\u00e9e paire une enveloppe timbr\u00e9e, libell\u00e9e \u00e0 vos nom et adresse \u00e0 :<\/p>\n\n\n\n<p>Jo\u00eblle DI SANGRO<br>7A, rue du Champ de Mars<br>54300 CHANTEHEUX<\/p>\n\n\n\n<h3>Les Laur\u00e9ats 2011<\/h3>\n\n\n\n<p><strong>Prix Charles-Gu\u00e9rin : <\/strong>Isabelle CHALUMEAU<\/p>\n\n\n\n<p><strong>Prix Paul-Briquet : <\/strong>Nicole METIVIER<\/p>\n\n\n\n<p><strong>Prix Andr\u00e9-Nicolas : <\/strong>Florence DELFINI DI MAURO<\/p>\n\n\n\n<p><strong>Prix Charles-Maire : <\/strong>Marion WECKERLE<\/p>\n\n\n\n<p><strong>Prix Fran\u00e7oise-de-Graffigny : <\/strong>Didier SARRASSAT<br><\/p>\n\n\n\n<h3>Les Laur\u00e9ats du Prix Voltaire<\/h3>\n\n\n\n<p><strong>2004 : <\/strong>\u00c9lie VIN\u00c9 (Nancy, 54)<\/p>\n\n\n\n<p><strong>2002 : <\/strong>Serge LAURENT<\/p>\n\n\n\n<p><strong>2000 : <\/strong>Denise RICHARD-FLIELLER<\/p>\n\n\n\n<p><strong>1998 : <\/strong>Jean-Jacques CHIRON<\/p>\n\n\n\n<p><strong>1996 : <\/strong>Mich\u00e8le DERAY<\/p>\n\n\n\n<p><strong>1994 : <\/strong>Jean-Fran\u00e7ois DAVAUT<\/p>\n\n\n\n<p><strong>1992 : <\/strong>Gilbert FORET<\/p>\n\n\n\n<p><strong>1991 : <\/strong>\u00c9ric FELGEN pour <em>Le Prisonnier transparent<\/em>, et Aur\u00e9lie GASTHALTER pour <em>Cantabile<\/em>.<\/p>\n","protected":false},"excerpt":{"rendered":"<p>Le Cercle litt\u00e9raire de Graffigny, qui porte le nom d&rsquo;une brillante personnalit\u00e9 du Si\u00e8cle des Lumi\u00e8res, Madame de Graffigny, a \u00e9t\u00e9 inaugur\u00e9 \u00e0 Lun\u00e9ville le 20 octobre 1991, jour de la Fureur de lire. Devenu prix biennal lorsque sa fondatrice prit en charge l&rsquo;organisation du Grand Prix des Po\u00e8tes lorrains, les prix litt\u00e9raires de Graffigny ont pour vocation d&rsquo;honorer la m\u00e9moire des gens de lettres de Lun\u00e9ville. Les r\u00e9compenses attribu\u00e9es portent le nom de po\u00e8tes n\u00e9s ou ayant v\u00e9cu \u00e0 Lun\u00e9ville : le Prix Voltaire, le Prix Charles-Gu\u00e9rin, le Prix Paul-Briquel, le Prix Andr\u00e9-Nicolas, le Prix Jean-Cl\u00e9zentaine, le Prix Charles-Maire, le Prix de Graffigny, le Prix Fran\u00e7ois-Devaux, ainsi que des m\u00e9dailles d&rsquo;or, d&rsquo;argent, de bronze, un Prix Flamme vive, un Prix Flamme po\u00e9tique, un Prix sp\u00e9cial, et le Prix Nicolas-Ferry dit B\u00e9b\u00e9. Chaque ann\u00e9e paire, le concours est ouvert du 1er mai au 30 juin. Composition du jury : Pierre Poncet, Yvette Lemoine. Pour en obtenir le r\u00e8glement, adresser au printemps de chaque ann\u00e9e paire une enveloppe timbr\u00e9e, libell\u00e9e \u00e0 vos nom et adresse \u00e0 : Jo\u00eblle DI SANGRO7A, rue du Champ de Mars54300 CHANTEHEUX Les Laur\u00e9ats 2011 Prix Charles-Gu\u00e9rin : Isabelle CHALUMEAU Prix Paul-Briquet : Nicole METIVIER Prix Andr\u00e9-Nicolas : Florence DELFINI DI MAURO Prix Charles-Maire : Marion WECKERLE Prix Fran\u00e7oise-de-Graffigny : Didier SARRASSAT Les Laur\u00e9ats du Prix Voltaire 2004 : \u00c9lie VIN\u00c9 (Nancy, 54) 2002 : Serge LAURENT 2000 : Denise RICHARD-FLIELLER 1998 : Jean-Jacques CHIRON 1996 : Mich\u00e8le DERAY 1994 : Jean-Fran\u00e7ois DAVAUT 1992 : Gilbert FORET 1991 : \u00c9ric FELGEN pour Le Prisonnier transparent, et Aur\u00e9lie GASTHALTER pour Cantabile.<\/p>\n","protected":false},"author":3,"featured_media":0,"parent":0,"menu_order":0,"comment_status":"closed","ping_status":"closed","template":"","meta":[],"_links":{"self":[{"href":"https:\/\/bernard-visse.fr\/ev\/wp-json\/wp\/v2\/pages\/857"}],"collection":[{"href":"https:\/\/bernard-visse.fr\/ev\/wp-json\/wp\/v2\/pages"}],"about":[{"href":"https:\/\/bernard-visse.fr\/ev\/wp-json\/wp\/v2\/types\/page"}],"author":[{"embeddable":true,"href":"https:\/\/bernard-visse.fr\/ev\/wp-json\/wp\/v2\/users\/3"}],"replies":[{"embeddable":true,"href":"https:\/\/bernard-visse.fr\/ev\/wp-json\/wp\/v2\/comments?post=857"}],"version-history":[{"count":1,"href":"https:\/\/bernard-visse.fr\/ev\/wp-json\/wp\/v2\/pages\/857\/revisions"}],"predecessor-version":[{"id":858,"href":"https:\/\/bernard-visse.fr\/ev\/wp-json\/wp\/v2\/pages\/857\/revisions\/858"}],"wp:attachment":[{"href":"https:\/\/bernard-visse.fr\/ev\/wp-json\/wp\/v2\/media?parent=857"}],"curies":[{"name":"wp","href":"https:\/\/api.w.org\/{rel}","templated":true}]}}