{"id":849,"date":"2020-04-18T17:08:49","date_gmt":"2020-04-18T15:08:49","guid":{"rendered":"http:\/\/bernard-visse.fr\/ev\/?page_id=849"},"modified":"2020-04-20T21:05:01","modified_gmt":"2020-04-20T19:05:01","slug":"prix-regional-du-conte-litteraire","status":"publish","type":"page","link":"https:\/\/bernard-visse.fr\/ev\/prix-regional-du-conte-litteraire\/","title":{"rendered":"Prix r\u00e9gional du Conte litt\u00e9raire"},"content":{"rendered":"\n<p>7\u00e8me \u00e9dition du <strong>Prix r\u00e9gional du Conte litt\u00e9raire<\/strong> \/ Sarreguemines 2002<\/p>\n\n\n\n<p><strong>Article 1 :<\/strong> Le prix litt\u00e9raire de la Ville de Sarreguemines est destin\u00e9 \u00e0 r\u00e9compenser une \u0153uvre \u00e9crite en langue fran\u00e7aise. Ce prix sera consacr\u00e9 au conte. Son th\u00e8me en sera la musique.<\/p>\n\n\n\n<p>Article 2 : Le prix est ouvert \u00e0 toute personne r\u00e9sidant en Lorraine et en Alsace. On distinguera trois cat\u00e9gories de participants :<br>&#8211; une cat\u00e9gorie enfants (9-12 ans)<br>&#8211; une cat\u00e9gories jeunes (13-18 ans)<br>&#8211; une cat\u00e9gorie adultes (+ de 18 ans).<br>La participation est gratuite. Les \u0153uvres collectives sont accept\u00e9es sans faire l&rsquo;objet d&rsquo;une cat\u00e9gorie sp\u00e9cifique.<\/p>\n\n\n\n<p><strong>Article 3 :<\/strong> Les manuscrits devront \u00eatre dactylographi\u00e9s sur simple recto de feuillet de format 21 x 29,7 avec une marge et un double interligne. Ils devront \u00eatre pagin\u00e9s et ne pas exc\u00e9der 6 pages. Ils devront \u00eatre envoy\u00e9s en 5 exemplaires.<\/p>\n\n\n\n<p><strong>Article 4 :<\/strong> Afin de pr\u00e9server l&rsquo;anonymat des participants, aucune mention ne sera faite en aucun endroit ni du nom de l&rsquo;auteur, ni du pseudonyme, ni de sa signature ou paraphe, ni de son adresse. Une enveloppe vierge contenant les coordonn\u00e9es de l&rsquo;auteur (nom, pr\u00e9nom, date de naissance, adresse, num\u00e9ro de t\u00e9l\u00e9phone) devra accompagner chaque manuscrit.<\/p>\n\n\n\n<p><strong>Article 5 :<\/strong> Les envois sont \u00e0 adresser obligatoirement \u00e0 :<\/p>\n\n\n\n<p>Biblioth\u00e8que municipale<br>Square de la Vieille Ville<br>BP 91177<br>57215 SARREGUEMINES CEDEX<\/p>\n\n\n\n<p><strong>avant le 28 f\u00e9vrier 2002<\/strong>, le cachet de la poste faisant foi.<br>Les manuscrits envoy\u00e9s apr\u00e8s cette date ne seront pas retenus pour les d\u00e9lib\u00e9rations du jury.<\/p>\n\n\n\n<p><strong>Article 6 :<\/strong> Le jury compos\u00e9 de conteurs, d&rsquo;\u00e9crivains et de professionnels du livre se r\u00e9unira le 2 juin 2002 pour remettre les prix. La proclamation officielle des r\u00e9sultats aura lieu au Casino des Fa\u00efenceries de Sarreguemines.<\/p>\n\n\n\n<p><strong>Article 7 :<\/strong> Le prix consistera en :<br>&#8211; un ch\u00e8que de 5000 F pour la cat\u00e9gorie adultes<br>&#8211; un ch\u00e8que de 2000 F pour la cat\u00e9gorie jeunes<br>&#8211; une r\u00e9compense de la valeur de 1500 F pour la cat\u00e9gorie enfants<br>&#8211; des livres et des cassettes de contes pour les finalistes de chaque cat\u00e9gorie.<\/p>\n\n\n\n<p><strong>Article 8 :<\/strong> Le jury pourra ne pas d\u00e9cerner de prix si aucun manuscrit ne lui en para\u00eet digne.<\/p>\n\n\n\n<p>Article 9 : Le fait de poser sa candidature implique l&rsquo;acceptation int\u00e9grale du pr\u00e9sent r\u00e8glement et des d\u00e9cisions du jury.<\/p>\n\n\n\n<p><strong>Article 10 :<\/strong> Les organisateurs se r\u00e9servent le droit de suspendre, \u00e0 tout moment et sans pr\u00e9avis, le d\u00e9roulement de ce prix en cas d&rsquo;\u00e9v\u00e9nement grave et impr\u00e9vu.<\/p>\n","protected":false},"excerpt":{"rendered":"<p>7\u00e8me \u00e9dition du Prix r\u00e9gional du Conte litt\u00e9raire \/ Sarreguemines 2002 Article 1 : Le prix litt\u00e9raire de la Ville de Sarreguemines est destin\u00e9 \u00e0 r\u00e9compenser une \u0153uvre \u00e9crite en langue fran\u00e7aise. Ce prix sera consacr\u00e9 au conte. Son th\u00e8me en sera la musique. Article 2 : Le prix est ouvert \u00e0 toute personne r\u00e9sidant en Lorraine et en Alsace. On distinguera trois cat\u00e9gories de participants :&#8211; une cat\u00e9gorie enfants (9-12 ans)&#8211; une cat\u00e9gories jeunes (13-18 ans)&#8211; une cat\u00e9gorie adultes (+ de 18 ans).La participation est gratuite. Les \u0153uvres collectives sont accept\u00e9es sans faire l&rsquo;objet d&rsquo;une cat\u00e9gorie sp\u00e9cifique. Article 3 : Les manuscrits devront \u00eatre dactylographi\u00e9s sur simple recto de feuillet de format 21 x 29,7 avec une marge et un double interligne. Ils devront \u00eatre pagin\u00e9s et ne pas exc\u00e9der 6 pages. Ils devront \u00eatre envoy\u00e9s en 5 exemplaires. Article 4 : Afin de pr\u00e9server l&rsquo;anonymat des participants, aucune mention ne sera faite en aucun endroit ni du nom de l&rsquo;auteur, ni du pseudonyme, ni de sa signature ou paraphe, ni de son adresse. Une enveloppe vierge contenant les coordonn\u00e9es de l&rsquo;auteur (nom, pr\u00e9nom, date de naissance, adresse, num\u00e9ro de t\u00e9l\u00e9phone) devra accompagner chaque manuscrit. Article 5 : Les envois sont \u00e0 adresser obligatoirement \u00e0 : Biblioth\u00e8que municipaleSquare de la Vieille VilleBP 9117757215 SARREGUEMINES CEDEX avant le 28 f\u00e9vrier 2002, le cachet de la poste faisant foi.Les manuscrits envoy\u00e9s apr\u00e8s cette date ne seront pas retenus pour les d\u00e9lib\u00e9rations du jury. Article 6 : Le jury compos\u00e9 de conteurs, d&rsquo;\u00e9crivains et de professionnels du livre se r\u00e9unira le 2 juin 2002 pour remettre les prix. La proclamation officielle des r\u00e9sultats aura lieu au Casino des Fa\u00efenceries de Sarreguemines. Article 7 : Le prix consistera en :&#8211; un ch\u00e8que de 5000 F pour la cat\u00e9gorie adultes&#8211; un ch\u00e8que de 2000 F pour la cat\u00e9gorie jeunes&#8211; une r\u00e9compense de la valeur de 1500 F pour la cat\u00e9gorie enfants&#8211; des livres et des cassettes de contes pour les finalistes de chaque cat\u00e9gorie. Article 8 : Le jury pourra ne pas d\u00e9cerner de prix si aucun manuscrit ne lui en para\u00eet digne. Article 9 : Le fait de poser sa candidature implique l&rsquo;acceptation int\u00e9grale du pr\u00e9sent r\u00e8glement et des d\u00e9cisions du jury. Article 10 : Les organisateurs se r\u00e9servent le droit de suspendre, \u00e0 tout moment et sans pr\u00e9avis, le d\u00e9roulement de ce prix en cas d&rsquo;\u00e9v\u00e9nement grave et impr\u00e9vu.<\/p>\n","protected":false},"author":3,"featured_media":0,"parent":0,"menu_order":0,"comment_status":"closed","ping_status":"closed","template":"","meta":[],"_links":{"self":[{"href":"https:\/\/bernard-visse.fr\/ev\/wp-json\/wp\/v2\/pages\/849"}],"collection":[{"href":"https:\/\/bernard-visse.fr\/ev\/wp-json\/wp\/v2\/pages"}],"about":[{"href":"https:\/\/bernard-visse.fr\/ev\/wp-json\/wp\/v2\/types\/page"}],"author":[{"embeddable":true,"href":"https:\/\/bernard-visse.fr\/ev\/wp-json\/wp\/v2\/users\/3"}],"replies":[{"embeddable":true,"href":"https:\/\/bernard-visse.fr\/ev\/wp-json\/wp\/v2\/comments?post=849"}],"version-history":[{"count":1,"href":"https:\/\/bernard-visse.fr\/ev\/wp-json\/wp\/v2\/pages\/849\/revisions"}],"predecessor-version":[{"id":850,"href":"https:\/\/bernard-visse.fr\/ev\/wp-json\/wp\/v2\/pages\/849\/revisions\/850"}],"wp:attachment":[{"href":"https:\/\/bernard-visse.fr\/ev\/wp-json\/wp\/v2\/media?parent=849"}],"curies":[{"name":"wp","href":"https:\/\/api.w.org\/{rel}","templated":true}]}}