{"id":846,"date":"2020-04-18T17:07:07","date_gmt":"2020-04-18T15:07:07","guid":{"rendered":"http:\/\/bernard-visse.fr\/ev\/?page_id=846"},"modified":"2020-04-20T21:04:50","modified_gmt":"2020-04-20T19:04:50","slug":"prix-nouvelle-generation","status":"publish","type":"page","link":"https:\/\/bernard-visse.fr\/ev\/prix-nouvelle-generation\/","title":{"rendered":"Prix Nouvelle g\u00e9n\u00e9ration"},"content":{"rendered":"\n<h3>Association pour le Prix Alain-Dor\u00e9mieux<\/h3>\n\n\n\n<p>L&rsquo;association PRADO organise un concours de nouvelles destin\u00e9 \u00e0 des auteurs n&rsquo;ayant jamais publi\u00e9 \u00e0 titre professionnel dans le domaine de l&rsquo;imaginaire.<\/p>\n\n\n\n<h3>Le R\u00e8glement<\/h3>\n\n\n\n<p><strong>Article 1 : <\/strong>L&rsquo;association pour le PRix Alain DOr\u00e9mieux (PRADO), r\u00e9gie par la loi 1901, dont le si\u00e8ge social est situ\u00e9 au 274, rue Jeanne d&rsquo;Arc &#8211; 54000 Nancy, organise un concours de nouvelles intitul\u00e9 \u00ab\u00a0Prix Nouvelle G\u00e9n\u00e9ration\u00a0\u00bb.<\/p>\n\n\n\n<p><strong>Article 2 : <\/strong>Ce concours est ouvert \u00e0 toutes personnes d&rsquo;expression fran\u00e7aise &#8211; \u00e0 l&rsquo;exclusion des membres de l&rsquo;association organisatrice et de leur famille, \u00e2g\u00e9es de plus de 18 ans \u00e0 la date de d\u00e9but du concours, n&rsquo;ayant jamais publi\u00e9 de nouvelle, recueil et\/ou roman \u00e0 titre professionnel (ayant donn\u00e9 lieu \u00e0 r\u00e9mun\u00e9ration, m\u00eame symbolique).<\/p>\n\n\n\n<p><strong>Article 3 : <\/strong>Les nouvelles propos\u00e9es dans le cadre de ce concours devront imp\u00e9rativement ressortir peu ou prou des domaines de l&rsquo;imaginaire (science-fiction, fantasy et fantastique), le m\u00e9lange des genres est autoris\u00e9, l&rsquo;adjonction de genre hors domaine de l&rsquo;imaginaire aussi si tant est que la premi\u00e8re condition soit respect\u00e9e. Aucun th\u00e8me n&rsquo;est impos\u00e9.<br>Il est n\u00e9cessaire de pr\u00e9ciser que ce concours se veut litt\u00e9raire et de tr\u00e8s haute tenue, que son but est de faire \u00e9merger une nouvelle g\u00e9n\u00e9ration de nouvellistes. Les crit\u00e8res d&rsquo;attribution du Prix seront donc s\u00e9v\u00e8res pour que ce concours reste un des plus s\u00e9rieux et des plus respect\u00e9s qui soient.<\/p>\n\n\n\n<p><strong>Article 4 : <\/strong>Le concours est ouvert du 1er ao\u00fbt 2002 au 1er mars 2003. La date limite d&rsquo;envoi des textes est fix\u00e9e le 1er mars 2003 \u00e0 minuit. Les envois se feront par courrier, le cachet de la poste fera foi. Les envois devront se faire uniquement par simple courrier non recommand\u00e9. Tout envoi effectu\u00e9 apr\u00e8s la date limite sera consid\u00e9r\u00e9 comme nul et non avenu. Les nouvelles ne seront pas retourn\u00e9es \u00e0 leur auteur et les textes non prim\u00e9s seront d\u00e9truits.<\/p>\n\n\n\n<p><strong>Article 5 : <\/strong>Les concurrents ne peuvent soumettre qu&rsquo;un seul texte, dont la longueur minimale est fix\u00e9e \u00e0 15 000 signes et la maximale \u00e0 50 000 signes. Les textes seront imp\u00e9rativement dactylographi\u00e9s et pr\u00e9sent\u00e9s selon le mod\u00e8le professionnel standard : soit 25 lignes de 60 signes (espaces compris) par feuillet (1 feuillet = 1 500 signes environ), en double interligne. Les pages seront num\u00e9rot\u00e9es et volantes. Les textes devront obligatoirement \u00eatre in\u00e9dits et ne pas concourir \u00e0 d&rsquo;autres manifestations litt\u00e9raires jusqu&rsquo;\u00e0 proclamation des r\u00e9sultats.<br>Sur chaque page de garde des nouvelles, figureront les nom et pr\u00e9nom du concurrent (et pseudonyme \u00e9ventuel), son adresse, son num\u00e9ro de t\u00e9l\u00e9phone (fixe et\/ou portable) et son adresse \u00e9lectronique (e-mail) le cas \u00e9ch\u00e9ant, ainsi que le titre de la nouvelle.<\/p>\n\n\n\n<p><strong>Article 6 : <\/strong>Les nouvelles, en double exemplaire, seront adress\u00e9es par voie postale \u00e0 :<\/p>\n\n\n\n<p>Association PRADO \/ Alain Jardy<br>274, rue Jeanne d&rsquo;Arc \/ 54 000 NANCY<\/p>\n\n\n\n<p><strong>Article 7 : <\/strong>Chaque envoi sera accompagn\u00e9 de deux enveloppes timbr\u00e9es auto-adress\u00e9es et d&rsquo;un ch\u00e8que (bancaire ou postal) de 15 (quinze) euros \u00e0 l&rsquo;ordre de PRADO. Cette somme constitue un droit d&rsquo;entr\u00e9e pour le concours et une participation aux frais administratifs, postaux et de dotation. Tout envoi non complet sera retourn\u00e9 au concurrent.<br>Chaque concurrent recevra un accus\u00e9 de r\u00e9ception dans les quinze jours.<\/p>\n\n\n\n<p><strong>Article 8 : <\/strong>PRADO se chargera de transmettre une copie de chaque nouvelle \u00e0 un jury de professionnels compos\u00e9 de :<br>Raymond Iss, \u00e9crivain, r\u00e9dacteur de <em>Galaxies<\/em><br>Daniel Conrad, r\u00e9dacteur en chef, anthologiste et \u00e9diteur<br>Beno\u00eet Domis, r\u00e9dacteur en chef, traducteur et \u00e9diteur<br>Pierre-Henri Pevel, \u00e9crivain<br>Christian Grussi, infographiste<\/p>\n\n\n\n<p><strong>Article 9 : <\/strong>Le jury choisira les laur\u00e9ats par un vote qui devra s&rsquo;effectuer \u00e0 la majorit\u00e9. Fin avril 2003, le jury &#8211; plac\u00e9 sous la pr\u00e9sidence de Raymond Iss et dont le secr\u00e9taire est Daniel Conrad &#8211; communiquera le r\u00e9sultat du concours \u00e0 tous les concurrents.<\/p>\n\n\n\n<p><strong>Article 10 : <\/strong>Pour le premier, le deuxi\u00e8me et le troisi\u00e8me de ce concours, la dotation est la suivante :<br>&#8211; r\u00e9alisation d&rsquo;un dossier de presse complet sur l&rsquo;auteur et sa nouvelle, mise en page professionnelle de son texte, envoi du tout \u00e0 tous les r\u00e9dacteurs en chef, anthologistes, directeurs litt\u00e9raires susceptibles de pouvoir le publier, ainsi qu&rsquo;au jury du Prix Alain Dor\u00e9mieux de l&rsquo;ann\u00e9e suivante.<br>&#8211; communication et promotion autour du Prix, des auteurs et des textes prim\u00e9s dans tous les supports et e-supports \u00e9crits et audiovisuels.<br>Les mentions utilis\u00e9es seront <em>1er Prix Nouvelle G\u00e9n\u00e9ration de PRADO 2003<\/em>, <em>2\u00e8me Prix Nouvelle G\u00e9n\u00e9ration de PRADO 2003<\/em>, <em>3\u00e8me Prix Nouvelle G\u00e9n\u00e9ration de PRADO 2003<\/em>.<br>Les trois laur\u00e9ats se verront offrir des ouvrages de r\u00e9f\u00e9rence, relevant des domaines de l&rsquo;imaginaire, par les \u00e9diteurs partenaires du concours.<\/p>\n\n\n\n<p><strong>Article 11 : <\/strong>Les gagnants seront avis\u00e9s individuellement par courrier et autorisent par avance PRADO \u00e0 utiliser gratuitement leurs noms, adresse et image \u00e0 des fins promotionnelles. Le participant d\u00e9clare qu&rsquo;il est lui-m\u00eame l&rsquo;auteur de la contribution et qu&rsquo;il d\u00e9tient tous les droits sur les donn\u00e9es utilis\u00e9es (texte, image&#8230;).<\/p>\n\n\n\n<p><strong>Article 12 : <\/strong>Le jury se r\u00e9serve le droit de ne pas attribuer un ou plusieurs prix si le pr\u00e9sent r\u00e8glement n&rsquo;a pas \u00e9t\u00e9 respect\u00e9 ou s&rsquo;il ne parvient pas \u00e0 d\u00e9terminer les gagnants par un vote \u00e0 la majorit\u00e9.<br>Si le Prix n&rsquo;est d\u00e9cern\u00e9 \u00e0 aucun laur\u00e9at, les participants seront rembours\u00e9s. Par contre, si le Prix n&rsquo;est d\u00e9cern\u00e9 qu&rsquo;\u00e0 au moins un seul laur\u00e9at, aucun remboursement ne pourra \u00eatre exig\u00e9.<\/p>\n\n\n\n<p><strong>Article 13 : <\/strong>Les concurrents, en participant \u00e0 ce concours, acceptent toutes les clauses de ce r\u00e8glement sans r\u00e9serve aucune.<br>L&rsquo;association organisatrice se r\u00e9serve le droit de modifier, de suspendre, de reporter, d&rsquo;\u00e9courter, de prolonger ou d&rsquo;annuler le concours.<br>Des additifs ou, en cas de force majeure, des modifications \u00e0 ce r\u00e8glement pourront \u00e9ventuellement \u00eatre publi\u00e9s pendant la dur\u00e9e du concours. Ils seront consid\u00e9r\u00e9s alors comme des annexes au pr\u00e9sent r\u00e8glement.<\/p>\n","protected":false},"excerpt":{"rendered":"<p>Association pour le Prix Alain-Dor\u00e9mieux L&rsquo;association PRADO organise un concours de nouvelles destin\u00e9 \u00e0 des auteurs n&rsquo;ayant jamais publi\u00e9 \u00e0 titre professionnel dans le domaine de l&rsquo;imaginaire. Le R\u00e8glement Article 1 : L&rsquo;association pour le PRix Alain DOr\u00e9mieux (PRADO), r\u00e9gie par la loi 1901, dont le si\u00e8ge social est situ\u00e9 au 274, rue Jeanne d&rsquo;Arc &#8211; 54000 Nancy, organise un concours de nouvelles intitul\u00e9 \u00ab\u00a0Prix Nouvelle G\u00e9n\u00e9ration\u00a0\u00bb. Article 2 : Ce concours est ouvert \u00e0 toutes personnes d&rsquo;expression fran\u00e7aise &#8211; \u00e0 l&rsquo;exclusion des membres de l&rsquo;association organisatrice et de leur famille, \u00e2g\u00e9es de plus de 18 ans \u00e0 la date de d\u00e9but du concours, n&rsquo;ayant jamais publi\u00e9 de nouvelle, recueil et\/ou roman \u00e0 titre professionnel (ayant donn\u00e9 lieu \u00e0 r\u00e9mun\u00e9ration, m\u00eame symbolique). Article 3 : Les nouvelles propos\u00e9es dans le cadre de ce concours devront imp\u00e9rativement ressortir peu ou prou des domaines de l&rsquo;imaginaire (science-fiction, fantasy et fantastique), le m\u00e9lange des genres est autoris\u00e9, l&rsquo;adjonction de genre hors domaine de l&rsquo;imaginaire aussi si tant est que la premi\u00e8re condition soit respect\u00e9e. Aucun th\u00e8me n&rsquo;est impos\u00e9.Il est n\u00e9cessaire de pr\u00e9ciser que ce concours se veut litt\u00e9raire et de tr\u00e8s haute tenue, que son but est de faire \u00e9merger une nouvelle g\u00e9n\u00e9ration de nouvellistes. Les crit\u00e8res d&rsquo;attribution du Prix seront donc s\u00e9v\u00e8res pour que ce concours reste un des plus s\u00e9rieux et des plus respect\u00e9s qui soient. Article 4 : Le concours est ouvert du 1er ao\u00fbt 2002 au 1er mars 2003. La date limite d&rsquo;envoi des textes est fix\u00e9e le 1er mars 2003 \u00e0 minuit. Les envois se feront par courrier, le cachet de la poste fera foi. Les envois devront se faire uniquement par simple courrier non recommand\u00e9. Tout envoi effectu\u00e9 apr\u00e8s la date limite sera consid\u00e9r\u00e9 comme nul et non avenu. Les nouvelles ne seront pas retourn\u00e9es \u00e0 leur auteur et les textes non prim\u00e9s seront d\u00e9truits. Article 5 : Les concurrents ne peuvent soumettre qu&rsquo;un seul texte, dont la longueur minimale est fix\u00e9e \u00e0 15 000 signes et la maximale \u00e0 50 000 signes. Les textes seront imp\u00e9rativement dactylographi\u00e9s et pr\u00e9sent\u00e9s selon le mod\u00e8le professionnel standard : soit 25 lignes de 60 signes (espaces compris) par feuillet (1 feuillet = 1 500 signes environ), en double interligne. Les pages seront num\u00e9rot\u00e9es et volantes. Les textes devront obligatoirement \u00eatre in\u00e9dits et ne pas concourir \u00e0 d&rsquo;autres manifestations litt\u00e9raires jusqu&rsquo;\u00e0 proclamation des r\u00e9sultats.Sur chaque page de garde des nouvelles, figureront les nom et pr\u00e9nom du concurrent (et pseudonyme \u00e9ventuel), son adresse, son num\u00e9ro de t\u00e9l\u00e9phone (fixe et\/ou portable) et son adresse \u00e9lectronique (e-mail) le cas \u00e9ch\u00e9ant, ainsi que le titre de la nouvelle. Article 6 : Les nouvelles, en double exemplaire, seront adress\u00e9es par voie postale \u00e0 : Association PRADO \/ Alain Jardy274, rue Jeanne d&rsquo;Arc \/ 54 000 NANCY Article 7 : Chaque envoi sera accompagn\u00e9 de deux enveloppes timbr\u00e9es auto-adress\u00e9es et d&rsquo;un ch\u00e8que (bancaire ou postal) de 15 (quinze) euros \u00e0 l&rsquo;ordre de PRADO. Cette somme constitue un droit d&rsquo;entr\u00e9e pour le concours et une participation aux frais administratifs, postaux et de dotation. Tout envoi non complet sera retourn\u00e9 au concurrent.Chaque concurrent recevra un accus\u00e9 de r\u00e9ception dans les quinze jours. Article 8 : PRADO se chargera de transmettre une copie de chaque nouvelle \u00e0 un jury de professionnels compos\u00e9 de :Raymond Iss, \u00e9crivain, r\u00e9dacteur de GalaxiesDaniel Conrad, r\u00e9dacteur en chef, anthologiste et \u00e9diteurBeno\u00eet Domis, r\u00e9dacteur en chef, traducteur et \u00e9diteurPierre-Henri Pevel, \u00e9crivainChristian Grussi, infographiste Article 9 : Le jury choisira les laur\u00e9ats par un vote qui devra s&rsquo;effectuer \u00e0 la majorit\u00e9. Fin avril 2003, le jury &#8211; plac\u00e9 sous la pr\u00e9sidence de Raymond Iss et dont le secr\u00e9taire est Daniel Conrad &#8211; communiquera le r\u00e9sultat du concours \u00e0 tous les concurrents. Article 10 : Pour le premier, le deuxi\u00e8me et le troisi\u00e8me de ce concours, la dotation est la suivante :&#8211; r\u00e9alisation d&rsquo;un dossier de presse complet sur l&rsquo;auteur et sa nouvelle, mise en page professionnelle de son texte, envoi du tout \u00e0 tous les r\u00e9dacteurs en chef, anthologistes, directeurs litt\u00e9raires susceptibles de pouvoir le publier, ainsi qu&rsquo;au jury du Prix Alain Dor\u00e9mieux de l&rsquo;ann\u00e9e suivante.&#8211; communication et promotion autour du Prix, des auteurs et des textes prim\u00e9s dans tous les supports et e-supports \u00e9crits et audiovisuels.Les mentions utilis\u00e9es seront 1er Prix Nouvelle G\u00e9n\u00e9ration de PRADO 2003, 2\u00e8me Prix Nouvelle G\u00e9n\u00e9ration de PRADO 2003, 3\u00e8me Prix Nouvelle G\u00e9n\u00e9ration de PRADO 2003.Les trois laur\u00e9ats se verront offrir des ouvrages de r\u00e9f\u00e9rence, relevant des domaines de l&rsquo;imaginaire, par les \u00e9diteurs partenaires du concours. Article 11 : Les gagnants seront avis\u00e9s individuellement par courrier et autorisent par avance PRADO \u00e0 utiliser gratuitement leurs noms, adresse et image \u00e0 des fins promotionnelles. Le participant d\u00e9clare qu&rsquo;il est lui-m\u00eame l&rsquo;auteur de la contribution et qu&rsquo;il d\u00e9tient tous les droits sur les donn\u00e9es utilis\u00e9es (texte, image&#8230;). Article 12 : Le jury se r\u00e9serve le droit de ne pas attribuer un ou plusieurs prix si le pr\u00e9sent r\u00e8glement n&rsquo;a pas \u00e9t\u00e9 respect\u00e9 ou s&rsquo;il ne parvient pas \u00e0 d\u00e9terminer les gagnants par un vote \u00e0 la majorit\u00e9.Si le Prix n&rsquo;est d\u00e9cern\u00e9 \u00e0 aucun laur\u00e9at, les participants seront rembours\u00e9s. Par contre, si le Prix n&rsquo;est d\u00e9cern\u00e9 qu&rsquo;\u00e0 au moins un seul laur\u00e9at, aucun remboursement ne pourra \u00eatre exig\u00e9. Article 13 : Les concurrents, en participant \u00e0 ce concours, acceptent toutes les clauses de ce r\u00e8glement sans r\u00e9serve aucune.L&rsquo;association organisatrice se r\u00e9serve le droit de modifier, de suspendre, de reporter, d&rsquo;\u00e9courter, de prolonger ou d&rsquo;annuler le concours.Des additifs ou, en cas de force majeure, des modifications \u00e0 ce r\u00e8glement pourront \u00e9ventuellement \u00eatre publi\u00e9s pendant la dur\u00e9e du concours. Ils seront consid\u00e9r\u00e9s alors comme des annexes au pr\u00e9sent r\u00e8glement.<\/p>\n","protected":false},"author":3,"featured_media":0,"parent":0,"menu_order":0,"comment_status":"closed","ping_status":"closed","template":"","meta":[],"_links":{"self":[{"href":"https:\/\/bernard-visse.fr\/ev\/wp-json\/wp\/v2\/pages\/846"}],"collection":[{"href":"https:\/\/bernard-visse.fr\/ev\/wp-json\/wp\/v2\/pages"}],"about":[{"href":"https:\/\/bernard-visse.fr\/ev\/wp-json\/wp\/v2\/types\/page"}],"author":[{"embeddable":true,"href":"https:\/\/bernard-visse.fr\/ev\/wp-json\/wp\/v2\/users\/3"}],"replies":[{"embeddable":true,"href":"https:\/\/bernard-visse.fr\/ev\/wp-json\/wp\/v2\/comments?post=846"}],"version-history":[{"count":2,"href":"https:\/\/bernard-visse.fr\/ev\/wp-json\/wp\/v2\/pages\/846\/revisions"}],"predecessor-version":[{"id":848,"href":"https:\/\/bernard-visse.fr\/ev\/wp-json\/wp\/v2\/pages\/846\/revisions\/848"}],"wp:attachment":[{"href":"https:\/\/bernard-visse.fr\/ev\/wp-json\/wp\/v2\/media?parent=846"}],"curies":[{"name":"wp","href":"https:\/\/api.w.org\/{rel}","templated":true}]}}