{"id":844,"date":"2020-04-18T17:03:42","date_gmt":"2020-04-18T15:03:42","guid":{"rendered":"http:\/\/bernard-visse.fr\/ev\/?page_id=844"},"modified":"2020-04-20T21:05:08","modified_gmt":"2020-04-20T19:05:08","slug":"prix-robert-veil","status":"publish","type":"page","link":"https:\/\/bernard-visse.fr\/ev\/prix-robert-veil\/","title":{"rendered":"Prix Robert-Veil"},"content":{"rendered":"\n<h3>R\u00e8glement 2006<\/h3>\n\n\n\n<p><strong>Article 1.-<\/strong> La M\u00e9diath\u00e8que municipale de Rambervillers (Vosges) organise le prix litt\u00e9raire Robert Veil.<br>Ce prix est ouvert \u00e0 tous, adultes et jeunes (moins de 14 ans).<\/p>\n\n\n\n<p><strong>Article 2.-<\/strong> Dans le cadre du 250\u00b0 anniversaire de la naissance de MOZART, la m\u00e9diath\u00e8que a s\u00e9lectionn\u00e9 12 mots repr\u00e9sentatifs de la vie de ce compositeur et musicien de renom. A vous de les inclure dans un texte qui ne d\u00e9passera pas deux feuillets 21&#215;29,7 sur de simples rectos.<br>Ces douze mots peuvent \u00eatre repr\u00e9sent\u00e9s sculpt\u00e9s, calligraphi\u00e9s, illustr\u00e9s, enlumin\u00e9s.<br>Les voici : op\u00e9ra &#8211; g\u00e9nie &#8211; virtuose &#8211; lumi\u00e8re &#8211; cr\u00e9ation &#8211; franc.ma\u00e7onnerie &#8211; concert &#8211; amour &#8211; fl\u00fbte &#8211; chapelle &#8211; concerto &#8211; symphonie.<\/p>\n\n\n\n<p><strong>Article 3.-<\/strong> Le jury est compos\u00e9 de 9 membres.<\/p>\n\n\n\n<p><strong>Article 4.-<\/strong> Le participant au prix inscrira ses nom, pr\u00e9nom, adresse, date de naissance au dos du dernier feuillet.<\/p>\n\n\n\n<p><strong>Article 5.-<\/strong> L\u2019\u0153uvre qui aura obtenu 5 voix sur 9 sera couronn\u00e9e.<\/p>\n\n\n\n<p><strong>Article 6.-<\/strong> La date limite du d\u00e9p\u00f4t des textes est fix\u00e9e au 30 Avril 2006 \u00e0 minuit.<br>Les envois ou d\u00e9p\u00f4ts se font \u00e0 l\u2019adresse suivante:<\/p>\n\n\n\n<p>M\u00e9diath\u00e8que municipale \/ Prix Robert-Veil<br>Place \u00c9mile-Drou\u00ebl<br>88700 Rambervillers<\/p>\n\n\n\n<p><strong>Article 7.-<\/strong> Les r\u00e9sultats seront publi\u00e9s dans la presse locale, seul le laur\u00e9at sera averti par courrier ou par t\u00e9l\u00e9phone.<\/p>\n\n\n\n<p><strong>Article 8.-<\/strong> La d\u00e9cision du jury est sans appel et il peut d\u00e9cider de ne pas attribuer le prix. Le fait de participer \u00e0 ce prix implique l\u2019acceptation de ce r\u00e8glement.<\/p>\n\n\n\n<p><strong>Article 9.-<\/strong> Les \u0153uvres envoy\u00e9es ne seront pas restitu\u00e9es mais conserv\u00e9es \u00e0 la biblioth\u00e8que.<\/p>\n\n\n\n<p><strong>Article 10.-<\/strong> Le candidat reste libre de disposer de son \u0153uvre.<\/p>\n\n\n\n<p>Le pr\u00e9sent r\u00e8glement comprend dix articles.<\/p>\n\n\n\n<p>Pour tous renseignements contacter Anne-Marie COLIN \u00e0 la m\u00e9diath\u00e8que municipale de Rambervillers.<\/p>\n\n\n\n<h3>Le Jury<\/h3>\n\n\n\n<p>En 2004 : G\u00e9rard Keller, maire de Rambervillers, Francine Job, adjointe \u00e0 la culture et pr\u00e9sidente de l&rsquo;Office municipal de la culture, Th\u00e9r\u00e8se-Marie Boiteux, directrice du CCAS, Daniel Balland, directeur des \u00e9coles primaires du Void-R\u00e9gnier et du Centre, Isabelle Friry, biblioth\u00e9caire \u00e0 la BDP des Vosges, Marie-Christine Br\u00fbl\u00e9, professeur de fran\u00e7ais au coll\u00e8ge Alphonse-Cyt\u00e8re, Jean Boileau, pr\u00e9sident du Syndicat d&rsquo;initiative, Catherine Morel, lectrice, et Jean Veil, fr\u00e8re de feu Robert Veil.<\/p>\n\n\n\n<h3>Les Laur\u00e9ats<\/h3>\n\n\n\n<p><strong>2006 :<\/strong> Dans le cadre du 250\u00b0 anniversaire de la naissance de MOZART, la m\u00e9diath\u00e8que a s\u00e9lectionn\u00e9 12 mots repr\u00e9sentatifs de la vie de ce compositeur et musicien de renom. Ces douze mots peuvent \u00eatre repr\u00e9sent\u00e9s sculpt\u00e9s, calligraphi\u00e9s, illustr\u00e9s, enlumin\u00e9s : op\u00e9ra &#8211; g\u00e9nie &#8211; virtuose &#8211; lumi\u00e8re &#8211; cr\u00e9ation &#8211; franc.ma\u00e7onnerie &#8211; concert &#8211; amour &#8211; fl\u00fbte &#8211; chapelle &#8211; concerto &#8211; symphonie.<br>1er prix : <strong>Rose-Andr\u00e9e ARBER<\/strong> (\u00c9pinal), pour : <em>Mozart for ever<\/em>.<\/p>\n\n\n\n<p><strong>2005 :<\/strong> Dans le cadre du 100\u00b0 anniversaire de la mort de Jules VERNE, la biblioth\u00e8que a s\u00e9lectionn\u00e9 12 mots repr\u00e9sentatifs des \u0153uvres de l\u2019\u00e9crivain : mer &#8211; ballon &#8211; terre &#8211; lune &#8211; vacances &#8211; voyage &#8211; sphinx &#8211; imaginaire &#8211; capitaine &#8211; \u00eele &#8211; science-fiction &#8211; tsar.<br>1er prix : J\u00e9r\u00e9mie B\u00c9LOT (Lille), pour sa nouvelle : L\u2019\u00c9nigme<em> du L\u00e9viathan<\/em>.<\/p>\n\n\n\n<p><strong>2004 :<\/strong> Dans le cadre du 50\u00b0 anniversaire de la mort de COLETTE, douze mots repr\u00e9sentatifs de ses \u0153uvres ont \u00e9t\u00e9 s\u00e9lectionn\u00e9s : chat, Claudine, Willy, music-hall, jardin, journal, provocatrice, amour, jeunesse, mariage, immoral, femme.<br>1er prix : <strong>Patricia CALMAY<\/strong> (Le Syndicat), pour sa nouvelle : <em>Madame<\/em>.<br>2\u00e8me prix : <strong>Rapha\u00eblle DROUOT<\/strong> (Paris), pour sa nouvelle : <em>Dans la biblioth\u00e8que<\/em>.<br>3\u00e8me prix : <strong>Bernard BRUOT<\/strong> (Vittel), pour sa nouvelle : <em>Amour f\u00e9lid\u00e9<\/em>.<br>1er prix cat\u00e9gorie jeunes : <strong>Pierre MICHEL<\/strong> (Deinvillers).<\/p>\n\n\n\n<p><strong>2003 :<\/strong><\/p>\n\n\n\n<p><strong>2002 :<\/strong><\/p>\n\n\n\n<p><strong>2001 :<\/strong><\/p>\n\n\n\n<p><strong>2000 :<\/strong><\/p>\n\n\n\n<p><strong>1999 :<\/strong><\/p>\n\n\n\n<p><strong>1998 :<\/strong><\/p>\n","protected":false},"excerpt":{"rendered":"<p>R\u00e8glement 2006 Article 1.- La M\u00e9diath\u00e8que municipale de Rambervillers (Vosges) organise le prix litt\u00e9raire Robert Veil.Ce prix est ouvert \u00e0 tous, adultes et jeunes (moins de 14 ans). Article 2.- Dans le cadre du 250\u00b0 anniversaire de la naissance de MOZART, la m\u00e9diath\u00e8que a s\u00e9lectionn\u00e9 12 mots repr\u00e9sentatifs de la vie de ce compositeur et musicien de renom. A vous de les inclure dans un texte qui ne d\u00e9passera pas deux feuillets 21&#215;29,7 sur de simples rectos.Ces douze mots peuvent \u00eatre repr\u00e9sent\u00e9s sculpt\u00e9s, calligraphi\u00e9s, illustr\u00e9s, enlumin\u00e9s.Les voici : op\u00e9ra &#8211; g\u00e9nie &#8211; virtuose &#8211; lumi\u00e8re &#8211; cr\u00e9ation &#8211; franc.ma\u00e7onnerie &#8211; concert &#8211; amour &#8211; fl\u00fbte &#8211; chapelle &#8211; concerto &#8211; symphonie. Article 3.- Le jury est compos\u00e9 de 9 membres. Article 4.- Le participant au prix inscrira ses nom, pr\u00e9nom, adresse, date de naissance au dos du dernier feuillet. Article 5.- L\u2019\u0153uvre qui aura obtenu 5 voix sur 9 sera couronn\u00e9e. Article 6.- La date limite du d\u00e9p\u00f4t des textes est fix\u00e9e au 30 Avril 2006 \u00e0 minuit.Les envois ou d\u00e9p\u00f4ts se font \u00e0 l\u2019adresse suivante: M\u00e9diath\u00e8que municipale \/ Prix Robert-VeilPlace \u00c9mile-Drou\u00ebl88700 Rambervillers Article 7.- Les r\u00e9sultats seront publi\u00e9s dans la presse locale, seul le laur\u00e9at sera averti par courrier ou par t\u00e9l\u00e9phone. Article 8.- La d\u00e9cision du jury est sans appel et il peut d\u00e9cider de ne pas attribuer le prix. Le fait de participer \u00e0 ce prix implique l\u2019acceptation de ce r\u00e8glement. Article 9.- Les \u0153uvres envoy\u00e9es ne seront pas restitu\u00e9es mais conserv\u00e9es \u00e0 la biblioth\u00e8que. Article 10.- Le candidat reste libre de disposer de son \u0153uvre. Le pr\u00e9sent r\u00e8glement comprend dix articles. Pour tous renseignements contacter Anne-Marie COLIN \u00e0 la m\u00e9diath\u00e8que municipale de Rambervillers. Le Jury En 2004 : G\u00e9rard Keller, maire de Rambervillers, Francine Job, adjointe \u00e0 la culture et pr\u00e9sidente de l&rsquo;Office municipal de la culture, Th\u00e9r\u00e8se-Marie Boiteux, directrice du CCAS, Daniel Balland, directeur des \u00e9coles primaires du Void-R\u00e9gnier et du Centre, Isabelle Friry, biblioth\u00e9caire \u00e0 la BDP des Vosges, Marie-Christine Br\u00fbl\u00e9, professeur de fran\u00e7ais au coll\u00e8ge Alphonse-Cyt\u00e8re, Jean Boileau, pr\u00e9sident du Syndicat d&rsquo;initiative, Catherine Morel, lectrice, et Jean Veil, fr\u00e8re de feu Robert Veil. Les Laur\u00e9ats 2006 : Dans le cadre du 250\u00b0 anniversaire de la naissance de MOZART, la m\u00e9diath\u00e8que a s\u00e9lectionn\u00e9 12 mots repr\u00e9sentatifs de la vie de ce compositeur et musicien de renom. Ces douze mots peuvent \u00eatre repr\u00e9sent\u00e9s sculpt\u00e9s, calligraphi\u00e9s, illustr\u00e9s, enlumin\u00e9s : op\u00e9ra &#8211; g\u00e9nie &#8211; virtuose &#8211; lumi\u00e8re &#8211; cr\u00e9ation &#8211; franc.ma\u00e7onnerie &#8211; concert &#8211; amour &#8211; fl\u00fbte &#8211; chapelle &#8211; concerto &#8211; symphonie.1er prix : Rose-Andr\u00e9e ARBER (\u00c9pinal), pour : Mozart for ever. 2005 : Dans le cadre du 100\u00b0 anniversaire de la mort de Jules VERNE, la biblioth\u00e8que a s\u00e9lectionn\u00e9 12 mots repr\u00e9sentatifs des \u0153uvres de l\u2019\u00e9crivain : mer &#8211; ballon &#8211; terre &#8211; lune &#8211; vacances &#8211; voyage &#8211; sphinx &#8211; imaginaire &#8211; capitaine &#8211; \u00eele &#8211; science-fiction &#8211; tsar.1er prix : J\u00e9r\u00e9mie B\u00c9LOT (Lille), pour sa nouvelle : L\u2019\u00c9nigme du L\u00e9viathan. 2004 : Dans le cadre du 50\u00b0 anniversaire de la mort de COLETTE, douze mots repr\u00e9sentatifs de ses \u0153uvres ont \u00e9t\u00e9 s\u00e9lectionn\u00e9s : chat, Claudine, Willy, music-hall, jardin, journal, provocatrice, amour, jeunesse, mariage, immoral, femme.1er prix : Patricia CALMAY (Le Syndicat), pour sa nouvelle : Madame.2\u00e8me prix : Rapha\u00eblle DROUOT (Paris), pour sa nouvelle : Dans la biblioth\u00e8que.3\u00e8me prix : Bernard BRUOT (Vittel), pour sa nouvelle : Amour f\u00e9lid\u00e9.1er prix cat\u00e9gorie jeunes : Pierre MICHEL (Deinvillers). 2003 : 2002 : 2001 : 2000 : 1999 : 1998 :<\/p>\n","protected":false},"author":3,"featured_media":0,"parent":0,"menu_order":0,"comment_status":"closed","ping_status":"closed","template":"","meta":[],"_links":{"self":[{"href":"https:\/\/bernard-visse.fr\/ev\/wp-json\/wp\/v2\/pages\/844"}],"collection":[{"href":"https:\/\/bernard-visse.fr\/ev\/wp-json\/wp\/v2\/pages"}],"about":[{"href":"https:\/\/bernard-visse.fr\/ev\/wp-json\/wp\/v2\/types\/page"}],"author":[{"embeddable":true,"href":"https:\/\/bernard-visse.fr\/ev\/wp-json\/wp\/v2\/users\/3"}],"replies":[{"embeddable":true,"href":"https:\/\/bernard-visse.fr\/ev\/wp-json\/wp\/v2\/comments?post=844"}],"version-history":[{"count":1,"href":"https:\/\/bernard-visse.fr\/ev\/wp-json\/wp\/v2\/pages\/844\/revisions"}],"predecessor-version":[{"id":845,"href":"https:\/\/bernard-visse.fr\/ev\/wp-json\/wp\/v2\/pages\/844\/revisions\/845"}],"wp:attachment":[{"href":"https:\/\/bernard-visse.fr\/ev\/wp-json\/wp\/v2\/media?parent=844"}],"curies":[{"name":"wp","href":"https:\/\/api.w.org\/{rel}","templated":true}]}}