{"id":839,"date":"2020-04-18T16:39:57","date_gmt":"2020-04-18T14:39:57","guid":{"rendered":"http:\/\/bernard-visse.fr\/ev\/?page_id=839"},"modified":"2020-04-20T21:03:26","modified_gmt":"2020-04-20T19:03:26","slug":"prix-fantastic-arts","status":"publish","type":"page","link":"https:\/\/bernard-visse.fr\/ev\/prix-fantastic-arts\/","title":{"rendered":"Prix Fantastic&rsquo; Arts"},"content":{"rendered":"\n<p>Jusqu&rsquo;en 2005, le <strong>Prix du roman Fantastic&rsquo;Arts<\/strong>, fond\u00e9 en 1995, est d\u00e9cern\u00e9 chaque ann\u00e9e en janvier, \u00e0 l&rsquo;occasion du <em>Festival du Film Fantastique<\/em> de G\u00e9rardmer, au meilleur manuscrit d&rsquo;un jeune auteur du genre (insolite, fantastique, science-fiction), parmi ceux qui ont \u00e9t\u00e9 envoy\u00e9s au comit\u00e9 de lecteurs des <em>\u00c9ditions du Masque<\/em>.<\/p>\n\n\n\n<p>Le laur\u00e9at est \u00e9dit\u00e9 par les <em>\u00c9ditions du Masque<\/em>. La sortie de l&rsquo;\u0153uvre co\u00efncide avec le d\u00e9but du Festival de G\u00e9rardmer.<\/p>\n\n\n\n<p>En 2004, le jury est compos\u00e9 de : Jacques BAUDOU, Marc CARO, Didier IMBOT, Yann MOIX et Bernard WERBER.<br><\/p>\n\n\n\n<p><strong><span class=\"has-inline-color has-vivid-red-color\">Le prix est abandonn\u00e9 par ses promoteurs en 2005.<\/span><\/strong><br><\/p>\n\n\n\n<h3>Les Laur\u00e9ats<\/h3>\n\n\n\n<p><strong>2005 : <\/strong>Denis BRETIN, <strong>Le Mort-Homme<\/strong>, roman (\u00c9ditions du Masque).<\/p>\n\n\n\n<p><strong>2004 :<\/strong> Elias JABRE, <strong>Immortalis<\/strong>, roman (\u00c9ditions du Masque).<\/p>\n\n\n\n<p><strong>2003 :<\/strong> Maxime WILLIAMS, <strong>Le 5\u00e8me r\u00e8gne<\/strong>, roman (\u00c9ditions du Masque).<\/p>\n\n\n\n<p><strong>2002 : <\/strong>Jean-Luc BIZIEN, <strong>Wonderlandz<\/strong>, roman (\u00c9ditions du Masque).<\/p>\n\n\n\n<p><strong>2001 :<\/strong> Fran\u00e7ois ANGELIER , <strong>Le Templier<\/strong>, roman (\u00c9ditions du Masque).<\/p>\n\n\n\n<p><strong>2000 :<\/strong> Xavier MAUMEJEAN, <strong>Les M\u00e9moires de l&rsquo;Homme-\u00e9l\u00e9phant<\/strong>, roman (\u00c9ditions du Masque).<\/p>\n\n\n\n<p><strong>1999 :<\/strong> Pierre STOLZE, <strong>La Maison Usher ne chutera pas<\/strong>, nouvelles (\u00c9ditions Abysse, Hachette).<\/p>\n\n\n\n<p><strong>1998 :<\/strong> Pascal FRANCAIX, <strong>Les M\u00e8res noires<\/strong>, roman (\u00c9ditions Abysse, Hachette).<\/p>\n\n\n\n<p><strong>1997 :<\/strong> Max DORRA, <strong>La Qualit\u00e9 du silence<\/strong>, nouvelles (\u00c9ditions Abysse, Hachette).<\/p>\n\n\n\n<p><strong>1996 :<\/strong> Benjamin LEGRAND, <strong>La M\u00e9canique des ombres<\/strong>, roman (\u00c9ditions Abysse, Hachette).<\/p>\n\n\n\n<p><strong>1995 :<\/strong> Anne DUGU\u00cbL, <strong>Le Chien qui rit<\/strong>, nouvelles (\u00c9ditions Abysse, Hachette).<\/p>\n","protected":false},"excerpt":{"rendered":"<p>Jusqu&rsquo;en 2005, le Prix du roman Fantastic&rsquo;Arts, fond\u00e9 en 1995, est d\u00e9cern\u00e9 chaque ann\u00e9e en janvier, \u00e0 l&rsquo;occasion du Festival du Film Fantastique de G\u00e9rardmer, au meilleur manuscrit d&rsquo;un jeune auteur du genre (insolite, fantastique, science-fiction), parmi ceux qui ont \u00e9t\u00e9 envoy\u00e9s au comit\u00e9 de lecteurs des \u00c9ditions du Masque. Le laur\u00e9at est \u00e9dit\u00e9 par les \u00c9ditions du Masque. La sortie de l&rsquo;\u0153uvre co\u00efncide avec le d\u00e9but du Festival de G\u00e9rardmer. En 2004, le jury est compos\u00e9 de : Jacques BAUDOU, Marc CARO, Didier IMBOT, Yann MOIX et Bernard WERBER. Le prix est abandonn\u00e9 par ses promoteurs en 2005. Les Laur\u00e9ats 2005 : Denis BRETIN, Le Mort-Homme, roman (\u00c9ditions du Masque). 2004 : Elias JABRE, Immortalis, roman (\u00c9ditions du Masque). 2003 : Maxime WILLIAMS, Le 5\u00e8me r\u00e8gne, roman (\u00c9ditions du Masque). 2002 : Jean-Luc BIZIEN, Wonderlandz, roman (\u00c9ditions du Masque). 2001 : Fran\u00e7ois ANGELIER , Le Templier, roman (\u00c9ditions du Masque). 2000 : Xavier MAUMEJEAN, Les M\u00e9moires de l&rsquo;Homme-\u00e9l\u00e9phant, roman (\u00c9ditions du Masque). 1999 : Pierre STOLZE, La Maison Usher ne chutera pas, nouvelles (\u00c9ditions Abysse, Hachette). 1998 : Pascal FRANCAIX, Les M\u00e8res noires, roman (\u00c9ditions Abysse, Hachette). 1997 : Max DORRA, La Qualit\u00e9 du silence, nouvelles (\u00c9ditions Abysse, Hachette). 1996 : Benjamin LEGRAND, La M\u00e9canique des ombres, roman (\u00c9ditions Abysse, Hachette). 1995 : Anne DUGU\u00cbL, Le Chien qui rit, nouvelles (\u00c9ditions Abysse, Hachette).<\/p>\n","protected":false},"author":3,"featured_media":0,"parent":0,"menu_order":0,"comment_status":"closed","ping_status":"closed","template":"","meta":[],"_links":{"self":[{"href":"https:\/\/bernard-visse.fr\/ev\/wp-json\/wp\/v2\/pages\/839"}],"collection":[{"href":"https:\/\/bernard-visse.fr\/ev\/wp-json\/wp\/v2\/pages"}],"about":[{"href":"https:\/\/bernard-visse.fr\/ev\/wp-json\/wp\/v2\/types\/page"}],"author":[{"embeddable":true,"href":"https:\/\/bernard-visse.fr\/ev\/wp-json\/wp\/v2\/users\/3"}],"replies":[{"embeddable":true,"href":"https:\/\/bernard-visse.fr\/ev\/wp-json\/wp\/v2\/comments?post=839"}],"version-history":[{"count":2,"href":"https:\/\/bernard-visse.fr\/ev\/wp-json\/wp\/v2\/pages\/839\/revisions"}],"predecessor-version":[{"id":841,"href":"https:\/\/bernard-visse.fr\/ev\/wp-json\/wp\/v2\/pages\/839\/revisions\/841"}],"wp:attachment":[{"href":"https:\/\/bernard-visse.fr\/ev\/wp-json\/wp\/v2\/media?parent=839"}],"curies":[{"name":"wp","href":"https:\/\/api.w.org\/{rel}","templated":true}]}}