{"id":837,"date":"2020-04-18T16:33:51","date_gmt":"2020-04-18T14:33:51","guid":{"rendered":"http:\/\/bernard-visse.fr\/ev\/?page_id=837"},"modified":"2020-04-20T21:03:53","modified_gmt":"2020-04-20T19:03:53","slug":"prix-international-de-poesie-francophone-yvan-goll","status":"publish","type":"page","link":"https:\/\/bernard-visse.fr\/ev\/prix-international-de-poesie-francophone-yvan-goll\/","title":{"rendered":"Prix International de Po\u00e9sie Francophone Yvan-Goll"},"content":{"rendered":"\n<p>L\u2019<em>Alliance Francophone<\/em> et la <em>Fondation Yvan et Claire Goll<\/em> de Saint-Di\u00e9-des-Vosges ont cr\u00e9\u00e9 sous l&rsquo;\u00e9gide de la Fondation de France le <strong>Prix International de Po\u00e9sie Francophone Yvan-Goll<\/strong>, plac\u00e9 sous le haut patronage du Minist\u00e8re de la Culture et de la Francophonie et du Haut Conseil de la Francophonie.<\/p>\n\n\n\n<p>Ce prix, d&rsquo;un montant de 50 000 francs \u00e9tait, jusqu&rsquo;en 1998, d\u00e9cern\u00e9 tous les deux ans. Devenu annuel, le montant du prix est d\u00e9sormais de 4 000 Euros. Le candidat accepte d&rsquo;\u00eatre pr\u00e9sent pour la remise du Prix qui aura lieu au mois de juin 2006 sur le <em>Podium du March\u00e9 de la Po\u00e9sie<\/em>, Place Saint-Sulpice \u00e0 Paris (VIe).<br><\/p>\n\n\n\n<h3>Conditions de participation<\/h3>\n\n\n\n<p>Les candidats ou candidates devront obligatoirement avoir publi\u00e9 ou traduit un recueil de po\u00e9sie en langue fran\u00e7aise, ou \u00e0 d\u00e9faut avoir d\u00e9j\u00e0 \u00e9t\u00e9 publi\u00e9 dans une revue, et ne pas \u00eatre \u00e2g\u00e9s de plus de 60 ans \u00e0 la date de remise du Prix. Seules les personnes physiques peuvent participer \u00e0 ce prix : les revues, associations et autres personnes morales ne r\u00e9pondent pas aux conditions de participation.<\/p>\n\n\n\n<p>Ils devront faire parvenir 12 exemplaires d&rsquo;un recueil d\u00e9j\u00e0 paru ou 12 photocopies de textes in\u00e9dits qui ne lui seront pas retourn\u00e9s, ainsi qu\u2019une petite note pr\u00e9cisant leur nom, \u00e2ge, adresse, t\u00e9l\u00e9phone ou courriel.<\/p>\n\n\n\n<h3>Le Jury<\/h3>\n\n\n\n<p>En 2006, le Jury \u00e9tait compos\u00e9 de Arlette Albert-Birot, Jean Bertho, Z\u00e9no Bianu, Marie-Claire Blancquart, No\u00eblle Chatelet, V\u00e9nus Khoury-Ghata, Anyse Koltz, Werner Lambersy, Jean-Baptiste Para, Jean-Michel Place, Albert Ronsin et Anne-Marie-Vidal. <\/p>\n\n\n\n<p>En 2019, il est compos\u00e9 de Marie-Claire Bancquart, Denise Desautels, Nadine-Albert Ronsin, Anne-Marie-Vidal, Jean Bertho, Z\u00e9no Bianu, Seyhmus Dagtekin, Werner Lambersy, Fran\u00e7ois Maubr\u00e9, Jean-Baptiste Para, Yannick Poirier, Jean Portante, Claude Raimbourg et Serge Pey.<\/p>\n\n\n\n<p>Outre les candidatures individuelles re\u00e7ues, chaque membre du Jury aura \u00e9galement la possibilit\u00e9 d&rsquo;en proposer trois au maximum, d\u00e9couvertes \u00e0 travers ses contacts personnels, ses propres lectures, parmi les recueils publi\u00e9s l&rsquo;ann\u00e9e pr\u00e9c\u00e9dent le Prix ou l&rsquo;ann\u00e9e du Prix, ou parmi les manuscrits qu&rsquo;il re\u00e7oit. Le Jury se r\u00e9unira d\u00e9sormais deux fois par an : pendant le Printemps de la Po\u00e9sie, et d\u00e9but juin pour le choix d\u00e9finitif du laur\u00e9at.<\/p>\n\n\n\n<h3>Envois<\/h3>\n\n\n\n<p>L&rsquo;ensemble des documents est \u00e0 adresser \u00e0 :<br>Alliance Francophone<br>26, Avenue Perrichont<br>75016 Paris<br>T\u00e9l\u00e9phone : (33-1) 42 30 78 00<br>T\u00e9l\u00e9copie : (33-1) 42 30 78 10<br>Courriel : alliancefranco@aol.com<\/p>\n\n\n\n<p>La date limite de r\u00e9ception des dossiers est fix\u00e9e au 1er mars.<br><\/p>\n\n\n\n<h3>Les Laur\u00e9ats<\/h3>\n\n\n\n<p><strong>2019\u00a0:<\/strong> Christophe LANGLOIS pour <em>Seconde innocence<\/em> (\u00c9ditions Gallimard)<\/p>\n\n\n\n<p><strong>2018\u00a0:<\/strong> Isabelle LEVESQUE pour <em>Voltige<\/em> (\u00c9ditions L\u2019herbe qui tremble)<\/p>\n\n\n\n<p><strong>2017\u00a0:<\/strong> ex \u00e6quo C\u00e9cile A. HOLDBAN pour<em> Po\u00e8mes d\u2019apr\u00e8s suivi de La Route de sel<\/em> (\u00c9ditions Arfuyen) et Anne MALAPRADE pour <em>Notre corps qui \u00eates en mots<\/em> (\u00c9ditions Isabelle Sauvage)<\/p>\n\n\n\n<p><strong>2016\u00a0:<\/strong> C\u00e9dric LE PENVEN pour <em>Nuit de peu<\/em> (\u00c9ditions Tarabuste)<\/p>\n\n\n\n<p><strong>2015 :<\/strong> M\u00e9r\u00e9dith LE DEZ pour <em>Journal d&rsquo;une guerre<\/em> (\u00c9ditions Folle Avoine)<\/p>\n\n\n\n<p><strong>2014 :<\/strong> Constance CHLORE pour <em>Atomium<\/em> (Atelier de l&rsquo;agneau \u00e9diteur)<\/p>\n\n\n\n<p><strong>2013 :<\/strong> Dario DE FACENDIS pour <em>M. &#8211; de la terreur<\/em> (\u00c9ditions du Noro\u00eet)<\/p>\n\n\n\n<p><strong>2012 :<\/strong> Val\u00e9rie ROUZEAU pour <em>Vrouz<\/em> (\u00c9ditions de la Table ronde)<\/p>\n\n\n\n<p><strong>2011 :<\/strong> D\u00e9borah HEISSLER pour <em>Comme un morceau de nuit, d\u00e9coup\u00e9 dans son \u00e9toffe<\/em> (\u00c9ditions Cheyne)<\/p>\n\n\n\n<p><strong>2010 :<\/strong> non attribu\u00e9<\/p>\n\n\n\n<p><strong>2009 :<\/strong> ex \u00e6quo Jean-Marie KERVICH pour <em>L\u2019\u00c9vangile du gitan<\/em> (\u00c9ditions Mercure de France) et V\u00e9ronique PITTOLO pour <em>H\u00e9l\u00e8ne mode d\u2019emploi<\/em> (\u00c9ditions Al Dante)<\/p>\n\n\n\n<p><strong>2008 :<\/strong> Martin RUEFF pour <em>Icare crie dans un ciel de craie<\/em> (\u00c9ditions Belin)<\/p>\n\n\n\n<p><strong>2007<\/strong> : Marc BLANCHET pour <em>Les Naissances<\/em> (\u00c9ditions Le Bois d\u2019Orion)<\/p>\n\n\n\n<p><strong>2006<\/strong> : Yves JOUAN pour <em>Juste l\u00e0<\/em> (\u00c9ditions Dumerchez)<\/p>\n\n\n\n<p><strong>2005<\/strong> : Sophie LOIZEAU pour <em>Environs du Bouc<\/em> (\u00c9ditions Comp&rsquo;Act)<\/p>\n\n\n\n<p><strong>2004<\/strong> : Claude BER pour <em>La Mort n&rsquo;est jamais comme<\/em> (\u00c9ditions Via Valeriano, Marseille et \u00c9ditions L\u00e9o Scheer, Paris)<\/p>\n\n\n\n<p><strong>2003<\/strong> : Z\u00e9no BIANU pour <em>Le Battement du Monde<\/em> (\u00c9ditions Lettres Vives), et mention sp\u00e9ciale \u00e0 l&rsquo;unanimit\u00e9 pour Jean-Baptiste LABRUNE<\/p>\n\n\n\n<p><strong>2002<\/strong> : Antoine EMAZ pour <em>RAS<\/em> (Tarabuste \u00e9diteur)<\/p>\n\n\n\n<p><strong>2001<\/strong> : Serge PEY pour <em>Les Aiguiseurs de couteaux<\/em> (\u00c9ditions des Polinaires)<\/p>\n\n\n\n<p><strong>2000 : <\/strong>ex \u00e6quo Stani CHAINE pour <em>Points d\u2019eau<\/em> (\u00c9ditions de l\u2019Envol ) et Jean-Yves VALAT pour <em>Cendres<\/em> (\u00c9ditions de l\u2019Envol)<\/p>\n\n\n\n<p><strong>1999<\/strong> : ex aequo Seyhmus DAKTEKIN, po\u00e8te turc kurde r\u00e9sidant \u00e0 Paris, pour son recueil : <em>Les Chemins du nocturne<\/em>, et Slaheddine HADDAD, de nationalit\u00e9 tunisienne, r\u00e9sidant en Tunisie, pour son recueil : <em>Les Soutes du langage<\/em> (\u00c9ditions Comme \u00e7a et Autrement)<\/p>\n\n\n\n<p><strong>1998<\/strong> : Annie MARANDIN pour <em>C\u2019est \u00e9trange comme on meurt<\/em> (\u00c9ditions de l\u2019Envol)<\/p>\n\n\n\n<p><strong>1996<\/strong> : Jean-Pierre CHAMBON pour <em>Le Roi Errant<\/em> (\u00c9ditions Gallimard)<\/p>\n\n\n\n<p><strong>1994<\/strong> : Werner LAMBERSY pour <em>Architecture Nuit<\/em> (\u00c9ditions PHI,(Echternach) <\/p>\n","protected":false},"excerpt":{"rendered":"<p>L\u2019Alliance Francophone et la Fondation Yvan et Claire Goll de Saint-Di\u00e9-des-Vosges ont cr\u00e9\u00e9 sous l&rsquo;\u00e9gide de la Fondation de France le Prix International de Po\u00e9sie Francophone Yvan-Goll, plac\u00e9 sous le haut patronage du Minist\u00e8re de la Culture et de la Francophonie et du Haut Conseil de la Francophonie. Ce prix, d&rsquo;un montant de 50 000 francs \u00e9tait, jusqu&rsquo;en 1998, d\u00e9cern\u00e9 tous les deux ans. Devenu annuel, le montant du prix est d\u00e9sormais de 4 000 Euros. Le candidat accepte d&rsquo;\u00eatre pr\u00e9sent pour la remise du Prix qui aura lieu au mois de juin 2006 sur le Podium du March\u00e9 de la Po\u00e9sie, Place Saint-Sulpice \u00e0 Paris (VIe). Conditions de participation Les candidats ou candidates devront obligatoirement avoir publi\u00e9 ou traduit un recueil de po\u00e9sie en langue fran\u00e7aise, ou \u00e0 d\u00e9faut avoir d\u00e9j\u00e0 \u00e9t\u00e9 publi\u00e9 dans une revue, et ne pas \u00eatre \u00e2g\u00e9s de plus de 60 ans \u00e0 la date de remise du Prix. Seules les personnes physiques peuvent participer \u00e0 ce prix : les revues, associations et autres personnes morales ne r\u00e9pondent pas aux conditions de participation. Ils devront faire parvenir 12 exemplaires d&rsquo;un recueil d\u00e9j\u00e0 paru ou 12 photocopies de textes in\u00e9dits qui ne lui seront pas retourn\u00e9s, ainsi qu\u2019une petite note pr\u00e9cisant leur nom, \u00e2ge, adresse, t\u00e9l\u00e9phone ou courriel. Le Jury En 2006, le Jury \u00e9tait compos\u00e9 de Arlette Albert-Birot, Jean Bertho, Z\u00e9no Bianu, Marie-Claire Blancquart, No\u00eblle Chatelet, V\u00e9nus Khoury-Ghata, Anyse Koltz, Werner Lambersy, Jean-Baptiste Para, Jean-Michel Place, Albert Ronsin et Anne-Marie-Vidal. En 2019, il est compos\u00e9 de Marie-Claire Bancquart, Denise Desautels, Nadine-Albert Ronsin, Anne-Marie-Vidal, Jean Bertho, Z\u00e9no Bianu, Seyhmus Dagtekin, Werner Lambersy, Fran\u00e7ois Maubr\u00e9, Jean-Baptiste Para, Yannick Poirier, Jean Portante, Claude Raimbourg et Serge Pey. Outre les candidatures individuelles re\u00e7ues, chaque membre du Jury aura \u00e9galement la possibilit\u00e9 d&rsquo;en proposer trois au maximum, d\u00e9couvertes \u00e0 travers ses contacts personnels, ses propres lectures, parmi les recueils publi\u00e9s l&rsquo;ann\u00e9e pr\u00e9c\u00e9dent le Prix ou l&rsquo;ann\u00e9e du Prix, ou parmi les manuscrits qu&rsquo;il re\u00e7oit. Le Jury se r\u00e9unira d\u00e9sormais deux fois par an : pendant le Printemps de la Po\u00e9sie, et d\u00e9but juin pour le choix d\u00e9finitif du laur\u00e9at. Envois L&rsquo;ensemble des documents est \u00e0 adresser \u00e0 :Alliance Francophone26, Avenue Perrichont75016 ParisT\u00e9l\u00e9phone : (33-1) 42 30 78 00T\u00e9l\u00e9copie : (33-1) 42 30 78 10Courriel : alliancefranco@aol.com La date limite de r\u00e9ception des dossiers est fix\u00e9e au 1er mars. Les Laur\u00e9ats 2019\u00a0: Christophe LANGLOIS pour Seconde innocence (\u00c9ditions Gallimard) 2018\u00a0: Isabelle LEVESQUE pour Voltige (\u00c9ditions L\u2019herbe qui tremble) 2017\u00a0: ex \u00e6quo C\u00e9cile A. HOLDBAN pour Po\u00e8mes d\u2019apr\u00e8s suivi de La Route de sel (\u00c9ditions Arfuyen) et Anne MALAPRADE pour Notre corps qui \u00eates en mots (\u00c9ditions Isabelle Sauvage) 2016\u00a0: C\u00e9dric LE PENVEN pour Nuit de peu (\u00c9ditions Tarabuste) 2015 : M\u00e9r\u00e9dith LE DEZ pour Journal d&rsquo;une guerre (\u00c9ditions Folle Avoine) 2014 : Constance CHLORE pour Atomium (Atelier de l&rsquo;agneau \u00e9diteur) 2013 : Dario DE FACENDIS pour M. &#8211; de la terreur (\u00c9ditions du Noro\u00eet) 2012 : Val\u00e9rie ROUZEAU pour Vrouz (\u00c9ditions de la Table ronde) 2011 : D\u00e9borah HEISSLER pour Comme un morceau de nuit, d\u00e9coup\u00e9 dans son \u00e9toffe (\u00c9ditions Cheyne) 2010 : non attribu\u00e9 2009 : ex \u00e6quo Jean-Marie KERVICH pour L\u2019\u00c9vangile du gitan (\u00c9ditions Mercure de France) et V\u00e9ronique PITTOLO pour H\u00e9l\u00e8ne mode d\u2019emploi (\u00c9ditions Al Dante) 2008 : Martin RUEFF pour Icare crie dans un ciel de craie (\u00c9ditions Belin) 2007 : Marc BLANCHET pour Les Naissances (\u00c9ditions Le Bois d\u2019Orion) 2006 : Yves JOUAN pour Juste l\u00e0 (\u00c9ditions Dumerchez) 2005 : Sophie LOIZEAU pour Environs du Bouc (\u00c9ditions Comp&rsquo;Act) 2004 : Claude BER pour La Mort n&rsquo;est jamais comme (\u00c9ditions Via Valeriano, Marseille et \u00c9ditions L\u00e9o Scheer, Paris) 2003 : Z\u00e9no BIANU pour Le Battement du Monde (\u00c9ditions Lettres Vives), et mention sp\u00e9ciale \u00e0 l&rsquo;unanimit\u00e9 pour Jean-Baptiste LABRUNE 2002 : Antoine EMAZ pour RAS (Tarabuste \u00e9diteur) 2001 : Serge PEY pour Les Aiguiseurs de couteaux (\u00c9ditions des Polinaires) 2000 : ex \u00e6quo Stani CHAINE pour Points d\u2019eau (\u00c9ditions de l\u2019Envol ) et Jean-Yves VALAT pour Cendres (\u00c9ditions de l\u2019Envol) 1999 : ex aequo Seyhmus DAKTEKIN, po\u00e8te turc kurde r\u00e9sidant \u00e0 Paris, pour son recueil : Les Chemins du nocturne, et Slaheddine HADDAD, de nationalit\u00e9 tunisienne, r\u00e9sidant en Tunisie, pour son recueil : Les Soutes du langage (\u00c9ditions Comme \u00e7a et Autrement) 1998 : Annie MARANDIN pour C\u2019est \u00e9trange comme on meurt (\u00c9ditions de l\u2019Envol) 1996 : Jean-Pierre CHAMBON pour Le Roi Errant (\u00c9ditions Gallimard) 1994 : Werner LAMBERSY pour Architecture Nuit (\u00c9ditions PHI,(Echternach)<\/p>\n","protected":false},"author":3,"featured_media":0,"parent":0,"menu_order":0,"comment_status":"closed","ping_status":"closed","template":"","meta":[],"_links":{"self":[{"href":"https:\/\/bernard-visse.fr\/ev\/wp-json\/wp\/v2\/pages\/837"}],"collection":[{"href":"https:\/\/bernard-visse.fr\/ev\/wp-json\/wp\/v2\/pages"}],"about":[{"href":"https:\/\/bernard-visse.fr\/ev\/wp-json\/wp\/v2\/types\/page"}],"author":[{"embeddable":true,"href":"https:\/\/bernard-visse.fr\/ev\/wp-json\/wp\/v2\/users\/3"}],"replies":[{"embeddable":true,"href":"https:\/\/bernard-visse.fr\/ev\/wp-json\/wp\/v2\/comments?post=837"}],"version-history":[{"count":1,"href":"https:\/\/bernard-visse.fr\/ev\/wp-json\/wp\/v2\/pages\/837\/revisions"}],"predecessor-version":[{"id":838,"href":"https:\/\/bernard-visse.fr\/ev\/wp-json\/wp\/v2\/pages\/837\/revisions\/838"}],"wp:attachment":[{"href":"https:\/\/bernard-visse.fr\/ev\/wp-json\/wp\/v2\/media?parent=837"}],"curies":[{"name":"wp","href":"https:\/\/api.w.org\/{rel}","templated":true}]}}