{"id":830,"date":"2020-04-18T15:44:38","date_gmt":"2020-04-18T13:44:38","guid":{"rendered":"http:\/\/bernard-visse.fr\/ev\/?page_id=830"},"modified":"2020-04-20T21:04:20","modified_gmt":"2020-04-20T19:04:20","slug":"prix-maurice-barres","status":"publish","type":"page","link":"https:\/\/bernard-visse.fr\/ev\/prix-maurice-barres\/","title":{"rendered":"Prix Maurice-Barr\u00e8s"},"content":{"rendered":"\n<p><br><span class=\"has-inline-color has-vivid-red-color\">Ce Prix est en sommeil.<\/span><\/p>\n\n\n\n<h3>R\u00e8glement 2012<\/h3>\n\n\n\n<p>L&rsquo;association <strong>M\u00e9moire de Barr\u00e8s<\/strong> (Culture et Patrimoine du pays de Charmes) organise tous les deux ans le <strong>Prix Maurice-Barr\u00e8s<\/strong>.<\/p>\n\n\n\n<p>Plac\u00e9 sous la pr\u00e9sidence d&rsquo;honneur du maire de Charmes, le jury est compos\u00e9 de : Ren\u00e9 Eury, Henriette M\u00e9line, Josette Giudici, Emmanuel Flahaut, Andr\u00e9e Royer, Jean Gu\u00e9ricolas, Sabine Deloy.<\/p>\n\n\n\n<p>D&rsquo;une valeur de 610 \u20ac, ce prix r\u00e9compense un ouvrage \u00e9dit\u00e9 : roman, essai, biographie, monographie, histoire, po\u00e9sie, nouvelle, dont le sujet est exclusivement lorrain.<\/p>\n\n\n\n<p>Un deuxi\u00e8me prix, Prix sp\u00e9cial du jury (intitul\u00e9 depuis 2004 Prix Marcel-Goulette, puis Prix de la Ville de Charmes), d&rsquo;une valeur de 155 \u20ac, est d\u00e9cern\u00e9 sur les m\u00eames crit\u00e8res, en hommage au pionnier de l&rsquo;a\u00e9ronautique, enfant de Charmes, d\u00e9c\u00e9d\u00e9 en 1932.<\/p>\n\n\n\n<p>Les \u0153uvres, n&rsquo;ayant pas encore \u00e9t\u00e9 prim\u00e9es et dont la parution ne devra pas \u00eatre ant\u00e9rieure \u00e0 deux ann\u00e9es pr\u00e9c\u00e9dant la date de d\u00e9p\u00f4t, laquelle est fix\u00e9e au 1er octobre 2012, sont \u00e0 adresser \u00e0 :<\/p>\n\n\n\n<p>Association Maurice-Barr\u00e8s<br>B.P. 62<br>88130 CHARMES<\/p>\n\n\n\n<p><a href=\"mailto:eury.rene@neuf.fr?subject=Prix Fran\u00e7ois-Matenet - Demande de renseignements depuis le site www.ecrivosges.com&amp;cc=bernard.visse@ecrivosges.com\" target=\"_blank\" rel=\"noreferrer noopener\">Demander les renseignements par courriel<\/a><\/p>\n\n\n\n<p>Date de remise du prix : novembre 2012.<br><\/p>\n\n\n\n<h3>Les Laur\u00e9ats<\/h3>\n\n\n\n<p><strong>2012 :<\/strong><\/p>\n\n\n\n<p><strong>2010 :<\/strong> Fran\u00e7ois ROTH () : Alsace-Lorraine, histoire d&rsquo;un pays perdu (\u00c9ditions Place-Stanislas).<\/p>\n\n\n\n<p><strong>2008 : <\/strong>Gilles LAPORTE (88) : <strong>Julie Victoire<\/strong> (\u00c9ditions ESKA).<\/p>\n\n\n\n<p><strong>2006 : <\/strong>Fran\u00e7ois ROCHE (Lyon) : <strong>Claude de Lorraine, duc de Guise<\/strong> (\u00c9ditions Pythagore).<\/p>\n\n\n\n<p>Ren\u00e9 VILLEMINOT (Ch\u00e2tel-sur-Moselle) : <strong>Belval&#8230; au cours des si\u00e8cles<\/strong>, prix sp\u00e9cial du jury.<\/p>\n\n\n\n<p><strong>2004 : <\/strong>Charles J.-A. LESSTMANS (Belgique) : <strong>Charles IV, duc de Lorraine (1604-1675), une errance baroque<\/strong> (\u00c9ditions Par quatre chemins).<\/p>\n\n\n\n<p>G\u00e9rald GU\u00c9RY (\u00c9pinal) : <strong>Les Vosges dans l&rsquo;Histoire<\/strong> (\u00c9ditions Agi&rsquo;s), prix sp\u00e9cial du jury.<\/p>\n\n\n\n<p><strong>2002 :<\/strong> Olivier de BRABOIS : <strong>Gyp, comtesse de Mirabeau-Martel 1849-1932<\/strong><\/p>\n\n\n\n<p>Alain FISNOT (R\u00e9villy-sur-Ornain, 55) : <strong>1792, mourir \u00e0 Verdun<\/strong><\/p>\n","protected":false},"excerpt":{"rendered":"<p>Ce Prix est en sommeil. R\u00e8glement 2012 L&rsquo;association M\u00e9moire de Barr\u00e8s (Culture et Patrimoine du pays de Charmes) organise tous les deux ans le Prix Maurice-Barr\u00e8s. Plac\u00e9 sous la pr\u00e9sidence d&rsquo;honneur du maire de Charmes, le jury est compos\u00e9 de : Ren\u00e9 Eury, Henriette M\u00e9line, Josette Giudici, Emmanuel Flahaut, Andr\u00e9e Royer, Jean Gu\u00e9ricolas, Sabine Deloy. D&rsquo;une valeur de 610 \u20ac, ce prix r\u00e9compense un ouvrage \u00e9dit\u00e9 : roman, essai, biographie, monographie, histoire, po\u00e9sie, nouvelle, dont le sujet est exclusivement lorrain. Un deuxi\u00e8me prix, Prix sp\u00e9cial du jury (intitul\u00e9 depuis 2004 Prix Marcel-Goulette, puis Prix de la Ville de Charmes), d&rsquo;une valeur de 155 \u20ac, est d\u00e9cern\u00e9 sur les m\u00eames crit\u00e8res, en hommage au pionnier de l&rsquo;a\u00e9ronautique, enfant de Charmes, d\u00e9c\u00e9d\u00e9 en 1932. Les \u0153uvres, n&rsquo;ayant pas encore \u00e9t\u00e9 prim\u00e9es et dont la parution ne devra pas \u00eatre ant\u00e9rieure \u00e0 deux ann\u00e9es pr\u00e9c\u00e9dant la date de d\u00e9p\u00f4t, laquelle est fix\u00e9e au 1er octobre 2012, sont \u00e0 adresser \u00e0 : Association Maurice-Barr\u00e8sB.P. 6288130 CHARMES Demander les renseignements par courriel Date de remise du prix : novembre 2012. Les Laur\u00e9ats 2012 : 2010 : Fran\u00e7ois ROTH () : Alsace-Lorraine, histoire d&rsquo;un pays perdu (\u00c9ditions Place-Stanislas). 2008 : Gilles LAPORTE (88) : Julie Victoire (\u00c9ditions ESKA). 2006 : Fran\u00e7ois ROCHE (Lyon) : Claude de Lorraine, duc de Guise (\u00c9ditions Pythagore). Ren\u00e9 VILLEMINOT (Ch\u00e2tel-sur-Moselle) : Belval&#8230; au cours des si\u00e8cles, prix sp\u00e9cial du jury. 2004 : Charles J.-A. LESSTMANS (Belgique) : Charles IV, duc de Lorraine (1604-1675), une errance baroque (\u00c9ditions Par quatre chemins). G\u00e9rald GU\u00c9RY (\u00c9pinal) : Les Vosges dans l&rsquo;Histoire (\u00c9ditions Agi&rsquo;s), prix sp\u00e9cial du jury. 2002 : Olivier de BRABOIS : Gyp, comtesse de Mirabeau-Martel 1849-1932 Alain FISNOT (R\u00e9villy-sur-Ornain, 55) : 1792, mourir \u00e0 Verdun<\/p>\n","protected":false},"author":3,"featured_media":0,"parent":0,"menu_order":0,"comment_status":"closed","ping_status":"closed","template":"","meta":[],"_links":{"self":[{"href":"https:\/\/bernard-visse.fr\/ev\/wp-json\/wp\/v2\/pages\/830"}],"collection":[{"href":"https:\/\/bernard-visse.fr\/ev\/wp-json\/wp\/v2\/pages"}],"about":[{"href":"https:\/\/bernard-visse.fr\/ev\/wp-json\/wp\/v2\/types\/page"}],"author":[{"embeddable":true,"href":"https:\/\/bernard-visse.fr\/ev\/wp-json\/wp\/v2\/users\/3"}],"replies":[{"embeddable":true,"href":"https:\/\/bernard-visse.fr\/ev\/wp-json\/wp\/v2\/comments?post=830"}],"version-history":[{"count":3,"href":"https:\/\/bernard-visse.fr\/ev\/wp-json\/wp\/v2\/pages\/830\/revisions"}],"predecessor-version":[{"id":833,"href":"https:\/\/bernard-visse.fr\/ev\/wp-json\/wp\/v2\/pages\/830\/revisions\/833"}],"wp:attachment":[{"href":"https:\/\/bernard-visse.fr\/ev\/wp-json\/wp\/v2\/media?parent=830"}],"curies":[{"name":"wp","href":"https:\/\/api.w.org\/{rel}","templated":true}]}}