{"id":828,"date":"2020-04-18T15:39:27","date_gmt":"2020-04-18T13:39:27","guid":{"rendered":"http:\/\/bernard-visse.fr\/ev\/?page_id=828"},"modified":"2020-04-20T21:03:46","modified_gmt":"2020-04-20T19:03:46","slug":"prix-imaginales","status":"publish","type":"page","link":"https:\/\/bernard-visse.fr\/ev\/prix-imaginales\/","title":{"rendered":"Prix Imaginales"},"content":{"rendered":"\n<p>Destin\u00e9 \u00e0 r\u00e9compenser chaque ann\u00e9e les meilleures \u0153uvres relevant de la <em>fantasy<\/em>, ces contes et l\u00e9gendes pour adultes surgis \u00e0 la suite du <em>Seigneur des Anneaux<\/em> de Tolkien, ce Prix a \u00e9t\u00e9 cr\u00e9\u00e9 par la Ville d&rsquo;\u00c9pinal \u00e0 l&rsquo;occasion de la premi\u00e8re \u00e9dition des <a rel=\"noreferrer noopener\" href=\"http:\/\/www.imaginales.fr\/\" target=\"_blank\"><strong>Imaginales, Festival des mondes imaginaires<\/strong><\/a>, qui s&rsquo;est d\u00e9roul\u00e9e du 23 au 26 mai 2002.<\/p>\n\n\n\n<p>Ce Prix, le premier en France \u00e0 r\u00e9compenser exclusivement des \u0153uvres de fantasy, est remis chaque ann\u00e9e pendant le festival.<\/p>\n\n\n\n<p>Il comporte sept cat\u00e9gories : roman fran\u00e7ais, roman \u00e9tranger, jeunesse, BD, nouvelle, illustration et prix sp\u00e9cial du jury.<\/p>\n\n\n\n<p>Les laur\u00e9ats re\u00e7oivent un prix de 1000 \u20ac (romans, jeunesse, illustration, BD), 500 \u20ac (nouvelle et prix sp\u00e9cial du jury).<\/p>\n\n\n\n<p>Le jury 2013 est constitu\u00e9 de :<\/p>\n\n\n\n<ul><li>Jacques GRASSER &#8211; Pr\u00e9sident (adjoint au maire d&rsquo;\u00c9pinal, en charge des affaires culturelles)<\/li><li>Anne BESSON<\/li><li>Anna\u00efg HOUESNARD<\/li><li>Jean-Claude VANTROYEN<\/li><li>J\u00e9r\u00f4me VINCENT (actuSF)<\/li><li>Bernard VISSE (fondateur et directeur du festival de 2002 \u00e0 2014)<\/li><\/ul>\n\n\n\n<h3>Les Laur\u00e9ats<\/h3>\n\n\n\n<h4>2013<\/h4>\n\n\n\n<ul><li><strong>Roman francophone : <\/strong>Gabriel KATZ, <em>Le Puits des m\u00e9moires<\/em> (Scrin\u00e9o)<\/li><li><strong>Roman \u00e9tranger traduit : <\/strong>Brandon SANDERSON, <em>L\u2019Alliage de justice<\/em> (Orbit)<\/li><li><strong>Jeunesse : <\/strong>Patrick NESS, <em>Quelques minutes apr\u00e8s minuit<\/em> (Gallimard)<\/li><li><strong>BD : <\/strong>Wilfried LUPANO &amp; Jean-Baptiste ANDREAE, <em>Les Aventuriers du temps perdu<\/em> (Vents d\u2019Ouest)<\/li><li><strong>Illustration : <\/strong>Amandine LABARRE, pour la couverture de <em>Porcelaine<\/em> d\u2019Estelle FAYE (Les Moutons \u00e9lectriques)<\/li><li><strong>Nouvelle : <\/strong>Sylvie MILLER et Philippe WARD, <em>Un priv\u00e9 sur le Nil<\/em>, recueil (Critic)<\/li><li><strong>Prix sp\u00e9cial du Jury :<\/strong> Editions Aux forges de Vulcain, pour la 1\u00e8re traduction en fran\u00e7ais des romans de William MORRIS : <em>Le Lac aux \u00eeles enchant\u00e9es<\/em>, <em>La Route vers l\u2019amour<\/em> (Le Puits au bout du monde, 1)<\/li><\/ul>\n\n\n\n<h4>2012<\/h4>\n\n\n\n<ul><li><strong>Roman francophone : <\/strong>Adrien TOMAS, <em>La Geste du 6e Royaume<\/em> (Mn\u00e9mos)<\/li><li><strong>Roman \u00e9tranger traduit : <\/strong>Daniel POLANSKY, <em>Le Baiser du rasoir<\/em> (Bragelonne)<\/li><li><strong>Jeunesse : <\/strong>Kai MEYER, <em>La Soie et l\u2019\u00e9p\u00e9e \u2013 Le Peuple des nu\u00e9es<\/em>, tome 1 (L\u2019Atalante)<\/li><li><strong>BD : <\/strong>HERBEAU &amp; CIVIELLO, <em>La Dynastie des dragons<\/em> (Delcourt)<\/li><li><strong>Illustration : <\/strong>Fran\u00e7ois PLACE, <em>Le Secret d\u2019Orbae<\/em> (Casterman)<\/li><li><strong>Nouvelle : <\/strong>Lucius SHEPARD, <em>Le Dragon Griaule<\/em>, pour l\u2019ensemble du recueil (Le B\u00e9lial)<\/li><li><strong>Prix sp\u00e9cial du Jury :<\/strong> Patrice LOUINET pour son travail d\u2019\u00e9dition et de traduction d\u2019Howard (Bragelonne)<\/li><\/ul>\n\n\n\n<h4>2011<\/h4>\n\n\n\n<ul><li><strong>Roman francophone : <\/strong>Charlotte BOUSQUET, <em>Cytheriae<\/em> (Mn\u00e9mos)<\/li><li><strong>Roman \u00e9tranger traduit : <\/strong>Ken SCHOLES, <em>Lamentation<\/em> (Bragelonne), traduction : Olivier Debernard<\/li><li><strong>Jeunesse : <\/strong>Cornelia FUNKE, <em>Reckless<\/em> (Gallimard Jeunesse), traduction : Marie-Claude Auger<\/li><li><strong>BD :<\/strong> ANGE, Thierry DESMAREZ, <em>Vengeances, Marie des dragons<\/em>, tome 2 (Soleil)<\/li><li><strong>Illustration : <\/strong>Elvire DE COCK, <em>Cythariae<\/em>, de Charlotte Bousquet (Mn\u00e9mos)<\/li><li><strong>Nouvelle : <\/strong>Yohan VASSE, <em>London Faerie Blitz<\/em>, in <em>L\u00e9gendes<\/em> 1 (C\u00e9l\u00e9pha\u00efs)<\/li><li><strong>Prix sp\u00e9cial du jury : <\/strong>Nicolas FRUCTUS, <em>Kadath, le guide de la cit\u00e9 inconnue<\/em>, de David Camus, M\u00e9lanie Fazi, Rapha\u00ebl Granier de Cassagnac et Laurent Poujois (Mn\u00e9mos)<\/li><\/ul>\n\n\n\n<h4>2010<\/h4>\n\n\n\n<ul><li><strong>Roman francophone :<\/strong> Justine NIOGRET, <em>Chien du heaume<\/em> (Mnemos)<\/li><li><strong>Roman \u00e9tranger :<\/strong> Juliet MARILLIER, <em>Soeur des cygnes<\/em>, trad. H\u00e9l\u00e8ne Bury (L&rsquo;Atalante)<\/li><li><strong>Roman pour la jeunesse :<\/strong> John CONNOLLY, <em>Le Livre des choses perdues<\/em>, trad. Pierre Br\u00e9vignon (L&rsquo;Archipel)<\/li><li><strong>Illustrateur : <\/strong>Alain BRION, pour <em>Elantris<\/em>, Brandon Sanderson (Orbit)<\/li><li><strong>Nouvelle :<\/strong> Romain LUCAZEAU, <em>Les Sept derniers pa\u00efens<\/em>, anthologie <em>Les H\u00e9ritiers d&rsquo;Hom\u00e8re<\/em> (Argemmios)<\/li><li><strong>Prix sp\u00e9cial :<\/strong> Florence MAGNIN, pour <em>Contes aux quatre vents<\/em> (DM)<\/li><\/ul>\n\n\n\n<h4>2009<\/h4>\n\n\n\n<ul><li><strong>Roman francophone : <\/strong>Jean-Philippe JAWORSKI, <em>Gagner la guerre : r\u00e9cit du vieux royaume<\/em> (Les Moutons \u00c9lectriques)<\/li><li><strong>Roman \u00e9tranger :<\/strong> Ian McDONALD, <em>Roi du matin, reine du jour<\/em>, trad. Jean-Pierre Pugi (Deno\u00ebl)<\/li><li><strong>Roman pour la jeunesse :<\/strong> Fabien CLAVEL, <em>Les Gorgonautes<\/em> (coll. Royaumes perdus, Mango)<\/li><li><strong>Illustrateur :<\/strong> Fr\u00e9d\u00e9ric PERRIN, pour <em>Le Grand pays<\/em>, Ange (Bragelonne)<\/li><li><strong>Nouvelle :<\/strong> Lionel DAVOUST, <em>L&rsquo;\u00cele close<\/em>, anthologie <em>De Broc\u00e9liande en Avalon<\/em> (Terre de Brume)<\/li><li><strong>Prix sp\u00e9cial :<\/strong> Pierre DUBOIS &amp; Camille RENVERSADE, pour <em>Dragons et chim\u00e8res<\/em> (Ho\u00ebbeke)<\/li><\/ul>\n\n\n\n<h4>2008<\/h4>\n\n\n\n<ul><li><strong>Roman fran\u00e7ais : <\/strong>Thomas DAY pour <em>Le Tr\u00f4ne d&rsquo;\u00e9b\u00e8ne<\/em> (Le B\u00e9lial)<\/li><li><strong>Roman \u00e9tranger :<\/strong> Scott LYNCH pour <em>Des Horizons rouge sang<\/em> (<em>Les Salauds Gentilhommes<\/em>, tome 2, Bragelonne) &#8211; traduction Olivier Debernard<\/li><li><strong>Roman pour la jeunesse :<\/strong> Fabrice COLIN pour <em>La Mal\u00e9diction d&rsquo;Old Haven<\/em> (Albin Michel)<\/li><li><strong>Illustrateur :<\/strong> Guillaume SOREL pour <em>Kane<\/em> (l&rsquo;int\u00e9grale, tome 1), de Karl Edward Wagner (Deno\u00ebl) et pour <em>Les S\u0153urs de l&rsquo;Ordre rouge<\/em>, de Chris Wooding (Fleuve noir)<\/li><li><strong>Nouvelle : <\/strong>Nathalie DAU pour l&rsquo;ensemble du recueil <em>Les Contes Myalgiques<\/em> (Griffe d&rsquo;encre)<\/li><li><strong>Prix sp\u00e9cial :<\/strong> <em>Les Enfants de H\u00farin<\/em>, par J.R.R. TOLKIEN (Christian Bourgois)<\/li><\/ul>\n\n\n\n<h4>2007<\/h4>\n\n\n\n<ul><li><strong>Roman fran\u00e7ais :<\/strong> Pierre BORDAGE pour <em>1794<\/em> (<em>L&rsquo;Enjomineur<\/em>, tome 3 : L&rsquo;Atalante)<\/li><li><strong>Roman \u00e9tranger :<\/strong> Robin HOBB pour <em>La D\u00e9chirure et le cavalier r\u00eaveur<\/em> (Le Soldat chamane, tomes 1 &amp; 2 : Pygmalion)<\/li><li><strong>Roman pour la jeunesse :<\/strong> Lian HEARN pour <em>Le Vol du H\u00e9ron<\/em> (<em>Le Clan des Otori, tome <\/em>4 : Gallimard)<\/li><li><strong>Illustrateur :<\/strong> Benjamin CARRE pour <em>Blanche et le vampire de Paris<\/em> (<em>Blanche, tome <\/em>3), de Herv\u00e9 Jubert (Albin Michel)<\/li><li><strong>Nouvelle :<\/strong> Eric Boissau pour <em>Le Pouvoir des Maux<\/em> ( Rivi\u00e8re Blanche)<\/li><li><strong>Prix sp\u00e9cial :<\/strong> <em>Grand l\u00e9gendaire de France<\/em>, par Marie-Charlotte DELMAS (\u00e9ditions Omnibus)<\/li><\/ul>\n\n\n\n<h4>2006<\/h4>\n\n\n\n<ul><li><strong>Roman fran\u00e7ais :<\/strong> Henri LOEVENBRUCK pour <em>Les Enfants de la veuve<\/em>, aux \u00e9ditions <em>Bragelonne<\/em><\/li><li><strong>Roman \u00e9tranger :<\/strong> Patricia McKILLIP pour <em>Les Fant\u00f4mes d&rsquo;Ombria<\/em>, aux \u00e9ditions<\/li><li><strong>Jeunesse :<\/strong> Silvana DE MARI pour <em>Le Dernier elfe<\/em>, aux \u00e9ditions<\/li><li><strong>Nouvelle :<\/strong> Robin HOBB pour <em>Retour au pays<\/em><\/li><li><strong>Illustration :<\/strong> Gianni DE CONNO pour <em>Le Dernier elfe<\/em>, aux \u00e9ditions<\/li><li><strong>Prix sp\u00e9cial du jury :<\/strong> \u00c9douard BRASEY pour <em>L&rsquo;Encyclop\u00e9die du merveilleux<\/em>, aux \u00e9ditions<\/li><\/ul>\n\n\n\n<h4>2005<\/h4>\n\n\n\n<ul><li><strong>Roman fran\u00e7ais :<\/strong> Pierre PEVEL pour <em>L&rsquo;\u00c9lixir d&rsquo;oubli<\/em>, aux \u00e9ditions <em>Le Pr\u00e9 aux Clercs<\/em><\/li><li><strong>Roman \u00e9tranger :<\/strong> Sean RUSSELL pour <em>Le Fr\u00e8re initi\u00e9<\/em>, aux \u00e9ditions <em>L&rsquo;Atalante<\/em><\/li><li><strong>Jeunesse :<\/strong> Clive BARKER pour <em>Jours de lumi\u00e8re, nuits de guerre<\/em>, aux \u00e9ditions <em>Wiz Albin Michel<\/em><\/li><li><strong>Nouvelle :<\/strong> L\u00e9a SILHOL pour le recueil <em>Musiques de la fronti\u00e8re<\/em>, aux \u00e9ditions <em>Oxymore<\/em><\/li><li><strong>Illustration :<\/strong> Guillaume SOREL pour <em>Les Tisserands de Saramyr<\/em>, aux \u00e9ditions <em>Fleuve Noir<\/em><\/li><li><strong>Prix sp\u00e9cial du jury :<\/strong> Andr\u00e9-Fran\u00e7ois RUAUD pour <em>Panorama illustr\u00e9 de la fantasy et du merveilleux<\/em>, aux \u00e9ditions <em>Les Moutons \u00e9lectriques<\/em><\/li><\/ul>\n\n\n\n<h4>2004<\/h4>\n\n\n\n<ul><li><strong>Roman :<\/strong> Megan LINDHOLM pour <em>Le Dernier magicien<\/em><\/li><li><strong>Jeunesse :<\/strong> Pierre BOTTERO pour <em>La Qu\u00eate d\u2019Ewilan<\/em><\/li><li><strong>Nouvelle :<\/strong> Robert HOLDSTOCK pour <em>Scarrowfell<\/em><\/li><li><strong>Illustration :<\/strong> Laurent MINY pour <em>Les Enchantements d\u2019Ambremer<\/em>, aux \u00e9ditions <em>Bragelonne<\/em><\/li><li><strong>Prix sp\u00e9cial du jury :<\/strong> Jacques GOIMARD pour <em>Critique du merveilleux et de la fantasy<\/em><\/li><\/ul>\n\n\n\n<h4>2003<\/h4>\n\n\n\n<ul><li><strong>Roman :<\/strong> Jean-Louis FETJAINE, <em>Le Pas de Merlin<\/em>, \u00e9ditions <em>Belfond<\/em>.<\/li><li><strong>Nouvelle :<\/strong> Kristine Kathryn RUSCH, <em>L&rsquo;\u00c9tranget\u00e9 du jour<\/em>, paru dans <em>Traverses<\/em> chez <em>L&rsquo;Oxymore<\/em><\/li><li><strong>Illustration :<\/strong> John HOWE, pour son livre <em>Sur les terres de Tolkien<\/em>, \u00e9ditions <em>L&rsquo;Atalante<\/em><\/li><li><strong>Prix sp\u00e9cial du jury :<\/strong> <em>F\u00e9es, elfes, dragons<\/em>, par Michel LE BRIS, \u00e9ditions <em>Hoebecke<\/em><\/li><\/ul>\n\n\n\n<h4>2002<\/h4>\n\n\n\n<ul><li><strong>Roman :<\/strong> Juan Miguel AGUILERA, <em>La Folie de Dieu<\/em>, \u00e9ditions <em>Au diable vauvert<\/em>.<\/li><li><strong>Nouvelle :<\/strong> Jonas LENN, <em>Le Sang des titanides<\/em>, paru dans <em>Faeries<\/em> #6, \u00e9ditions <em>Nestiveqnen<\/em>.<\/li><li><strong>Illustration : <\/strong>Sandrine GESTIN, <em>Harmelinde et Deirdre<\/em> (recueil de Nicolas Cluzeau), \u00e9ditions <em>Nestiveqnen<\/em>.<\/li><li><strong>Prix sp\u00e9cial du jury :<\/strong> Patrick COUTON, pour ses traductions des <em>Annales du Disque-Monde<\/em> de Terry PRATCHETT, \u00e9ditions <em>L&rsquo;Atalante<\/em>.<\/li><\/ul>\n","protected":false},"excerpt":{"rendered":"<p>Destin\u00e9 \u00e0 r\u00e9compenser chaque ann\u00e9e les meilleures \u0153uvres relevant de la fantasy, ces contes et l\u00e9gendes pour adultes surgis \u00e0 la suite du Seigneur des Anneaux de Tolkien, ce Prix a \u00e9t\u00e9 cr\u00e9\u00e9 par la Ville d&rsquo;\u00c9pinal \u00e0 l&rsquo;occasion de la premi\u00e8re \u00e9dition des Imaginales, Festival des mondes imaginaires, qui s&rsquo;est d\u00e9roul\u00e9e du 23 au 26 mai 2002. Ce Prix, le premier en France \u00e0 r\u00e9compenser exclusivement des \u0153uvres de fantasy, est remis chaque ann\u00e9e pendant le festival. Il comporte sept cat\u00e9gories : roman fran\u00e7ais, roman \u00e9tranger, jeunesse, BD, nouvelle, illustration et prix sp\u00e9cial du jury. Les laur\u00e9ats re\u00e7oivent un prix de 1000 \u20ac (romans, jeunesse, illustration, BD), 500 \u20ac (nouvelle et prix sp\u00e9cial du jury). Le jury 2013 est constitu\u00e9 de : Jacques GRASSER &#8211; Pr\u00e9sident (adjoint au maire d&rsquo;\u00c9pinal, en charge des affaires culturelles) Anne BESSON Anna\u00efg HOUESNARD Jean-Claude VANTROYEN J\u00e9r\u00f4me VINCENT (actuSF) Bernard VISSE (fondateur et directeur du festival de 2002 \u00e0 2014) Les Laur\u00e9ats 2013 Roman francophone : Gabriel KATZ, Le Puits des m\u00e9moires (Scrin\u00e9o) Roman \u00e9tranger traduit : Brandon SANDERSON, L\u2019Alliage de justice (Orbit) Jeunesse : Patrick NESS, Quelques minutes apr\u00e8s minuit (Gallimard) BD : Wilfried LUPANO &amp; Jean-Baptiste ANDREAE, Les Aventuriers du temps perdu (Vents d\u2019Ouest) Illustration : Amandine LABARRE, pour la couverture de Porcelaine d\u2019Estelle FAYE (Les Moutons \u00e9lectriques) Nouvelle : Sylvie MILLER et Philippe WARD, Un priv\u00e9 sur le Nil, recueil (Critic) Prix sp\u00e9cial du Jury : Editions Aux forges de Vulcain, pour la 1\u00e8re traduction en fran\u00e7ais des romans de William MORRIS : Le Lac aux \u00eeles enchant\u00e9es, La Route vers l\u2019amour (Le Puits au bout du monde, 1) 2012 Roman francophone : Adrien TOMAS, La Geste du 6e Royaume (Mn\u00e9mos) Roman \u00e9tranger traduit : Daniel POLANSKY, Le Baiser du rasoir (Bragelonne) Jeunesse : Kai MEYER, La Soie et l\u2019\u00e9p\u00e9e \u2013 Le Peuple des nu\u00e9es, tome 1 (L\u2019Atalante) BD : HERBEAU &amp; CIVIELLO, La Dynastie des dragons (Delcourt) Illustration : Fran\u00e7ois PLACE, Le Secret d\u2019Orbae (Casterman) Nouvelle : Lucius SHEPARD, Le Dragon Griaule, pour l\u2019ensemble du recueil (Le B\u00e9lial) Prix sp\u00e9cial du Jury : Patrice LOUINET pour son travail d\u2019\u00e9dition et de traduction d\u2019Howard (Bragelonne) 2011 Roman francophone : Charlotte BOUSQUET, Cytheriae (Mn\u00e9mos) Roman \u00e9tranger traduit : Ken SCHOLES, Lamentation (Bragelonne), traduction : Olivier Debernard Jeunesse : Cornelia FUNKE, Reckless (Gallimard Jeunesse), traduction : Marie-Claude Auger BD : ANGE, Thierry DESMAREZ, Vengeances, Marie des dragons, tome 2 (Soleil) Illustration : Elvire DE COCK, Cythariae, de Charlotte Bousquet (Mn\u00e9mos) Nouvelle : Yohan VASSE, London Faerie Blitz, in L\u00e9gendes 1 (C\u00e9l\u00e9pha\u00efs) Prix sp\u00e9cial du jury : Nicolas FRUCTUS, Kadath, le guide de la cit\u00e9 inconnue, de David Camus, M\u00e9lanie Fazi, Rapha\u00ebl Granier de Cassagnac et Laurent Poujois (Mn\u00e9mos) 2010 Roman francophone : Justine NIOGRET, Chien du heaume (Mnemos) Roman \u00e9tranger : Juliet MARILLIER, Soeur des cygnes, trad. H\u00e9l\u00e8ne Bury (L&rsquo;Atalante) Roman pour la jeunesse : John CONNOLLY, Le Livre des choses perdues, trad. Pierre Br\u00e9vignon (L&rsquo;Archipel) Illustrateur : Alain BRION, pour Elantris, Brandon Sanderson (Orbit) Nouvelle : Romain LUCAZEAU, Les Sept derniers pa\u00efens, anthologie Les H\u00e9ritiers d&rsquo;Hom\u00e8re (Argemmios) Prix sp\u00e9cial : Florence MAGNIN, pour Contes aux quatre vents (DM) 2009 Roman francophone : Jean-Philippe JAWORSKI, Gagner la guerre : r\u00e9cit du vieux royaume (Les Moutons \u00c9lectriques) Roman \u00e9tranger : Ian McDONALD, Roi du matin, reine du jour, trad. Jean-Pierre Pugi (Deno\u00ebl) Roman pour la jeunesse : Fabien CLAVEL, Les Gorgonautes (coll. Royaumes perdus, Mango) Illustrateur : Fr\u00e9d\u00e9ric PERRIN, pour Le Grand pays, Ange (Bragelonne) Nouvelle : Lionel DAVOUST, L&rsquo;\u00cele close, anthologie De Broc\u00e9liande en Avalon (Terre de Brume) Prix sp\u00e9cial : Pierre DUBOIS &amp; Camille RENVERSADE, pour Dragons et chim\u00e8res (Ho\u00ebbeke) 2008 Roman fran\u00e7ais : Thomas DAY pour Le Tr\u00f4ne d&rsquo;\u00e9b\u00e8ne (Le B\u00e9lial) Roman \u00e9tranger : Scott LYNCH pour Des Horizons rouge sang (Les Salauds Gentilhommes, tome 2, Bragelonne) &#8211; traduction Olivier Debernard Roman pour la jeunesse : Fabrice COLIN pour La Mal\u00e9diction d&rsquo;Old Haven (Albin Michel) Illustrateur : Guillaume SOREL pour Kane (l&rsquo;int\u00e9grale, tome 1), de Karl Edward Wagner (Deno\u00ebl) et pour Les S\u0153urs de l&rsquo;Ordre rouge, de Chris Wooding (Fleuve noir) Nouvelle : Nathalie DAU pour l&rsquo;ensemble du recueil Les Contes Myalgiques (Griffe d&rsquo;encre) Prix sp\u00e9cial : Les Enfants de H\u00farin, par J.R.R. TOLKIEN (Christian Bourgois) 2007 Roman fran\u00e7ais : Pierre BORDAGE pour 1794 (L&rsquo;Enjomineur, tome 3 : L&rsquo;Atalante) Roman \u00e9tranger : Robin HOBB pour La D\u00e9chirure et le cavalier r\u00eaveur (Le Soldat chamane, tomes 1 &amp; 2 : Pygmalion) Roman pour la jeunesse : Lian HEARN pour Le Vol du H\u00e9ron (Le Clan des Otori, tome 4 : Gallimard) Illustrateur : Benjamin CARRE pour Blanche et le vampire de Paris (Blanche, tome 3), de Herv\u00e9 Jubert (Albin Michel) Nouvelle : Eric Boissau pour Le Pouvoir des Maux ( Rivi\u00e8re Blanche) Prix sp\u00e9cial : Grand l\u00e9gendaire de France, par Marie-Charlotte DELMAS (\u00e9ditions Omnibus) 2006 Roman fran\u00e7ais : Henri LOEVENBRUCK pour Les Enfants de la veuve, aux \u00e9ditions Bragelonne Roman \u00e9tranger : Patricia McKILLIP pour Les Fant\u00f4mes d&rsquo;Ombria, aux \u00e9ditions Jeunesse : Silvana DE MARI pour Le Dernier elfe, aux \u00e9ditions Nouvelle : Robin HOBB pour Retour au pays Illustration : Gianni DE CONNO pour Le Dernier elfe, aux \u00e9ditions Prix sp\u00e9cial du jury : \u00c9douard BRASEY pour L&rsquo;Encyclop\u00e9die du merveilleux, aux \u00e9ditions 2005 Roman fran\u00e7ais : Pierre PEVEL pour L&rsquo;\u00c9lixir d&rsquo;oubli, aux \u00e9ditions Le Pr\u00e9 aux Clercs Roman \u00e9tranger : Sean RUSSELL pour Le Fr\u00e8re initi\u00e9, aux \u00e9ditions L&rsquo;Atalante Jeunesse : Clive BARKER pour Jours de lumi\u00e8re, nuits de guerre, aux \u00e9ditions Wiz Albin Michel Nouvelle : L\u00e9a SILHOL pour le recueil Musiques de la fronti\u00e8re, aux \u00e9ditions Oxymore Illustration : Guillaume SOREL pour Les Tisserands de Saramyr, aux \u00e9ditions Fleuve Noir Prix sp\u00e9cial du jury : Andr\u00e9-Fran\u00e7ois RUAUD pour Panorama illustr\u00e9 de la fantasy et du merveilleux, aux \u00e9ditions Les Moutons \u00e9lectriques 2004 Roman : Megan LINDHOLM pour Le Dernier magicien Jeunesse : Pierre BOTTERO pour La Qu\u00eate d\u2019Ewilan Nouvelle : Robert HOLDSTOCK pour Scarrowfell Illustration : Laurent MINY pour Les Enchantements d\u2019Ambremer, aux \u00e9ditions Bragelonne Prix sp\u00e9cial du jury : Jacques GOIMARD pour Critique du merveilleux et de la fantasy 2003 Roman : Jean-Louis FETJAINE, Le Pas de Merlin, \u00e9ditions Belfond. Nouvelle : Kristine Kathryn RUSCH, L&rsquo;\u00c9tranget\u00e9 du jour, paru dans Traverses chez L&rsquo;Oxymore Illustration : John HOWE, pour son livre Sur les terres de Tolkien, \u00e9ditions L&rsquo;Atalante Prix sp\u00e9cial du jury : F\u00e9es, elfes, dragons, par Michel LE BRIS, \u00e9ditions Hoebecke 2002 Roman : Juan Miguel AGUILERA, La Folie de Dieu, \u00e9ditions Au diable vauvert. Nouvelle : Jonas LENN, Le Sang des titanides, paru dans Faeries #6, \u00e9ditions Nestiveqnen. Illustration : Sandrine GESTIN, Harmelinde et Deirdre (recueil de Nicolas Cluzeau), \u00e9ditions Nestiveqnen. Prix sp\u00e9cial du jury : Patrick COUTON, pour ses traductions des Annales du Disque-Monde de Terry PRATCHETT, \u00e9ditions L&rsquo;Atalante.<\/p>\n","protected":false},"author":3,"featured_media":0,"parent":0,"menu_order":0,"comment_status":"closed","ping_status":"closed","template":"","meta":[],"_links":{"self":[{"href":"https:\/\/bernard-visse.fr\/ev\/wp-json\/wp\/v2\/pages\/828"}],"collection":[{"href":"https:\/\/bernard-visse.fr\/ev\/wp-json\/wp\/v2\/pages"}],"about":[{"href":"https:\/\/bernard-visse.fr\/ev\/wp-json\/wp\/v2\/types\/page"}],"author":[{"embeddable":true,"href":"https:\/\/bernard-visse.fr\/ev\/wp-json\/wp\/v2\/users\/3"}],"replies":[{"embeddable":true,"href":"https:\/\/bernard-visse.fr\/ev\/wp-json\/wp\/v2\/comments?post=828"}],"version-history":[{"count":1,"href":"https:\/\/bernard-visse.fr\/ev\/wp-json\/wp\/v2\/pages\/828\/revisions"}],"predecessor-version":[{"id":829,"href":"https:\/\/bernard-visse.fr\/ev\/wp-json\/wp\/v2\/pages\/828\/revisions\/829"}],"wp:attachment":[{"href":"https:\/\/bernard-visse.fr\/ev\/wp-json\/wp\/v2\/media?parent=828"}],"curies":[{"name":"wp","href":"https:\/\/api.w.org\/{rel}","templated":true}]}}