{"id":824,"date":"2020-04-18T15:14:33","date_gmt":"2020-04-18T13:14:33","guid":{"rendered":"http:\/\/bernard-visse.fr\/ev\/?page_id=824"},"modified":"2020-04-20T21:02:30","modified_gmt":"2020-04-20T19:02:30","slug":"prix-de-la-nouvelle-des-lyceens-lorrains","status":"publish","type":"page","link":"https:\/\/bernard-visse.fr\/ev\/prix-de-la-nouvelle-des-lyceens-lorrains\/","title":{"rendered":"Prix de la Nouvelle des Lyc\u00e9ens Lorrains"},"content":{"rendered":"\n<p>Cr\u00e9\u00e9 en 1988 par l\u2019\u00e9crivain Roger BICHELBERGER, professeur de lettres au lyc\u00e9e Jean-Moulin de Forbach, ce prix vise \u00e0 encourager et valoriser la cr\u00e9ation litt\u00e9raire aupr\u00e8s des jeunes. Il s\u2019agit d\u2019un prix tr\u00e8s dynamique avec une participation en hausse constante.<\/p>\n\n\n\n<p>Le Prix de la Nouvelle des lyc\u00e9ens est ouvert \u00e0 tous les \u00e9l\u00e8ves des lyc\u00e9es lorrains (classes post-bac comprises). En 2016, 164 \u00e9crivains en herbe issus de 38 lyc\u00e9es y participent. <\/p>\n\n\n\n<p>L\u2019objectif, pour d\u00e9crocher le premier prix, est une cr\u00e9ation litt\u00e9raire originale de 3 \u00e0 12 pages. \u00c0 la cl\u00e9 : la publication de leur nouvelle dans une revue lorraine et un bon d\u2019achat de livres d\u2019une valeur de 1 000 \u20ac (les 2\u00e8me et 3\u00e8me prix recevant respectivement des prix de 600 \u20ac et 300 \u20ac).<\/p>\n\n\n\n<p>Le jury se compose d\u2019une dizaine de membres, dont 8 personnalit\u00e9s du monde litt\u00e9raire. Apr\u00e8s d\u00e9lib\u00e9rations, il pr\u00e9s\u00e9lectionne 20 nouvelles, dont les auteurs seront tous r\u00e9compens\u00e9s par des livres.<\/p>\n\n\n\n<h3>Jury  2016<\/h3>\n\n\n\n<p>Alain ABSIRE : \u00e9crivain, ancien pr\u00e9sident de la Soci\u00e9t\u00e9 des Gens de Lettres,<br>Roger BICHELBERGER : agr\u00e9g\u00e9 de litt\u00e9rature, \u00e9crivain, critique litt\u00e9raire,<br>Philippe VANSTEENE : proviseur du lyc\u00e9e Jean-Moulin de Forbach,<br>Jacqueline DAUXOIS : auteur, membre du Comit\u00e9 d\u2019\u00e9thique pour l\u2019Ile-de-France,<br>C\u00e9cilia DUTTER : auteur, critique litt\u00e9raire,<br>Denis HERGOTT : auteur, nouvelliste,<br>G\u00e9rald TENENBAUM : auteur, professeur \u00e0 l\u2019Universit\u00e9 de Lorraine,<br>\u00c9lise FISCHER : auteur, journaliste et critique litt\u00e9raire,<br>Un \u00e9l\u00e8ve du club litt\u00e9raire du lyc\u00e9e Jean-Moulin de Forbach,<br>Simone HISLER : directrice de la librairie ind\u00e9pendante Hisler-Even.<\/p>\n\n\n\n<h3>Les laur\u00e9ats<\/h3>\n\n\n\n<p><strong>2014 :<\/strong> Mathieu GROFFE, \u00e9l\u00e8ve de seconde au lyc\u00e9e H\u00e9l\u00e8ne-Boucher de Thionville, avec sa nouvelle : <em>Le Faiseur de nuages<\/em>.<br><strong>2015 :<\/strong> Valentine AUBERT \u00e9l\u00e8ve au lyc\u00e9e La-Malgrange de Jarville, avec sa nouvelle : <em>Apparences<\/em>.<br><strong>2016 :<\/strong> Lila DEKIK, \u00e9l\u00e8ve de premi\u00e8re S au lyc\u00e9e Jean-Moulin \u00e0 Forbach, avec sa nouvelle : <em>La Derni\u00e8re danse<\/em>.<\/p>\n","protected":false},"excerpt":{"rendered":"<p>Cr\u00e9\u00e9 en 1988 par l\u2019\u00e9crivain Roger BICHELBERGER, professeur de lettres au lyc\u00e9e Jean-Moulin de Forbach, ce prix vise \u00e0 encourager et valoriser la cr\u00e9ation litt\u00e9raire aupr\u00e8s des jeunes. Il s\u2019agit d\u2019un prix tr\u00e8s dynamique avec une participation en hausse constante. Le Prix de la Nouvelle des lyc\u00e9ens est ouvert \u00e0 tous les \u00e9l\u00e8ves des lyc\u00e9es lorrains (classes post-bac comprises). En 2016, 164 \u00e9crivains en herbe issus de 38 lyc\u00e9es y participent. L\u2019objectif, pour d\u00e9crocher le premier prix, est une cr\u00e9ation litt\u00e9raire originale de 3 \u00e0 12 pages. \u00c0 la cl\u00e9 : la publication de leur nouvelle dans une revue lorraine et un bon d\u2019achat de livres d\u2019une valeur de 1 000 \u20ac (les 2\u00e8me et 3\u00e8me prix recevant respectivement des prix de 600 \u20ac et 300 \u20ac). Le jury se compose d\u2019une dizaine de membres, dont 8 personnalit\u00e9s du monde litt\u00e9raire. Apr\u00e8s d\u00e9lib\u00e9rations, il pr\u00e9s\u00e9lectionne 20 nouvelles, dont les auteurs seront tous r\u00e9compens\u00e9s par des livres. Jury 2016 Alain ABSIRE : \u00e9crivain, ancien pr\u00e9sident de la Soci\u00e9t\u00e9 des Gens de Lettres,Roger BICHELBERGER : agr\u00e9g\u00e9 de litt\u00e9rature, \u00e9crivain, critique litt\u00e9raire,Philippe VANSTEENE : proviseur du lyc\u00e9e Jean-Moulin de Forbach,Jacqueline DAUXOIS : auteur, membre du Comit\u00e9 d\u2019\u00e9thique pour l\u2019Ile-de-France,C\u00e9cilia DUTTER : auteur, critique litt\u00e9raire,Denis HERGOTT : auteur, nouvelliste,G\u00e9rald TENENBAUM : auteur, professeur \u00e0 l\u2019Universit\u00e9 de Lorraine,\u00c9lise FISCHER : auteur, journaliste et critique litt\u00e9raire,Un \u00e9l\u00e8ve du club litt\u00e9raire du lyc\u00e9e Jean-Moulin de Forbach,Simone HISLER : directrice de la librairie ind\u00e9pendante Hisler-Even. Les laur\u00e9ats 2014 : Mathieu GROFFE, \u00e9l\u00e8ve de seconde au lyc\u00e9e H\u00e9l\u00e8ne-Boucher de Thionville, avec sa nouvelle : Le Faiseur de nuages.2015 : Valentine AUBERT \u00e9l\u00e8ve au lyc\u00e9e La-Malgrange de Jarville, avec sa nouvelle : Apparences.2016 : Lila DEKIK, \u00e9l\u00e8ve de premi\u00e8re S au lyc\u00e9e Jean-Moulin \u00e0 Forbach, avec sa nouvelle : La Derni\u00e8re danse.<\/p>\n","protected":false},"author":3,"featured_media":0,"parent":0,"menu_order":0,"comment_status":"closed","ping_status":"closed","template":"","meta":[],"_links":{"self":[{"href":"https:\/\/bernard-visse.fr\/ev\/wp-json\/wp\/v2\/pages\/824"}],"collection":[{"href":"https:\/\/bernard-visse.fr\/ev\/wp-json\/wp\/v2\/pages"}],"about":[{"href":"https:\/\/bernard-visse.fr\/ev\/wp-json\/wp\/v2\/types\/page"}],"author":[{"embeddable":true,"href":"https:\/\/bernard-visse.fr\/ev\/wp-json\/wp\/v2\/users\/3"}],"replies":[{"embeddable":true,"href":"https:\/\/bernard-visse.fr\/ev\/wp-json\/wp\/v2\/comments?post=824"}],"version-history":[{"count":1,"href":"https:\/\/bernard-visse.fr\/ev\/wp-json\/wp\/v2\/pages\/824\/revisions"}],"predecessor-version":[{"id":825,"href":"https:\/\/bernard-visse.fr\/ev\/wp-json\/wp\/v2\/pages\/824\/revisions\/825"}],"wp:attachment":[{"href":"https:\/\/bernard-visse.fr\/ev\/wp-json\/wp\/v2\/media?parent=824"}],"curies":[{"name":"wp","href":"https:\/\/api.w.org\/{rel}","templated":true}]}}