{"id":820,"date":"2020-04-18T15:04:00","date_gmt":"2020-04-18T13:04:00","guid":{"rendered":"http:\/\/bernard-visse.fr\/ev\/?page_id=820"},"modified":"2020-04-20T21:04:13","modified_gmt":"2020-04-20T19:04:13","slug":"prix-marguerite-puhl-demange","status":"publish","type":"page","link":"https:\/\/bernard-visse.fr\/ev\/prix-marguerite-puhl-demange\/","title":{"rendered":"Prix Marguerite-Puhl-Demange"},"content":{"rendered":"\n<p>Cr\u00e9\u00e9 en l\u2019honneur de Marguerite Puhl-Demange, pr\u00e9sidente-directrice-g\u00e9n\u00e9rale du <em>R\u00e9publicain Lorrain <\/em>et fondatrice de <em>L\u2019\u00c9t\u00e9 du Livre<\/em>, devenu le festival <em>Le Livre \u00e0 Metz<\/em>, ce prix dot\u00e9 dont la r\u00e9compense s\u2019\u00e9l\u00e8ve \u00e0 4 000 euros est compos\u00e9 d\u2019un jury de lecteurs recrut\u00e9 sur l\u2019ensemble du territoire mosellan. <\/p>\n\n\n\n<p>Il a pour objectif de r\u00e9compenser tant la qualit\u00e9 de l\u2019\u00e9criture, la recherche de style que la musicalit\u00e9 ou l\u2019appel \u00e0 l\u2019\u00e9vasion et concerne \u00e0 la fois les romans, essais et biographies. Plusieurs ouvrages sont retenus par des professionnels (critiques, libraires, biblioth\u00e9caires) pour entrer en comp\u00e9tition.<\/p>\n\n\n\n<p>Ils sont ensuite soumis \u00e0 cinq jur\u00e9s \u00e9liminatoires et d\u00e9centralis\u00e9s, compos\u00e9s d\u2019amateurs de lecture de la r\u00e9gion messine, qui s\u00e9lectionnent chacun un livre. Un jury final se r\u00e9unit enfin pour attribuer le prix parmi les finalistes.<\/p>\n\n\n\n<p>Le prix est remis lors du salon <em>Le Livre de Metz<\/em> au mois d\u2019avril.<\/p>\n\n\n\n<h3>Les laur\u00e9ats <\/h3>\n\n\n\n<p>2016 \u2013 Am\u00e9lie de BOURBON DE PARME, <em>Le Secret de l\u2019empereur<\/em> (Gallimard)<br>2015 \u2013 Joy SOMAN, <em>La Peau de l\u2019ours<\/em> (Gallimard)<br>2014 \u2013 Philippe JAENADA, <em>Sulak<\/em> (Julliard)<\/p>\n","protected":false},"excerpt":{"rendered":"<p>Cr\u00e9\u00e9 en l\u2019honneur de Marguerite Puhl-Demange, pr\u00e9sidente-directrice-g\u00e9n\u00e9rale du R\u00e9publicain Lorrain et fondatrice de L\u2019\u00c9t\u00e9 du Livre, devenu le festival Le Livre \u00e0 Metz, ce prix dot\u00e9 dont la r\u00e9compense s\u2019\u00e9l\u00e8ve \u00e0 4 000 euros est compos\u00e9 d\u2019un jury de lecteurs recrut\u00e9 sur l\u2019ensemble du territoire mosellan. Il a pour objectif de r\u00e9compenser tant la qualit\u00e9 de l\u2019\u00e9criture, la recherche de style que la musicalit\u00e9 ou l\u2019appel \u00e0 l\u2019\u00e9vasion et concerne \u00e0 la fois les romans, essais et biographies. Plusieurs ouvrages sont retenus par des professionnels (critiques, libraires, biblioth\u00e9caires) pour entrer en comp\u00e9tition. Ils sont ensuite soumis \u00e0 cinq jur\u00e9s \u00e9liminatoires et d\u00e9centralis\u00e9s, compos\u00e9s d\u2019amateurs de lecture de la r\u00e9gion messine, qui s\u00e9lectionnent chacun un livre. Un jury final se r\u00e9unit enfin pour attribuer le prix parmi les finalistes. Le prix est remis lors du salon Le Livre de Metz au mois d\u2019avril. Les laur\u00e9ats 2016 \u2013 Am\u00e9lie de BOURBON DE PARME, Le Secret de l\u2019empereur (Gallimard)2015 \u2013 Joy SOMAN, La Peau de l\u2019ours (Gallimard)2014 \u2013 Philippe JAENADA, Sulak (Julliard)<\/p>\n","protected":false},"author":3,"featured_media":0,"parent":0,"menu_order":0,"comment_status":"closed","ping_status":"closed","template":"","meta":[],"_links":{"self":[{"href":"https:\/\/bernard-visse.fr\/ev\/wp-json\/wp\/v2\/pages\/820"}],"collection":[{"href":"https:\/\/bernard-visse.fr\/ev\/wp-json\/wp\/v2\/pages"}],"about":[{"href":"https:\/\/bernard-visse.fr\/ev\/wp-json\/wp\/v2\/types\/page"}],"author":[{"embeddable":true,"href":"https:\/\/bernard-visse.fr\/ev\/wp-json\/wp\/v2\/users\/3"}],"replies":[{"embeddable":true,"href":"https:\/\/bernard-visse.fr\/ev\/wp-json\/wp\/v2\/comments?post=820"}],"version-history":[{"count":1,"href":"https:\/\/bernard-visse.fr\/ev\/wp-json\/wp\/v2\/pages\/820\/revisions"}],"predecessor-version":[{"id":821,"href":"https:\/\/bernard-visse.fr\/ev\/wp-json\/wp\/v2\/pages\/820\/revisions\/821"}],"wp:attachment":[{"href":"https:\/\/bernard-visse.fr\/ev\/wp-json\/wp\/v2\/media?parent=820"}],"curies":[{"name":"wp","href":"https:\/\/api.w.org\/{rel}","templated":true}]}}