{"id":758,"date":"2020-04-16T22:18:14","date_gmt":"2020-04-16T20:18:14","guid":{"rendered":"http:\/\/bernard-visse.fr\/ev\/?page_id=758"},"modified":"2020-04-20T21:00:07","modified_gmt":"2020-04-20T19:00:07","slug":"dylan-stark-philippe-petit-roulet","status":"publish","type":"page","link":"https:\/\/bernard-visse.fr\/ev\/dylan-stark-philippe-petit-roulet\/","title":{"rendered":"Dylan Stark &#8211; Philippe Petit-Roulet"},"content":{"rendered":"\n<ul class=\"onglet\">\n    <li><b>Pierre Pelot<\/b><\/li>\n    <li><a href=\"..\/romans\/000_western.php#Dylan\" target=\"milieu\" rel=\"noopener noreferrer\">Cycle Dylan Stark<\/a> : 22 romans\n      publi\u00e9s<\/li>\n    <li><a href=\"..\/romans\/000_western.php\" target=\"milieu\" rel=\"noopener noreferrer\">Western<\/a><\/li>\n  <\/ul>\n\n<div class=\"clear\">&nbsp;<\/div>\n<p><a href=\"https:\/\/fr.wikipedia.org\/wiki\/Philippe_Petit-Roulet\" target=\"milieu\" rel=\"noopener noreferrer\"><b>Philippe Petit-Roulet<\/b><\/a>, n\u00e9 le 21 mars 1953 \u00e0 Paris, publie ses premi\u00e8res BD en 1973, avant de rejoindre les \u00e9quipes de <i>L&rsquo;\u00c9cho des savanes<\/i> et de <i>La\nGueule ouverte<\/i> o\u00f9 il se taille une r\u00e9putation avec des histoires courtes.<\/font><\/p>\n<p><font size=\"2\" face=\"Arial\">Il travaille ensuite pour <i>Pilote<\/i>, <i>M\u00e9tal Hurlant<\/i>, <i>Charlie<\/i>, <i>A suivre<\/i>, etc&#8230; toujours avec le m\u00eame sc\u00e9nariste, Didier Martiny.<\/p>\n<p>A partir de la fin des ann\u00e9es 1980, il se consacre principalement \u00e0 l\u2019illustration pour la presse, l\u2019\u00e9dition pour la jeunesse, \u00e0 la publicit\u00e9 (<i>Twingo<\/i>, <i>SNCF<\/i>,\netc&#8230;) et au design (il cr\u00e9e des verres \u00e0 vin ou \u00e0 bi\u00e8re, des bouteilles de vin, etc&#8230;).<\/p>\n<p>Il participe \u00e0 de grandes expositions internationales : Tokyo (1994), Los Angeles (1998), Paris (Galerie M\u00e9dicis), ou personnelles : r\u00e9trospectives\nen mai 2002 \u00e0 Erlangen en Allemagne, \u00e0 l\u2019occasion du 10\u00e8me Salon International de la Bande dessin\u00e9e, et \u00e0 Haarlem aux Pays-Bas, dans le cadre de la 6\u00e8me \u00e9dition du Festival bi-annuel de la BD.<\/p>\n<p>&nbsp;<\/p>\n\n  <h2>Dylan Stark<\/h2>\n  <p>Philippe Petit-Roulet illustre la seconde \u00e9dition du <b><a href=\"..\/..\/stark08Hibou_cad.php\" target=\"milieu\" rel=\"noopener noreferrer\">Hibou sur la porte<\/a><\/b>, publi\u00e9e chez <i>L&rsquo;Amiti\u00e9-GT Rageot<\/i> en 1974. Son\n  style original, volontairement coup\u00e9 de tout r\u00e9alisme, associe l&rsquo;humour des situations \u00e0 des trognes patibulaires.<\/p>\n  <table border=\"0\" cellpadding=\"2\" width=\"100%\">\n    <tr>\n      <td width=\"33%\">\n        <p align=\"center\">\n\t\t<a href=\"pelot_dylan\/Hibou_sur_la_porte_2_PetitRoulet1.jpg\"><img loading=\"lazy\" border=\"0\" src=\"pelot_dylan\/Hibou_sur_la_porte_2_PetitRoulet1.jpg\" alt=\"Chanec Jo l'Inutile en plein travail !\" width=\"140\" height=\"150\"><\/a><\/td>\n      <td width=\"33%\">\n        <p align=\"center\">\n\t\t<a href=\"pelot_dylan\/Hibou_sur_la_porte_2_PetitRoulet2.jpg\"><img loading=\"lazy\" border=\"0\" src=\"pelot_dylan\/Hibou_sur_la_porte_2_PetitRoulet2.jpg\" alt=\"Le Hibou sur la porte.\" width=\"140\" height=\"150\"><\/a><\/td>\n      <td width=\"34%\">\n        <p align=\"center\">\n\t\t<a href=\"pelot_dylan\/Hibou_sur_la_porte_2_PetitRoulet3.jpg\"><img loading=\"lazy\" border=\"0\" src=\"pelot_dylan\/Hibou_sur_la_porte_2_PetitRoulet3.jpg\" alt=\"Felwet poussa un juron...\" width=\"110\" height=\"150\"><\/a><\/td>\n    <\/tr>\n  <\/table>\n  <p>A noter qu&rsquo;il intervient \u00e9galement sur une nouvelle SF de Pierre Pelot (<b>L&rsquo;Homme nostalgique<\/b>) r\u00e9\u00e9dit\u00e9e dans <i>Le Citron hallucinog\u00e8ne<\/i>, le fanzine de Bernard Blanc, en 1981.<\/p>\n","protected":false},"excerpt":{"rendered":"<p>Pierre Pelot Cycle Dylan Stark : 22 romans publi\u00e9s Western &nbsp; Philippe Petit-Roulet, n\u00e9 le 21 mars 1953 \u00e0 Paris, publie ses premi\u00e8res BD en 1973, avant de rejoindre les \u00e9quipes de L&rsquo;\u00c9cho des savanes et de La Gueule ouverte o\u00f9 il se taille une r\u00e9putation avec des histoires courtes. Il travaille ensuite pour Pilote, M\u00e9tal Hurlant, Charlie, A suivre, etc&#8230; toujours avec le m\u00eame sc\u00e9nariste, Didier Martiny. A partir de la fin des ann\u00e9es 1980, il se consacre principalement \u00e0 l\u2019illustration pour la presse, l\u2019\u00e9dition pour la jeunesse, \u00e0 la publicit\u00e9 (Twingo, SNCF, etc&#8230;) et au design (il cr\u00e9e des verres \u00e0 vin ou \u00e0 bi\u00e8re, des bouteilles de vin, etc&#8230;). Il participe \u00e0 de grandes expositions internationales : Tokyo (1994), Los Angeles (1998), Paris (Galerie M\u00e9dicis), ou personnelles : r\u00e9trospectives en mai 2002 \u00e0 Erlangen en Allemagne, \u00e0 l\u2019occasion du 10\u00e8me Salon International de la Bande dessin\u00e9e, et \u00e0 Haarlem aux Pays-Bas, dans le cadre de la 6\u00e8me \u00e9dition du Festival bi-annuel de la BD. &nbsp; Dylan Stark Philippe Petit-Roulet illustre la seconde \u00e9dition du Hibou sur la porte, publi\u00e9e chez L&rsquo;Amiti\u00e9-GT Rageot en 1974. Son style original, volontairement coup\u00e9 de tout r\u00e9alisme, associe l&rsquo;humour des situations \u00e0 des trognes patibulaires. A noter qu&rsquo;il intervient \u00e9galement sur une nouvelle SF de Pierre Pelot (L&rsquo;Homme nostalgique) r\u00e9\u00e9dit\u00e9e dans Le Citron hallucinog\u00e8ne, le fanzine de Bernard Blanc, en 1981.<\/p>\n","protected":false},"author":3,"featured_media":0,"parent":0,"menu_order":0,"comment_status":"closed","ping_status":"closed","template":"","meta":[],"_links":{"self":[{"href":"https:\/\/bernard-visse.fr\/ev\/wp-json\/wp\/v2\/pages\/758"}],"collection":[{"href":"https:\/\/bernard-visse.fr\/ev\/wp-json\/wp\/v2\/pages"}],"about":[{"href":"https:\/\/bernard-visse.fr\/ev\/wp-json\/wp\/v2\/types\/page"}],"author":[{"embeddable":true,"href":"https:\/\/bernard-visse.fr\/ev\/wp-json\/wp\/v2\/users\/3"}],"replies":[{"embeddable":true,"href":"https:\/\/bernard-visse.fr\/ev\/wp-json\/wp\/v2\/comments?post=758"}],"version-history":[{"count":2,"href":"https:\/\/bernard-visse.fr\/ev\/wp-json\/wp\/v2\/pages\/758\/revisions"}],"predecessor-version":[{"id":784,"href":"https:\/\/bernard-visse.fr\/ev\/wp-json\/wp\/v2\/pages\/758\/revisions\/784"}],"wp:attachment":[{"href":"https:\/\/bernard-visse.fr\/ev\/wp-json\/wp\/v2\/media?parent=758"}],"curies":[{"name":"wp","href":"https:\/\/api.w.org\/{rel}","templated":true}]}}