{"id":741,"date":"2020-04-16T21:45:42","date_gmt":"2020-04-16T19:45:42","guid":{"rendered":"http:\/\/bernard-visse.fr\/ev\/?page_id=741"},"modified":"2020-04-20T20:58:37","modified_gmt":"2020-04-20T18:58:37","slug":"dylan-stark-christophe-kro","status":"publish","type":"page","link":"https:\/\/bernard-visse.fr\/ev\/dylan-stark-christophe-kro\/","title":{"rendered":"Dylan Stark &#8211; Christophe Kro"},"content":{"rendered":"\n<ul class=\"onglet\">\n    <li><b>Pierre Pelot<\/b><\/li>\n    <li><a href=\"..\/romans\/000_western.php#Dylan\" target=\"milieu\" rel=\"noopener noreferrer\">Cycle Dylan Stark<\/a> : 22 romans\n      publi\u00e9s<\/li>\n    <li><a href=\"..\/romans\/000_western.php\" target=\"milieu\" rel=\"noopener noreferrer\">Western<\/a><\/li>\n  <\/ul>\n\n<div class=\"clear\">&nbsp;<\/div>\n\n<p>Christophe Kro illustre avec bonheur <b>Contes\net l\u00e9gendes inachev\u00e9s<\/b> de Tolkien (<i>Pocket Junior<\/i>, 1996, 3 volumes).\nIl est sp\u00e9cialis\u00e9 dans la fiction et l&rsquo;h\u00e9ro\u00efc-fantasy.<\/p>\n<p>Chez le m\u00eame \u00e9diteur <i>Pocket<\/i>, il travaille pour Terry\nPratchett (<b>Le Sauveur de l&rsquo;humanit\u00e9<\/b>, <i>SF Pocket<\/i>, 1998), Bruce\nCoville (<b>Venge-toi, dragon !<\/b>), Th\u00e9odor Taylor (<b>Le Petit gar\u00e7on dans\nl&rsquo;\u00eele<\/b>), A. Von Eisen (<b>Le Prince d&rsquo;Om\u00e9vade<\/b>), A. Norton (<b>L&rsquo;Ann\u00e9e\nde la licorne<\/b>, <b>Les Montagnes de l&rsquo;oubli<\/b>, <b>L&rsquo;Arche du temps<\/b>, <b>La\nVall\u00e9e dans l&rsquo; ombre<\/b>, <b>K\u00e9moc le prodigieux<\/b>), Jacqueline Mirande (<b>Sans\nnom ni blason<\/b>), J. Vornholth (<b>Star Trek<\/b>), T. Dicks (<b>Le Jeu supr\u00eame<\/b>,\n<b>L&rsquo;Attaque du super virus<\/b>), P. et H. David (il copie des dessins de\nCatherine Huerta pour <b>Star wars<\/b>, <b>Le Destin du prince Jedi<\/b>, <b>Zorba\nthe hutt<\/b>, <b>Le Proph\u00e8te du cot\u00e9 obscur<\/b>), Avi (<b>La Grange<\/b>) ou\nAldous Huxley (<b>Le Meilleur des mondes<\/b>).<\/p>\n<p>Pour les <i>\u00c9ditions du Fleuve noir<\/i>, Christophe Kro\nillustre les collections &quot;Vampires&quot; (<b>Les Enfers<\/b>, <b>\u00c9change de\nsang<\/b>, <b>Le Prince noir<\/b>), ou &quot;Conan le barbare&quot; (<b>Le\nSeigneur de la guerre<\/b>, <b>Le Triomphant<\/b>, <b>Le Maraudeur<\/b>, <b>Le\nSauvage<\/b>)&#8230;<\/p>\n<p>Il est connu dans le monde de la BD (illustrations pour <i>Action\nMan<\/i>), et r\u00e9alise diverses pochettes vid\u00e9o pour la jeunesse.<\/font><\/p>\n<p><font size=\"2\">Une autre facette de son travail est l&rsquo;\u00e9rotisme. Il publie\ndes pin-up peintes \u00e0 l&rsquo;a\u00e9rographe dans des revues \u00e9rotiques espagnoles (<i>Wet\nFetish<\/i>,<i> Wet City<\/i>) et fran\u00e7aises (<i>New Look Magazine<\/i>, <i>Vid\u00e9o\n7<\/i>), ou dans <i>Penthouse<\/i>&#8230;<\/p>\n<p>Il se consacre aujourd\u2019hui enti\u00e8rement \u00e0 la peinture. Il est vendu dans les galeries les plus prestigieuses \u00e0 Bruxelles et Paris, mais aussi dans les ventes aux ench\u00e8res \u00e0 Drouot.<\/p>\n<h2>Dylan Stark<\/h2>\n<p>Il est l&rsquo;auteur de la cinqui\u00e8me couverture de <a href=\"..\/029_stark20Sierra.php\" target=\"milieu\" rel=\"noopener noreferrer\"><b>Sierra\nbr\u00fblante<\/b><\/a> (pour <i>Pocket Junior<\/i> en janvier 1999).<\/p>\n<p align=\"center\">\n<img loading=\"lazy\" border=\"0\" src=\"..\/stark\/pelot_dylan\/029_Sierra_Kro.jpg\" width=\"498\" height=\"429\" alt=\"Sierra br\u00fblante, par Kro.\"><\/p>\n<div class=\"clear\">&nbsp;<\/div>\n","protected":false},"excerpt":{"rendered":"<p>Pierre Pelot Cycle Dylan Stark : 22 romans publi\u00e9s Western &nbsp; Christophe Kro illustre avec bonheur Contes et l\u00e9gendes inachev\u00e9s de Tolkien (Pocket Junior, 1996, 3 volumes). Il est sp\u00e9cialis\u00e9 dans la fiction et l&rsquo;h\u00e9ro\u00efc-fantasy. Chez le m\u00eame \u00e9diteur Pocket, il travaille pour Terry Pratchett (Le Sauveur de l&rsquo;humanit\u00e9, SF Pocket, 1998), Bruce Coville (Venge-toi, dragon !), Th\u00e9odor Taylor (Le Petit gar\u00e7on dans l&rsquo;\u00eele), A. Von Eisen (Le Prince d&rsquo;Om\u00e9vade), A. Norton (L&rsquo;Ann\u00e9e de la licorne, Les Montagnes de l&rsquo;oubli, L&rsquo;Arche du temps, La Vall\u00e9e dans l&rsquo; ombre, K\u00e9moc le prodigieux), Jacqueline Mirande (Sans nom ni blason), J. Vornholth (Star Trek), T. Dicks (Le Jeu supr\u00eame, L&rsquo;Attaque du super virus), P. et H. David (il copie des dessins de Catherine Huerta pour Star wars, Le Destin du prince Jedi, Zorba the hutt, Le Proph\u00e8te du cot\u00e9 obscur), Avi (La Grange) ou Aldous Huxley (Le Meilleur des mondes). Pour les \u00c9ditions du Fleuve noir, Christophe Kro illustre les collections &quot;Vampires&quot; (Les Enfers, \u00c9change de sang, Le Prince noir), ou &quot;Conan le barbare&quot; (Le Seigneur de la guerre, Le Triomphant, Le Maraudeur, Le Sauvage)&#8230; Il est connu dans le monde de la BD (illustrations pour Action Man), et r\u00e9alise diverses pochettes vid\u00e9o pour la jeunesse. Une autre facette de son travail est l&rsquo;\u00e9rotisme. Il publie des pin-up peintes \u00e0 l&rsquo;a\u00e9rographe dans des revues \u00e9rotiques espagnoles (Wet Fetish, Wet City) et fran\u00e7aises (New Look Magazine, Vid\u00e9o 7), ou dans Penthouse&#8230; Il se consacre aujourd\u2019hui enti\u00e8rement \u00e0 la peinture. Il est vendu dans les galeries les plus prestigieuses \u00e0 Bruxelles et Paris, mais aussi dans les ventes aux ench\u00e8res \u00e0 Drouot. Dylan Stark Il est l&rsquo;auteur de la cinqui\u00e8me couverture de Sierra br\u00fblante (pour Pocket Junior en janvier 1999). &nbsp;<\/p>\n","protected":false},"author":3,"featured_media":0,"parent":0,"menu_order":0,"comment_status":"closed","ping_status":"closed","template":"","meta":[],"_links":{"self":[{"href":"https:\/\/bernard-visse.fr\/ev\/wp-json\/wp\/v2\/pages\/741"}],"collection":[{"href":"https:\/\/bernard-visse.fr\/ev\/wp-json\/wp\/v2\/pages"}],"about":[{"href":"https:\/\/bernard-visse.fr\/ev\/wp-json\/wp\/v2\/types\/page"}],"author":[{"embeddable":true,"href":"https:\/\/bernard-visse.fr\/ev\/wp-json\/wp\/v2\/users\/3"}],"replies":[{"embeddable":true,"href":"https:\/\/bernard-visse.fr\/ev\/wp-json\/wp\/v2\/comments?post=741"}],"version-history":[{"count":1,"href":"https:\/\/bernard-visse.fr\/ev\/wp-json\/wp\/v2\/pages\/741\/revisions"}],"predecessor-version":[{"id":742,"href":"https:\/\/bernard-visse.fr\/ev\/wp-json\/wp\/v2\/pages\/741\/revisions\/742"}],"wp:attachment":[{"href":"https:\/\/bernard-visse.fr\/ev\/wp-json\/wp\/v2\/media?parent=741"}],"curies":[{"name":"wp","href":"https:\/\/api.w.org\/{rel}","templated":true}]}}