{"id":739,"date":"2020-04-16T21:39:31","date_gmt":"2020-04-16T19:39:31","guid":{"rendered":"http:\/\/bernard-visse.fr\/ev\/?page_id=739"},"modified":"2020-04-20T21:00:14","modified_gmt":"2020-04-20T19:00:14","slug":"dylan-stark-pierre-joubert","status":"publish","type":"page","link":"https:\/\/bernard-visse.fr\/ev\/dylan-stark-pierre-joubert\/","title":{"rendered":"Dylan Stark &#8211; Pierre Joubert"},"content":{"rendered":"\n<ul class=\"onglet\">\n    <li><b>Pierre Pelot<\/b><\/li>\n    <li><a href=\"..\/romans\/000_western.php#Dylan\" target=\"milieu\" rel=\"noopener noreferrer\">Cycle Dylan Stark<\/a> : 22 romans\n      publi\u00e9s<\/li>\n    <li><a href=\"..\/romans\/000_western.php\" target=\"milieu\" rel=\"noopener noreferrer\">Western<\/a><\/li>\n  <\/ul>\n\n<div class=\"clear\">&nbsp;<\/div>\n\n  <tr>\n    <td width=\"45%\" valign=\"top\">\n\t<p align=\"center\">\n\t<img loading=\"lazy\" border=\"0\" src=\"pelot_dylan\/AutoportraitJoubert.jpg\" width=\"250\" height=\"280\" alt=\"Autoportrait.\"><\/td>\n    <td width=\"55%\">&nbsp;\n      <p><font size=\"2\"><b><a href=\"http:\/\/pierrejoubert.site.free.fr\/\" target=\"_blank\" rel=\"noopener noreferrer\">Pierre\n      Joubert<\/a><\/b>,&nbsp; n\u00e9 en 1910 \u00e0 Paris, est mort \u00e0 La Rochelle en\n      janvier 2002. Il travaille pour les \u00e9ditions Marabout jusqu&rsquo;en 1972.<\/font><\/p>\n      <\/td>\n  <\/tr>\n  <tr>\n    <td width=\"45%\" align=\"center\"><font size=\"1\">Autoportrait, vu sur le site <a href=\"http:\/\/www.auracan.com\/Indiscretions\/2002\/20020114.html\" target=\"_blank\" rel=\"noopener noreferrer\">Auracan.com<\/a>.<\/font><\/td>\n    <td width=\"55%\" align=\"center\"><\/td>\n  <\/tr>\n<\/table>\n<p><font size=\"2\">Sous la signature de Bertrand Poirot-Delpech, dans son \u00e9dition du 23 janvier 2002, <i>Le Monde<\/i> \u00e9crit :<\/font><\/p>\n<p><font size=\"2\"><b>Mort de Pierre Joubert, l&rsquo;illustrateur du scout mod\u00e8le<\/b><br>\n<i>Le dessinateur Pierre Joubert est mort lundi 14 janvier \u00e0 La Rochelle \u00e0 l&rsquo;\u00e2ge\nde 91 ans.<\/i><\/font><\/p>\n<p><font size=\"2\">N\u00e9 le 27 juin 1910 \u00e0 Paris, \u00e9l\u00e8ve de l&rsquo;\u00c9cole des arts\nappliqu\u00e9s, Pierre Joubert a travaill\u00e9 \u00e0 la revue <i>L&rsquo;Illustration<\/i> avant\nde devenir, d\u00e8s les ann\u00e9es 1930 et tout le reste de sa vie, l&rsquo;illustrateur\nvedette des publications du scoutisme et des \u00e9ditions apparent\u00e9es \u00e0 ce\nmouvement.<\/font><\/p>\n<p><font size=\"2\">Il a mis en images des centaines de fictions d&rsquo;aventure pour\njeunes, chez <i>Marabout<\/i>, <i>Toison d&rsquo;or<\/i>, <i>Hachette<\/i>, <i>Presses-Pocket<\/i>,\ndans les s\u00e9ries <i>Bob Morane<\/i>. Mais sa signature reste d&rsquo;abord associ\u00e9e \u00e0\nla collection d&rsquo;Alsatia &quot;Signe de piste&quot;, aux best-sellers de Guy de\nLarigaudie, Jean-Louis Foncine et Serge Dalens, dont <i>Le Bracelet de vermeil<\/i>,\n<i>Le Prince \u00c9ric <\/i>et la suite se sont attir\u00e9 des millions de lecteurs\ndurant quatre g\u00e9n\u00e9rations, dans le monde entier.<\/font><\/p>\n<p><font size=\"2\">A cause de son bref passage \u00e0 Vichy o\u00f9 s&rsquo;\u00e9tait transport\u00e9e\nla direction des Scouts en 1940, et des engagements de certains auteurs, on a pu\npr\u00eater \u00e0 Joubert un penchant pour l&rsquo;extr\u00e9misme politique ou l&rsquo;int\u00e9grisme\nreligieux, sympathies qui n&rsquo;\u00e9taient pas les siennes, et dont il se d\u00e9fendait.\nNourri d&rsquo;h\u00e9raldisme, de chevalerie, mais surtout maniaque du d\u00e9tail en mati\u00e8re\nde paysage, d&rsquo;artisanat, de charpente, de matelotage (cf.&nbsp;ses albums de\nmarine, \u00e9d.&nbsp;Alain Gout), Joubert a cr\u00e9\u00e9 un mod\u00e8le stylis\u00e9 d&rsquo;adolescent\nde plein air, au corps \u00e9lanc\u00e9, aux m\u00e8ches en bataille, qui plaide pour une\nvie de d\u00e9paysement, de loisir joyeux et fraternel, sans jamais recruter pour\nles cultes de la force qui ont pu s&rsquo;en r\u00e9clamer.<\/font><\/p>\n<p><font size=\"2\">Au-del\u00e0 du scoutisme, ce mod\u00e8le a marqu\u00e9 l&rsquo;air du temps\ndurant plus d&rsquo;un demi-si\u00e8cle. Le style &quot;unisexe&quot; de la mode ou des\ncoiffures se ressent des milliers d&rsquo;adolescents gracieux typ\u00e9s par Joubert.\nCette influence d&rsquo;une \u00e9tendue et d&rsquo;une dur\u00e9e sans \u00e9quivalent s&rsquo;explique par\nune merveille de pr\u00e9cision dans le trait en mouvement, et par le charme d&rsquo;un\nattachement naturel au royaume de l&rsquo;enfance.<\/font><\/p>\n<p>&nbsp;<\/p>\n<h2>Dylan Stark<\/h2>\n<p><font size=\"2\">Pierre Joubert, qui collabore \u00e9troitement avec les \u00e9ditions <i>Marabout<\/i>\n(il signe plus d&rsquo;une centaine des 141 couvertures de <i>Bob Morane<\/i>), r\u00e9alise\nla premi\u00e8re couverture de Pelot pour <b><a href=\"..\/001_pistedakota.php\" target=\"milieu\" rel=\"noopener noreferrer\">La\nPiste du Dakota<\/a><\/b> en 1966.<\/font><\/p>\n<p><font size=\"2\">Lorsque cet \u00e9diteur met en oeuvre sa collection des <i>Compagnons\nde l&rsquo;aventure<\/i> en 1967, c&rsquo;est tout naturellement \u00e0 lui qu&rsquo;il fait appel.<\/font><\/p>\n<div align=\"center\">\n  <center>\n  <table border=\"0\" cellpadding=\"2\" width=\"100%\">\n    <tr>\n      <td width=\"25%\" valign=\"bottom\">\n        <p align=\"center\">\n\t\t<a href=\"pelot_dylan\/Dylan_portrait_couleur_par_Joubert.jpg\"><img loading=\"lazy\" border=\"0\" src=\"pelot_dylan\/Dylan_portrait_couleur_par_Joubert.jpg\" alt=\"Portrait couleur par Joubert\" width=\"150\" height=\"150\"><\/a><\/td>\n      <td width=\"25%\" valign=\"bottom\">\n        <p align=\"center\"><a href=\"pelot_dylan\/Dylan_fusil_par_Joubert.jpg\"><img loading=\"lazy\" border=\"0\" src=\"pelot_dylan\/Dylan_fusil_par_Joubert.jpg\" alt=\"Dylan par Joubert\" width=\"100\" height=\"150\"><\/a><\/td>\n      <td width=\"25%\" valign=\"bottom\">\n        <p align=\"center\"><a href=\"pelot_dylan\/Irreductibles_1_Joubert.jpg\"><img loading=\"lazy\" border=\"0\" src=\"pelot_dylan\/Irreductibles_1_Joubert.jpg\" alt=\"Les Irr\u00e9ductibles\" width=\"150\" height=\"150\"><\/a><\/td>\n      <td width=\"25%\" valign=\"bottom\">\n        <p align=\"center\"><a href=\"pelot_dylan\/022_Unjour_Joubert.jpg\"><img loading=\"lazy\" border=\"0\" src=\"pelot_dylan\/022_Unjour_Joubert.jpg\" alt=\"Un jour un ouragan\" width=\"130\" height=\"150\"><\/a><\/td>\n    <\/tr>\n    <tr>\n      <td width=\"25%\" align=\"center\"><font size=\"1\">Dylan<\/font><\/td>\n      <td width=\"25%\" align=\"center\"><font size=\"1\">Stark<\/font><\/td>\n      <td width=\"25%\" align=\"center\">\n        <p align=\"center\"><font size=\"1\">Les Irr\u00e9ductibles<\/font><\/td>\n      <td width=\"25%\" align=\"center\"><font size=\"1\">Un jour, un ouragan<\/font><\/td>\n    <\/tr>\n  <\/table>\n  <\/center>\n<\/div>\n<p><font size=\"2\">On lui doit en particulier le <a href=\"stark_accueil.php\" target=\"milieu\" rel=\"noopener noreferrer\">portrait<\/a>\nau trait de Pelot (d&rsquo;apr\u00e8s une photographie), ainsi que celui de <i>Dylan<\/i>\nen couleur qu&rsquo;on trouve d\u00e9clin\u00e9 trois fois en 4\u00e8me de couverture.<\/font><\/p>\n<p>&nbsp;<\/p>\n<p><a href=\"http:\/\/pierrejoubert.site.free.fr\/\" target=\"_blank\" rel=\"noopener noreferrer\"><font size=\"2\">Visitez le site\nofficiel de Pierre Joubert.<\/font><\/a><\/p>\n<div class=\"clear\">&nbsp;<\/div>\n\n","protected":false},"excerpt":{"rendered":"<p>Pierre Pelot Cycle Dylan Stark : 22 romans publi\u00e9s Western &nbsp; &nbsp; Pierre Joubert,&nbsp; n\u00e9 en 1910 \u00e0 Paris, est mort \u00e0 La Rochelle en janvier 2002. Il travaille pour les \u00e9ditions Marabout jusqu&rsquo;en 1972. Autoportrait, vu sur le site Auracan.com. Sous la signature de Bertrand Poirot-Delpech, dans son \u00e9dition du 23 janvier 2002, Le Monde \u00e9crit : Mort de Pierre Joubert, l&rsquo;illustrateur du scout mod\u00e8le Le dessinateur Pierre Joubert est mort lundi 14 janvier \u00e0 La Rochelle \u00e0 l&rsquo;\u00e2ge de 91 ans. N\u00e9 le 27 juin 1910 \u00e0 Paris, \u00e9l\u00e8ve de l&rsquo;\u00c9cole des arts appliqu\u00e9s, Pierre Joubert a travaill\u00e9 \u00e0 la revue L&rsquo;Illustration avant de devenir, d\u00e8s les ann\u00e9es 1930 et tout le reste de sa vie, l&rsquo;illustrateur vedette des publications du scoutisme et des \u00e9ditions apparent\u00e9es \u00e0 ce mouvement. Il a mis en images des centaines de fictions d&rsquo;aventure pour jeunes, chez Marabout, Toison d&rsquo;or, Hachette, Presses-Pocket, dans les s\u00e9ries Bob Morane. Mais sa signature reste d&rsquo;abord associ\u00e9e \u00e0 la collection d&rsquo;Alsatia &quot;Signe de piste&quot;, aux best-sellers de Guy de Larigaudie, Jean-Louis Foncine et Serge Dalens, dont Le Bracelet de vermeil, Le Prince \u00c9ric et la suite se sont attir\u00e9 des millions de lecteurs durant quatre g\u00e9n\u00e9rations, dans le monde entier. A cause de son bref passage \u00e0 Vichy o\u00f9 s&rsquo;\u00e9tait transport\u00e9e la direction des Scouts en 1940, et des engagements de certains auteurs, on a pu pr\u00eater \u00e0 Joubert un penchant pour l&rsquo;extr\u00e9misme politique ou l&rsquo;int\u00e9grisme religieux, sympathies qui n&rsquo;\u00e9taient pas les siennes, et dont il se d\u00e9fendait. Nourri d&rsquo;h\u00e9raldisme, de chevalerie, mais surtout maniaque du d\u00e9tail en mati\u00e8re de paysage, d&rsquo;artisanat, de charpente, de matelotage (cf.&nbsp;ses albums de marine, \u00e9d.&nbsp;Alain Gout), Joubert a cr\u00e9\u00e9 un mod\u00e8le stylis\u00e9 d&rsquo;adolescent de plein air, au corps \u00e9lanc\u00e9, aux m\u00e8ches en bataille, qui plaide pour une vie de d\u00e9paysement, de loisir joyeux et fraternel, sans jamais recruter pour les cultes de la force qui ont pu s&rsquo;en r\u00e9clamer. Au-del\u00e0 du scoutisme, ce mod\u00e8le a marqu\u00e9 l&rsquo;air du temps durant plus d&rsquo;un demi-si\u00e8cle. Le style &quot;unisexe&quot; de la mode ou des coiffures se ressent des milliers d&rsquo;adolescents gracieux typ\u00e9s par Joubert. Cette influence d&rsquo;une \u00e9tendue et d&rsquo;une dur\u00e9e sans \u00e9quivalent s&rsquo;explique par une merveille de pr\u00e9cision dans le trait en mouvement, et par le charme d&rsquo;un attachement naturel au royaume de l&rsquo;enfance. &nbsp; Dylan Stark Pierre Joubert, qui collabore \u00e9troitement avec les \u00e9ditions Marabout (il signe plus d&rsquo;une centaine des 141 couvertures de Bob Morane), r\u00e9alise la premi\u00e8re couverture de Pelot pour La Piste du Dakota en 1966. Lorsque cet \u00e9diteur met en oeuvre sa collection des Compagnons de l&rsquo;aventure en 1967, c&rsquo;est tout naturellement \u00e0 lui qu&rsquo;il fait appel. Dylan Stark Les Irr\u00e9ductibles Un jour, un ouragan On lui doit en particulier le portrait au trait de Pelot (d&rsquo;apr\u00e8s une photographie), ainsi que celui de Dylan en couleur qu&rsquo;on trouve d\u00e9clin\u00e9 trois fois en 4\u00e8me de couverture. &nbsp; Visitez le site officiel de Pierre Joubert. &nbsp;<\/p>\n","protected":false},"author":3,"featured_media":0,"parent":0,"menu_order":0,"comment_status":"closed","ping_status":"closed","template":"","meta":[],"_links":{"self":[{"href":"https:\/\/bernard-visse.fr\/ev\/wp-json\/wp\/v2\/pages\/739"}],"collection":[{"href":"https:\/\/bernard-visse.fr\/ev\/wp-json\/wp\/v2\/pages"}],"about":[{"href":"https:\/\/bernard-visse.fr\/ev\/wp-json\/wp\/v2\/types\/page"}],"author":[{"embeddable":true,"href":"https:\/\/bernard-visse.fr\/ev\/wp-json\/wp\/v2\/users\/3"}],"replies":[{"embeddable":true,"href":"https:\/\/bernard-visse.fr\/ev\/wp-json\/wp\/v2\/comments?post=739"}],"version-history":[{"count":1,"href":"https:\/\/bernard-visse.fr\/ev\/wp-json\/wp\/v2\/pages\/739\/revisions"}],"predecessor-version":[{"id":740,"href":"https:\/\/bernard-visse.fr\/ev\/wp-json\/wp\/v2\/pages\/739\/revisions\/740"}],"wp:attachment":[{"href":"https:\/\/bernard-visse.fr\/ev\/wp-json\/wp\/v2\/media?parent=739"}],"curies":[{"name":"wp","href":"https:\/\/api.w.org\/{rel}","templated":true}]}}