{"id":737,"date":"2020-04-16T21:22:53","date_gmt":"2020-04-16T19:22:53","guid":{"rendered":"http:\/\/bernard-visse.fr\/ev\/?page_id=737"},"modified":"2020-04-20T20:58:29","modified_gmt":"2020-04-20T18:58:29","slug":"dylan-stark-bernard-heron","status":"publish","type":"page","link":"https:\/\/bernard-visse.fr\/ev\/dylan-stark-bernard-heron\/","title":{"rendered":"Dylan Stark &#8211; Bernard H\u00e9ron"},"content":{"rendered":"\n<ul class=\"onglet\">\n    <li><b>Pierre Pelot<\/b><\/li>\n    <li><a href=\"..\/romans\/000_western.php#Dylan\" target=\"milieu\" rel=\"noopener noreferrer\">Cycle Dylan Stark<\/a> : 22 romans\n      publi\u00e9s<\/li>\n    <li><a href=\"..\/romans\/000_western.php\" target=\"milieu\" rel=\"noopener noreferrer\">Western<\/a><\/li>\n  <\/ul>\n<div class=\"clear\">&nbsp;<\/div>\n\n<p>Bernard H\u00c9RON est n\u00e9 \u00e0 Cholet (Maine-et-Loire) en 1953. Il habite et travaille \u00e0 Nantes depuis 1971. Il est illustrateur et\ntravaille pour de nombreuses maisons d&rsquo;\u00e9ditions (<i>Gallimard<\/i>, <i>Bayard-presse<\/i>&#8230;).<\/p>\n<p>Il a illustr\u00e9, entre autres, Henry de Monfreid (<b>Abdi,\nenfant sauvage<\/b>, Folio Junior Gallimard, 1979), Mark Twain (<b>Une\naventure de Tom Sawyer d\u00e9tective<\/b>, trad.\nde l&rsquo;anglais par Fran\u00e7ois de Gail, Folio Junior Gallimard, 1979), ou encore\nYvonne Escoula (<b>Six chevaux bleus<\/b>, Folio Junior Gallimard).<\/p>\n<h2>Dylan Stark<\/h2>\n<p>On lui doit le frontispice de <b>Sierra br\u00fblante<\/b> chez <i>Folio junior<\/i> <i>Gallimard<\/i> (1980).<\/p>\n<p align=\"center\"><a href=\"pelot_dylan\/029_Sierra_Heron.jpg\"><img loading=\"lazy\" border=\"0\" src=\"pelot_dylan\/029_Sierra_Heron.jpg\" alt=\"Sierra br\u00fblante\" width=\"200\" height=\"175\"><\/a><\/p>\n\n","protected":false},"excerpt":{"rendered":"<p>Pierre Pelot Cycle Dylan Stark : 22 romans publi\u00e9s Western &nbsp; Bernard H\u00c9RON est n\u00e9 \u00e0 Cholet (Maine-et-Loire) en 1953. Il habite et travaille \u00e0 Nantes depuis 1971. Il est illustrateur et travaille pour de nombreuses maisons d&rsquo;\u00e9ditions (Gallimard, Bayard-presse&#8230;). Il a illustr\u00e9, entre autres, Henry de Monfreid (Abdi, enfant sauvage, Folio Junior Gallimard, 1979), Mark Twain (Une aventure de Tom Sawyer d\u00e9tective, trad. de l&rsquo;anglais par Fran\u00e7ois de Gail, Folio Junior Gallimard, 1979), ou encore Yvonne Escoula (Six chevaux bleus, Folio Junior Gallimard). Dylan Stark On lui doit le frontispice de Sierra br\u00fblante chez Folio junior Gallimard (1980).<\/p>\n","protected":false},"author":3,"featured_media":0,"parent":0,"menu_order":0,"comment_status":"closed","ping_status":"closed","template":"","meta":[],"_links":{"self":[{"href":"https:\/\/bernard-visse.fr\/ev\/wp-json\/wp\/v2\/pages\/737"}],"collection":[{"href":"https:\/\/bernard-visse.fr\/ev\/wp-json\/wp\/v2\/pages"}],"about":[{"href":"https:\/\/bernard-visse.fr\/ev\/wp-json\/wp\/v2\/types\/page"}],"author":[{"embeddable":true,"href":"https:\/\/bernard-visse.fr\/ev\/wp-json\/wp\/v2\/users\/3"}],"replies":[{"embeddable":true,"href":"https:\/\/bernard-visse.fr\/ev\/wp-json\/wp\/v2\/comments?post=737"}],"version-history":[{"count":1,"href":"https:\/\/bernard-visse.fr\/ev\/wp-json\/wp\/v2\/pages\/737\/revisions"}],"predecessor-version":[{"id":738,"href":"https:\/\/bernard-visse.fr\/ev\/wp-json\/wp\/v2\/pages\/737\/revisions\/738"}],"wp:attachment":[{"href":"https:\/\/bernard-visse.fr\/ev\/wp-json\/wp\/v2\/media?parent=737"}],"curies":[{"name":"wp","href":"https:\/\/api.w.org\/{rel}","templated":true}]}}