{"id":732,"date":"2020-04-16T21:17:35","date_gmt":"2020-04-16T19:17:35","guid":{"rendered":"http:\/\/bernard-visse.fr\/ev\/?page_id=732"},"modified":"2020-04-20T20:59:22","modified_gmt":"2020-04-20T18:59:22","slug":"dylan-stark-jean-olivier-heron","status":"publish","type":"page","link":"https:\/\/bernard-visse.fr\/ev\/dylan-stark-jean-olivier-heron\/","title":{"rendered":"Dylan Stark &#8211; Jean-Olivier H\u00e9ron"},"content":{"rendered":"\n<ul class=\"onglet\">\n    <li><b>Pierre Pelot<\/b><\/li>\n    <li><a href=\"..\/romans\/000_western.php#Dylan\" target=\"milieu\" rel=\"noopener noreferrer\">Cycle Dylan Stark<\/a> : 22 romans\n      publi\u00e9s<\/li>\n    <li><a href=\"..\/romans\/000_western.php\" target=\"milieu\" rel=\"noopener noreferrer\">Western<\/a><\/li>\n  <\/ul>\n<div class=\"clear\">&nbsp;<\/div>\n\n<p><b><a href=\"http:\/\/www.jeanolivierheron.com\/heron.html\" target=\"milieu\" rel=\"noopener noreferrer\">Jean-Olivier H\u00e9ron<\/a><\/b> est n\u00e9 le 24 avril 1938 \u00e0 Cholet.<br>\nAuteur, illustrateur, peintre (acrylique, pastel), il fonde en 1971 avec Pierre Marchand la revue <em>Voiles et Voiliers<\/em>, puis en 1972, toujours aux c\u00f4t\u00e9s de Pierre Marchand, il cr\u00e9e <i>Gallimard Jeunesse<\/i>.<br>\nOn leur doit entre autres <em>Folio Junior<\/em>, <em>Folio cadet<\/em>, la collection <em>1000 soleils<\/em>, <em>enfantimages<\/em>, <em>Gallimard d\u00e9couvertes<\/em>. Il dessine les couvertures ou les illustrations de tr\u00e8s nombreux titres de ces collections.<br>\nIl illustre \u00e9galement des ouvrages pour <em>Actes sud junior<\/em>, \u00e9crit des essais, des livres pour la jeunesse et des romans (<b>La maison br\u00fble<\/b>, paru chez Robert Laffont).<br>\nIl vit un moment sur l&rsquo;\u00eele d&rsquo;Yeu, o\u00f9 il \u00e9crit, illustre et \u00e9dite des textes pour les enfants par le biais de sa maison d&rsquo;\u00e9dition <i>Gulf Stream<\/i>.<br>\nIl y est d\u00e9c\u00e9d\u00e9 le 24 janvier 2017.<\/p>\n\n\n<h2>Dylan Stark<\/h2>\n<table border=\"0\" cellpadding=\"2\" width=\"100%\">\n  <tr>\n    <td width=\"20%\">\n      <p align=\"center\"><a href=\"..\/images\/couvW\/029_Sierra1.jpg\"><img loading=\"lazy\" border=\"0\" src=\"..\/images\/couvW\/029_Sierra1.jpg\" alt=\"Sierra br\u00fblante, 1\" width=\"100\" height=\"150\"><\/a><\/p>\n    <\/td>\n    <td width=\"80%\"><font size=\"-1\">Pour <i>Dylan Stark<\/i>, il n&rsquo;a r\u00e9alis\u00e9\n      qu&rsquo;une seule couverture : celle de la premi\u00e8re \u00e9dition de <b>Sierra br\u00fblante<\/b>,\n      dans la collection <i>Plein vent<\/i> de chez <i>Laffont<\/i> en 1971.<\/font><\/td>\n  <\/tr>\n<\/table>\n    <\/td>\n  <\/tr>\n<\/table>\n","protected":false},"excerpt":{"rendered":"<p>Pierre Pelot Cycle Dylan Stark : 22 romans publi\u00e9s Western &nbsp; Jean-Olivier H\u00e9ron est n\u00e9 le 24 avril 1938 \u00e0 Cholet. Auteur, illustrateur, peintre (acrylique, pastel), il fonde en 1971 avec Pierre Marchand la revue Voiles et Voiliers, puis en 1972, toujours aux c\u00f4t\u00e9s de Pierre Marchand, il cr\u00e9e Gallimard Jeunesse. On leur doit entre autres Folio Junior, Folio cadet, la collection 1000 soleils, enfantimages, Gallimard d\u00e9couvertes. Il dessine les couvertures ou les illustrations de tr\u00e8s nombreux titres de ces collections. Il illustre \u00e9galement des ouvrages pour Actes sud junior, \u00e9crit des essais, des livres pour la jeunesse et des romans (La maison br\u00fble, paru chez Robert Laffont). Il vit un moment sur l&rsquo;\u00eele d&rsquo;Yeu, o\u00f9 il \u00e9crit, illustre et \u00e9dite des textes pour les enfants par le biais de sa maison d&rsquo;\u00e9dition Gulf Stream. Il y est d\u00e9c\u00e9d\u00e9 le 24 janvier 2017. Dylan Stark Pour Dylan Stark, il n&rsquo;a r\u00e9alis\u00e9 qu&rsquo;une seule couverture : celle de la premi\u00e8re \u00e9dition de Sierra br\u00fblante, dans la collection Plein vent de chez Laffont en 1971.<\/p>\n","protected":false},"author":3,"featured_media":0,"parent":0,"menu_order":0,"comment_status":"closed","ping_status":"closed","template":"","meta":[],"_links":{"self":[{"href":"https:\/\/bernard-visse.fr\/ev\/wp-json\/wp\/v2\/pages\/732"}],"collection":[{"href":"https:\/\/bernard-visse.fr\/ev\/wp-json\/wp\/v2\/pages"}],"about":[{"href":"https:\/\/bernard-visse.fr\/ev\/wp-json\/wp\/v2\/types\/page"}],"author":[{"embeddable":true,"href":"https:\/\/bernard-visse.fr\/ev\/wp-json\/wp\/v2\/users\/3"}],"replies":[{"embeddable":true,"href":"https:\/\/bernard-visse.fr\/ev\/wp-json\/wp\/v2\/comments?post=732"}],"version-history":[{"count":4,"href":"https:\/\/bernard-visse.fr\/ev\/wp-json\/wp\/v2\/pages\/732\/revisions"}],"predecessor-version":[{"id":736,"href":"https:\/\/bernard-visse.fr\/ev\/wp-json\/wp\/v2\/pages\/732\/revisions\/736"}],"wp:attachment":[{"href":"https:\/\/bernard-visse.fr\/ev\/wp-json\/wp\/v2\/media?parent=732"}],"curies":[{"name":"wp","href":"https:\/\/api.w.org\/{rel}","templated":true}]}}