{"id":730,"date":"2020-04-16T20:51:20","date_gmt":"2020-04-16T18:51:20","guid":{"rendered":"http:\/\/bernard-visse.fr\/ev\/?page_id=730"},"modified":"2020-04-20T20:59:04","modified_gmt":"2020-04-20T18:59:04","slug":"dylan-starck-hermann","status":"publish","type":"page","link":"https:\/\/bernard-visse.fr\/ev\/dylan-starck-hermann\/","title":{"rendered":"Dylan Stark &#8211; Hermann"},"content":{"rendered":"\n<ul class=\"onglet\">\n    <li><b>Pierre Pelot<\/b><\/li>\n    <li><a href=\"..\/romans\/000_western.php#Dylan\" target=\"milieu\" rel=\"noopener noreferrer\">Cycle Dylan Stark<\/a> : 22 romans\n      publi\u00e9s<\/li>\n    <li><a href=\"..\/romans\/000_western.php\" target=\"milieu\" rel=\"noopener noreferrer\">Western<\/a><\/li>\n  <\/ul>\n<div class=\"clear\">&nbsp;<\/div>\n\n<p><font size=\"2\" face=\"Arial\"><a href=\"http:\/\/www.hermannhuppen.com\/\" target=\"milieu\" rel=\"noopener noreferrer\">Hermann\nHuppen<\/a>, dit Hermann, dessinateur, sc\u00e9nariste, est n\u00e9 le 17 juillet 1938\ndans les Ardennes belges. Une premi\u00e8re vocation d&rsquo;\u00e9b\u00e9niste vite abandonn\u00e9e,\nil s&rsquo;inscrit aux<\/font><\/p>\n<p><font size=\"2\" face=\"Arial\">Remarqu\u00e9 par Greg, il est engag\u00e9 comme\nstagiaire dans son studio, avant de r\u00e9aliser sur un sc\u00e9nario du ma\u00eetre, \u00e0\npartir de 1966, la s\u00e9rie <b>Bernard Prince<\/b>. Suivent les deux premiers\nalbums de <b>Jugurtha<\/b> et la s\u00e9rie <b>Comanche<\/b> \u00e0 partir de 1969.<br>\n<br>\nEn 1977, Hermann publie sa premi\u00e8re s\u00e9rie en tant que sc\u00e9nariste-dessinateur\n: <b>J\u00e9r\u00e9miah<\/b> et abandonne <b>Bernard Prince<\/b>, repris par Dany. Pour\nSpirou, de 1980 \u00e0 1983, il illustre <b>Nic<\/b>, sur un sc\u00e9nario de Morph\u00e9e\n(alias Vandooren).<br>\n<br>\n<b>Les Tours de Bois-Maury<\/b> (1984), <b>Sarajevo-Tango<\/b>&nbsp;(1995), <b>Caatinga<\/b>\n(1997), <b>On a tu\u00e9 Wild Bill<\/b> (1999), <b>Lune de guerre<\/b> (avec Van\nHamme, 2000) imposent une oeuvre exigeante, dans la veine r\u00e9aliste, qui se\npermet de nombreuses incursions dans l&rsquo;analyse politique et sociale. &nbsp;<br>\n<br>\n<\/font><\/p>\n<h2>Dylan Stark<\/h2>\n<p><font size=\"2\" face=\"Arial\">Plusieurs dessins d&rsquo;Hermann illustrent la quatri\u00e8me\nde couverture de <b>La Longue chasse<\/b>, <b>La Tourmente<\/b>, <b>Les Croix de\nfeu<\/b>, <b>La Nuit du diable<\/b>, quatre romans de Pierre Pelot parus aux \u00e9ditions\n<i>Marabout<\/i> en 1966-67, avant la parution en feuilleton de <b><a href=\"..\/016_stark10Deux.php\" target=\"milieu\" rel=\"noopener noreferrer\">Deux\nhommes sont venus<\/a><\/b> dans le magazine <i>Tintin<\/i> du 29 f\u00e9vrier au 23\nmai 1968.<\/font><\/p>\n<p><font size=\"2\" face=\"Arial\">Pour le m\u00eame support, il illustre <b><a href=\"..\/025_stark18Lhommedes.php\" target=\"milieu\" rel=\"noopener noreferrer\">L&rsquo;Homme\ndes monts d\u00e9chir\u00e9s<\/a><\/b>, paru en treize livraisons entre le 23 octobre 1969\net le 15 janvier 1970, puis <b><a href=\"..\/028_stark19LErreur.php\" target=\"milieu\" rel=\"noopener noreferrer\">L&rsquo;Erreur<\/a><\/b>,\ndont les sept \u00e9pisodes sont publi\u00e9s du 22 avril au 3 juin 1971.<\/font><\/p>\n<p><font size=\"2\" face=\"Arial\">A l&rsquo;occasion du lancement de chacune de ces trois\naventures de Dylan Stark, Hermann illustre la couverture de <i>Tintin<\/i>.<\/font><\/p>\n\n[su_custom_gallery source=\u00a0\u00bbmedia: 016_deuxhommes_Tintin.jpg, dylan_Hermann_Huppen.jpg, Homme_des_monts_dechires_tintin_Hermann.jpg, Erreur_Tintin_Hermann.jpg\u00a0\u00bb limit=\u00a0\u00bb20&Prime; link=\u00a0\u00bbimage\u00a0\u00bb target=\u00a0\u00bbself\u00a0\u00bb width=\u00a0\u00bb90&Prime; height=\u00a0\u00bb90&Prime; title=\u00a0\u00bbhover\u00a0\u00bb class=\u00a0\u00bb\u00a0\u00bb]\n\n\n<table border=\"0\" cellpadding=\"2\" width=\"100%\">\n  <tr>\n    <td width=\"25%\">\n      <p align=\"center\">\n\t\t<a href=\"..\/images\/couvW\/016_deuxhommes_Tintin.jpg\"><img loading=\"lazy\" border=\"0\" src=\"..\/images\/couvW\/016_deuxhommes_Tintin.jpg\" alt=\"Deux hommes sont venus 1\" width=\"100\" height=\"140\"><\/a><\/td>\n    <td width=\"25%\">\n      <p align=\"center\"><font size=\"2\"><a href=\"pelot_dylan\/dylan_Hermann_Huppen.jpg\"><img loading=\"lazy\" border=\"0\" src=\"pelot_dylan\/dylan_Hermann_Huppen.jpg\" alt=\"Dylan, par Hermann Huppen\" width=\"140\" height=\"140\"><\/a><\/font><\/td>\n    <td width=\"25%\">\n      <p align=\"center\">\n\t\t<a href=\"pelot_dylan\/Homme_des_monts_dechires_tintin_Hermann.jpg\"><img loading=\"lazy\" border=\"0\" src=\"pelot_dylan\/Homme_des_monts_dechires_tintin_Hermann.jpg\" alt=\"L'Homme des monts d\u00e9chir\u00e9s\" width=\"100\" height=\"140\"><\/a><\/td>\n    <td width=\"25%\">\n      <p align=\"center\"><a href=\"pelot_dylan\/Erreur_Tintin_Hermann.jpg\"><img loading=\"lazy\" border=\"0\" src=\"pelot_dylan\/Erreur_Tintin_Hermann.jpg\" alt=\"L'Erreur\" width=\"100\" height=\"140\"><\/a><\/td>\n  <\/tr>\n  <tr>\n    <td width=\"25%\" align=\"center\"><font size=\"1\">Deux hommes sont venus.<\/font><\/td>\n    <td width=\"25%\" align=\"center\"><font size=\"1\">Deux hommes sont venus, sur <a href=\"http:\/\/www.hermannhuppen.com\" target=\"milieu\" rel=\"noopener noreferrer\">le\n      site d&rsquo;Hermann<\/a>.<\/font><\/td>\n    <td width=\"25%\" align=\"center\"><font size=\"1\">L&rsquo;Homme des monts d\u00e9chir\u00e9s.<\/font><\/td>\n    <td width=\"25%\" align=\"center\"><font size=\"1\">L&rsquo;Erreur.<\/font><\/td>\n  <\/tr>\n<\/table>\n","protected":false},"excerpt":{"rendered":"<p>Pierre Pelot Cycle Dylan Stark : 22 romans publi\u00e9s Western &nbsp; Hermann Huppen, dit Hermann, dessinateur, sc\u00e9nariste, est n\u00e9 le 17 juillet 1938 dans les Ardennes belges. Une premi\u00e8re vocation d&rsquo;\u00e9b\u00e9niste vite abandonn\u00e9e, il s&rsquo;inscrit aux Remarqu\u00e9 par Greg, il est engag\u00e9 comme stagiaire dans son studio, avant de r\u00e9aliser sur un sc\u00e9nario du ma\u00eetre, \u00e0 partir de 1966, la s\u00e9rie Bernard Prince. Suivent les deux premiers albums de Jugurtha et la s\u00e9rie Comanche \u00e0 partir de 1969. En 1977, Hermann publie sa premi\u00e8re s\u00e9rie en tant que sc\u00e9nariste-dessinateur : J\u00e9r\u00e9miah et abandonne Bernard Prince, repris par Dany. Pour Spirou, de 1980 \u00e0 1983, il illustre Nic, sur un sc\u00e9nario de Morph\u00e9e (alias Vandooren). Les Tours de Bois-Maury (1984), Sarajevo-Tango&nbsp;(1995), Caatinga (1997), On a tu\u00e9 Wild Bill (1999), Lune de guerre (avec Van Hamme, 2000) imposent une oeuvre exigeante, dans la veine r\u00e9aliste, qui se permet de nombreuses incursions dans l&rsquo;analyse politique et sociale. &nbsp; Dylan Stark Plusieurs dessins d&rsquo;Hermann illustrent la quatri\u00e8me de couverture de La Longue chasse, La Tourmente, Les Croix de feu, La Nuit du diable, quatre romans de Pierre Pelot parus aux \u00e9ditions Marabout en 1966-67, avant la parution en feuilleton de Deux hommes sont venus dans le magazine Tintin du 29 f\u00e9vrier au 23 mai 1968. Pour le m\u00eame support, il illustre L&rsquo;Homme des monts d\u00e9chir\u00e9s, paru en treize livraisons entre le 23 octobre 1969 et le 15 janvier 1970, puis L&rsquo;Erreur, dont les sept \u00e9pisodes sont publi\u00e9s du 22 avril au 3 juin 1971. A l&rsquo;occasion du lancement de chacune de ces trois aventures de Dylan Stark, Hermann illustre la couverture de Tintin. [su_custom_gallery source=\u00a0\u00bbmedia: 016_deuxhommes_Tintin.jpg, dylan_Hermann_Huppen.jpg, Homme_des_monts_dechires_tintin_Hermann.jpg, Erreur_Tintin_Hermann.jpg\u00a0\u00bb limit=\u00a0\u00bb20&Prime; link=\u00a0\u00bbimage\u00a0\u00bb target=\u00a0\u00bbself\u00a0\u00bb width=\u00a0\u00bb90&Prime; height=\u00a0\u00bb90&Prime; title=\u00a0\u00bbhover\u00a0\u00bb class=\u00a0\u00bb\u00a0\u00bb] Deux hommes sont venus. Deux hommes sont venus, sur le site d&rsquo;Hermann. L&rsquo;Homme des monts d\u00e9chir\u00e9s. L&rsquo;Erreur.<\/p>\n","protected":false},"author":3,"featured_media":0,"parent":0,"menu_order":0,"comment_status":"closed","ping_status":"closed","template":"","meta":[],"_links":{"self":[{"href":"https:\/\/bernard-visse.fr\/ev\/wp-json\/wp\/v2\/pages\/730"}],"collection":[{"href":"https:\/\/bernard-visse.fr\/ev\/wp-json\/wp\/v2\/pages"}],"about":[{"href":"https:\/\/bernard-visse.fr\/ev\/wp-json\/wp\/v2\/types\/page"}],"author":[{"embeddable":true,"href":"https:\/\/bernard-visse.fr\/ev\/wp-json\/wp\/v2\/users\/3"}],"replies":[{"embeddable":true,"href":"https:\/\/bernard-visse.fr\/ev\/wp-json\/wp\/v2\/comments?post=730"}],"version-history":[{"count":2,"href":"https:\/\/bernard-visse.fr\/ev\/wp-json\/wp\/v2\/pages\/730\/revisions"}],"predecessor-version":[{"id":755,"href":"https:\/\/bernard-visse.fr\/ev\/wp-json\/wp\/v2\/pages\/730\/revisions\/755"}],"wp:attachment":[{"href":"https:\/\/bernard-visse.fr\/ev\/wp-json\/wp\/v2\/media?parent=730"}],"curies":[{"name":"wp","href":"https:\/\/api.w.org\/{rel}","templated":true}]}}