{"id":727,"date":"2020-04-16T19:28:25","date_gmt":"2020-04-16T17:28:25","guid":{"rendered":"http:\/\/bernard-visse.fr\/ev\/?page_id=727"},"modified":"2020-04-20T20:59:35","modified_gmt":"2020-04-20T18:59:35","slug":"dylan-stark-michel-gay","status":"publish","type":"page","link":"https:\/\/bernard-visse.fr\/ev\/dylan-stark-michel-gay\/","title":{"rendered":"Dylan Stark &#8211; Michel Gay"},"content":{"rendered":"\n  <ul class=\"onglet\">\n    <li><b>Pierre Pelot<\/b><\/li>\n    <li><a href=\"..\/romans\/000_western.php#Dylan\" target=\"milieu\" rel=\"noopener noreferrer\">Cycle Dylan Stark<\/a> : 22 romans\n      publi\u00e9s<\/li>\n    <li><a href=\"..\/romans\/000_western.php\" target=\"milieu\" rel=\"noopener noreferrer\">Western<\/a><\/li>\n  <\/ul>\n\n<div class=\"clear\">&nbsp;<\/div>\n<!--=============================================================================-->\n<p><font size=\"2\"><b>Michel Gay<\/b> est n\u00e9 \u00e0 Lyon, le 1er septembre 1947, dans une famille de\nmusiciens. Il dessine depuis toujours !<\/font><\/p>\n<p><font size=\"2\">Auteur-illustrateur d&rsquo;un grand nombre d&rsquo;albums, parus pour la\nplupart \u00e0 l&rsquo;<i>\u00c9cole des Loisirs<\/i> o\u00f9 il est entr\u00e9 en 1975, il habite le\nLub\u00e9ron.<\/font><\/p>\n<h2>Dylan Stark<\/h2>\n<p><font size=\"2\">Ses vingt illustrations pour <b><a href=\"..\/039_stark02Vent.php\" target=\"milieu\" rel=\"noopener noreferrer\">Le\nVent de la col\u00e8re<\/a><\/b><i> <\/i>de Pierre Pelot (Rageot, 1973) constituent\nl&rsquo;une de ses premi\u00e8res prestations professionnelles.<\/font><\/p>\n<p><font size=\"2\">Trait d\u00e9pouill\u00e9 et angles de vue recherch\u00e9s sont les deux\ncaract\u00e9ristiques principales de ce travail o\u00f9 le souci de v\u00e9racit\u00e9\nhistorique se manifeste moins que chez Michel Blanc-Dumont par exemple..<\/font><\/p>\n<table border=\"0\" cellpadding=\"2\" width=\"100%\">\n  <tr>\n    <td width=\"25%\">\n      <p align=\"center\"><a href=\"pelot_dylan\/Vent_de_la_colere_Gay.jpg\"><img loading=\"lazy\" border=\"0\" src=\"pelot_dylan\/Vent_de_la_colere_Gay.jpg\" alt=\"Le Vent de la colere\" width=\"100\" height=\"150\"><\/a><\/td>\n    <td width=\"25%\">\n      <p align=\"center\"><a href=\"pelot_dylan\/Vent_de_la_colere_Gay1.jpg\"><img loading=\"lazy\" border=\"0\" src=\"pelot_dylan\/Vent_de_la_colere_Gay1.jpg\" alt=\"Le Vent de la col\u00e8re\" width=\"100\" height=\"150\"><\/a><\/td>\n    <td width=\"25%\">\n      <p align=\"center\"><a href=\"pelot_dylan\/Vent_de_la_colere_Gay2.jpg\"><img loading=\"lazy\" border=\"0\" src=\"pelot_dylan\/Vent_de_la_colere_Gay2.jpg\" alt=\"Le Vent de la col\u00e8re\" width=\"100\" height=\"150\"><\/a><\/td>\n    <td width=\"25%\">\n      <p align=\"center\"><a href=\"pelot_dylan\/Vent_de_la_colere_Gay3.jpg\"><img loading=\"lazy\" border=\"0\" src=\"pelot_dylan\/Vent_de_la_colere_Gay3.jpg\" alt=\"Le Vent de la col\u00e8re\" width=\"100\" height=\"150\"><\/a><\/td>\n  <\/tr>\n<\/table>\n","protected":false},"excerpt":{"rendered":"<p>Pierre Pelot Cycle Dylan Stark : 22 romans publi\u00e9s Western &nbsp; Michel Gay est n\u00e9 \u00e0 Lyon, le 1er septembre 1947, dans une famille de musiciens. Il dessine depuis toujours ! Auteur-illustrateur d&rsquo;un grand nombre d&rsquo;albums, parus pour la plupart \u00e0 l&rsquo;\u00c9cole des Loisirs o\u00f9 il est entr\u00e9 en 1975, il habite le Lub\u00e9ron. Dylan Stark Ses vingt illustrations pour Le Vent de la col\u00e8re de Pierre Pelot (Rageot, 1973) constituent l&rsquo;une de ses premi\u00e8res prestations professionnelles. Trait d\u00e9pouill\u00e9 et angles de vue recherch\u00e9s sont les deux caract\u00e9ristiques principales de ce travail o\u00f9 le souci de v\u00e9racit\u00e9 historique se manifeste moins que chez Michel Blanc-Dumont par exemple..<\/p>\n","protected":false},"author":3,"featured_media":0,"parent":0,"menu_order":0,"comment_status":"closed","ping_status":"closed","template":"","meta":[],"_links":{"self":[{"href":"https:\/\/bernard-visse.fr\/ev\/wp-json\/wp\/v2\/pages\/727"}],"collection":[{"href":"https:\/\/bernard-visse.fr\/ev\/wp-json\/wp\/v2\/pages"}],"about":[{"href":"https:\/\/bernard-visse.fr\/ev\/wp-json\/wp\/v2\/types\/page"}],"author":[{"embeddable":true,"href":"https:\/\/bernard-visse.fr\/ev\/wp-json\/wp\/v2\/users\/3"}],"replies":[{"embeddable":true,"href":"https:\/\/bernard-visse.fr\/ev\/wp-json\/wp\/v2\/comments?post=727"}],"version-history":[{"count":2,"href":"https:\/\/bernard-visse.fr\/ev\/wp-json\/wp\/v2\/pages\/727\/revisions"}],"predecessor-version":[{"id":729,"href":"https:\/\/bernard-visse.fr\/ev\/wp-json\/wp\/v2\/pages\/727\/revisions\/729"}],"wp:attachment":[{"href":"https:\/\/bernard-visse.fr\/ev\/wp-json\/wp\/v2\/media?parent=727"}],"curies":[{"name":"wp","href":"https:\/\/api.w.org\/{rel}","templated":true}]}}