{"id":725,"date":"2020-04-16T19:24:34","date_gmt":"2020-04-16T17:24:34","guid":{"rendered":"http:\/\/bernard-visse.fr\/ev\/?page_id=725"},"modified":"2020-04-20T21:00:01","modified_gmt":"2020-04-20T19:00:01","slug":"dylan-stark-philipp-collier","status":"publish","type":"page","link":"https:\/\/bernard-visse.fr\/ev\/dylan-stark-philipp-collier\/","title":{"rendered":"Dylan Stark &#8211; Philip Collier"},"content":{"rendered":"\t\t<div data-elementor-type=\"wp-page\" data-elementor-id=\"725\" class=\"elementor elementor-725\" data-elementor-settings=\"[]\">\n\t\t\t\t\t\t<div class=\"elementor-inner\">\n\t\t\t\t\t\t\t<div class=\"elementor-section-wrap\">\n\t\t\t\t\t\t\t<section class=\"elementor-section elementor-top-section elementor-element elementor-element-671caeba elementor-section-boxed elementor-section-height-default elementor-section-height-default\" data-id=\"671caeba\" data-element_type=\"section\">\n\t\t\t\t\t\t<div class=\"elementor-container elementor-column-gap-default\">\n\t\t\t\t\t\t\t<div class=\"elementor-row\">\n\t\t\t\t\t<div class=\"elementor-column elementor-col-100 elementor-top-column elementor-element elementor-element-558da36d\" data-id=\"558da36d\" data-element_type=\"column\">\n\t\t\t<div class=\"elementor-column-wrap elementor-element-populated\">\n\t\t\t\t\t\t\t<div class=\"elementor-widget-wrap\">\n\t\t\t\t\t\t<div class=\"elementor-element elementor-element-37b05cc0 elementor-widget elementor-widget-text-editor\" data-id=\"37b05cc0\" data-element_type=\"widget\" data-widget_type=\"text-editor.default\">\n\t\t\t\t<div class=\"elementor-widget-container\">\n\t\t\t\t\t\t\t\t<div class=\"elementor-text-editor elementor-clearfix\">\n\t\t\t\t\t<!-- wp:html -->\n<ul class=\"onglet\">\n<li><b>Pierre Pelot<\/b><\/li>\n<li><a href=\"..\/romans\/000_western.php#Dylan\" target=\"milieu\" rel=\"noopener noreferrer\">Cycle Dylan Stark<\/a> : 22 romans publi\u00e9s<\/li>\n<li><a href=\"..\/romans\/000_western.php\" target=\"milieu\" rel=\"noopener noreferrer\">Western<\/a><\/li>\n<\/ul>\n<p>Peintre surr\u00e9aliste et illustrateur hyper-r\u00e9aliste, <a href=\"https:\/\/fr.wikipedia.org\/wiki\/Philip_Collier\" target=\"_blank\" rel=\"noopener\">Philip Collier<\/a> est originaire de Saint-Quentin o\u00f9 il est n\u00e9 en 1950. Apr\u00e8s avoir v\u00e9cu en Charente-Maritime de 2002 \u00e0 2014, il est revenu s&rsquo;installer \u00e0 Lille.<\/p>\n<p>Il commence sa carri\u00e8re dans le monde de la publicit\u00e9, o\u00f9 il s&rsquo;impose avec rapidit\u00e9 et brio. Il travaille \u00e9galement pour l&rsquo;\u00e9dition (pour <i>J&rsquo;ai Lu<\/i> par exemple, il compose la couverture de <b>Zone \u00e9rog\u00e8ne<\/b> de Philippe Djian en 1986)&#8230;<\/p>\n<p align=\"center\"><a href=\"pelot_dylan\/collier_elephant.jpg\" target=\"milieu\" rel=\"noopener noreferrer\"><img loading=\"lazy\" src=\"pelot_dylan\/collier_elephant.jpg\" alt=\"\" width=\"200\" height=\"298\" border=\"0\" \/><\/a><\/p>\n<p>Pris de passion pour la reproduction de monuments, sa carri\u00e8re prend un tout autre tournant le jour o\u00f9 la soci\u00e9t\u00e9 <i>Cofiroute<\/i> le consulte en qualit\u00e9 de concepteur d&rsquo;animation autorouti\u00e8re.<\/p>\n<p>Ainsi, depuis 1984, il est devenu <em>l&rsquo;illustrateur<\/em> des panneaux de signal\u00e9tique touristique (il r\u00e9alise plusieurs centaines de panneaux pour les autoroutes A10, A11, A71 et A85) et le collaborateur de divers organismes et administrations, tels que les DDE de France, les Conseils D\u00e9partementaux, etc&#8230;<\/p>\n<p>[su_table responsive=\u00a0\u00bbno\u00a0\u00bb alternate=\u00a0\u00bbyes\u00a0\u00bb fixed=\u00a0\u00bbno\u00a0\u00bb class=\u00a0\u00bb\u00a0\u00bb]<\/p>\n<table>\n<tbody>\n<tr>\n<td><a href=\"pelot_dylan\/collier_blois.jpg\" target=\"milieu\" rel=\"noopener noreferrer\"><img loading=\"lazy\" src=\"pelot_dylan\/collier_blois.jpg\" alt=\"Blois\" width=\"100\" height=\"80\" border=\"0\" \/><\/a><\/td>\n<td><a href=\"pelot_dylan\/collier_mont-st-michel.jpg\" target=\"milieu\" rel=\"noopener noreferrer\"><img loading=\"lazy\" src=\"pelot_dylan\/collier_mont-st-michel.jpg\" alt=\"Mont Saint-Michel\" width=\"100\" height=\"80\" border=\"0\" \/><\/a><\/td>\n<\/tr>\n<tr>\n<td><a href=\"pelot_dylan\/collier_talcy.jpg\" target=\"milieu\" rel=\"noopener noreferrer\"><img loading=\"lazy\" src=\"pelot_dylan\/collier_talcy.jpg\" alt=\"Talcy\" width=\"100\" height=\"80\" border=\"0\" \/><\/a><\/td>\n<td><a href=\"pelot_dylan\/collier_rance.jpg\" target=\"milieu\" rel=\"noopener noreferrer\"><img loading=\"lazy\" src=\"pelot_dylan\/collier_rance.jpg\" alt=\"La Rance\" width=\"100\" height=\"80\" border=\"0\" \/><\/a><\/td>\n<\/tr>\n<\/tbody>\n<\/table>\n<p>[\/su_table]<\/p>\n<p>Philip Collier est certainement l&rsquo;un des artistes fran\u00e7ais dont les oeuvres expos\u00e9es sont les plus regard\u00e9es sans que l&rsquo;on puisse lire la signature de leur auteur !<\/p>\n<p>\u00a0<\/p>\n<h2>Dylan Stark<\/h2>\n<p>Philip Collier est l&rsquo;auteur de la couverture de <b><a href=\"..\/romans\/029_stark20Sierra.php\" target=\"_blank\" rel=\"noopener noreferrer\">Sierra br\u00fblante<\/a><\/b> (chez <em>Folio junior<\/em>, 1980).<\/p>\n<p align=\"center\"><a href=\"..\/images\/couvW\/029_Sierra3.jpg\"><img loading=\"lazy\" src=\"..\/images\/couvW\/029_Sierra3.jpg\" alt=\"Sierra brulante, 3\" width=\"100\" height=\"150\" border=\"0\" \/><\/a><\/p>\n<!-- \/wp:html -->\t\t\t\t\t<\/div>\n\t\t\t\t\t\t<\/div>\n\t\t\t\t<\/div>\n\t\t\t\t\t\t<\/div>\n\t\t\t\t\t<\/div>\n\t\t<\/div>\n\t\t\t\t\t\t\t\t<\/div>\n\t\t\t\t\t<\/div>\n\t\t<\/section>\n\t\t\t\t\t\t<\/div>\n\t\t\t\t\t\t<\/div>\n\t\t\t\t\t<\/div>\n\t\t","protected":false},"excerpt":{"rendered":"<p>Pierre Pelot Cycle Dylan Stark : 22 romans publi\u00e9s Western Peintre surr\u00e9aliste et illustrateur hyper-r\u00e9aliste, Philip Collier est originaire de Saint-Quentin o\u00f9 il est n\u00e9 en 1950. Apr\u00e8s avoir v\u00e9cu en Charente-Maritime de 2002 \u00e0 2014, il est revenu s&rsquo;installer \u00e0 Lille. Il commence sa carri\u00e8re dans le monde de la publicit\u00e9, o\u00f9 il s&rsquo;impose avec rapidit\u00e9 et brio. Il travaille \u00e9galement pour l&rsquo;\u00e9dition (pour J&rsquo;ai Lu par exemple, il compose la couverture de Zone \u00e9rog\u00e8ne de Philippe Djian en 1986)&#8230; Pris de passion pour la reproduction de monuments, sa carri\u00e8re prend un tout autre tournant le jour o\u00f9 la soci\u00e9t\u00e9 Cofiroute le consulte en qualit\u00e9 de concepteur d&rsquo;animation autorouti\u00e8re. Ainsi, depuis 1984, il est devenu l&rsquo;illustrateur des panneaux de signal\u00e9tique touristique (il r\u00e9alise plusieurs centaines de panneaux pour les autoroutes A10, A11, A71 et A85) et le collaborateur de divers organismes et administrations, tels que les DDE de France, les Conseils D\u00e9partementaux, etc&#8230; [su_table responsive=\u00a0\u00bbno\u00a0\u00bb alternate=\u00a0\u00bbyes\u00a0\u00bb fixed=\u00a0\u00bbno\u00a0\u00bb] [\/su_table] Philip Collier est certainement l&rsquo;un des artistes fran\u00e7ais dont les oeuvres expos\u00e9es sont les plus regard\u00e9es sans que l&rsquo;on puisse lire la signature de leur auteur ! \u00a0 Dylan Stark Philip Collier est l&rsquo;auteur de la couverture de Sierra br\u00fblante (chez Folio junior, 1980).<\/p>\n","protected":false},"author":3,"featured_media":0,"parent":0,"menu_order":0,"comment_status":"closed","ping_status":"closed","template":"","meta":[],"_links":{"self":[{"href":"https:\/\/bernard-visse.fr\/ev\/wp-json\/wp\/v2\/pages\/725"}],"collection":[{"href":"https:\/\/bernard-visse.fr\/ev\/wp-json\/wp\/v2\/pages"}],"about":[{"href":"https:\/\/bernard-visse.fr\/ev\/wp-json\/wp\/v2\/types\/page"}],"author":[{"embeddable":true,"href":"https:\/\/bernard-visse.fr\/ev\/wp-json\/wp\/v2\/users\/3"}],"replies":[{"embeddable":true,"href":"https:\/\/bernard-visse.fr\/ev\/wp-json\/wp\/v2\/comments?post=725"}],"version-history":[{"count":6,"href":"https:\/\/bernard-visse.fr\/ev\/wp-json\/wp\/v2\/pages\/725\/revisions"}],"predecessor-version":[{"id":777,"href":"https:\/\/bernard-visse.fr\/ev\/wp-json\/wp\/v2\/pages\/725\/revisions\/777"}],"wp:attachment":[{"href":"https:\/\/bernard-visse.fr\/ev\/wp-json\/wp\/v2\/media?parent=725"}],"curies":[{"name":"wp","href":"https:\/\/api.w.org\/{rel}","templated":true}]}}