{"id":723,"date":"2020-04-16T19:21:34","date_gmt":"2020-04-16T17:21:34","guid":{"rendered":"http:\/\/bernard-visse.fr\/ev\/?page_id=723"},"modified":"2020-04-20T20:59:42","modified_gmt":"2020-04-20T18:59:42","slug":"dylan-stark-michel-blanc-dumont","status":"publish","type":"page","link":"https:\/\/bernard-visse.fr\/ev\/dylan-stark-michel-blanc-dumont\/","title":{"rendered":"Dylan Stark &#8211; Michel Blanc-Dumont"},"content":{"rendered":"\n  <ul class=\"onglet\">\n    <li><b>Pierre Pelot<\/b><\/li>\n    <li><a href=\"..\/romans\/000_western.php#Dylan\" target=\"milieu\" rel=\"noopener noreferrer\">Cycle Dylan Stark<\/a> : 22 romans\n      publi\u00e9s<\/li>\n    <li><a href=\"..\/romans\/000_western.php\" target=\"milieu\" rel=\"noopener noreferrer\">Western<\/a><\/li>\n  <\/ul>\n<div class=\"clear\">&nbsp;<\/div>\n<!--=============================================================================-->\n<p><font size=\"2\">Le dessinateur Michel Blanc-Dumont est n\u00e9 \u00e0\nSaint-Amand-Montrond en 1948.<\/font><\/p>\n<p><font size=\"2\">Passionn\u00e9 par l&rsquo;Ouest am\u00e9ricain, l&rsquo;\u00e9quitation, il propose\nd&rsquo;abord quelques BD de western \u00e0 <i>Ph\u00e9nix<\/i> (1973) et \u00e0 <i>Jeunes Ann\u00e9es<\/i>.\nA partir de 1974, il publie <b>Jonathan Cartland<\/b> (sur un sc\u00e9nario de\nLaurence Harl\u00e9) dans <i>Lucky Luke Magazine<\/i>, puis dans <i>Pilote <\/i>(1983),\n<i>Charlie Mensuel<\/i>.<\/font><\/p>\n<p><font size=\"2\">Il publie de nombreuses illustrations dans <i>Round Up\nMagazine<\/i> (1975-79), <i>Double action<\/i> (1979-80), <i>Jeunes Ann\u00e9es\nMagazine<\/i>, <i>Futur Magazine<\/i>, <i>Cheval Magazine<\/i>, etc&#8230;, travaille\npour la publicit\u00e9 (<i>Peugeot 205<\/i>, <i>La Villageoise<\/i>, etc&#8230;)&#8230;<\/font><\/p>\n<h2>Dylan Stark<\/h2>\n<p><font size=\"2\">Pour <b>Dylan Stark<\/b>, il est l&rsquo;illustrateur de la s\u00e9rie\npubli\u00e9e par <i>Casterman<\/i> (<i>L&rsquo;Ami de poche<\/i>) de 1980 \u00e0 1982, dix\nvolumes pour lesquels il r\u00e9alise 150 dessins en noir et blanc et dix\ncouvertures en couleur. Aux costumes et aux armes en particulier, il apporte un\nr\u00e9alisme minutieux, quasi encyclop\u00e9dique, qui s&rsquo;appuie sur une solide\ndocumentation ethnographique.<\/font><\/p>\n<p><font size=\"2\">Il signe \u00e9galement les deux couvertures <i>Lefrancq<\/i>\n(1997-98).<\/font><\/p>\n<table border=\"0\" cellpadding=\"2\" width=\"100%\">\n  <tr>\n    <td width=\"25%\" align=\"center\"><a href=\"pelot_dylan\/dylan_5466_50.jpg\"><img loading=\"lazy\" border=\"0\" src=\"pelot_dylan\/dylan_5466_50.jpg\" alt=\"Dylan Stark\" width=\"100\" height=\"150\"><\/a><\/td>\n    <td width=\"25%\" align=\"center\"><a href=\"pelot_dylan\/Dylan_8260.jpg\"><img loading=\"lazy\" border=\"0\" src=\"pelot_dylan\/Dylan_8260.jpg\" alt=\"\" width=\"150\" height=\"150\"><\/a><\/td>\n    <td width=\"25%\" align=\"center\"><a href=\"pelot_dylan\/Dylan_8294.jpg\"><img loading=\"lazy\" border=\"0\" src=\"pelot_dylan\/Dylan_8294.jpg\" alt=\"Dylan\" width=\"150\" height=\"150\"><\/a><\/td>\n    <td width=\"25%\" align=\"center\"><a href=\"..\/images\/couvW\/Dylan_Stark_2.jpg\"><img loading=\"lazy\" border=\"0\" src=\"..\/images\/couvW\/Dylan_Stark_2.jpg\" alt=\"Dylan Starck, tome 2\" width=\"100\" height=\"150\"><\/a><\/td>\n  <\/tr>\n  <tr>\n    <td width=\"25%\">\n      <p align=\"center\">\n\t\t<a href=\"pelot_dylan\/Hordeauxabois2BlancDumont.jpg\"><img loading=\"lazy\" border=\"0\" src=\"pelot_dylan\/Hordeauxabois2BlancDumont.jpg\" alt=\"La Horde aux abois\" width=\"100\" height=\"150\"><\/a><\/td>\n    <td width=\"25%\">\n      <p align=\"center\"><a href=\"..\/images\/couvW\/011_LoupsVille1.jpg\"><img loading=\"lazy\" border=\"0\" src=\"..\/images\/couvW\/011_LoupsVille1.jpg\" alt=\"Couverture pour Les Loups dans la ville.\" width=\"100\" height=\"150\"><\/a><\/td>\n    <td width=\"25%\">\n      <p align=\"center\"><a href=\"..\/images\/couvW\/015_hibou3.jpg\"><img loading=\"lazy\" border=\"0\" src=\"..\/images\/couvW\/015_hibou3.jpg\" alt=\"Couverture pour Le Hibou sur la porte.\" width=\"100\" height=\"150\"><\/a><\/td>\n    <td width=\"25%\"><\/td>\n  <\/tr>\n<\/table>\n      <p><font size=\"2\">Signalons enfin, bien que cela ne concerne pas la s\u00e9rie \n        <i>Dylan Stark<\/i>, que Michel Blanc-Dumont met en images le texte traduit \n        en anglais de <a href=\"..\/romans\/002trad.php\" target=\"_blank\" rel=\"noopener noreferrer\"><strong>Black \n        Panache, le hors-la-loi<\/strong><\/a> paru dans la revue <i>I love english<\/i> \n        en janvier et f\u00e9vrier 1988 (quatorze planches mises en couleur par Claudine \n        Blanc-Dumont).<\/font><\/p>\n","protected":false},"excerpt":{"rendered":"<p>Pierre Pelot Cycle Dylan Stark : 22 romans publi\u00e9s Western &nbsp; Le dessinateur Michel Blanc-Dumont est n\u00e9 \u00e0 Saint-Amand-Montrond en 1948. Passionn\u00e9 par l&rsquo;Ouest am\u00e9ricain, l&rsquo;\u00e9quitation, il propose d&rsquo;abord quelques BD de western \u00e0 Ph\u00e9nix (1973) et \u00e0 Jeunes Ann\u00e9es. A partir de 1974, il publie Jonathan Cartland (sur un sc\u00e9nario de Laurence Harl\u00e9) dans Lucky Luke Magazine, puis dans Pilote (1983), Charlie Mensuel. Il publie de nombreuses illustrations dans Round Up Magazine (1975-79), Double action (1979-80), Jeunes Ann\u00e9es Magazine, Futur Magazine, Cheval Magazine, etc&#8230;, travaille pour la publicit\u00e9 (Peugeot 205, La Villageoise, etc&#8230;)&#8230; Dylan Stark Pour Dylan Stark, il est l&rsquo;illustrateur de la s\u00e9rie publi\u00e9e par Casterman (L&rsquo;Ami de poche) de 1980 \u00e0 1982, dix volumes pour lesquels il r\u00e9alise 150 dessins en noir et blanc et dix couvertures en couleur. Aux costumes et aux armes en particulier, il apporte un r\u00e9alisme minutieux, quasi encyclop\u00e9dique, qui s&rsquo;appuie sur une solide documentation ethnographique. Il signe \u00e9galement les deux couvertures Lefrancq (1997-98). Signalons enfin, bien que cela ne concerne pas la s\u00e9rie Dylan Stark, que Michel Blanc-Dumont met en images le texte traduit en anglais de Black Panache, le hors-la-loi paru dans la revue I love english en janvier et f\u00e9vrier 1988 (quatorze planches mises en couleur par Claudine Blanc-Dumont).<\/p>\n","protected":false},"author":3,"featured_media":0,"parent":0,"menu_order":0,"comment_status":"closed","ping_status":"closed","template":"","meta":[],"_links":{"self":[{"href":"https:\/\/bernard-visse.fr\/ev\/wp-json\/wp\/v2\/pages\/723"}],"collection":[{"href":"https:\/\/bernard-visse.fr\/ev\/wp-json\/wp\/v2\/pages"}],"about":[{"href":"https:\/\/bernard-visse.fr\/ev\/wp-json\/wp\/v2\/types\/page"}],"author":[{"embeddable":true,"href":"https:\/\/bernard-visse.fr\/ev\/wp-json\/wp\/v2\/users\/3"}],"replies":[{"embeddable":true,"href":"https:\/\/bernard-visse.fr\/ev\/wp-json\/wp\/v2\/comments?post=723"}],"version-history":[{"count":1,"href":"https:\/\/bernard-visse.fr\/ev\/wp-json\/wp\/v2\/pages\/723\/revisions"}],"predecessor-version":[{"id":724,"href":"https:\/\/bernard-visse.fr\/ev\/wp-json\/wp\/v2\/pages\/723\/revisions\/724"}],"wp:attachment":[{"href":"https:\/\/bernard-visse.fr\/ev\/wp-json\/wp\/v2\/media?parent=723"}],"curies":[{"name":"wp","href":"https:\/\/api.w.org\/{rel}","templated":true}]}}