{"id":712,"date":"2020-04-16T18:25:20","date_gmt":"2020-04-16T16:25:20","guid":{"rendered":"http:\/\/bernard-visse.fr\/ev\/?page_id=712"},"modified":"2020-04-20T20:58:45","modified_gmt":"2020-04-20T18:58:45","slug":"dylan-strak-claude-auclair","status":"publish","type":"page","link":"https:\/\/bernard-visse.fr\/ev\/dylan-strak-claude-auclair\/","title":{"rendered":"Dylan Stark &#8211; Claude Auclair"},"content":{"rendered":"<p>[su_menu name=\u00a0\u00bbPierre Pelot\u00a0\u00bb class=\u00a0\u00bb\u00a0\u00bb]<\/p>\n\n\n\n<ul class=\"onglet\"><li><b>Pierre Pelot<\/b><\/li><li><a href=\"..\/romans\/000_western.php#Dylan\" target=\"milieu\" rel=\"noopener noreferrer\">Cycle Dylan Stark<\/a> : 22 romans\n      publi\u00e9s<\/li><li><a href=\"..\/romans\/000_western.php\" target=\"milieu\" rel=\"noopener noreferrer\">Western<\/a><\/li><\/ul>\n\n\n\n<div class=\"clear\">&nbsp;<\/div>\n\n\n\n<p><font size=\"2\">Le Nantais <strong><a href=\"https:\/\/fr.wikipedia.org\/wiki\/Claude_Auclair\" target=\"_blank\" rel=\"noreferrer noopener\">Claude Auclair<\/a><\/strong> (1943-1990) illustre les revues SF des \u00e9ditions <i>Opta<\/i>  (<i>Galaxie-Bis<\/i>, <i>Fiction<\/i>&#8230;), avant de travailler pour <i>Pilote<\/i> \u00e0 partir de 1970, puis pour <i>Tintin<\/i> (o\u00f9 il publie sa s\u00e9rie <b>Simon du Fleuve<\/b>) et <i>A Suivre<\/i>.<\/font><\/p>\n\n\n\n<p><font size=\"2\">Tr\u00e8s engag\u00e9 dans la d\u00e9fense des minorit\u00e9s culturelles, il\nr\u00e9alise <b>Bran Ruz<\/b> (sur un sc\u00e9nario de Deschamps, 1978-81), et <b>Le Sang du flamboyant<\/b> (sc\u00e9nario de Fran\u00e7ois Migeat, 1984). Il laissera inachev\u00e9 <b>Celui-l\u00e0<\/b>,\n\u00e9pop\u00e9e celte, que termineront M\u00e9zi\u00e8res et Tardi.<\/font><\/p>\n\n\n\n<p><font size=\"2\">Une <b>Bibliographie de Claude Auclair<\/b> a \u00e9t\u00e9 publi\u00e9e\npar Louis Cance dans <i>Les Cahiers de la Bande Dessin\u00e9e<\/i>, n\u00b0 58\n(juin-juillet 1984), p. 41-42.<\/font><\/p>\n\n\n\n<h2>Dylan Stark<\/h2>\n\n\n\n<p><font size=\"2\">La collaboration entre Pierre Pelot et Claude Auclair d\u00e9bute en 1968 : sur deux textes du premier, le second concocte deux BD de trois planches, dont une (<b>Les Pionniers<\/b>) est publi\u00e9e dans <i>Le Journal de Caram&rsquo;Bar<\/i> en juillet l&rsquo;ann\u00e9e suivante.<\/font><\/p>\n\n\n\n<p><font size=\"2\">Outre les deux couvertures de la s\u00e9rie <i>Arian Dhaye<\/i> pour <i>Hatier-GT Rageot<\/i> (<b><a rel=\"noopener noreferrer\" href=\"..\/romans\/033_uneautreterre.php\" target=\"_blank\">Une autre terre<\/a><\/b> et <a rel=\"noopener noreferrer\" href=\"..\/romans\/041_ileauxenrages.php\" target=\"_blank\"><strong>L&rsquo;\u00cele aux enrag\u00e9s<\/strong><\/a>, coll. <i>Jeunesse Poche Anticipation<\/i>, en  1972 et 1973), Claude Auclair a illustr\u00e9 deux volumes de la s\u00e9rie Dylan Stark.<\/font><\/p>\n\n\n\n<figure class=\"wp-block-table\"><table><tbody><tr><td>\n\t<a href=\"096_pouruncheval2.jpg\" target=\"milieu\" rel=\"noopener noreferrer\"><img loading=\"lazy\" src=\"096_pouruncheval2.jpg\" alt=\"Pour un cheval qui savait rire\" width=\"100\" height=\"150\" border=\"0\"><\/a><\/td><td><font size=\"2\"><b><a href=\"096_stark21Pouruncheval.php\" target=\"_blank\" rel=\"noopener noreferrer\">Pour un cheval qui savait rire<\/a><\/b> est rest\u00e9 dans les tiroirs de l&rsquo;\u00e9diteur Hatier-Rageot pendant une dizaine d&rsquo;ann\u00e9es&#8230; Auteur et illustrateur y travaillaient en octobre 1973 et la publication eut lieu en ao\u00fbt 1982.<\/font><\/td><\/tr><tr><td><a href=\"096_pouruncheval1.jpg\" target=\"milieu\" rel=\"noopener noreferrer\"><img loading=\"lazy\" src=\"096_pouruncheval1.jpg\" alt=\"Pour un cheval qui savait rire\" width=\"100\" height=\"150\" border=\"0\"><\/a><\/td><td><font size=\"2\"><span lang=\"fr\">Curieusement<\/span>, \n            pour un ouvrage de cette nature (souhaitant r\u00e9aliser la fusion du \n            texte et de l&rsquo;image), la couverture est sign\u00e9e par un autre illustrateur \n            : <a href=\"stark_ill_wintz.php\" target=\"_blank\" rel=\"noopener noreferrer\"><strong>Nicolas Wintz<\/strong><\/a>.<\/font><\/td><\/tr><tr><td><a href=\"..\/images\/couvW\/021_riviere1.jpg\" target=\"milieu\" rel=\"noopener noreferrer\"><img loading=\"lazy\" src=\"..\/images\/couvW\/021_riviere1.jpg\" alt=\"Quand gronde la riviere\" \"=\"\" width=\"100\" height=\"150\" border=\"0\"><\/a><\/td><td><font size=\"2\">Les vingt dessins en noir et blanc (dont \n            le frontispice double et huit pleines pages) de <b><a href=\"..\/romans\/021_stark14Riviere.php\" target=\"_blank\" rel=\"noopener noreferrer\">Quand \n            gronde la rivi\u00e8re<\/a><\/b> contrastent avec la couverture et les deux \n            hors-texte en photos couleurs acquis aupr\u00e8s de l&rsquo;agence Magnum.<\/font><\/td><\/tr><\/tbody><\/table><\/figure>\n\n\n\n<p><font size=\"2\"><b>Interview de Claude Auclair et Pierre Pelot<\/b> par P. Maingon (extrait),&nbsp;<br>         paru dans <i>L&rsquo;Est r\u00e9publicain dimanche<\/i>, 7 octobre 1973 :<br>         <br>         Nous avons en chantier actuellement une r\u00e9alisation qui sera tr\u00e8s certainement une des premi\u00e8res en France. Il s&rsquo;agit d&rsquo;un roman (western), o\u00f9 sont m\u00eal\u00e9s le texte et la bande dessin\u00e9e. Ce roman, qui para\u00eetra vraisemblablement dans le courant de l&rsquo;ann\u00e9e prochaine, a, comme titre : <strong><a rel=\"noopener noreferrer\" href=\"..\/romans\/096_stark21Pouruncheval.php\" target=\"_blank\">Pour un cheval qui savait rire<\/a><\/strong>, livre qui para\u00eetra aux \u00e9ditions <i>Hatier-Rageot<\/i>.<br>         Nous esp\u00e9rons toucher aussi bien les amateurs de bandes dessin\u00e9es que de romans. Bien que les supports qui nous \u00e9ditent soient destin\u00e9s \u00e0 la jeunesse, nous cherchons \u00e0 toucher le plus large public.<br>         Voil\u00e0 le fruit de la rencontre d&rsquo;un auteur de bandes dessin\u00e9es et d&rsquo;un \u00e9crivain \u00e0 Saint-Maurice-sur-Moselle.<\/font><\/p>\n\n\n\n<p><br>\n<font size=\"2\"><b>Jean-Pierre Vernay rencontre Pelot<\/b>,&nbsp;<br>\npour son fanzine <i>Noyau de nuit<\/i> (N\u00b0 4) paru en janvier 1979 (extrait):&nbsp;<\/font><\/p>\n\n\n\n<p><font size=\"2\">&#8230;Toujours en BD, mais plus tard, il a \u00e9t\u00e9 question de Claude \n        Auclair : \u00ab\u00a0Je d\u00e9butais, et Auclair aussi. Il avait lu ce que j&rsquo;avais \n        fait et voulait des sc\u00e9narios de moi. Il est venu me voir avec son agent \n        (travailler avec un agent : \u00e0 ne jamais faire !) et on s&rsquo;est tout de suite \n        compris. Mais \u00e7a ne s&rsquo;est pas fait imm\u00e9diatement \u00e0 cause de l&rsquo;agent.\u00a0\u00bb<br>\n        Il me montre une bande publi\u00e9e dans une \u00e9ph\u00e9m\u00e8re revue, ainsi que deux \n        planches originales et imm\u00e9diates d&rsquo;Auclair punais\u00e9es au mur.<br>\n        \u00ab\u00a0Mais \u00e7a collait pas vraiment, on n&rsquo;est pas assez compl\u00e9mentaire. \n        On se ressemble trop.\u00a0\u00bb<br>\n        La premi\u00e8re fois que j&rsquo;ai lu un Pelot, c&rsquo;\u00e9tait un <i>Jeunesse Poche<\/i>, \n        <strong><a href=\"..\/romans\/033_uneautreterre.php\" target=\"_blank\" rel=\"noopener noreferrer\">Une \n        Autre terre<\/a><\/strong>, avec une couverture d&rsquo;Auclair. Pierre lui avait \n        demand\u00e9 de faire la couverture du <strong><a href=\"..\/romans\/077_sommeil.php\" target=\"_blank\" rel=\"noopener noreferrer\">Sommeil \n        du chien<\/a><\/strong>, mais il \u00e9tait trop occup\u00e9. Des histoires de contrat \n        avec Dargaud.<br>\n        Pierre est intarissable sur Auclair : \u00ab\u00a0T&rsquo;as pas vu l&rsquo;\u00e9volution des \n        dessins dans la s\u00e9rie <b>Simon du Fleuve<\/b> ? et ce qu&rsquo;il a fait dans \n        <i>(A suivre)<\/i> ?\u00a0\u00bb<br>\n        <\/font><\/p>\n","protected":false},"excerpt":{"rendered":"<p>Pierre Pelot Cycle Dylan Stark : 22 romans publi\u00e9s Western &nbsp; Le Nantais Claude Auclair (1943-1990) illustre les revues SF des \u00e9ditions Opta (Galaxie-Bis, Fiction&#8230;), avant de travailler pour Pilote \u00e0 partir de 1970, puis pour Tintin (o\u00f9 il publie sa s\u00e9rie Simon du Fleuve) et A Suivre. Tr\u00e8s engag\u00e9 dans la d\u00e9fense des minorit\u00e9s culturelles, il r\u00e9alise Bran Ruz (sur un sc\u00e9nario de Deschamps, 1978-81), et Le Sang du flamboyant (sc\u00e9nario de Fran\u00e7ois Migeat, 1984). Il laissera inachev\u00e9 Celui-l\u00e0, \u00e9pop\u00e9e celte, que termineront M\u00e9zi\u00e8res et Tardi. Une Bibliographie de Claude Auclair a \u00e9t\u00e9 publi\u00e9e par Louis Cance dans Les Cahiers de la Bande Dessin\u00e9e, n\u00b0 58 (juin-juillet 1984), p. 41-42. Dylan Stark La collaboration entre Pierre Pelot et Claude Auclair d\u00e9bute en 1968 : sur deux textes du premier, le second concocte deux BD de trois planches, dont une (Les Pionniers) est publi\u00e9e dans Le Journal de Caram&rsquo;Bar en juillet l&rsquo;ann\u00e9e suivante. Outre les deux couvertures de la s\u00e9rie Arian Dhaye pour Hatier-GT Rageot (Une autre terre et L&rsquo;\u00cele aux enrag\u00e9s, coll. Jeunesse Poche Anticipation, en 1972 et 1973), Claude Auclair a illustr\u00e9 deux volumes de la s\u00e9rie Dylan Stark. Pour un cheval qui savait rire est rest\u00e9 dans les tiroirs de l&rsquo;\u00e9diteur Hatier-Rageot pendant une dizaine d&rsquo;ann\u00e9es&#8230; Auteur et illustrateur y travaillaient en octobre 1973 et la publication eut lieu en ao\u00fbt 1982. Curieusement, pour un ouvrage de cette nature (souhaitant r\u00e9aliser la fusion du texte et de l&rsquo;image), la couverture est sign\u00e9e par un autre illustrateur : Nicolas Wintz.<\/p>\n","protected":false},"author":3,"featured_media":0,"parent":0,"menu_order":0,"comment_status":"closed","ping_status":"closed","template":"","meta":[],"_links":{"self":[{"href":"https:\/\/bernard-visse.fr\/ev\/wp-json\/wp\/v2\/pages\/712"}],"collection":[{"href":"https:\/\/bernard-visse.fr\/ev\/wp-json\/wp\/v2\/pages"}],"about":[{"href":"https:\/\/bernard-visse.fr\/ev\/wp-json\/wp\/v2\/types\/page"}],"author":[{"embeddable":true,"href":"https:\/\/bernard-visse.fr\/ev\/wp-json\/wp\/v2\/users\/3"}],"replies":[{"embeddable":true,"href":"https:\/\/bernard-visse.fr\/ev\/wp-json\/wp\/v2\/comments?post=712"}],"version-history":[{"count":6,"href":"https:\/\/bernard-visse.fr\/ev\/wp-json\/wp\/v2\/pages\/712\/revisions"}],"predecessor-version":[{"id":780,"href":"https:\/\/bernard-visse.fr\/ev\/wp-json\/wp\/v2\/pages\/712\/revisions\/780"}],"wp:attachment":[{"href":"https:\/\/bernard-visse.fr\/ev\/wp-json\/wp\/v2\/media?parent=712"}],"curies":[{"name":"wp","href":"https:\/\/api.w.org\/{rel}","templated":true}]}}