{"id":705,"date":"2020-04-16T17:41:57","date_gmt":"2020-04-16T15:41:57","guid":{"rendered":"http:\/\/bernard-visse.fr\/ev\/?page_id=705"},"modified":"2020-04-20T21:00:21","modified_gmt":"2020-04-20T19:00:21","slug":"dylan-stark-les-illustrateurs","status":"publish","type":"page","link":"https:\/\/bernard-visse.fr\/ev\/dylan-stark-les-illustrateurs\/","title":{"rendered":"Dylan Stark, les illustrateurs"},"content":{"rendered":"<p><\/p>\n\n\n<\/p>\n<p>[su_row]<br \/>[su_column size=\u00a0\u00bb1\/2&Prime; center=\u00a0\u00bbno\u00a0\u00bb]Contenu de la colonne[\/su_column]<br \/>[su_column size=\u00a0\u00bb1\/2&Prime; center=\u00a0\u00bbno\u00a0\u00bb]Contenu de la colonne[\/su_column]<br \/>[\/su_row]<\/p>\n<p>Treize artistes &#8211; pas moins &#8211; se sont illustr\u00e9s en donnant vie \u00e0 Dylan Stark, au gr\u00e9 des \u00e9ditions successives et des supports !<\/p>\n<p>[su_row]<br \/>[su_column size=\u00a0\u00bb1\/3&Prime; center=\u00a0\u00bbno\u00a0\u00bb]\u2003[\/su_column]<br \/>[su_column size=\u00a0\u00bb1\/3&Prime; center=\u00a0\u00bbno\u00a0\u00bb]<a href=\"https:\/\/bernard-visse.fr\/ev\/dylan-strak-claude-auclair\/\" target=\"_blank\" rel=\"noopener noreferrer\" data-wplink-url-error=\"true\">Claude Auclair<\/a>[\/su_column]<br \/>[su_column size=\u00a0\u00bb1\/3&Prime; center=\u00a0\u00bbno\u00a0\u00bb]<a href=\"https:\/\/bernard-visse.fr\/ev\/dylan-stark-jean-olivier-heron\/\" target=\"milieu\" rel=\"noopener noreferrer\" data-wplink-url-error=\"true\">Jean-Olivier H\u00e9ron<\/a>[\/su_column]<br \/>[\/su_row]<\/p>\n<p>[su_row]<br \/>[su_column size=\u00a0\u00bb1\/3&Prime; center=\u00a0\u00bbno\u00a0\u00bb]\u2003[\/su_column]<br \/>[su_column size=\u00a0\u00bb1\/3&Prime; center=\u00a0\u00bbno\u00a0\u00bb]<a href=\"https:\/\/bernard-visse.fr\/ev\/dylan-stark-michel-blanc-dumont\/\" data-wplink-url-error=\"true\">Michel Blanc-Dumont<\/a>[\/su_column]<br \/>[su_column size=\u00a0\u00bb1\/3&Prime; center=\u00a0\u00bbno\u00a0\u00bb]<a href=\"https:\/\/bernard-visse.fr\/ev\/dylan-stark-pierre-joubert\/\" data-wplink-url-error=\"true\">Pierre Joubert<\/a>[\/su_column]<br \/>[\/su_row]<\/p>\n<p>[su_row]<br \/>[su_column size=\u00a0\u00bb1\/3&Prime; center=\u00a0\u00bbno\u00a0\u00bb]\u2003[\/su_column]<br \/>[su_column size=\u00a0\u00bb1\/3&Prime; center=\u00a0\u00bbno\u00a0\u00bb]<a href=\"https:\/\/bernard-visse.fr\/ev\/dylan-stark-philipp-collier\/\" data-wplink-url-error=\"true\">Philip Collier<\/a>[\/su_column]<br \/>[su_column size=\u00a0\u00bb1\/3&Prime; center=\u00a0\u00bbno\u00a0\u00bb]<a href=\"https:\/\/bernard-visse.fr\/ev\/dylan-stark-christophe-kro\/\" data-wplink-url-error=\"true\">Christophe Kro<\/a>[\/su_column]<br \/>[\/su_row]<\/p>\n<p>[su_row]<br \/>[su_column size=\u00a0\u00bb1\/3&Prime; center=\u00a0\u00bbno\u00a0\u00bb]\u2003[\/su_column]<br \/>[su_column size=\u00a0\u00bb1\/3&Prime; center=\u00a0\u00bbno\u00a0\u00bb]<a href=\"https:\/\/bernard-visse.fr\/ev\/dylan-stark-michel-gay\/\" data-wplink-url-error=\"true\">Michel Gay<\/a>[\/su_column]<br \/>[su_column size=\u00a0\u00bb1\/3&Prime; center=\u00a0\u00bbno\u00a0\u00bb]<a href=\"stark_ill_lievens.php\" target=\"milieu\" rel=\"noopener noreferrer\">Henri Lievens<\/a>[\/su_column]<br \/>[\/su_row]<\/p>\n<p>[su_row]<br \/>[su_column size=\u00a0\u00bb1\/3&Prime; center=\u00a0\u00bbno\u00a0\u00bb]\u2003[\/su_column]<br \/>[su_column size=\u00a0\u00bb1\/3&Prime; center=\u00a0\u00bbno\u00a0\u00bb]<a href=\"https:\/\/bernard-visse.fr\/ev\/dylan-starck-hermann\/\" target=\"milieu\" rel=\"noopener noreferrer\" data-wplink-url-error=\"true\">Hermann<\/a>[\/su_column]<br \/>[su_column size=\u00a0\u00bb1\/3&Prime; center=\u00a0\u00bbno\u00a0\u00bb]<a href=\"https:\/\/bernard-visse.fr\/ev\/dylan-stark-philippe-petit-roulet\/\" target=\"milieu\" rel=\"noopener noreferrer\" data-wplink-url-error=\"true\">Philippe Petit-Roulet<\/a>[\/su_column]<br \/>[\/su_row]<\/p>\n<p>[su_row]<br \/>[su_column size=\u00a0\u00bb1\/3&Prime; center=\u00a0\u00bbno\u00a0\u00bb]\u2003[\/su_column]<br \/>[su_column size=\u00a0\u00bb1\/3&Prime; center=\u00a0\u00bbno\u00a0\u00bb]<a href=\"https:\/\/bernard-visse.fr\/ev\/dylan-stark-bernard-heron\/\" data-wplink-url-error=\"true\">Bernard H\u00e9ron<\/a>[\/su_column]<br \/>[su_column size=\u00a0\u00bb1\/3&Prime; center=\u00a0\u00bbno\u00a0\u00bb]<a href=\"stark_ill_prunier.php\" target=\"milieu\" rel=\"noopener noreferrer\">Jame&rsquo;s Prunier<\/a>[\/su_column]<br \/>[\/su_row]<\/p>\n<p>[su_row]<br \/>[su_column size=\u00a0\u00bb1\/3&Prime; center=\u00a0\u00bbno\u00a0\u00bb]\u2003[\/su_column]<br \/>[su_column size=\u00a0\u00bb1\/3&Prime; center=\u00a0\u00bbno\u00a0\u00bb]\u2003[\/su_column]<br \/>[su_column size=\u00a0\u00bb1\/3&Prime; center=\u00a0\u00bbno\u00a0\u00bb]<a href=\"stark_ill_wintz.php\" target=\"milieu\" rel=\"noopener noreferrer\">Nicolas Wintz<\/a>[\/su_column]<br \/>[\/su_row]<\/p>\n\n<p>Vous trouverez ci-apr\u00e8s quelques renseignements sur chacun d&rsquo;eux et une ou plusieurs de leurs illustrations pour <em>Dylan Stark<\/em>.<\/p>\n<p>\n\n\n<p><\/p>","protected":false},"excerpt":{"rendered":"<p>[su_row][su_column size=\u00a0\u00bb1\/2&Prime; center=\u00a0\u00bbno\u00a0\u00bb]Contenu de la colonne[\/su_column][su_column size=\u00a0\u00bb1\/2&Prime; center=\u00a0\u00bbno\u00a0\u00bb]Contenu de la colonne[\/su_column][\/su_row] Treize artistes &#8211; pas moins &#8211; se sont illustr\u00e9s en donnant vie \u00e0 Dylan Stark, au gr\u00e9 des \u00e9ditions successives et des supports ! [su_row][su_column size=\u00a0\u00bb1\/3&Prime; center=\u00a0\u00bbno\u00a0\u00bb]\u2003[\/su_column][su_column size=\u00a0\u00bb1\/3&Prime; center=\u00a0\u00bbno\u00a0\u00bb]Claude Auclair[\/su_column][su_column size=\u00a0\u00bb1\/3&Prime; center=\u00a0\u00bbno\u00a0\u00bb]Jean-Olivier H\u00e9ron[\/su_column][\/su_row] [su_row][su_column size=\u00a0\u00bb1\/3&Prime; center=\u00a0\u00bbno\u00a0\u00bb]\u2003[\/su_column][su_column size=\u00a0\u00bb1\/3&Prime; center=\u00a0\u00bbno\u00a0\u00bb]Michel Blanc-Dumont[\/su_column][su_column size=\u00a0\u00bb1\/3&Prime; center=\u00a0\u00bbno\u00a0\u00bb]Pierre Joubert[\/su_column][\/su_row] [su_row][su_column size=\u00a0\u00bb1\/3&Prime; center=\u00a0\u00bbno\u00a0\u00bb]\u2003[\/su_column][su_column size=\u00a0\u00bb1\/3&Prime; center=\u00a0\u00bbno\u00a0\u00bb]Philip Collier[\/su_column][su_column size=\u00a0\u00bb1\/3&Prime; center=\u00a0\u00bbno\u00a0\u00bb]Christophe Kro[\/su_column][\/su_row] [su_row][su_column size=\u00a0\u00bb1\/3&Prime; center=\u00a0\u00bbno\u00a0\u00bb]\u2003[\/su_column][su_column size=\u00a0\u00bb1\/3&Prime; center=\u00a0\u00bbno\u00a0\u00bb]Michel Gay[\/su_column][su_column size=\u00a0\u00bb1\/3&Prime; center=\u00a0\u00bbno\u00a0\u00bb]Henri Lievens[\/su_column][\/su_row] [su_row][su_column size=\u00a0\u00bb1\/3&Prime; center=\u00a0\u00bbno\u00a0\u00bb]\u2003[\/su_column][su_column size=\u00a0\u00bb1\/3&Prime; center=\u00a0\u00bbno\u00a0\u00bb]Hermann[\/su_column][su_column size=\u00a0\u00bb1\/3&Prime; center=\u00a0\u00bbno\u00a0\u00bb]Philippe Petit-Roulet[\/su_column][\/su_row] [su_row][su_column size=\u00a0\u00bb1\/3&Prime; center=\u00a0\u00bbno\u00a0\u00bb]\u2003[\/su_column][su_column size=\u00a0\u00bb1\/3&Prime; center=\u00a0\u00bbno\u00a0\u00bb]Bernard H\u00e9ron[\/su_column][su_column size=\u00a0\u00bb1\/3&Prime; center=\u00a0\u00bbno\u00a0\u00bb]Jame&rsquo;s Prunier[\/su_column][\/su_row] [su_row][su_column size=\u00a0\u00bb1\/3&Prime; center=\u00a0\u00bbno\u00a0\u00bb]\u2003[\/su_column][su_column size=\u00a0\u00bb1\/3&Prime; center=\u00a0\u00bbno\u00a0\u00bb]\u2003[\/su_column][su_column size=\u00a0\u00bb1\/3&Prime; center=\u00a0\u00bbno\u00a0\u00bb]Nicolas Wintz[\/su_column][\/su_row] Vous trouverez ci-apr\u00e8s quelques renseignements sur chacun d&rsquo;eux et une ou plusieurs de leurs illustrations pour Dylan Stark.<\/p>\n","protected":false},"author":3,"featured_media":0,"parent":0,"menu_order":0,"comment_status":"closed","ping_status":"closed","template":"","meta":[],"_links":{"self":[{"href":"https:\/\/bernard-visse.fr\/ev\/wp-json\/wp\/v2\/pages\/705"}],"collection":[{"href":"https:\/\/bernard-visse.fr\/ev\/wp-json\/wp\/v2\/pages"}],"about":[{"href":"https:\/\/bernard-visse.fr\/ev\/wp-json\/wp\/v2\/types\/page"}],"author":[{"embeddable":true,"href":"https:\/\/bernard-visse.fr\/ev\/wp-json\/wp\/v2\/users\/3"}],"replies":[{"embeddable":true,"href":"https:\/\/bernard-visse.fr\/ev\/wp-json\/wp\/v2\/comments?post=705"}],"version-history":[{"count":17,"href":"https:\/\/bernard-visse.fr\/ev\/wp-json\/wp\/v2\/pages\/705\/revisions"}],"predecessor-version":[{"id":787,"href":"https:\/\/bernard-visse.fr\/ev\/wp-json\/wp\/v2\/pages\/705\/revisions\/787"}],"wp:attachment":[{"href":"https:\/\/bernard-visse.fr\/ev\/wp-json\/wp\/v2\/media?parent=705"}],"curies":[{"name":"wp","href":"https:\/\/api.w.org\/{rel}","templated":true}]}}