{"id":690,"date":"2020-04-16T16:16:51","date_gmt":"2020-04-16T14:16:51","guid":{"rendered":"http:\/\/bernard-visse.fr\/ev\/?page_id=690"},"modified":"2020-04-20T21:00:27","modified_gmt":"2020-04-20T19:00:27","slug":"dylan-stark-les-lieux","status":"publish","type":"page","link":"https:\/\/bernard-visse.fr\/ev\/dylan-stark-les-lieux\/","title":{"rendered":"Dylan Stark, les lieux"},"content":{"rendered":"\n<div id=\"col2bis\"><!-- start col2 -->\n<div class=\"container\"><!-- start container -->\n<!--==================================================================-->\n<div class=\"gauche\"> \n  <?php\n      include ('..\/..\/..\/menu\/menu3pelotvertical.php');\n  ?>\n<\/div>\n<div class=\"clear\">&nbsp;<\/div>\n<!--==================================================================-->\n<div align=\"left\">\n  <table border=\"1\" cellspacing=\"1\" cellpadding=\"2\" width=\"573\" align=\"center\">\n    <tr>\n      <td valign=\"top\" width=\"14\"><font face=\"Arial\" size=\"2\"><b>N\u00b0<\/b><\/font><\/td>\n      <td valign=\"top\" width=\"154\"><font face=\"Arial\" size=\"2\"><b>Titre<\/b><\/font><\/td>\n      <td valign=\"top\" width=\"166\"><font face=\"Arial\" size=\"2\"><b>Date<\/b><\/font><\/td>\n      <td valign=\"top\" width=\"203\"><b><font size=\"2\" face=\"Arial\">Lieu<\/font><\/b><\/td>\n    <\/tr>\n    <tr>\n      <td valign=\"top\" width=\"14\"><font face=\"Arial\" size=\"2\">1<\/font><\/td>\n      <td valign=\"top\" width=\"154\"><font face=\"Arial\" size=\"2\"><b><a href=\"..\/romans\/008_stark01Quatre.php\" target=\"milieu\" rel=\"noopener noreferrer\">Quatre hommes pour l&rsquo;enfer<\/a><\/b><\/font><\/td>\n      <td valign=\"top\" width=\"166\"><font face=\"Arial\" size=\"2\">&#8211; Juillet 1864.<br>\n        &#8211; Mars 1865.<br>\n        <br>\n        <br>\n        &#8211; Avril 1865 (Dylan est &quot;lib\u00e9r\u00e9 r\u00e9guli\u00e8rement le 25 avril 1865\n        des rangs de l&rsquo;arm\u00e9e conf\u00e9d\u00e9r\u00e9e&quot; (<i>Vent<\/i>, DS2, p. 125).<\/font><\/td>\n      <td valign=\"top\" width=\"203\"><font size=\"2\" face=\"Arial\">&#8211; G\u00e9orgie.<br>\n        &#8211; Caroline du Nord (environs d&rsquo;Hickory), Watts Bar Lake, Hiawassee\n        River, Knoxville.<br>\n        &#8211; Tennessee (sud).<\/font><\/td>\n    <\/tr>\n    <tr>\n      <td valign=\"top\" width=\"14\"><font face=\"Arial\" size=\"2\">2<\/font><\/td>\n      <td valign=\"top\" width=\"154\"><b><font face=\"Arial\" size=\"2\"><a href=\"..\/romans\/039_stark02Vent.php\" target=\"milieu\" rel=\"noopener noreferrer\">Le\n        Vent de la col\u00e8re<\/a><\/font><\/b><\/td>\n      <td valign=\"top\" width=\"166\"><font size=\"2\" face=\"Arial\">&#8211; Avril 1865.<\/font><\/td>\n      <td valign=\"top\" width=\"203\"><font size=\"2\" face=\"Arial\">&#8211; Missouri\n        (Vulcan).<br>\n        A la fin, il veut pousser vers William Springs, puis descendre vers West\n        Plains (<i>Vent<\/i>, DS2, p. 239).<\/font><\/td>\n    <\/tr>\n    <tr>\n      <td valign=\"top\" width=\"14\"><font face=\"Arial\" size=\"2\">3<\/font><\/td>\n      <td valign=\"top\" width=\"154\"><b><font face=\"Arial\" size=\"2\"><a href=\"..\/romans\/009_stark03Couleur.php\" target=\"milieu\" rel=\"noopener noreferrer\">La\n        Couleur de Dieu<\/a><\/font><\/b><\/td>\n      <td valign=\"top\" width=\"166\"><font size=\"2\" face=\"Arial\">&#8211; D\u00e9but ao\u00fbt\n        1865.<\/font><\/td>\n      <td valign=\"top\" width=\"203\"><font size=\"2\" face=\"Arial\">&#8211; Arkansas\n        (Jasper).<\/font><\/td>\n    <\/tr>\n    <tr>\n      <td valign=\"top\" width=\"14\"><font face=\"Arial\" size=\"2\">4<\/font><\/td>\n      <td valign=\"top\" width=\"154\"><b><font face=\"Arial\" size=\"2\"><a href=\"..\/romans\/010_stark04Horde.php\" target=\"milieu\" rel=\"noopener noreferrer\">La\n        Horde aux abois<\/a><\/font><\/b><\/td>\n      <td valign=\"top\" width=\"166\"><font size=\"2\" face=\"Arial\">&#8211; Septembre 1865.&nbsp;<\/font><\/td>\n      <td valign=\"top\" width=\"203\"><font size=\"2\" face=\"Arial\">&#8211; Arkansas, \u00e0\n        l&rsquo;extr\u00eame nord-ouest (Unspeakable Town, &quot;\u00e0 plusieurs miles de la\n        piste la plus proche reliant Siloam Spring \u00e0 Pineville&quot;, <i>Horde<\/i>,\n        DS2, p. 374).<\/font><\/td>\n    <\/tr>\n    <tr>\n      <td valign=\"top\" width=\"14\"><font face=\"Arial\" size=\"2\">5<\/font><\/td>\n      <td valign=\"top\" width=\"154\"><b><font face=\"Arial\" size=\"2\"><a href=\"..\/romans\/011_stark05Loups1.php\" target=\"milieu\" rel=\"noopener noreferrer\">Les\n        Loups dans la ville<\/a><\/font><\/b><\/td>\n      <td valign=\"top\" width=\"166\"><font size=\"2\" face=\"Arial\">&#8211; Fin septembre\n        \u2013 d\u00e9but octobre 1865.<\/font><\/td>\n      <td valign=\"top\" width=\"203\"><font size=\"2\" face=\"Arial\">&#8211; Arkansas\n        (Siloam).<\/font><\/td>\n    <\/tr>\n    <tr>\n      <td valign=\"top\" width=\"14\"><font face=\"Arial\" size=\"2\">6<\/font><\/td>\n      <td valign=\"top\" width=\"154\"><b><font face=\"Arial\" size=\"2\"><a href=\"..\/romans\/012_stark06Loups2.php\" target=\"milieu\" rel=\"noopener noreferrer\">Les\n        Loups sur la piste<\/a><\/font><\/b><\/td>\n      <td valign=\"top\" width=\"166\"><font size=\"2\" face=\"Arial\">&#8211; Fin octobre\n        1865.&nbsp;<\/font><\/td>\n      <td valign=\"top\" width=\"203\"><font size=\"2\" face=\"Arial\">&#8211; Arkansas (de\n        Siloam vers Little Rock).<\/font><\/td>\n    <\/tr>\n    <tr>\n      <td valign=\"top\" width=\"14\"><font face=\"Arial\" size=\"2\">7<\/font><\/td>\n      <td valign=\"top\" width=\"154\"><b><font face=\"Arial\" size=\"2\"><a href=\"..\/romans\/014_stark07Irreductibles.php\" target=\"milieu\" rel=\"noopener noreferrer\">Les\n        Irr\u00e9ductibles<\/a><\/font><\/b><\/td>\n      <td valign=\"top\" width=\"166\"><font size=\"2\" face=\"Arial\">&#8211; Du 12 novembre\n        au 4 d\u00e9cembre 1865.&nbsp;<\/font><\/td>\n      <td valign=\"top\" width=\"203\"><font size=\"2\" face=\"Arial\">&#8211; Missouri\n        (Mountain Grove).<\/font><\/td>\n    <\/tr>\n    <tr>\n      <td valign=\"top\" width=\"14\"><font face=\"Arial\" size=\"2\">8<\/font><\/td>\n      <td valign=\"top\" width=\"154\"><b><font face=\"Arial\" size=\"2\"><a href=\"..\/..\/stark08Hibou.php\" target=\"milieu\" rel=\"noopener noreferrer\">Le\n        Hibou sur la porte<\/a><\/font><\/b><\/td>\n      <td valign=\"top\" width=\"166\"><font size=\"2\" face=\"Arial\">&#8211; Janvier 1866\n        (il est l\u00e0 depuis &quot;voici d\u00e9j\u00e0 un mois&quot;, DS2, p. 28).<\/font><\/td>\n      <td valign=\"top\" width=\"203\"><font size=\"2\" face=\"Arial\">&#8211; Missouri\n        (Sonoydah Ranch, \u00e0 une dizaine de miles de Butler, non loin de Kansas\n        City, DS2, p. 36).&nbsp;<\/font><\/td>\n    <\/tr>\n    <tr>\n      <td valign=\"top\" width=\"14\"><font face=\"Arial\" size=\"2\">9<\/font><\/td>\n      <td valign=\"top\" width=\"154\"><b><font face=\"Arial\" size=\"2\"><a href=\"..\/romans\/017_stark09Marche.php\" target=\"milieu\" rel=\"noopener noreferrer\">La\n        Marche des bannis<\/a><\/font><\/b><\/td>\n      <td valign=\"top\" width=\"166\"><font size=\"2\" face=\"Arial\">&#8211; Mars &#8211; avril\n        1866.&nbsp;<\/font><\/td>\n      <td valign=\"top\" width=\"203\"><font size=\"2\" face=\"Arial\">&#8211; Oklahoma. Dylan\n        se trouve sur l&rsquo;Indian Territory, il a quitt\u00e9 Fort Gibson (o\u00f9 il a\n        fait une halte de deux jours) dans le Nord une quinzaine de jours plus t\u00f4t\n        (DS2, p. 117).<\/font><\/td>\n    <\/tr>\n    <tr>\n      <td valign=\"top\" width=\"14\"><font face=\"Arial\" size=\"2\">10<\/font><\/td>\n      <td valign=\"top\" width=\"154\"><b><font face=\"Arial\" size=\"2\"><a href=\"..\/romans\/016_stark10Deux.php\" target=\"milieu\" rel=\"noopener noreferrer\">Deux\n        hommes sont venus<\/a><\/font><\/b><\/td>\n      <td valign=\"top\" width=\"166\"><font size=\"2\" face=\"Arial\">&#8211; Fin avril 1866.<br>\n        Rencontre de Hilkija Britton.&nbsp;<\/font><\/td>\n      <td valign=\"top\" width=\"203\"><font size=\"2\" face=\"Arial\">&#8211; Louisiane\n        (Sanwooten).<\/font><\/td>\n    <\/tr>\n    <tr>\n      <td valign=\"top\" width=\"14\"><font face=\"Arial\" size=\"2\">11<\/font><\/td>\n      <td valign=\"top\" width=\"154\"><b><font face=\"Arial\" size=\"2\"><a href=\"..\/romans\/020_stark11Opelousas.php\" target=\"milieu\" rel=\"noopener noreferrer\">7\n        heures 20 pour Opelousas<\/a><\/font><\/b><\/td>\n      <td valign=\"top\" width=\"166\"><font size=\"2\" face=\"Arial\">&#8211; D\u00e9but mai\n        1866.&nbsp;<\/font><\/td>\n      <td valign=\"top\" width=\"203\"><font size=\"2\" face=\"Arial\">&#8211; Louisiane\n        (Natcheetoches, \u00e0 quelques jours de marche de Sanwooten, DS2, p. 480).\n        Attendant le train pour Opelousas.<\/font><\/td>\n    <\/tr>\n    <tr>\n      <td valign=\"top\" width=\"14\"><font face=\"Arial\" size=\"2\">12<\/font><\/td>\n      <td valign=\"top\" width=\"154\"><b><font face=\"Arial\" size=\"2\"><a href=\"..\/romans\/018_stark12Peau.php\" target=\"milieu\" rel=\"noopener noreferrer\">La\n        Peau du N\u00e8gre<\/a><\/font><\/b><\/td>\n      <td valign=\"top\" width=\"166\"><font size=\"2\" face=\"Arial\">&#8211; Fin mai 1866\n        (Dylan a rencontr\u00e9 Kija \u00e0 peine un mois avant, dans <i>Deux hommes\n        sont venus<\/i> : DS2, p. 278). Ils marchent vers la Floride, sans se\n        presser (p. 279).<\/font><\/td>\n      <td valign=\"top\" width=\"203\"><font size=\"2\" face=\"Arial\">&#8211; Alabama\n        (Saccasshaw, sous le 37\u00b0 de latitude N, sur la Tombigbee River).&nbsp;<\/font><\/td>\n    <\/tr>\n    <tr>\n      <td valign=\"top\" width=\"14\"><font face=\"Arial\" size=\"2\">13<\/font><\/td>\n      <td valign=\"top\" width=\"154\"><b><font face=\"Arial\" size=\"2\"><a href=\"..\/romans\/019_stark13Lhommequi.php\" target=\"milieu\" rel=\"noopener noreferrer\">L&rsquo;Homme-qui-marche<\/a><\/font><\/b><\/td>\n      <td valign=\"top\" width=\"166\"><font size=\"2\" face=\"Arial\">&#8211; Juin 1866.&nbsp;<\/font><\/td>\n      <td valign=\"top\" width=\"203\"><font size=\"2\" face=\"Arial\">&#8211; Alabama\n        (Tombigbee River).<\/font><\/td>\n    <\/tr>\n    <tr>\n      <td valign=\"top\" width=\"14\"><font face=\"Arial\" size=\"2\">14<\/font><\/td>\n      <td valign=\"top\" width=\"154\"><b><font face=\"Arial\" size=\"2\"><a href=\"..\/romans\/021_stark14Riviere.php\" target=\"milieu\" rel=\"noopener noreferrer\">Quand\n        gronde la rivi\u00e8re<\/a><\/font><\/b><\/td>\n      <td valign=\"top\" width=\"166\"><font size=\"2\" face=\"Arial\">&#8211; Juin 1866.&nbsp;<\/font><\/td>\n      <td valign=\"top\" width=\"203\"><font size=\"2\" face=\"Arial\">&#8211; Alabama\n        (Tombigbee River, vers Mobile). Le fleuve va de Luka \u00e0 Mobile, par\n        Jackson. Ils arrivent \u00e0 Yealow sur la Tombigbee, \u00e0 une dizaine de\n        miles au sud de la courbe brutale qu&rsquo;entame l&rsquo;Alabama-River pour couper\n        plein sud, de concert avec l&rsquo;autre rivi\u00e8re (p. 537), puis au hameau de\n        Liewstone (p. 634).<\/font><\/td>\n    <\/tr>\n    <tr>\n      <td valign=\"top\" width=\"14\"><font face=\"Arial\" size=\"2\">15<\/font><\/td>\n      <td valign=\"top\" width=\"154\"><b><font face=\"Arial\" size=\"2\"><a href=\"..\/romans\/149_stark22Docks.php\" target=\"milieu\" rel=\"noopener noreferrer\">Plus\n        loin que les docks<\/a><\/font><\/b><\/td>\n      <td valign=\"top\" width=\"166\"><font size=\"2\" face=\"Arial\">&#8211; Les 3 et 4\n        juillet 1866.<\/font><\/td>\n      <td valign=\"top\" width=\"203\"><font size=\"2\" face=\"Arial\">&#8211; Alabama\n        (Mobile).&nbsp;<\/font><\/td>\n    <\/tr>\n    <tr>\n      <td valign=\"top\" width=\"14\"><font face=\"Arial\" size=\"2\">16<\/font><\/td>\n      <td valign=\"top\" width=\"154\"><b><font face=\"Arial\" size=\"2\"><a href=\"..\/romans\/022_stark15Ouragan.php\" target=\"milieu\" rel=\"noopener noreferrer\">Un\n        jour, un ouragan<\/a><\/font><\/b><\/td>\n      <td valign=\"top\" width=\"166\"><font size=\"2\" face=\"Arial\">&#8211; Du vendredi 27\n        au lundi 30 juillet 1866.<\/font><\/td>\n      <td valign=\"top\" width=\"203\"><font size=\"2\" face=\"Arial\">&#8211; Louisiane\n        (Nouvelle-Orl\u00e9ans).&nbsp;<\/font><\/td>\n    <\/tr>\n    <tr>\n      <td valign=\"top\" width=\"14\"><font face=\"Arial\" size=\"2\">17<\/font><\/td>\n      <td valign=\"top\" width=\"154\"><b><font face=\"Arial\" size=\"2\"><a href=\"..\/romans\/023_stark16Tombeau.php\" target=\"milieu\" rel=\"noopener noreferrer\">Le\n        Tombeau de Satan<\/a><\/font><\/b><\/td>\n      <td valign=\"top\" width=\"166\"><font size=\"2\" face=\"Arial\">&#8211; Ao\u00fbt 1866.&nbsp;<\/font><\/td>\n      <td valign=\"top\" width=\"203\"><font size=\"2\" face=\"Arial\">&#8211; Floride (Wahoo\n        Swamp, r\u00e9gion mar\u00e9cageuse situ\u00e9e au nord-ouest de cet \u00c9tat, DS2, p.\n        307).<\/font><\/td>\n    <\/tr>\n    <tr>\n      <td valign=\"top\" width=\"14\"><font face=\"Arial\" size=\"2\">18<\/font><\/td>\n      <td valign=\"top\" width=\"154\"><b><font face=\"Arial\" size=\"2\"><a href=\"..\/romans\/024_stark17Loi.php\" target=\"milieu\" rel=\"noopener noreferrer\">La\n        Loi des fauves<\/a><\/font><\/b><\/td>\n      <td valign=\"top\" width=\"166\"><font size=\"2\" face=\"Arial\">&#8211; Ao\u00fbt \/\n        septembre 1866.&nbsp;<\/font><\/td>\n      <td valign=\"top\" width=\"203\"><font size=\"2\" face=\"Arial\">&#8211; Floride (Marais\n        et Sannactoochee).<\/font><\/td>\n    <\/tr>\n    <tr>\n      <td valign=\"top\" width=\"14\"><font face=\"Arial\" size=\"2\">19<\/font><\/td>\n      <td valign=\"top\" width=\"154\"><b><font face=\"Arial\" size=\"2\"><a href=\"..\/romans\/025_stark18Lhommedes.php\" target=\"milieu\" rel=\"noopener noreferrer\">L&rsquo;Homme\n        des monts d\u00e9chir\u00e9s<\/a><\/font><\/b><\/td>\n      <td valign=\"top\" width=\"166\"><font size=\"2\" face=\"Arial\">&#8211; \u00c9t\u00e9 1867.<\/font><\/td>\n      <td valign=\"top\" width=\"203\"><font size=\"2\" face=\"Arial\">&#8211; Nouveau Mexique\n        (Feadaws Creek).<\/font><\/td>\n    <\/tr>\n    <tr>\n      <td valign=\"top\" width=\"14\"><font face=\"Arial\" size=\"2\">20<\/font><\/td>\n      <td valign=\"top\" width=\"154\"><b><font face=\"Arial\" size=\"2\"><a href=\"..\/romans\/028_stark19LErreur.php\" target=\"milieu\" rel=\"noopener noreferrer\">L&rsquo;Erreur<\/a><\/font><\/b><\/td>\n      <td valign=\"top\" width=\"166\"><font size=\"2\" face=\"Arial\">&#8211; Ao\u00fbt 1867.<\/font><\/td>\n      <td valign=\"top\" width=\"203\"><font size=\"2\" face=\"Arial\">&#8211; Nouveau Mexique\n        (Cuervo, Santa Rosa).&nbsp;<\/font><\/td>\n    <\/tr>\n    <tr>\n      <td valign=\"top\" width=\"14\"><font face=\"Arial\" size=\"2\">21<\/font><\/td>\n      <td valign=\"top\" width=\"154\"><b><font face=\"Arial\" size=\"2\"><a href=\"..\/romans\/029_stark20Sierra.php\" target=\"milieu\" rel=\"noopener noreferrer\">Sierra\n        br\u00fblante<\/a><\/font><\/b><\/td>\n      <td valign=\"top\" width=\"166\"><font size=\"2\" face=\"Arial\">&#8211; 1867.&nbsp;<\/font><\/td>\n      <td valign=\"top\" width=\"203\"><font size=\"2\" face=\"Arial\">&#8211; Nord-est du\n        Nouveau Mexique (Taldico, Chelly Canyon, Fuentes, Jarales sur le Rio\n        Grande, pr\u00e8s Albuquerque). Dylan dit marcher vers l&rsquo;Ouest, la\n        Californie (p. 30-31).<\/font><\/td>\n    <\/tr>\n    <tr>\n      <td valign=\"top\" width=\"14\"><font face=\"Arial\" size=\"2\">22<\/font><\/td>\n      <td valign=\"top\" width=\"154\"><b><font face=\"Arial\" size=\"2\"><a href=\"..\/romans\/096_stark21Pouruncheval.php\" target=\"milieu\" rel=\"noopener noreferrer\">Pour\n        un cheval qui savait rire<\/a><\/font><\/b><\/td>\n      <td valign=\"top\" width=\"166\"><font size=\"2\" face=\"Arial\">&#8211; Automne 1867.\n        L&rsquo;hiver est proche (p. 36), et l&rsquo;histoire se d\u00e9roule au moins un an apr\u00e8s\n        juin 1866 (p. 44).&nbsp;<\/font><\/td>\n      <td valign=\"top\" width=\"203\"><font size=\"2\" face=\"Arial\">&#8211; Nouveau Mexique\n        (Texas). A Falaguel, sur les rives de la Pecos, quelques miles avant sa\n        jonction avec le Rio Grande.<\/font><\/td>\n    <\/tr>\n  <\/table>\n<\/div>\n<p><font size=\"2\" face=\"Arial\">La s\u00e9rie a \u00e9t\u00e9 reprise en partie, en deux\nforts volumes (16 \u00e9pisodes sur 22, dont un in\u00e9dit), par l&rsquo;\u00e9diteur belge\nClaude Lefrancq en 1997 et 1998.<\/font><\/p>\n<p><font size=\"2\" face=\"Arial\">Si le premier respecte scrupuleusement la\nchronologie, il n&rsquo;en est malheureusement pas de m\u00eame pour le second. Chose\nincompr\u00e9hensible, l&rsquo;\u00e9diteur reproduit (p. 278 et p. 383) deux notes des \u00e9ditions\noriginales signalant que <i>Deux hommes sont venus<\/i> se situe avant <i>La Peau\ndu N\u00e8gre,<\/i> et il ne publie cependant pas ce texte \u00e0 sa place l\u00e9gitime\u2026\nDe m\u00eame, <i>Plus loin que les docks<\/i> se trouve repouss\u00e9 en fin de volume,\napr\u00e8s <i>Un jour, un ouragan <\/i>qu&rsquo;il devrait pr\u00e9c\u00e9der\u2026<\/font><\/p>\n<p><font size=\"2\" face=\"Arial\">On attend toujours le troisi\u00e8me volume,\nregroupant les six derniers \u00e9pisodes (avec peut-\u00eatre encore des pages in\u00e9dites\n?)\u2026<\/font><\/p>\n[su_gmap width=\u00a0\u00bb600&Prime; height=\u00a0\u00bb400&Prime; responsive=\u00a0\u00bbyes\u00a0\u00bb address=\u00a0\u00bbLouisiane\u00a0\u00bb zoom=\u00a0\u00bb0&Prime; title=\u00a0\u00bb\u00a0\u00bb class=\u00a0\u00bb\u00a0\u00bb]\n","protected":false},"excerpt":{"rendered":"<p>&nbsp; N\u00b0 Titre Date Lieu 1 Quatre hommes pour l&rsquo;enfer &#8211; Juillet 1864. &#8211; Mars 1865. &#8211; Avril 1865 (Dylan est &quot;lib\u00e9r\u00e9 r\u00e9guli\u00e8rement le 25 avril 1865 des rangs de l&rsquo;arm\u00e9e conf\u00e9d\u00e9r\u00e9e&quot; (Vent, DS2, p. 125). &#8211; G\u00e9orgie. &#8211; Caroline du Nord (environs d&rsquo;Hickory), Watts Bar Lake, Hiawassee River, Knoxville. &#8211; Tennessee (sud). 2 Le Vent de la col\u00e8re &#8211; Avril 1865. &#8211; Missouri (Vulcan). A la fin, il veut pousser vers William Springs, puis descendre vers West Plains (Vent, DS2, p. 239). 3 La Couleur de Dieu &#8211; D\u00e9but ao\u00fbt 1865. &#8211; Arkansas (Jasper). 4 La Horde aux abois &#8211; Septembre 1865.&nbsp; &#8211; Arkansas, \u00e0 l&rsquo;extr\u00eame nord-ouest (Unspeakable Town, &quot;\u00e0 plusieurs miles de la piste la plus proche reliant Siloam Spring \u00e0 Pineville&quot;, Horde, DS2, p. 374). 5 Les Loups dans la ville &#8211; Fin septembre \u2013 d\u00e9but octobre 1865. &#8211; Arkansas (Siloam). 6 Les Loups sur la piste &#8211; Fin octobre 1865.&nbsp; &#8211; Arkansas (de Siloam vers Little Rock). 7 Les Irr\u00e9ductibles &#8211; Du 12 novembre au 4 d\u00e9cembre 1865.&nbsp; &#8211; Missouri (Mountain Grove). 8 Le Hibou sur la porte &#8211; Janvier 1866 (il est l\u00e0 depuis &quot;voici d\u00e9j\u00e0 un mois&quot;, DS2, p. 28). &#8211; Missouri (Sonoydah Ranch, \u00e0 une dizaine de miles de Butler, non loin de Kansas City, DS2, p. 36).&nbsp; 9 La Marche des bannis &#8211; Mars &#8211; avril 1866.&nbsp; &#8211; Oklahoma. Dylan se trouve sur l&rsquo;Indian Territory, il a quitt\u00e9 Fort Gibson (o\u00f9 il a fait une halte de deux jours) dans le Nord une quinzaine de jours plus t\u00f4t (DS2, p. 117). 10 Deux hommes sont venus &#8211; Fin avril 1866. Rencontre de Hilkija Britton.&nbsp; &#8211; Louisiane (Sanwooten). 11 7 heures 20 pour Opelousas &#8211; D\u00e9but mai 1866.&nbsp; &#8211; Louisiane (Natcheetoches, \u00e0 quelques jours de marche de Sanwooten, DS2, p. 480). Attendant le train pour Opelousas. 12 La Peau du N\u00e8gre &#8211; Fin mai 1866 (Dylan a rencontr\u00e9 Kija \u00e0 peine un mois avant, dans Deux hommes sont venus : DS2, p. 278). Ils marchent vers la Floride, sans se presser (p. 279). &#8211; Alabama (Saccasshaw, sous le 37\u00b0 de latitude N, sur la Tombigbee River).&nbsp; 13 L&rsquo;Homme-qui-marche &#8211; Juin 1866.&nbsp; &#8211; Alabama (Tombigbee River). 14 Quand gronde la rivi\u00e8re &#8211; Juin 1866.&nbsp; &#8211; Alabama (Tombigbee River, vers Mobile). Le fleuve va de Luka \u00e0 Mobile, par Jackson. Ils arrivent \u00e0 Yealow sur la Tombigbee, \u00e0 une dizaine de miles au sud de la courbe brutale qu&rsquo;entame l&rsquo;Alabama-River pour couper plein sud, de concert avec l&rsquo;autre rivi\u00e8re (p. 537), puis au hameau de Liewstone (p. 634). 15 Plus loin que les docks &#8211; Les 3 et 4 juillet 1866. &#8211; Alabama (Mobile).&nbsp; 16 Un jour, un ouragan &#8211; Du vendredi 27 au lundi 30 juillet 1866. &#8211; Louisiane (Nouvelle-Orl\u00e9ans).&nbsp; 17 Le Tombeau de Satan &#8211; Ao\u00fbt 1866.&nbsp; &#8211; Floride (Wahoo Swamp, r\u00e9gion mar\u00e9cageuse situ\u00e9e au nord-ouest de cet \u00c9tat, DS2, p. 307). 18 La Loi des fauves &#8211; Ao\u00fbt \/ septembre 1866.&nbsp; &#8211; Floride (Marais et Sannactoochee). 19 L&rsquo;Homme des monts d\u00e9chir\u00e9s &#8211; \u00c9t\u00e9 1867. &#8211; Nouveau Mexique (Feadaws Creek). 20 L&rsquo;Erreur &#8211; Ao\u00fbt 1867. &#8211; Nouveau Mexique (Cuervo, Santa Rosa).&nbsp; 21 Sierra br\u00fblante &#8211; 1867.&nbsp; &#8211; Nord-est du Nouveau Mexique (Taldico, Chelly Canyon, Fuentes, Jarales sur le Rio Grande, pr\u00e8s Albuquerque). Dylan dit marcher vers l&rsquo;Ouest, la Californie (p. 30-31). 22 Pour un cheval qui savait rire &#8211; Automne 1867. L&rsquo;hiver est proche (p. 36), et l&rsquo;histoire se d\u00e9roule au moins un an apr\u00e8s juin 1866 (p. 44).&nbsp; &#8211; Nouveau Mexique (Texas). A Falaguel, sur les rives de la Pecos, quelques miles avant sa jonction avec le Rio Grande. La s\u00e9rie a \u00e9t\u00e9 reprise en partie, en deux forts volumes (16 \u00e9pisodes sur 22, dont un in\u00e9dit), par l&rsquo;\u00e9diteur belge Claude Lefrancq en 1997 et 1998. Si le premier respecte scrupuleusement la chronologie, il n&rsquo;en est malheureusement pas de m\u00eame pour le second. Chose incompr\u00e9hensible, l&rsquo;\u00e9diteur reproduit (p. 278 et p. 383) deux notes des \u00e9ditions originales signalant que Deux hommes sont venus se situe avant La Peau du N\u00e8gre, et il ne publie cependant pas ce texte \u00e0 sa place l\u00e9gitime\u2026 De m\u00eame, Plus loin que les docks se trouve repouss\u00e9 en fin de volume, apr\u00e8s Un jour, un ouragan qu&rsquo;il devrait pr\u00e9c\u00e9der\u2026 On attend toujours le troisi\u00e8me volume, regroupant les six derniers \u00e9pisodes (avec peut-\u00eatre encore des pages in\u00e9dites ?)\u2026 [su_gmap width=\u00a0\u00bb600&Prime; height=\u00a0\u00bb400&Prime; responsive=\u00a0\u00bbyes\u00a0\u00bb address=\u00a0\u00bbLouisiane\u00a0\u00bb zoom=\u00a0\u00bb0&Prime; title=\u00a0\u00bb\u00a0\u00bb class=\u00a0\u00bb\u00a0\u00bb]<\/p>\n","protected":false},"author":3,"featured_media":0,"parent":0,"menu_order":0,"comment_status":"closed","ping_status":"closed","template":"","meta":[],"_links":{"self":[{"href":"https:\/\/bernard-visse.fr\/ev\/wp-json\/wp\/v2\/pages\/690"}],"collection":[{"href":"https:\/\/bernard-visse.fr\/ev\/wp-json\/wp\/v2\/pages"}],"about":[{"href":"https:\/\/bernard-visse.fr\/ev\/wp-json\/wp\/v2\/types\/page"}],"author":[{"embeddable":true,"href":"https:\/\/bernard-visse.fr\/ev\/wp-json\/wp\/v2\/users\/3"}],"replies":[{"embeddable":true,"href":"https:\/\/bernard-visse.fr\/ev\/wp-json\/wp\/v2\/comments?post=690"}],"version-history":[{"count":4,"href":"https:\/\/bernard-visse.fr\/ev\/wp-json\/wp\/v2\/pages\/690\/revisions"}],"predecessor-version":[{"id":1032,"href":"https:\/\/bernard-visse.fr\/ev\/wp-json\/wp\/v2\/pages\/690\/revisions\/1032"}],"wp:attachment":[{"href":"https:\/\/bernard-visse.fr\/ev\/wp-json\/wp\/v2\/media?parent=690"}],"curies":[{"name":"wp","href":"https:\/\/api.w.org\/{rel}","templated":true}]}}