{"id":659,"date":"2020-04-15T14:56:12","date_gmt":"2020-04-15T12:56:12","guid":{"rendered":"http:\/\/bernard-visse.fr\/ev\/?page_id=659"},"modified":"2020-04-20T21:04:00","modified_gmt":"2020-04-20T19:04:00","slug":"prix-jeunesse-raconte-moi-lhistoire","status":"publish","type":"page","link":"https:\/\/bernard-visse.fr\/ev\/prix-jeunesse-raconte-moi-lhistoire\/","title":{"rendered":"Prix Jeunesse : Raconte-moi l&rsquo;Histoire"},"content":{"rendered":"\n<br>\n      <p>Apr\u00e8s trois \u00e9ditions du <strong>salon du livre d\u2019histoire<\/strong> \n        \u00e0 Verdun (Meuse) et la cr\u00e9ation du <strong>Prix du Livre d\u2019Histoire<\/strong>, \n        la mise en place d\u2019un prix Litt\u00e9rature Jeunesse est une \u00e9vidence et r\u00e9pond \u00e0 la demande d\u2019enseignants.<\/p>\n      <p>De plus le salon est prolong\u00e9 d\u2019une journ\u00e9e pour les scolaires.<\/p>\n      <p>Ce prix s\u2019adresse \u00e0 un public de coll\u00e9giens de niveau 4\u00e8me \n        \u2013 3\u00e8me \u00e0 qui il est propos\u00e9 d\u2019\u00e9lire le meilleur ouvrage paru au cours \n        des derniers mois sur le th\u00e8me de l\u2019Histoire (19\u00e8me \u2013 20\u00e8me si&egrave;cles).<\/p>\n      <p>L\u2019ouvrage prim\u00e9 sera celui qui aura le plus plu aux \u00e9l\u00e8ves qui le recommandent donc \u00e0 leurs amis.<\/p>\n      <p>La s\u00e9lection soumise \u00e0 leur jugement comporte six livres \n        de genres diff\u00e9rents (r\u00e9cits historiques, albums documentaires, BD).<\/p>\n      <p>La s\u00e9lection est faite par un jury compos\u00e9 de personnalit\u00e9s \n        de l\u2019\u00e9ducation nationale (inspecteurs p\u00e9dagogiques r\u00e9gionaux en Lettres \n        et Histoire, enseignants de coll\u00e8ge, documentalistes\u2026) et des professionnels \n        du livre (libraires, biblioth\u00e9caires, centre r\u00e9gional du livre\u2026).<\/p>\n      <p>La s\u00e9lection sera d\u00e9voil\u00e9e \u00e0 l\u2019occasion du salon du livre \n        (en 2007, ce salon a lieu &agrave; Verdun du 10 au 12 novembre). <\/p>\n      <p>En parall\u00e8le, de nombreuses pistes de travail ou d\u2019activit\u00e9s seront propos\u00e9es aux enseignants. <\/p>\n      <p>Une journ\u00e9e de cl\u00f4ture, au cours de laquelle sera remis le prix, est pr\u00e9vue courant juin 2008. <\/p>\n      <br>\n      <h4>Renseignements<\/h4>\n      <br>\n      <p>Isabelle NOURRY : 03 29 86 55 00 \/ email : cmpaix@wanadoo.fr<br>\n        Claire VELAIN : 03 29 86 00 70 \/ email : 1418meuse@wanadoo.fr<\/p>\n      <br>\n","protected":false},"excerpt":{"rendered":"<p>Apr\u00e8s trois \u00e9ditions du salon du livre d\u2019histoire \u00e0 Verdun (Meuse) et la cr\u00e9ation du Prix du Livre d\u2019Histoire, la mise en place d\u2019un prix Litt\u00e9rature Jeunesse est une \u00e9vidence et r\u00e9pond \u00e0 la demande d\u2019enseignants. De plus le salon est prolong\u00e9 d\u2019une journ\u00e9e pour les scolaires. Ce prix s\u2019adresse \u00e0 un public de coll\u00e9giens de niveau 4\u00e8me \u2013 3\u00e8me \u00e0 qui il est propos\u00e9 d\u2019\u00e9lire le meilleur ouvrage paru au cours des derniers mois sur le th\u00e8me de l\u2019Histoire (19\u00e8me \u2013 20\u00e8me si&egrave;cles). L\u2019ouvrage prim\u00e9 sera celui qui aura le plus plu aux \u00e9l\u00e8ves qui le recommandent donc \u00e0 leurs amis. La s\u00e9lection soumise \u00e0 leur jugement comporte six livres de genres diff\u00e9rents (r\u00e9cits historiques, albums documentaires, BD). La s\u00e9lection est faite par un jury compos\u00e9 de personnalit\u00e9s de l\u2019\u00e9ducation nationale (inspecteurs p\u00e9dagogiques r\u00e9gionaux en Lettres et Histoire, enseignants de coll\u00e8ge, documentalistes\u2026) et des professionnels du livre (libraires, biblioth\u00e9caires, centre r\u00e9gional du livre\u2026). La s\u00e9lection sera d\u00e9voil\u00e9e \u00e0 l\u2019occasion du salon du livre (en 2007, ce salon a lieu &agrave; Verdun du 10 au 12 novembre). En parall\u00e8le, de nombreuses pistes de travail ou d\u2019activit\u00e9s seront propos\u00e9es aux enseignants. Une journ\u00e9e de cl\u00f4ture, au cours de laquelle sera remis le prix, est pr\u00e9vue courant juin 2008. Renseignements Isabelle NOURRY : 03 29 86 55 00 \/ email : cmpaix@wanadoo.fr Claire VELAIN : 03 29 86 00 70 \/ email : 1418meuse@wanadoo.fr<\/p>\n","protected":false},"author":3,"featured_media":0,"parent":0,"menu_order":0,"comment_status":"closed","ping_status":"closed","template":"","meta":[],"_links":{"self":[{"href":"https:\/\/bernard-visse.fr\/ev\/wp-json\/wp\/v2\/pages\/659"}],"collection":[{"href":"https:\/\/bernard-visse.fr\/ev\/wp-json\/wp\/v2\/pages"}],"about":[{"href":"https:\/\/bernard-visse.fr\/ev\/wp-json\/wp\/v2\/types\/page"}],"author":[{"embeddable":true,"href":"https:\/\/bernard-visse.fr\/ev\/wp-json\/wp\/v2\/users\/3"}],"replies":[{"embeddable":true,"href":"https:\/\/bernard-visse.fr\/ev\/wp-json\/wp\/v2\/comments?post=659"}],"version-history":[{"count":1,"href":"https:\/\/bernard-visse.fr\/ev\/wp-json\/wp\/v2\/pages\/659\/revisions"}],"predecessor-version":[{"id":660,"href":"https:\/\/bernard-visse.fr\/ev\/wp-json\/wp\/v2\/pages\/659\/revisions\/660"}],"wp:attachment":[{"href":"https:\/\/bernard-visse.fr\/ev\/wp-json\/wp\/v2\/media?parent=659"}],"curies":[{"name":"wp","href":"https:\/\/api.w.org\/{rel}","templated":true}]}}