{"id":654,"date":"2020-04-15T11:55:25","date_gmt":"2020-04-15T09:55:25","guid":{"rendered":"http:\/\/bernard-visse.fr\/ev\/?page_id=654"},"modified":"2020-04-20T21:04:35","modified_gmt":"2020-04-20T19:04:35","slug":"prix-du-livre-dhistoireprix-mondes-en-guerre","status":"publish","type":"page","link":"https:\/\/bernard-visse.fr\/ev\/prix-du-livre-dhistoireprix-mondes-en-guerre\/","title":{"rendered":"Prix Mondes en guerre, mondes en paix"},"content":{"rendered":"\n<br>\n      <p>Cr\u00e9\u00e9 \u00e0 Verdun (Meuse) en 2005, le <strong>Prix du \n        Livre d&rsquo;Histoire<\/strong> vise \u00e0 r\u00e9compenser le meilleur ouvrage paru au cours de la derni\u00e8re ann\u00e9e (premi\u00e8re parution \u00e0 partir de septembre) sur le th\u00e8me donn\u00e9.<\/p>\n<p>Entretemps, ce prix a chang\u00e9 de nom pour devenir le <strong>Prix Mondes en guerre, mondes en paix<\/strong>.<\/p>\n      <p>Il est pr\u00e9sid\u00e9 par Jean-Pierre RIOUX, directeur de <em>Vingti\u00e8me \n        si\u00e8cle \u2013 revue d\u2019histoire<\/em> et inspecteur g\u00e9n\u00e9ral honoraire de l\u2019\u00c9ducation Nationale.<br>\n        Les autres membres du jury sont en 2006 :<br>\n        &#8211; Fran\u00e7ois COCHET, professeur d\u2019histoire contemporaine \u00e0 l\u2019Universit\u00e9 de Metz<br>\n        &#8211; Fr\u00e9d\u00e9ric GUELTON, chef du d\u00e9partement terre du SHD (Service Historique de la D\u00e9fense)<br>\n        &#8211; Emmanuel LAURENTIN, producteur de l\u2019\u00e9mission <em>La nouvelle fabrique<\/em> sur France Culture<br>\n        &#8211; Paule RENE-BAZIN, adjointe au directeur de la M\u00e9moire, du Patrimoine et des Archives (DMPA)<br>\n        &#8211; Didier SAPAUT, directeur de la cha\u00eene <em>Histoire<\/em><br>\n        &#8211; Hubert TISON, r\u00e9dacteur en chef de la revue <em>Historiens et g\u00e9ographes<\/em>.<\/p>\n            <br>\n      <h3>Les Laur\u00e9ats<\/h3>\n      <br>\n<p>2019 : <strong>Partisans et centurions, une histoire de la guerre irr\u00e9guli\u00e8re au XXe si\u00e8cle<\/strong>, Elie TENENBAUM (Editions Perrin)<\/p>\n\n<p>2018 : <strong>Par les armes. Le jour o\u00f9 l\u2019homme inventa la guerre<\/strong> Anne Leho\u00ebrff (Editions Belin)<\/p> \n\n<p>2017 : <strong>La mer et la France, quand les Bourbons voulaient dominer les oc\u00e9ans<\/strong>, Olivier CHALINE (Editions Flammarion, 2017)<\/p> \n\n<p>2016 : <strong>Juifs et musulmans en Palestine et en Isra\u00ebl des origines \u00e0 1948<\/strong> Amnon COHEN (Editions Tallandier, 2016)<\/p>\n\n<p>2015 : <strong>Lafayette<\/strong>, Jean-Pierre BOIS (Editions Perrin, 2015)<\/p>\n\n<p>2014 : <strong>La Gr\u00e8ce et les Balkans<\/strong>, Olivier DELORME (Editions Gallimard, 2014)<\/p>\n\n<p>2013 : <strong>La Grande Guerre des gendarmes<\/strong>, Louis N. PANEL (Nouveau Monde Editions, 2013)<\/p> \n\n<p>2012 : <strong>Comment de Gaulle et le FLN ont mis fin \u00e0 la guerre d\u2019Alg\u00e9rie<\/strong>, Chantal MORELLE (Andr\u00e9 Versailles \u00e9diteur, 2012)<\/p>\n\n<p>2011 : <strong>Le conflit isra\u00e9lo-arabe<\/strong>, Alain DIECKOFF (Editions Armand Colin, 2011)<\/p> \n\n<p>2010 : <strong>Afghanistan 2001-2010<\/strong>, Jean-Charles JAUFFRET (Editions Autrement, 2010)<\/p> \n\n<p>2009 : <strong>La puissance ou l\u2019influence ? La France dans le monde depuis 1958<\/strong>, Maurice VAISSE (Editions Fayard, 2009)<\/p>\n\n<p>2008 : <strong>Lorraine 1918<\/strong>, R\u00e9gis LATOUCHE (Editions Place Stanislas, 2008)<\/p>\n\n<p>2007 : <strong>Le ressentiment dans l\u2019Histoire<\/strong>, Marc FERRO (Editions Odile Jacob, 2007)<\/p>\n\n<p>2006 : <strong>Les Colonies dans la Grande Guerre<\/strong> de Jacques FREMEAUX (Editions Soteca)<\/p> \n\n<p>2005 : \u00e0 titre posthume, <strong>Ma ville \u00e0 l\u2019heure nazie<\/strong> de Marie-Joseph BOPP (Editions La Nu\u00e9e Bleue). Le prix a \u00e9t\u00e9 remis \u00e0 Marie-Claire VITOUX et Nicolas STOSKOPF qui ont \u00e9tabli cette \u00e9dition.<\/p>\n","protected":false},"excerpt":{"rendered":"<p>Cr\u00e9\u00e9 \u00e0 Verdun (Meuse) en 2005, le Prix du Livre d&rsquo;Histoire vise \u00e0 r\u00e9compenser le meilleur ouvrage paru au cours de la derni\u00e8re ann\u00e9e (premi\u00e8re parution \u00e0 partir de septembre) sur le th\u00e8me donn\u00e9. Entretemps, ce prix a chang\u00e9 de nom pour devenir le Prix Mondes en guerre, mondes en paix. Il est pr\u00e9sid\u00e9 par Jean-Pierre RIOUX, directeur de Vingti\u00e8me si\u00e8cle \u2013 revue d\u2019histoire et inspecteur g\u00e9n\u00e9ral honoraire de l\u2019\u00c9ducation Nationale. Les autres membres du jury sont en 2006 : &#8211; Fran\u00e7ois COCHET, professeur d\u2019histoire contemporaine \u00e0 l\u2019Universit\u00e9 de Metz &#8211; Fr\u00e9d\u00e9ric GUELTON, chef du d\u00e9partement terre du SHD (Service Historique de la D\u00e9fense) &#8211; Emmanuel LAURENTIN, producteur de l\u2019\u00e9mission La nouvelle fabrique sur France Culture &#8211; Paule RENE-BAZIN, adjointe au directeur de la M\u00e9moire, du Patrimoine et des Archives (DMPA) &#8211; Didier SAPAUT, directeur de la cha\u00eene Histoire &#8211; Hubert TISON, r\u00e9dacteur en chef de la revue Historiens et g\u00e9ographes. Les Laur\u00e9ats 2019 : Partisans et centurions, une histoire de la guerre irr\u00e9guli\u00e8re au XXe si\u00e8cle, Elie TENENBAUM (Editions Perrin) 2018 : Par les armes. Le jour o\u00f9 l\u2019homme inventa la guerre Anne Leho\u00ebrff (Editions Belin) 2017 : La mer et la France, quand les Bourbons voulaient dominer les oc\u00e9ans, Olivier CHALINE (Editions Flammarion, 2017) 2016 : Juifs et musulmans en Palestine et en Isra\u00ebl des origines \u00e0 1948 Amnon COHEN (Editions Tallandier, 2016) 2015 : Lafayette, Jean-Pierre BOIS (Editions Perrin, 2015) 2014 : La Gr\u00e8ce et les Balkans, Olivier DELORME (Editions Gallimard, 2014) 2013 : La Grande Guerre des gendarmes, Louis N. PANEL (Nouveau Monde Editions, 2013) 2012 : Comment de Gaulle et le FLN ont mis fin \u00e0 la guerre d\u2019Alg\u00e9rie, Chantal MORELLE (Andr\u00e9 Versailles \u00e9diteur, 2012) 2011 : Le conflit isra\u00e9lo-arabe, Alain DIECKOFF (Editions Armand Colin, 2011) 2010 : Afghanistan 2001-2010, Jean-Charles JAUFFRET (Editions Autrement, 2010) 2009 : La puissance ou l\u2019influence ? La France dans le monde depuis 1958, Maurice VAISSE (Editions Fayard, 2009) 2008 : Lorraine 1918, R\u00e9gis LATOUCHE (Editions Place Stanislas, 2008) 2007 : Le ressentiment dans l\u2019Histoire, Marc FERRO (Editions Odile Jacob, 2007) 2006 : Les Colonies dans la Grande Guerre de Jacques FREMEAUX (Editions Soteca) 2005 : \u00e0 titre posthume, Ma ville \u00e0 l\u2019heure nazie de Marie-Joseph BOPP (Editions La Nu\u00e9e Bleue). Le prix a \u00e9t\u00e9 remis \u00e0 Marie-Claire VITOUX et Nicolas STOSKOPF qui ont \u00e9tabli cette \u00e9dition.<\/p>\n","protected":false},"author":3,"featured_media":0,"parent":0,"menu_order":0,"comment_status":"closed","ping_status":"closed","template":"","meta":[],"_links":{"self":[{"href":"https:\/\/bernard-visse.fr\/ev\/wp-json\/wp\/v2\/pages\/654"}],"collection":[{"href":"https:\/\/bernard-visse.fr\/ev\/wp-json\/wp\/v2\/pages"}],"about":[{"href":"https:\/\/bernard-visse.fr\/ev\/wp-json\/wp\/v2\/types\/page"}],"author":[{"embeddable":true,"href":"https:\/\/bernard-visse.fr\/ev\/wp-json\/wp\/v2\/users\/3"}],"replies":[{"embeddable":true,"href":"https:\/\/bernard-visse.fr\/ev\/wp-json\/wp\/v2\/comments?post=654"}],"version-history":[{"count":7,"href":"https:\/\/bernard-visse.fr\/ev\/wp-json\/wp\/v2\/pages\/654\/revisions"}],"predecessor-version":[{"id":664,"href":"https:\/\/bernard-visse.fr\/ev\/wp-json\/wp\/v2\/pages\/654\/revisions\/664"}],"wp:attachment":[{"href":"https:\/\/bernard-visse.fr\/ev\/wp-json\/wp\/v2\/media?parent=654"}],"curies":[{"name":"wp","href":"https:\/\/api.w.org\/{rel}","templated":true}]}}