{"id":650,"date":"2020-04-15T11:46:41","date_gmt":"2020-04-15T09:46:41","guid":{"rendered":"http:\/\/bernard-visse.fr\/ev\/?page_id=650"},"modified":"2020-04-21T16:02:48","modified_gmt":"2020-04-21T14:02:48","slug":"prix-jeandheurs","status":"publish","type":"page","link":"https:\/\/bernard-visse.fr\/ev\/prix-jeandheurs\/","title":{"rendered":"Prix Jeand&rsquo;heurs"},"content":{"rendered":"\n<p>Fond\u00e9 en 1987, le Prix Jeand&rsquo;Heurs est remis chaque ann&eacute;e \n      d&eacute;but novembre au Centre Mondial de la Paix &agrave; Verdun dans \n      le cadre du Salon du Livre d&#8217;Histoire (remise du Prix du Livre d&#8217;Histoire) \n      et de la quinzaine du roman historique : en plus d&#8217;une couverture \n      m&eacute;diatique r&eacute;gionale, le laur&eacute;at se voit attribuer \n      par le Conseil G&eacute;n&eacute;ral de la Meuse un ch&egrave;que de 3 000 \n      &euro;.<\/p>\n      <p>Il est d&eacute;cern&eacute; par un jury d&#8217;honneur \n        pr&eacute;sid&eacute; par le laur&eacute;at de l&#8217;ann&eacute;e pr&eacute;c&eacute;dente \n        et compos&eacute; de lecteurs amateurs passionn&eacute;s par l&#8217;Histoire \n        de tous les peuples et de toutes les &eacute;poques : un comit&eacute; \n        de lecture lit tout au long de l&#8217;ann&eacute;e plus d&#8217;une centaine \n        d&#8217;ouvrages envoy&eacute;s par les auteurs et les maisons d&#8217;&eacute;dition \n        et s&eacute;lectionne les 3 romans historiques qui seront propos&eacute;s \n        au jury d&#8217;honneur. <\/p>\n      <p>Il r&eacute;compense des romans historiques de grandes qualit&eacute;s \n        historiques, romanesques et litt&eacute;raires &agrave; m&ecirc;me de \n        rendre l&#8217;Histoire plus accessible au grand public : les ouvrages \n        doivent &ecirc;tre de langue fran&ccedil;aise, parus de septembre &agrave; \n        ao&ucirc;t et &eacute;crits par des auteurs vivants qui nous font l&#8217;honneur \n        de leur pr&eacute;sence dans le d&eacute;partement de la Meuse le jour de la remise du prix.<\/p>\n      <br>\n      <p>Contact : Conseil G\u00e9n\u00e9ral de la Meuse<br>\n        Direction de la Culture, du Sport et du Tourisme<br>\n        Place Pierre-Fran\u00e7ois Gossin<br>\n        BP 514<br>\n        55012 BAR LE DUC C\u00e9dex<br>\n      T\u00e9l : 03 29 45 09 04<\/p>\n\t\t\n    <p><a href=\"http:\/\/camelia55.meuse.fr\/meuse.fr\/cms\/articleview\/id_profil\/622\/id\/35\" target=\"_blank\" rel=\"noopener noreferrer\">Page du Prix.<\/a><\/p>\n    <br>\n      <h3>Les Laur\u00e9ats<\/h3>\n      <br>\n\t<p><b>2016 : <\/b>Daniel ARSAND, <strong>Je suis en vie et tu ne m&rsquo;entends pas<\/strong> (Actes Sud)<br>\n      &nbsp; &nbsp; &nbsp; &#8211; Mich\u00e8le AUDIN, <strong>Mademoiselle Haas<\/strong> (Gallimard)<br>\n      &nbsp; &nbsp; &nbsp; &#8211; Antoine CHOPLIN, <strong>Une for\u00eat d&rsquo;arbres creux<\/strong> (La Fosse aux ours)<\/p>\n\t<p><b>2015 : <\/b>Eug\u00e8ne EBODE, <strong>Souveraine Magnifique<\/strong> (Gallimard)<br>\n      &nbsp; &nbsp; &nbsp; &#8211; Guillaume de FONCLARE, <strong>Jo\u00eb (Stock)<\/strong><br>\n      &nbsp; &nbsp; &nbsp; &#8211; Val\u00e9rie ZENATTI, <strong>Jacob, Jacob<\/strong> (ed. de l&rsquo;Olivier)<\/p>\n    <p><b>2014 : <\/b> Valentine GOBY, <strong>Kinderzimmer<\/strong> \n      (Actes Sud)<br>\n      &nbsp; &nbsp; &nbsp; &#8211; Mich&egrave;le AUDIN, <strong>Cent vingt et un jours<\/strong> \n      (Gallimard)<br>\n      &nbsp; &nbsp; &nbsp; &#8211; Slobodan DESPOT, <strong>Le Miel<\/strong> (Gallimard)<\/p>\n    <p><b>2013 : <\/b>Fran&ccedil;ois-Henri DESERABLE, <strong>Tu \n      montreras ma t&ecirc;te au peuple<\/strong> (Gallimard)<br>\n      &nbsp; &nbsp; &nbsp; &#8211; Michel JULLIEN, <strong>Esquisse d&rsquo;un pendu<\/strong> \n      (Verdier)<br>\n      &nbsp; &nbsp; &nbsp; &#8211; Vincent BOREL, <strong>Richard W.<\/strong> (Sabine \n      Wespieser)<\/p>\n    <p><b>2012 : <\/b>Romain SLOCOMBE, <b>Monsieur le Commandant<\/b> \n      (Nil Editions)<br>\n      &nbsp; &nbsp; &nbsp; &#8211; Antoine CHOPLIN, <strong>Le H&eacute;ron de Guernica<\/strong> \n      (Rouergue)<br>\n      &nbsp; &nbsp; &nbsp; &#8211; Jean No&euml;l PANCRAZI, <strong>La Montagne<\/strong> \n      (Gallimard)<\/p>\n      <p><b>2011 : <\/b>Arnaud RYCKNER, <b>Le Wagon<\/b> (Editions du \n      Rouergue)<br>\n      &nbsp; &nbsp; &nbsp; &#8211; Fran&ccedil;ois Guillaume LORRAIN, <strong>L&rsquo;Homme \n      de Lyon<\/strong> (Grasset)<br>\n      &nbsp; &nbsp; &nbsp; &#8211; J&eacute;r&ocirc;me FERRARI, <strong>O&ugrave; j&rsquo;ai \n      laiss&eacute; mon &acirc;me<\/strong> (Actes Sud)<\/p>\n      <p><b>2010 : <\/b>Bruno TESSARECH, <b>Les Sentinelles<\/b> (Grasset)<br>\n      &nbsp; &nbsp; &nbsp; &#8211; Tuy&ecirc;t-Nga NGUYEN, <b>Soleil fan&eacute;<\/b> (Luc Pire)<br>\n      &nbsp; &nbsp; &nbsp; &#8211; Soazig AARON, <b>La Sentinelle tranquille sous la lune<\/b> (Gallimard)<\/p>\n      <p><b>2009 : <\/b>B\u00e9atrice FONTANEL, <b>L&rsquo;Homme barbel\u00e9<\/b> (Grasset)<br>\n      &nbsp; &nbsp; &nbsp; &#8211; Yasmina KHADRA, <b>Ce que le jour doit &agrave; la nuit<\/b> (Julliard)<br>\n      &nbsp; &nbsp; &nbsp; &#8211; Agn&egrave;s MICHAUX, <strong>Le T&eacute;moin<\/strong> \n      (Flammarion Lettres)<\/b><\/p>\n      <p><b>2008 : <\/b>Alain LE NINEZE, <b>Sator, l&rsquo;\u00e9nigme du carr\u00e9 \n        magique<\/b> (Actes Sud)<br>\n        &nbsp; &nbsp; &nbsp; &#8211; Mich\u00e8le BENOIT, <b>La Terre de personne<\/b> (Editions \n        Serpenoise)<br>\n        &nbsp; &nbsp; &nbsp; &#8211; Nella BIELSKI, <b>C&rsquo;\u00e9tait l&rsquo;an 42<\/b> (Quidam \u00e9diteur)<\/p>\n      <p><b>2007 : <\/b>Virginie OLLAGNIER, <b>Toutes ces vies qu&rsquo;on \n        abandonne<\/b> (Editions Liana Levi)<br>\n        &nbsp; &nbsp; &nbsp; &#8211; Gilles LAPORTE, <b>Julie Victoire, premi\u00e8re bacheli\u00e8re \n        de France<\/b> (Editions ESKA)<br>\n        &nbsp; &nbsp; &nbsp; &#8211; Jean-Michel THIBAUX, <b>Sous la griffe du Bouddha<\/b> \n        (Editions Plon)<\/p>\n      <p><b>2006 : <\/b>Bernard TIRTIAUX, <b>Piti\u00e9 pour le mal<\/b> \n        (Editions Jean-Claude Latt\u00e8s)<br>\n        &nbsp; &nbsp; &nbsp; &#8211; Jean d\u2019AILLON, <b>La Conjecture de Fermat<\/b> (Editions \n        Jean-Claude Latt\u00e8s)<br>\n        &nbsp; &nbsp; &nbsp; &#8211; Hortense DUFOUR, <b>Le Bois des abeilles<\/b> (Editions \n        Flammarion)<\/p>\n      <p><b>2005 : <\/b>Patrick WEBER (Belgique), <b>Le Grand Cinqui\u00e8me<\/b> \n        (Editions Latt\u00e8s)<br>\n        &nbsp; &nbsp; &nbsp; &#8211; G\u00e9rard HUBERT-RICHOU, <b>Cort\u00e8ge royal<\/b> (Editions \n        Pygmalion)<br>\n        &nbsp; &nbsp; &nbsp; &#8211; Jean-Yves PROVERBIO, <b>La Dame des Highlands<\/b> \n        (Editions du Rocher)<\/p>\n      <p><b>2004 : <\/b>Hubert PROLONGEAU, <b>Le Baiser de Judas <\/b>(Editions \n        Grasset).<br>\n        &nbsp; &nbsp; &nbsp; &#8211; Henri-Fr\u00e9d\u00e9ric BLANC, <b>La M\u00e9canique des anges<\/b> \n        (Editions du Rocher)<br>\n        &nbsp; &nbsp; &nbsp; &#8211; Hubert MONTEILHET, <b>Les Bouffons<\/b> (Editions \n        de Fallois)<\/p>\n      <p><b>2003 : <\/b>Jean-Pierre DUFREIGNE, <b>Louis XIV, le lever \n        du soleil<\/b> (Editions Plon)<br>\n        &nbsp; &nbsp; &nbsp; &#8211; Romain SARDOU, <b>Pardonnez nos offenses<\/b> (Editions \n        XO)<br>\n        &nbsp; &nbsp; &nbsp; &#8211; Morgan SPORTES, <b>L\u2019Insens\u00e9<\/b> (Editions Grasset)<\/p>\n      <p><b>2002 : <\/b>Arnaud DELALANDE, <b>L&rsquo;\u00c9glise de Satan<\/b> \n        (Editions Grasset)<br>\n        &nbsp; &nbsp; &nbsp; &#8211; Laurent JOFFRIN, <b>La Princesse Oubli\u00e9e<\/b> (Editions \n        Robert Laffont)<br>\n        &nbsp; &nbsp; &nbsp; &#8211; Jean-Fran\u00e7ois PAROT, <b>Les Enqu\u00eates de Nicolas \n        Le Floch, commissaire au Ch\u00e2telet : Le Fant\u00f4me de la rue royale<\/b> (Editions \n        Jean-Claude Latt\u00e8s)<\/p>\n      <p><b>2001 : <\/b>Fr\u00e9d\u00e9ric H. FAJARDIE, <b>Les Foulards rouges<\/b> \n        (Editions Jean-Claude Latt\u00e8s)<br>\n        &nbsp; &nbsp; &nbsp; &#8211; Juliette MORILLOT, <b>Les Orchid\u00e9es rouges de Shanghai<\/b> \n        (Presses de la Cit\u00e9)<br>\n        &nbsp; &nbsp; &nbsp; &#8211; Anne WIAZEMSKY, <b>Aux quatre coins du monde<\/b> \n        (Editions Gallimard)<\/p>\n      <p><b>2000 : <\/b>Marie BRANTOME, <b>Le Galant exil du Marquis \n        de Boufflers<\/b> (Editions Flammarion)<br>\n        &nbsp; &nbsp; &nbsp; &#8211; Philippe FREY, <b>Le Chevalier Songha\u00ef<\/b> (Editions \n        Robert Laffont)<br>\n        &nbsp; &nbsp; &nbsp; &#8211; Elisabeth BELORGEY, <b>Autoportrait de Van Eyck<\/b> \n        (Editions Fayard)<\/p>\n      <p><b>1999 : <\/b>Jacques BAUDOUIN, <b>Le Mandarin blanc<\/b> \n        (Editions Jean-Claude Latt\u00e8s)<br>\n        &nbsp; &nbsp; &nbsp; &#8211; Henri SACCHI, <b>L\u2019Or des Su\u00e9dois<\/b> (Editions \n        C\u00eatre)<br>\n        &nbsp; &nbsp; &nbsp; &#8211; Pascale REY, <b>Ad\u00e8le d\u2019Aiguebrune<\/b> (Editions \n        Robert Laffont)<\/p>\n      <p><b>1998 : <\/b>Franz-Olivier GIESBERT, <b>Le Sieur Dieu<\/b> \n        (Editions Grasset)<br>\n        &nbsp; &nbsp; &nbsp; &#8211; Jacques ALMIRA, <b>Le Salon des apog\u00e9es ou La Vie \n        du prince Eug\u00e8ne de Savoie<\/b> (Editions Gallimard)<br>\n        &nbsp; &nbsp; &nbsp; &#8211; Mireille LESAGE, <b>La Salamandre d\u2019or<\/b> (Editions \n        Pygmalion)<\/p>\n      <p><b>1997 : <\/b>Jean-Fran\u00e7ois NAHMIAS, <b>L&rsquo;Illusion cathare<\/b> \n        (\u00c9ditions Albin Michel)<br>\n        &nbsp; &nbsp; &nbsp; &#8211; Henri PIGAILLEM, <b>Les Chevaliers du Christ<\/b> \n        (Editions Albin Michel)<br>\n        &nbsp; &nbsp; &nbsp; &#8211; Genevi\u00e8ve CHAUVEL, <b>Le Don d\u2019aimer, Marie Leczinska \n        reine de France<\/b> (Editions Pygmalion)<\/p>\n      <p><b>1996 : <\/b>Jean-Daniel BALTASSAT, <b>Le Galop de l&rsquo;ange<\/b> \n        (\u00c9ditions Robert Laffont)<br>\n        &nbsp; &nbsp; &nbsp; &#8211; Guy ABECASSIS, <b>Le Blouson vert<\/b> (Editions \n        Alfil)<br>\n        &nbsp; &nbsp; &nbsp; &#8211; Jean DIWO, <b>Les D\u00eeners de Calpurnia<\/b> (Editions \n        Flammarion)<\/p>\n      <p><b>1995 : <\/b>Michel FOLCO, <b>Un loup est un loup<\/b> (Editions \n        du Seuil)<br>\n        &nbsp; &nbsp; &nbsp; &#8211; Colette DAVENAT, <b>La Femme choisie<\/b> (Editions \n        Grasset)<br>\n        &nbsp; &nbsp; &nbsp; &#8211; Vladimir VOLKOFF, <b>Le Grand Tsar Blanc<\/b> (Editions \n        de Fallois)<\/p>\n      <p><b>1994 : <\/b>Jean-Jacques ANTIER, <b>Autant en apporte \n        la mer<\/b> (Presses de la Cit\u00e9)<br>\n        &nbsp; &nbsp; &nbsp; &#8211; Gilles COSSON, <b>Les Taureaux de Khorsabad<\/b> \n        (Editions Plon)<br>\n        &nbsp; &nbsp; &nbsp; &#8211; Yves JACOB, <b>Les Deux vies de Marie Salmon<\/b> \n        (Editions Tallandier)<\/p>\n      <p><b>1993 : <\/b>Louis GARDEL, <b>Dar Baroud<\/b> (Editions \n        du Seuil)<br>\n        &nbsp; &nbsp; &nbsp; &#8211; Agop J. HACIKYAN et Jean-Yves SOUCY, <b>Un \u00e9t\u00e9 \n        sans aube<\/b> (Presses de la Cit\u00e9)<br>\n        &nbsp; &nbsp; &nbsp; &#8211; Fr\u00e9d\u00e9ric VITOUX, <b>Charles et Camille<\/b> (Editions \n        du Seuil)<br>\n      &nbsp; &nbsp; &nbsp; &#8211; Bernard TIRTIAUX, <b>Le Passeur de lumi\u00e8re, Nivard \n      de Chassepierre ma\u00eetre verrier<\/b> (Editions Deno\u00ebl)<\/p>\n      <p><b>1992 : <\/b>Jean-Pierre NERAUDAU, <b>Le Myst\u00e8re du jardin \n        romain<\/b> (Editions Les Belles Lettres)<br>\n        &nbsp; &nbsp; &nbsp; &#8211; Michel FOLCO, <b>Dieu et nous seuls pouvons<\/b> \n        (Editions du Seuil)<br>\n        &nbsp; &nbsp; &nbsp; &#8211; Fran\u00e7ois MARTAINE, <b>La Dame de Nancy<\/b> (Editions \n        Tallandier)<br>\n        &nbsp; &nbsp; &nbsp; &#8211; Andr\u00e9 BARILARI , <b>L&rsquo;Horizon rompu<\/b> (Editions \n        Julliard)<\/p>\n      <p><b>1991 : <\/b>Emmanuel MAFFRE-BAUGE, <b>L&rsquo;Ep\u00e9e \u00e0 deux tranchants<\/b> \n        (Editions Robert Laffont)<br>\n        &nbsp; &nbsp; &nbsp; &#8211; Serge FILIPPINI, <b>L&rsquo;Homme incendi\u00e9<\/b> (Editions \n        Ph\u00e9bus)<br>\n        &nbsp; &nbsp; &nbsp; &#8211; Serge LENTZ, <b>La Strat\u00e9gie du bouffon<\/b> (Editions \n        Robert Laffont)<br>\n        &nbsp; &nbsp; &nbsp; &#8211; G\u00e9rald MESSADIE, <b>Matthias et le diable<\/b> (Editions \n        Robert Laffont)<\/p>\n      <p><b>1990 : <\/b>Vincent GABARRA, <b>Le Cr\u00e9puscule des hommes \n        <\/b>(Presses de la Renaissance)<br>\n        &nbsp; &nbsp; &nbsp; &#8211; Jacques FOLCH-RIBAS, <b>La Chair de pierre<\/b> \n        (Robert Laffont)<br>\n        &nbsp; &nbsp; &nbsp; &#8211; Pierre MONTLAUR, <b>Iosseph, le juif du Nil<\/b> \n        (Editions Albin Michel)<br>\n        &nbsp; &nbsp; &nbsp; &#8211; Fr\u00e9d\u00e9ric REY, <b>L\u2019Homme Michel Ange<\/b> (Editions \n        de Fallois)<\/p>\n      <p><b>1989 : <\/b>Christian JACQ, <b>La Reine Soleil<\/b> (\u00c9ditions \n        Julliard)<br>\n        &nbsp; &nbsp; &nbsp; &#8211; Jacques BAYNAC, <b>Le Cheval bl\u00eame<\/b> (Deno\u00ebl)<br>\n        &nbsp; &nbsp; &nbsp; &#8211; Joseph BIALOT, <b>Elisabeth ou le vent du sud<\/b> \n        (Editions Belfond)<br>\n        &nbsp; &nbsp; &nbsp; &#8211; Maryvonne MIQUEL, <b>L&rsquo;Anneau de la colombe<\/b> \n        (Editions Plon)<\/p>\n      <p><b>1988 : <\/b>Sylvie CROSSMAN et Michel GABRYSIAK, <b>La \n        Gu\u00e9niza<\/b> (Editions du Seuil)<br>\n        &nbsp; &nbsp; &nbsp; &#8211; Francis FEVRE, <b>Pharaon<\/b> (Presses de la Renaissance)<br>\n        &nbsp; &nbsp; &nbsp; &#8211; Marcel JULLIAN, <b>Je suis Fran\u00e7ois Villon<\/b> \n        (Editions Deno\u00ebl)<br>\n        &nbsp; &nbsp; &nbsp; &#8211; Madeleine LABADIE, <b>L\u2019Oiseau de nacre, le destin \n        prodigieux de Boulle \u00e9b\u00e9niste de Louis XIV <\/b> (Editions RMC)<\/p>\n      <p><b>1987 : <\/b>Gilbert SINOU\u00c9, <b>La Pourpre et l&rsquo;Olivier<\/b> \n        (Editions Orban)<br>\n        &nbsp; &nbsp; &nbsp; &#8211; Pierre de LA CHAPELLE, <b>Les Sentiers de Capvirade<\/b> \n        (Herme \u00e9ditions)<br>\n        &nbsp; &nbsp; &nbsp; &#8211; Claude LOUIS-COMBET, <b>Le Roman de M\u00e9lusine<\/b> \n        (Editions Albin Michel)<br>\n        &nbsp; &nbsp; &nbsp; &#8211; Marie-Louise REYEN, <b>La Paraison<\/b> (Editions \n        universitaires)<\/p><\/p>\n      <br>\n","protected":false},"excerpt":{"rendered":"<p>Fond\u00e9 en 1987, le Prix Jeand&rsquo;Heurs est remis chaque ann&eacute;e d&eacute;but novembre au Centre Mondial de la Paix &agrave; Verdun dans le cadre du Salon du Livre d&#8217;Histoire (remise du Prix du Livre d&#8217;Histoire) et de la quinzaine du roman historique : en plus d&#8217;une couverture m&eacute;diatique r&eacute;gionale, le laur&eacute;at se voit attribuer par le Conseil G&eacute;n&eacute;ral de la Meuse un ch&egrave;que de 3 000 &euro;. Il est d&eacute;cern&eacute; par un jury d&#8217;honneur pr&eacute;sid&eacute; par le laur&eacute;at de l&#8217;ann&eacute;e pr&eacute;c&eacute;dente et compos&eacute; de lecteurs amateurs passionn&eacute;s par l&#8217;Histoire de tous les peuples et de toutes les &eacute;poques : un comit&eacute; de lecture lit tout au long de l&#8217;ann&eacute;e plus d&#8217;une centaine d&#8217;ouvrages envoy&eacute;s par les auteurs et les maisons d&#8217;&eacute;dition et s&eacute;lectionne les 3 romans historiques qui seront propos&eacute;s au jury d&#8217;honneur. Il r&eacute;compense des romans historiques de grandes qualit&eacute;s historiques, romanesques et litt&eacute;raires &agrave; m&ecirc;me de rendre l&#8217;Histoire plus accessible au grand public : les ouvrages doivent &ecirc;tre de langue fran&ccedil;aise, parus de septembre &agrave; ao&ucirc;t et &eacute;crits par des auteurs vivants qui nous font l&#8217;honneur de leur pr&eacute;sence dans le d&eacute;partement de la Meuse le jour de la remise du prix. Contact : Conseil G\u00e9n\u00e9ral de la Meuse Direction de la Culture, du Sport et du Tourisme Place Pierre-Fran\u00e7ois Gossin BP 514 55012 BAR LE DUC C\u00e9dex T\u00e9l : 03 29 45 09 04 Page du Prix. Les Laur\u00e9ats 2016 : Daniel ARSAND, Je suis en vie et tu ne m&rsquo;entends pas (Actes Sud) &nbsp; &nbsp; &nbsp; &#8211; Mich\u00e8le AUDIN, Mademoiselle Haas (Gallimard) &nbsp; &nbsp; &nbsp; &#8211; Antoine CHOPLIN, Une for\u00eat d&rsquo;arbres creux (La Fosse aux ours) 2015 : Eug\u00e8ne EBODE, Souveraine Magnifique (Gallimard) &nbsp; &nbsp; &nbsp; &#8211; Guillaume de FONCLARE, Jo\u00eb (Stock) &nbsp; &nbsp; &nbsp; &#8211; Val\u00e9rie ZENATTI, Jacob, Jacob (ed. de l&rsquo;Olivier) 2014 : Valentine GOBY, Kinderzimmer (Actes Sud) &nbsp; &nbsp; &nbsp; &#8211; Mich&egrave;le AUDIN, Cent vingt et un jours (Gallimard) &nbsp; &nbsp; &nbsp; &#8211; Slobodan DESPOT, Le Miel (Gallimard) 2013 : Fran&ccedil;ois-Henri DESERABLE, Tu montreras ma t&ecirc;te au peuple (Gallimard) &nbsp; &nbsp; &nbsp; &#8211; Michel JULLIEN, Esquisse d&rsquo;un pendu (Verdier) &nbsp; &nbsp; &nbsp; &#8211; Vincent BOREL, Richard W. (Sabine Wespieser) 2012 : Romain SLOCOMBE, Monsieur le Commandant (Nil Editions) &nbsp; &nbsp; &nbsp; &#8211; Antoine CHOPLIN, Le H&eacute;ron de Guernica (Rouergue) &nbsp; &nbsp; &nbsp; &#8211; Jean No&euml;l PANCRAZI, La Montagne (Gallimard) 2011 : Arnaud RYCKNER, Le Wagon (Editions du Rouergue) &nbsp; &nbsp; &nbsp; &#8211; Fran&ccedil;ois Guillaume LORRAIN, L&rsquo;Homme de Lyon (Grasset) &nbsp; &nbsp; &nbsp; &#8211; J&eacute;r&ocirc;me FERRARI, O&ugrave; j&rsquo;ai laiss&eacute; mon &acirc;me (Actes Sud) 2010 : Bruno TESSARECH, Les Sentinelles (Grasset) &nbsp; &nbsp; &nbsp; &#8211; Tuy&ecirc;t-Nga NGUYEN, Soleil fan&eacute; (Luc Pire) &nbsp; &nbsp; &nbsp; &#8211; Soazig AARON, La Sentinelle tranquille sous la lune (Gallimard) 2009 : B\u00e9atrice FONTANEL, L&rsquo;Homme barbel\u00e9 (Grasset) &nbsp; &nbsp; &nbsp; &#8211; Yasmina KHADRA, Ce que le jour doit &agrave; la nuit (Julliard) &nbsp; &nbsp; &nbsp; &#8211; Agn&egrave;s MICHAUX, Le T&eacute;moin (Flammarion Lettres) 2008 : Alain LE NINEZE, Sator, l&rsquo;\u00e9nigme du carr\u00e9 magique (Actes Sud) &nbsp; &nbsp; &nbsp; &#8211; Mich\u00e8le BENOIT, La Terre de personne (Editions Serpenoise) &nbsp; &nbsp; &nbsp; &#8211; Nella BIELSKI, C&rsquo;\u00e9tait l&rsquo;an 42 (Quidam \u00e9diteur) 2007 : Virginie OLLAGNIER, Toutes ces vies qu&rsquo;on abandonne (Editions Liana Levi) &nbsp; &nbsp; &nbsp; &#8211; Gilles LAPORTE, Julie Victoire, premi\u00e8re bacheli\u00e8re de France (Editions ESKA) &nbsp; &nbsp; &nbsp; &#8211; Jean-Michel THIBAUX, Sous la griffe du Bouddha (Editions Plon) 2006 : Bernard TIRTIAUX, Piti\u00e9 pour le mal (Editions Jean-Claude Latt\u00e8s) &nbsp; &nbsp; &nbsp; &#8211; Jean d\u2019AILLON, La Conjecture de Fermat (Editions Jean-Claude Latt\u00e8s) &nbsp; &nbsp; &nbsp; &#8211; Hortense DUFOUR, Le Bois des abeilles (Editions Flammarion) 2005 : Patrick WEBER (Belgique), Le Grand Cinqui\u00e8me (Editions Latt\u00e8s) &nbsp; &nbsp; &nbsp; &#8211; G\u00e9rard HUBERT-RICHOU, Cort\u00e8ge royal (Editions Pygmalion) &nbsp; &nbsp; &nbsp; &#8211; Jean-Yves PROVERBIO, La Dame des Highlands (Editions du Rocher) 2004 : Hubert PROLONGEAU, Le Baiser de Judas (Editions Grasset). &nbsp; &nbsp; &nbsp; &#8211; Henri-Fr\u00e9d\u00e9ric BLANC, La M\u00e9canique des anges (Editions du Rocher) &nbsp; &nbsp; &nbsp; &#8211; Hubert MONTEILHET, Les Bouffons (Editions de Fallois) 2003 : Jean-Pierre DUFREIGNE, Louis XIV, le lever du soleil (Editions Plon) &nbsp; &nbsp; &nbsp; &#8211; Romain SARDOU, Pardonnez nos offenses (Editions XO) &nbsp; &nbsp; &nbsp; &#8211; Morgan SPORTES, L\u2019Insens\u00e9 (Editions Grasset) 2002 : Arnaud DELALANDE, L&rsquo;\u00c9glise de Satan (Editions Grasset) &nbsp; &nbsp; &nbsp; &#8211; Laurent JOFFRIN, La Princesse Oubli\u00e9e (Editions Robert Laffont) &nbsp; &nbsp; &nbsp; &#8211; Jean-Fran\u00e7ois PAROT, Les Enqu\u00eates de Nicolas Le Floch, commissaire au Ch\u00e2telet : Le Fant\u00f4me de la rue royale (Editions Jean-Claude Latt\u00e8s) 2001 : Fr\u00e9d\u00e9ric H. FAJARDIE, Les Foulards rouges (Editions Jean-Claude Latt\u00e8s) &nbsp; &nbsp; &nbsp; &#8211; Juliette MORILLOT, Les Orchid\u00e9es rouges de Shanghai (Presses de la Cit\u00e9) &nbsp; &nbsp; &nbsp; &#8211; Anne WIAZEMSKY, Aux quatre coins du monde (Editions Gallimard) 2000 : Marie BRANTOME, Le Galant exil du Marquis de Boufflers (Editions Flammarion) &nbsp; &nbsp; &nbsp; &#8211; Philippe FREY, Le Chevalier Songha\u00ef (Editions Robert Laffont) &nbsp; &nbsp; &nbsp; &#8211; Elisabeth BELORGEY, Autoportrait de Van Eyck (Editions Fayard) 1999 : Jacques BAUDOUIN, Le Mandarin blanc (Editions Jean-Claude Latt\u00e8s) &nbsp; &nbsp; &nbsp; &#8211; Henri SACCHI, L\u2019Or des Su\u00e9dois (Editions C\u00eatre) &nbsp; &nbsp; &nbsp; &#8211; Pascale REY, Ad\u00e8le d\u2019Aiguebrune (Editions Robert Laffont) 1998 : Franz-Olivier GIESBERT, Le Sieur Dieu (Editions Grasset) &nbsp; &nbsp; &nbsp; &#8211; Jacques ALMIRA, Le Salon des apog\u00e9es ou La Vie du prince Eug\u00e8ne de Savoie (Editions Gallimard) &nbsp; &nbsp; &nbsp; &#8211; Mireille LESAGE, La Salamandre d\u2019or (Editions Pygmalion) 1997 : Jean-Fran\u00e7ois NAHMIAS, L&rsquo;Illusion cathare (\u00c9ditions Albin Michel) &nbsp; &nbsp; &nbsp; &#8211; Henri PIGAILLEM, Les Chevaliers du Christ (Editions Albin Michel) &nbsp; &nbsp; &nbsp; &#8211; Genevi\u00e8ve CHAUVEL, Le Don d\u2019aimer, Marie Leczinska reine de France (Editions Pygmalion) 1996 : Jean-Daniel BALTASSAT, Le Galop de l&rsquo;ange (\u00c9ditions Robert Laffont) &nbsp; &nbsp; &nbsp; &#8211; Guy ABECASSIS, Le Blouson vert (Editions Alfil) &nbsp; &nbsp; &nbsp; &#8211; Jean DIWO, Les D\u00eeners de Calpurnia (Editions Flammarion) 1995 : Michel FOLCO, Un loup est un loup (Editions du Seuil) &nbsp; &nbsp; &nbsp; &#8211; Colette DAVENAT, La Femme choisie (Editions Grasset) &nbsp; &nbsp; &nbsp; &#8211; Vladimir VOLKOFF, Le Grand Tsar Blanc (Editions de Fallois) 1994 : Jean-Jacques ANTIER, Autant en apporte la mer (Presses de la Cit\u00e9) &nbsp; &nbsp; &nbsp; &#8211; Gilles COSSON, Les Taureaux de Khorsabad (Editions Plon) &nbsp; &nbsp; &nbsp; &#8211; Yves JACOB, Les Deux vies de Marie Salmon (Editions Tallandier) 1993 : Louis GARDEL, Dar Baroud (Editions du Seuil) &nbsp; &nbsp; &nbsp; &#8211; Agop J. HACIKYAN et Jean-Yves SOUCY, Un \u00e9t\u00e9 sans aube (Presses de la Cit\u00e9) &nbsp; &nbsp; &nbsp; &#8211; Fr\u00e9d\u00e9ric VITOUX, Charles et Camille (Editions du Seuil) &nbsp; &nbsp; &nbsp; &#8211; Bernard TIRTIAUX, Le Passeur de lumi\u00e8re, Nivard de Chassepierre ma\u00eetre verrier (Editions Deno\u00ebl) 1992 : Jean-Pierre NERAUDAU, Le Myst\u00e8re du jardin romain (Editions Les Belles Lettres) &nbsp; &nbsp; &nbsp; &#8211; Michel FOLCO, Dieu et nous seuls pouvons (Editions du Seuil) &nbsp; &nbsp; &nbsp; &#8211; Fran\u00e7ois MARTAINE, La Dame de Nancy (Editions Tallandier) &nbsp; &nbsp; &nbsp; &#8211; Andr\u00e9 BARILARI , L&rsquo;Horizon rompu (Editions Julliard) 1991 : Emmanuel MAFFRE-BAUGE, L&rsquo;Ep\u00e9e \u00e0 deux tranchants (Editions Robert Laffont) &nbsp; &nbsp; &nbsp; &#8211; Serge FILIPPINI, L&rsquo;Homme incendi\u00e9 (Editions Ph\u00e9bus) &nbsp; &nbsp; &nbsp; &#8211; Serge LENTZ, La Strat\u00e9gie du bouffon (Editions Robert Laffont) &nbsp; &nbsp; &nbsp; &#8211; G\u00e9rald MESSADIE, Matthias et le diable (Editions Robert Laffont) 1990 : Vincent GABARRA, Le Cr\u00e9puscule des hommes (Presses de la Renaissance) &nbsp; &nbsp; &nbsp; &#8211; Jacques FOLCH-RIBAS, La Chair de pierre (Robert Laffont) &nbsp; &nbsp; &nbsp; &#8211; Pierre MONTLAUR, Iosseph, le juif du Nil (Editions Albin Michel) &nbsp; &nbsp; &nbsp; &#8211; Fr\u00e9d\u00e9ric REY, L\u2019Homme Michel Ange (Editions de Fallois) 1989 : Christian JACQ, La Reine Soleil (\u00c9ditions Julliard) &nbsp; &nbsp; &nbsp; &#8211; Jacques BAYNAC, Le Cheval bl\u00eame (Deno\u00ebl) &nbsp; &nbsp; &nbsp; &#8211; Joseph BIALOT, Elisabeth ou le vent du sud (Editions Belfond) &nbsp; &nbsp; &nbsp; &#8211; Maryvonne MIQUEL, L&rsquo;Anneau de la colombe (Editions Plon) 1988 : Sylvie CROSSMAN et Michel GABRYSIAK, La Gu\u00e9niza (Editions du Seuil) &nbsp; &nbsp; &nbsp; &#8211; Francis FEVRE, Pharaon (Presses de la Renaissance) &nbsp; &nbsp; &nbsp; &#8211; Marcel JULLIAN, Je suis Fran\u00e7ois Villon (Editions Deno\u00ebl) &nbsp; &nbsp; &nbsp; &#8211; Madeleine LABADIE, L\u2019Oiseau de nacre, le destin prodigieux de Boulle \u00e9b\u00e9niste de Louis XIV (Editions RMC) 1987 : Gilbert SINOU\u00c9, La Pourpre et l&rsquo;Olivier (Editions Orban) &nbsp; &nbsp; &nbsp; &#8211; Pierre de LA CHAPELLE, Les Sentiers de Capvirade (Herme \u00e9ditions) &nbsp; &nbsp; &nbsp; &#8211; Claude LOUIS-COMBET, Le Roman de M\u00e9lusine (Editions Albin Michel) &nbsp; &nbsp; &nbsp; &#8211; Marie-Louise REYEN, La Paraison (Editions universitaires)<\/p>\n","protected":false},"author":3,"featured_media":0,"parent":0,"menu_order":0,"comment_status":"closed","ping_status":"closed","template":"","meta":[],"_links":{"self":[{"href":"https:\/\/bernard-visse.fr\/ev\/wp-json\/wp\/v2\/pages\/650"}],"collection":[{"href":"https:\/\/bernard-visse.fr\/ev\/wp-json\/wp\/v2\/pages"}],"about":[{"href":"https:\/\/bernard-visse.fr\/ev\/wp-json\/wp\/v2\/types\/page"}],"author":[{"embeddable":true,"href":"https:\/\/bernard-visse.fr\/ev\/wp-json\/wp\/v2\/users\/3"}],"replies":[{"embeddable":true,"href":"https:\/\/bernard-visse.fr\/ev\/wp-json\/wp\/v2\/comments?post=650"}],"version-history":[{"count":2,"href":"https:\/\/bernard-visse.fr\/ev\/wp-json\/wp\/v2\/pages\/650\/revisions"}],"predecessor-version":[{"id":652,"href":"https:\/\/bernard-visse.fr\/ev\/wp-json\/wp\/v2\/pages\/650\/revisions\/652"}],"wp:attachment":[{"href":"https:\/\/bernard-visse.fr\/ev\/wp-json\/wp\/v2\/media?parent=650"}],"curies":[{"name":"wp","href":"https:\/\/api.w.org\/{rel}","templated":true}]}}