{"id":637,"date":"2020-04-14T18:17:25","date_gmt":"2020-04-14T16:17:25","guid":{"rendered":"http:\/\/bernard-visse.fr\/ev\/?page_id=637"},"modified":"2020-04-26T16:08:48","modified_gmt":"2020-04-26T14:08:48","slug":"anthologie-vosgienne","status":"publish","type":"page","link":"https:\/\/bernard-visse.fr\/ev\/anthologie-vosgienne\/","title":{"rendered":"Anthologie vosgienne"},"content":{"rendered":"\n<p>Cette anthologie vosgienne donne acc\u00e8s \u00e0 des textes courts choisis pour leur qualit\u00e9 litt\u00e9raire ou leur int\u00e9r\u00eat documentaire. <\/p>\n\n\n\n<p>Nouvelles, r\u00e9cits, articles, discours, po\u00e8mes, chansons, sc\u00e8nes th\u00e9\u00e2trales\u2026 : nous esp\u00e9rons que la lecture de ces pages m\u00e9connues vous divertira !<br><br><\/p>\n\n\n\n[table id=2 \/]\n","protected":false},"excerpt":{"rendered":"<p>Cette anthologie vosgienne donne acc\u00e8s \u00e0 des textes courts choisis pour leur qualit\u00e9 litt\u00e9raire ou leur int\u00e9r\u00eat documentaire. Nouvelles, r\u00e9cits, articles, discours, po\u00e8mes, chansons, sc\u00e8nes th\u00e9\u00e2trales\u2026 : nous esp\u00e9rons que la lecture de ces pages m\u00e9connues vous divertira ! [table id=2 \/]<\/p>\n","protected":false},"author":3,"featured_media":0,"parent":0,"menu_order":0,"comment_status":"closed","ping_status":"closed","template":"","meta":[],"_links":{"self":[{"href":"https:\/\/bernard-visse.fr\/ev\/wp-json\/wp\/v2\/pages\/637"}],"collection":[{"href":"https:\/\/bernard-visse.fr\/ev\/wp-json\/wp\/v2\/pages"}],"about":[{"href":"https:\/\/bernard-visse.fr\/ev\/wp-json\/wp\/v2\/types\/page"}],"author":[{"embeddable":true,"href":"https:\/\/bernard-visse.fr\/ev\/wp-json\/wp\/v2\/users\/3"}],"replies":[{"embeddable":true,"href":"https:\/\/bernard-visse.fr\/ev\/wp-json\/wp\/v2\/comments?post=637"}],"version-history":[{"count":3,"href":"https:\/\/bernard-visse.fr\/ev\/wp-json\/wp\/v2\/pages\/637\/revisions"}],"predecessor-version":[{"id":1165,"href":"https:\/\/bernard-visse.fr\/ev\/wp-json\/wp\/v2\/pages\/637\/revisions\/1165"}],"wp:attachment":[{"href":"https:\/\/bernard-visse.fr\/ev\/wp-json\/wp\/v2\/media?parent=637"}],"curies":[{"name":"wp","href":"https:\/\/api.w.org\/{rel}","templated":true}]}}