{"id":602,"date":"2020-04-14T15:30:57","date_gmt":"2020-04-14T13:30:57","guid":{"rendered":"http:\/\/bernard-visse.fr\/ev\/?page_id=602"},"modified":"2020-04-14T20:14:25","modified_gmt":"2020-04-14T18:14:25","slug":"biographies-vosgiennes","status":"publish","type":"page","link":"https:\/\/bernard-visse.fr\/ev\/biographies-vosgiennes\/","title":{"rendered":"Biographies vosgiennes"},"content":{"rendered":"\n<table width=\"100%\" border=\"0\" cellspacing=\"10\" cellpadding=\"10\">\n        <tr> \n          <td colspan=\"3\"><p align=\"justify\"><font size=\"3\"><span class=\"texto\">Cette \n              partie du site <\/font><span class=\"texto\">compile int&eacute;gralement \n              de <a href=\"http:\/\/www.ecrivosges.com\/vosgiens\/present.php\">nombreuses \n              biographies parues au XIXe si&egrave;cle et au d&eacute;but du XXe<\/a>, \n              et concerne toutes les personnalit&eacute;s &quot;vosgiennes&quot; d&eacute;c&eacute;d&eacute;es : m&eacute;decins, politiques, eccl&eacute;siastiques, militaires, notaires, hommes ou femmes de lettres, enseignants, scientifiques, etc.<\/span><\/p><\/td>\n        <\/tr>\n        <tr align=\"left\" valign=\"top\" bgcolor=\"#FFFFCC\"> \n          <td colspan=\"3\" background=\"texture.jpg\"> <div align=\"center\"><font color=\"#990033\"><strong>Choisissez \n              votre recherche :<\/strong><\/font><\/div><\/td>\n        <\/tr>\n        <tr align=\"left\" valign=\"top\" bgcolor=\"#FFFFCC\"> \n          <td background=\"texture.jpg\"><font color=\"#990033\"><span class=\"bloc3\"><strong>Rechercher les Vosgiens<\/strong><\/span><\/font><\/td>\n          <td background=\"texture.jpg\"><font color=\"#990033\"><span class=\"bloc3\"><strong>Rechercher par lieu<\/strong><\/span><\/font><\/td>\n          <td background=\"texture.jpg\"><font color=\"#990033\"><span class=\"bloc3\"><strong>Rechercher par ann\u00e9e<\/strong><\/span><\/font><\/td>\n        <\/tr>\n        <tr align=\"left\" valign=\"top\" bgcolor=\"#FFFFCC\"> \n          <td width=\"33%\" background=\"texture.jpg\"> <form id=\"FormName\" action=\"vosgiens.php\" method=\"get\" name=\"FormName\">\n              <div class=\"bloc\"> \n                <select name=\"operateur\" size=\"1\">\n      <option value=\"one\">dont le nom contient<\/option>\n      <option value=\"two\">dont le pr&eacute;nom contient<\/option>\n      <option value=\"three\">n&eacute;s en (ann&eacute;e aaaa)<\/option>\n      <option value=\"four\">morts en (ann&eacute;e aaaa)<\/option>\n      <option value=\"five\">dont le nom commence par la lettre<\/option>\n      <!--   <option value=\"six\">dont le pr&eacute;nom commence par la lettre<\/option>   -->\n       <option value=\"seven\">dont le m&eacute;tier est<\/option>\n       <\/select>\n       <input type=\"text\" name=\"recherche\" size=\"28\">\n       <br>\n       <input type=\"submit\" name=\"search\" value=\"Rechercher\"><\/font> \n              <\/div>\n            <\/form><\/td>\n          <td width=\"33%\" background=\"texture.jpg\"> <form id=\"FormName\" action=\"vosgiens.php\" method=\"get\" name=\"FormName\">\n              <div class=\"bloc\"> \n                <select name=\"operateur\" size=\"1\">\n             <option value=\"one\">de naissance<\/option>\n             <option value=\"two\">de d&eacute;c&egrave;s<\/option>\n                <\/select>\n                <input type=\"text\" name=\"recherche\" size=\"28\">\n                <input type=\"submit\" name=\"lieu\" value=\"Rechercher\"><\/font>\n                <\/div>\n            <\/form><\/td>\n          <td width=\"33%\" background=\"texture.jpg\"> <form id=\"FormName\" action=\"vosgiens.php\" method=\"get\" name=\"FormName\">\n              <div class=\"bloc\"> \n                <select name=\"operateur\" size=\"1\">\n                  <?php\n$requete=\"SELECT MIN(Naiss_Year) FROM Ecri_Individu WHERE LENGTH(Metier)>2 AND Naiss_Year!=0&Prime;;\n\t\t\t\t\t\t$result=@mysql_result(@mysql_query($requete),\u00a0\u00bbEcri_Individu\u00a0\u00bb);\n\t$nombre = strlen(\u00ab\u00a0$result\u00a0\u00bb);\n\t\tif($nombre!=4){\n\t\t$result = substr ( $result , 0 , 2 );\n\t\t\t\t\t\t}\n\t\t\t\t\t\telse{\n\t\t$result = substr ( $result , 0 , 3 );\n\t\t\t\t\t\t}\n\t\t\t\t\t\t$requete=\u00a0\u00bbSELECT MAX(Naiss_Year) FROM Ecri_Individu WHERE LENGTH(Metier)>2&Prime;;\n\t\t\t\t\t\t$result2=@mysql_result(@mysql_query($requete),\u00a0\u00bbEcri_Individu\u00a0\u00bb);\n\t$result2 = substr ( $result2 , 0 , 3 );\n\t\t\t\t\t\t$nb=$result2-$result;\n\t\t\t\t\t\tfor($i=0;$i<$nb+1;$i++){\n\t\t\t\t\t\t$requete=\"SELECT * FROM Ecri_Individu WHERE Naiss_Year>='\u00a0\u00bb.$result.\u00a0\u00bb0&prime; AND Naiss_Year<='\".$result.\"9' AND LENGTH(Metier)>2&Prime;;\n\t\t\t\t\t\tif(@mysql_num_rows(@mysql_query($requete)) !=0){\n\t\t\t\t\t\techo\u00a0\u00bb<option value=\\\"$result\\\">Vosgiens n&eacute;s entre \u00ab\u00a0.$result.\u00a0\u00bb0 et \u00ab\u00a0.$result.\u00a0\u00bb9<\/option>\u00ab\u00a0;}\n\t\t\t\t\t\t$result++;\n\t\t\t\t\t\t\t}\n\t\t\t\t\t\t\t?>\n                <\/select>\n        <input type=\"submit\" name=\"chrono\" value=\"Rechercher\"><\/font> \n              <\/div>\n            <\/form><\/td>\n        <\/tr>\n        <tr align=\"left\" valign=\"top\" bgcolor=\"#FFFFFF\"> \n          <td colspan=\"3\"><div align=\"center\"> \n          <p><span class=\"gris\">Les pages s&rsquo;affichent en ordre alphab\u00e9tique \n                ou chronologique (de naissance ou de d&eacute;c&egrave;s).<\/span><\/p>\n              <p><font color=\"#993300\"><span class=\"gris\"> <strong>Les informations port\u00e9es en premi\u00e8re page<br>(en particulier dates et lieux de naissance et d\u00e9c\u00e8s)<br> sont cens\u00e9es compl\u00e9ter ou corriger, s&rsquo;il le faut, celles contenues dans les notices.<\/strong><\/span><\/font><\/p>\n            <\/div><\/td>\n        <\/tr>\n        <tr align=\"left\" valign=\"middle\" bgcolor=\"#FFFFCC\"> \n          <td colspan=\"3\" align=\"center\" background=\"texture.jpg\"> \n            <form id=\"FormName\" action=\"vosgiens.php\" method=\"get\" name=\"FormName\">\n              <div class=\"bloc\"><font color=\"#990033\"><strong>Ou afficher toute la liste&nbsp;&nbsp; \n         <input type=\"submit\" name=\"toutechrono\" value=\"Afficher tout\">\n                &nbsp;&nbsp; \n                <?php\n\t\t\techo\"$pb\";\n\t\t\t$res=@mysql_query(\"SELECT * FROM Ecri_Individu WHERE LENGTH(Metier)>2&Prime;);\n\t\t\t$nbl = @mysql_num_rows($res);\n\t\t\tif($nbl){\n\t\t\techo\u00a0\u00bbsoit $nbl individus.\u00a0\u00bb;\n\t\t\t}\n\t\t\t\t?>\n                <\/strong><\/font><\/div>\n            <\/form><\/td>\n        <\/tr>\n        <tr> \n          <td colspan=\"3\"><p align=\"center\"><span class=\"gris\">Attention : <em><strong>Afficher tout<\/strong><\/em> peut prendre plusieurs minutes,<br>\nen raison du volume important de la base de donn\u00e9es&#8230;<br>\nLes individus sans ann\u00e9e de naissance connue apparaissent en t\u00eate de liste, par ordre alphab\u00e9tique&#8230;<\/span><\/p><\/td>\n        <\/tr>\n        <tr> \n          <td colspan=\"3\"><p align=\"center\"><strong>Historiens, \n              g&eacute;n&eacute;alogistes, &eacute;tudiants, &eacute;rudits :<\/strong> \n              contribuez &agrave; l&rsquo;enrichissement de cette base<br>\n              en faisant part de compl&eacute;ments, en corrigeant les erreurs \n              toujours possibles,<br>\n              en scannant des sources (format texte), etc.<br>\n              <br>\n              Pour ce faire, utilisez la page <em>Vie du site\/contact<\/em>.<\/p><\/td>\n        <\/tr>\n      <\/table>\n","protected":false},"excerpt":{"rendered":"<p>Cette partie du site compile int&eacute;gralement de nombreuses biographies parues au XIXe si&egrave;cle et au d&eacute;but du XXe, et concerne toutes les personnalit&eacute;s &quot;vosgiennes&quot; d&eacute;c&eacute;d&eacute;es : m&eacute;decins, politiques, eccl&eacute;siastiques, militaires, notaires, hommes ou femmes de lettres, enseignants, scientifiques, etc. Choisissez votre recherche : Rechercher les Vosgiens Rechercher par lieu Rechercher par ann\u00e9e dont le nom contientdont le pr&eacute;nom contientn&eacute;s en (ann&eacute;e aaaa)morts en (ann&eacute;e aaaa)dont le nom commence par la lettredont le m&eacute;tier est de naissancede d&eacute;c&egrave;s<\/p>\n","protected":false},"author":3,"featured_media":0,"parent":0,"menu_order":0,"comment_status":"closed","ping_status":"closed","template":"","meta":[],"_links":{"self":[{"href":"https:\/\/bernard-visse.fr\/ev\/wp-json\/wp\/v2\/pages\/602"}],"collection":[{"href":"https:\/\/bernard-visse.fr\/ev\/wp-json\/wp\/v2\/pages"}],"about":[{"href":"https:\/\/bernard-visse.fr\/ev\/wp-json\/wp\/v2\/types\/page"}],"author":[{"embeddable":true,"href":"https:\/\/bernard-visse.fr\/ev\/wp-json\/wp\/v2\/users\/3"}],"replies":[{"embeddable":true,"href":"https:\/\/bernard-visse.fr\/ev\/wp-json\/wp\/v2\/comments?post=602"}],"version-history":[{"count":13,"href":"https:\/\/bernard-visse.fr\/ev\/wp-json\/wp\/v2\/pages\/602\/revisions"}],"predecessor-version":[{"id":646,"href":"https:\/\/bernard-visse.fr\/ev\/wp-json\/wp\/v2\/pages\/602\/revisions\/646"}],"wp:attachment":[{"href":"https:\/\/bernard-visse.fr\/ev\/wp-json\/wp\/v2\/media?parent=602"}],"curies":[{"name":"wp","href":"https:\/\/api.w.org\/{rel}","templated":true}]}}