{"id":576,"date":"2020-04-13T23:05:23","date_gmt":"2020-04-13T21:05:23","guid":{"rendered":"http:\/\/bernard-visse.fr\/ev\/?page_id=576"},"modified":"2020-05-04T22:22:13","modified_gmt":"2020-05-04T20:22:13","slug":"prix-de-la-societe-des-ecrivains","status":"publish","type":"page","link":"https:\/\/bernard-visse.fr\/ev\/prix-de-la-societe-des-ecrivains\/","title":{"rendered":"Prix de la Soci\u00e9t\u00e9 des \u00c9crivains"},"content":{"rendered":"\n<p>La <strong>Soci\u00e9t\u00e9 des \u00c9crivains d&rsquo;Alsace, de Lorraine et du Territoire de Belfort <\/strong>a \u00e9t\u00e9 cr\u00e9\u00e9e en 1927. Deux personnalit\u00e9s en ont \u00e9t\u00e9 membre : Albert SCHWEITZER (Prix Nobel de la Paix) et Alfred KASTLER (Prix Nobel de Physique).<\/p>\n\n\n\n<p>La Soci\u00e9t\u00e9 des \u00c9crivains d\u2019Alsace, de Lorraine et du Territoire de Belfort (SEALB) organise un concours pour son prix litt\u00e9raire 2019 d\u2019une valeur de 500&nbsp;\u20ac.<\/p>\n\n\n\n<p>Le prix sera d\u00e9cern\u00e9 lors de notre Assembl\u00e9e g\u00e9n\u00e9rale le 13 octobre 2019.<\/p>\n\n\n\n<p>Il est destin\u00e9 \u00e0 r\u00e9compenser un ouvrage \u00e9manant d\u2019un auteur originaire ou r\u00e9sidant en Alsace, Lorraine ou Territoire de Belfort, ou d\u2019un auteur ayant \u00e9crit un ouvrage sur l\u2019Alsace, la Lorraine ou le Territoire de Belfort.<\/p>\n\n\n\n<p>Il est attribu\u00e9 \u00e0 une \u0153uvre de cr\u00e9ation litt\u00e9raire&nbsp;: roman, roman historique, nouvelles, pi\u00e8ce de th\u00e9\u00e2tre, recueil de po\u00e9sies, essai.<\/p>\n\n\n\n<p>Un auteur prim\u00e9 par la SEALB ne pourra \u00eatre r\u00e9cipiendaire du prix SEALB une seconde fois.<\/p>\n\n\n\n<p>CONDITIONS IMP\u00c9RATIVES DE PARTICIPATION&nbsp;:<\/p>\n\n\n\n<p>\u2014 L\u2019ouvrage doit \u00eatre \u00e9dit\u00e9 depuis un an au plus. Il ne peut en aucun cas s\u2019agir d\u2019une publication remani\u00e9e et r\u00e9\u00e9dit\u00e9e.<\/p>\n\n\n\n<p>\u2014 L\u2019ouvrage peut \u00eatre r\u00e9dig\u00e9 en fran\u00e7ais, en allemand ou en dialecte francique ou al\u00e9manique.<\/p>\n\n\n\n<p>\u2014 Les ouvrages devront \u00eatre envoy\u00e9s en deux exemplaires&nbsp;; ils seront accompagn\u00e9s d\u2019une notice biographique et bibliographique, d\u2019une enveloppe affranchie au nom de l\u2019auteur et d\u2019un ch\u00e8que de 10 euros, libell\u00e9 au nom de la Soci\u00e9t\u00e9 des \u00c9crivains.<\/p>\n\n\n\n<p>\u2014 Le laur\u00e9at s\u2019engage \u00e0 \u00eatre pr\u00e9sent le jour de l\u2019Assembl\u00e9e g\u00e9n\u00e9rale pour la remise du prix.<\/p>\n\n\n\n<p>\u2014 Les ouvrages ne seront pas retourn\u00e9s.<\/p>\n\n\n\n<p>\u2014 Les manuscrits ne sont pas admis.<\/p>\n\n\n\n<p>Date limite du d\u00e9p\u00f4t des ouvrages&nbsp;: 15 mars 2019 aupr\u00e8s de&nbsp;:<br>M. G\u00e9rald PIETREK<br>R\u00e9sidence Hohwart &#8211; 307, avenue de Colmar <br>67100 STRASBOURG<\/p>\n\n\n\n<p><\/p>\n\n\n\n<p><a href=\"mailto:daney@noos.fr\">Courriel.<\/a><\/p>\n\n\n\n<h3>Les laur\u00e9ats<\/h3>\n\n\n\n<p><strong>2020<\/strong> :<\/p>\n\n\n\n<p><strong>2019<\/strong> : Ren\u00e9e HALLEZ, <em>La Parole confisqu\u00e9e<\/em> (\u00e9ditions du Bastberg, polar)<\/p>\n\n\n\n<p><strong>2018<\/strong> : Claude WIND, <em>Les Po\u00e8mes de la pierre perdue<\/em> suivi de <em>Circumambulation autour de la croix<\/em><\/p>\n\n\n\n<p><strong>2017<\/strong> : Raymond ISS, <em>La Cit\u00e9 sans nom<\/em> (RRoyzz \u00e9ditions)<\/p>\n\n\n\n<p><strong>2016<\/strong> : Barbara STERN, <em>S&rsquo;L\u00e4we isch schon widersch<\/em><\/p>\n\n\n\n<p><strong>2015<\/strong> :<\/p>\n\n\n\n<p><strong>2014<\/strong> : Annie LAUTNER, <em>N&rsquo;oublie pas<\/em><\/p>\n\n\n\n<p><strong>2013<\/strong> : Janine ELKOUBY, <em>Trois femmes et un si\u00e8cle<\/em><br><br><strong>2012<\/strong> : Martial DEBRIFFE, <em>La Mal\u00e9diction des Freudeneck<\/em> (Belfond), roman<br><br><strong>2011<\/strong> : Gilles LAPORTE, <em>La Fontaine de G\u00e9r\u00e9moy<\/em> (Presses de la Cit\u00e9, Terres de France)<br><br><strong>2010<\/strong> : Arnault PFERSDORFF, <em>Le Chambriste<\/em>, roman (Publibook)<br><br><strong>2009<\/strong> : Alexandre MORELA, <em>Ombres rivales<\/em><br><br><strong>2008<\/strong> : Christophe ABEL, <em>Le L\u00e9gionnaire de Lata Petra<\/em> (\u00e9ditions Le Verger)<br><br><strong>2007<\/strong> : Martine BLANCH\u00c9, <em>Sentes et sens<\/em>, po\u00e9sie<br><br><strong>2006<\/strong> : Jacques Henri CAILLAUD, <em>L\u2019Exil de l\u2019\u00e9t\u00e9<\/em>, po\u00e9sie<br><br><strong>2005<\/strong> : Laurent BAYART, <em>Le P\u00eacheur de lumi\u00e8re<\/em>, po\u00e9sie<br><br><strong>2004<\/strong> : Robert BLUM, <em>Equinoxe<\/em>, po\u00e9sie<br><br><strong>2003<\/strong> : Vincent WACKENHEIM, <em>La Perte d\u2019une chance<\/em><br><br><strong>2002<\/strong> : Non attribu\u00e9<br><br><strong>2001<\/strong> : Non attribu\u00e9<br><br><strong>2000<\/strong> : Jacques GOORMA, <em>\u00c0<\/em> (Le Drapier \u00e9diteur)<br><br><strong>1999<\/strong> : Victor BEYER, <em>La Mort veillait \u00e0 Lind\u00e9ralique<\/em><br><\/p>\n\n\n\n<p>Le si\u00e8ge de la Soci\u00e9t\u00e9 des \u00c9crivains est \u00e0 la<br>Maison des Associations<br>1, Place des Orphelins<br>67000 STRASBOURG.<\/p>\n\n\n\n<p><\/p>\n","protected":false},"excerpt":{"rendered":"<p>La Soci\u00e9t\u00e9 des \u00c9crivains d&rsquo;Alsace, de Lorraine et du Territoire de Belfort a \u00e9t\u00e9 cr\u00e9\u00e9e en 1927. Deux personnalit\u00e9s en ont \u00e9t\u00e9 membre : Albert SCHWEITZER (Prix Nobel de la Paix) et Alfred KASTLER (Prix Nobel de Physique). La Soci\u00e9t\u00e9 des \u00c9crivains d\u2019Alsace, de Lorraine et du Territoire de Belfort (SEALB) organise un concours pour son prix litt\u00e9raire 2019 d\u2019une valeur de 500&nbsp;\u20ac. Le prix sera d\u00e9cern\u00e9 lors de notre Assembl\u00e9e g\u00e9n\u00e9rale le 13 octobre 2019. Il est destin\u00e9 \u00e0 r\u00e9compenser un ouvrage \u00e9manant d\u2019un auteur originaire ou r\u00e9sidant en Alsace, Lorraine ou Territoire de Belfort, ou d\u2019un auteur ayant \u00e9crit un ouvrage sur l\u2019Alsace, la Lorraine ou le Territoire de Belfort. Il est attribu\u00e9 \u00e0 une \u0153uvre de cr\u00e9ation litt\u00e9raire&nbsp;: roman, roman historique, nouvelles, pi\u00e8ce de th\u00e9\u00e2tre, recueil de po\u00e9sies, essai. Un auteur prim\u00e9 par la SEALB ne pourra \u00eatre r\u00e9cipiendaire du prix SEALB une seconde fois. CONDITIONS IMP\u00c9RATIVES DE PARTICIPATION&nbsp;: \u2014 L\u2019ouvrage doit \u00eatre \u00e9dit\u00e9 depuis un an au plus. Il ne peut en aucun cas s\u2019agir d\u2019une publication remani\u00e9e et r\u00e9\u00e9dit\u00e9e. \u2014 L\u2019ouvrage peut \u00eatre r\u00e9dig\u00e9 en fran\u00e7ais, en allemand ou en dialecte francique ou al\u00e9manique. \u2014 Les ouvrages devront \u00eatre envoy\u00e9s en deux exemplaires&nbsp;; ils seront accompagn\u00e9s d\u2019une notice biographique et bibliographique, d\u2019une enveloppe affranchie au nom de l\u2019auteur et d\u2019un ch\u00e8que de 10 euros, libell\u00e9 au nom de la Soci\u00e9t\u00e9 des \u00c9crivains. \u2014 Le laur\u00e9at s\u2019engage \u00e0 \u00eatre pr\u00e9sent le jour de l\u2019Assembl\u00e9e g\u00e9n\u00e9rale pour la remise du prix. \u2014 Les ouvrages ne seront pas retourn\u00e9s. \u2014 Les manuscrits ne sont pas admis. Date limite du d\u00e9p\u00f4t des ouvrages&nbsp;: 15 mars 2019 aupr\u00e8s de&nbsp;:M. G\u00e9rald PIETREKR\u00e9sidence Hohwart &#8211; 307, avenue de Colmar 67100 STRASBOURG Courriel. Les laur\u00e9ats 2020 : 2019 : Ren\u00e9e HALLEZ, La Parole confisqu\u00e9e (\u00e9ditions du Bastberg, polar) 2018 : Claude WIND, Les Po\u00e8mes de la pierre perdue suivi de Circumambulation autour de la croix 2017 : Raymond ISS, La Cit\u00e9 sans nom (RRoyzz \u00e9ditions) 2016 : Barbara STERN, S&rsquo;L\u00e4we isch schon widersch 2015 : 2014 : Annie LAUTNER, N&rsquo;oublie pas 2013 : Janine ELKOUBY, Trois femmes et un si\u00e8cle 2012 : Martial DEBRIFFE, La Mal\u00e9diction des Freudeneck (Belfond), roman 2011 : Gilles LAPORTE, La Fontaine de G\u00e9r\u00e9moy (Presses de la Cit\u00e9, Terres de France) 2010 : Arnault PFERSDORFF, Le Chambriste, roman (Publibook) 2009 : Alexandre MORELA, Ombres rivales 2008 : Christophe ABEL, Le L\u00e9gionnaire de Lata Petra (\u00e9ditions Le Verger) 2007 : Martine BLANCH\u00c9, Sentes et sens, po\u00e9sie 2006 : Jacques Henri CAILLAUD, L\u2019Exil de l\u2019\u00e9t\u00e9, po\u00e9sie 2005 : Laurent BAYART, Le P\u00eacheur de lumi\u00e8re, po\u00e9sie 2004 : Robert BLUM, Equinoxe, po\u00e9sie 2003 : Vincent WACKENHEIM, La Perte d\u2019une chance 2002 : Non attribu\u00e9 2001 : Non attribu\u00e9 2000 : Jacques GOORMA, \u00c0 (Le Drapier \u00e9diteur) 1999 : Victor BEYER, La Mort veillait \u00e0 Lind\u00e9ralique Le si\u00e8ge de la Soci\u00e9t\u00e9 des \u00c9crivains est \u00e0 laMaison des Associations1, Place des Orphelins67000 STRASBOURG.<\/p>\n","protected":false},"author":3,"featured_media":0,"parent":0,"menu_order":0,"comment_status":"closed","ping_status":"closed","template":"","meta":[],"_links":{"self":[{"href":"https:\/\/bernard-visse.fr\/ev\/wp-json\/wp\/v2\/pages\/576"}],"collection":[{"href":"https:\/\/bernard-visse.fr\/ev\/wp-json\/wp\/v2\/pages"}],"about":[{"href":"https:\/\/bernard-visse.fr\/ev\/wp-json\/wp\/v2\/types\/page"}],"author":[{"embeddable":true,"href":"https:\/\/bernard-visse.fr\/ev\/wp-json\/wp\/v2\/users\/3"}],"replies":[{"embeddable":true,"href":"https:\/\/bernard-visse.fr\/ev\/wp-json\/wp\/v2\/comments?post=576"}],"version-history":[{"count":3,"href":"https:\/\/bernard-visse.fr\/ev\/wp-json\/wp\/v2\/pages\/576\/revisions"}],"predecessor-version":[{"id":1633,"href":"https:\/\/bernard-visse.fr\/ev\/wp-json\/wp\/v2\/pages\/576\/revisions\/1633"}],"wp:attachment":[{"href":"https:\/\/bernard-visse.fr\/ev\/wp-json\/wp\/v2\/media?parent=576"}],"curies":[{"name":"wp","href":"https:\/\/api.w.org\/{rel}","templated":true}]}}