{"id":573,"date":"2020-04-13T22:01:39","date_gmt":"2020-04-13T20:01:39","guid":{"rendered":"http:\/\/bernard-visse.fr\/ev\/?page_id=573"},"modified":"2020-04-20T21:00:45","modified_gmt":"2020-04-20T19:00:45","slug":"grand-prix-de-lacademie-saint-nicolas","status":"publish","type":"page","link":"https:\/\/bernard-visse.fr\/ev\/grand-prix-de-lacademie-saint-nicolas\/","title":{"rendered":"Grand Prix de l&rsquo;Acad\u00e9mie Saint-Nicolas"},"content":{"rendered":"\n<p>Cr\u00e9\u00e9e en 2007, l&rsquo;Acad\u00e9mie de Saint-Nicolas regroupe trois des plus importantes associations nicola\u00efennes de Lorraine :<\/p>\n\n\n\n<p>&#8211; Connaissance et renaissance de la basilique de Saint-Nicolas-de-Port,<\/p>\n\n\n\n<p>&#8211; les Amis de Saint-Nicolas-des-Lorrains \u00e0 Rome,<\/p>\n\n\n\n<p>&#8211; la Confr\u00e9rie de Saint-Nicolas de Yutz.<\/p>\n\n\n\n<p>Tous les ans, cette acad\u00e9mie d\u00e9cerne un prix r\u00e9compensant une \u0153uvre qui, selon ses statuts, favorise <em>la recherche sur saint Nicolas, particuli\u00e8rement dans sa dimension populaire, europ\u00e9enne et \u0153cum\u00e9nique<\/em>.<\/p>\n\n\n\n<p>Acad\u00e9mie de Saint-Nicolas<br>5, avenue du G\u00e9n\u00e9ral-de-Gaulle <br>54210 Saint-Nicolas- de-Port <br>T\u00e9l : 03 83 46 87 57<\/p>\n\n\n\n<h3>Les Laur\u00e9ats<\/h3>\n\n\n\n<p><strong>2020 :<\/strong><\/p>\n\n\n\n<p><strong>2019 :<\/strong> Laurent MAZAS<\/p>\n\n\n\n<p><strong>2018 :<\/strong> <\/p>\n\n\n\n<p><strong>2017 :<\/strong> P\u00e8re Jean-Louis JACQUOT<\/p>\n\n\n\n<p><strong>2016 :<\/strong> <\/p>\n\n\n\n<p><strong>2015 :<\/strong> <\/p>\n\n\n\n<p><strong>2014 :<\/strong> Catherine GUYON<\/p>\n\n\n\n<p><strong>2013 :<\/strong> <\/p>\n\n\n\n<p><strong>2012 :<\/strong> <\/p>\n\n\n\n<p><strong>2011 :<\/strong> <\/p>\n\n\n\n<p><strong>2010 :<\/strong> Karlheinz BLASCHKE<\/p>\n\n\n\n<p><strong>2009 :<\/strong> Pierre COLAS<\/p>\n\n\n\n<p><strong>2008 :<\/strong> Gerardo CIOFFARI<\/p>\n\n\n\n<p><strong>2007 :<\/strong> Claude KEVERS-PASCALIS, <em>Saint Nicolas, biographie<\/em> (\u00e9ditions CRB).<\/p>\n","protected":false},"excerpt":{"rendered":"<p>Cr\u00e9\u00e9e en 2007, l&rsquo;Acad\u00e9mie de Saint-Nicolas regroupe trois des plus importantes associations nicola\u00efennes de Lorraine : &#8211; Connaissance et renaissance de la basilique de Saint-Nicolas-de-Port, &#8211; les Amis de Saint-Nicolas-des-Lorrains \u00e0 Rome, &#8211; la Confr\u00e9rie de Saint-Nicolas de Yutz. Tous les ans, cette acad\u00e9mie d\u00e9cerne un prix r\u00e9compensant une \u0153uvre qui, selon ses statuts, favorise la recherche sur saint Nicolas, particuli\u00e8rement dans sa dimension populaire, europ\u00e9enne et \u0153cum\u00e9nique. Acad\u00e9mie de Saint-Nicolas5, avenue du G\u00e9n\u00e9ral-de-Gaulle 54210 Saint-Nicolas- de-Port T\u00e9l : 03 83 46 87 57 Les Laur\u00e9ats 2020 : 2019 : Laurent MAZAS 2018 : 2017 : P\u00e8re Jean-Louis JACQUOT 2016 : 2015 : 2014 : Catherine GUYON 2013 : 2012 : 2011 : 2010 : Karlheinz BLASCHKE 2009 : Pierre COLAS 2008 : Gerardo CIOFFARI 2007 : Claude KEVERS-PASCALIS, Saint Nicolas, biographie (\u00e9ditions CRB).<\/p>\n","protected":false},"author":3,"featured_media":0,"parent":0,"menu_order":0,"comment_status":"closed","ping_status":"closed","template":"","meta":[],"_links":{"self":[{"href":"https:\/\/bernard-visse.fr\/ev\/wp-json\/wp\/v2\/pages\/573"}],"collection":[{"href":"https:\/\/bernard-visse.fr\/ev\/wp-json\/wp\/v2\/pages"}],"about":[{"href":"https:\/\/bernard-visse.fr\/ev\/wp-json\/wp\/v2\/types\/page"}],"author":[{"embeddable":true,"href":"https:\/\/bernard-visse.fr\/ev\/wp-json\/wp\/v2\/users\/3"}],"replies":[{"embeddable":true,"href":"https:\/\/bernard-visse.fr\/ev\/wp-json\/wp\/v2\/comments?post=573"}],"version-history":[{"count":2,"href":"https:\/\/bernard-visse.fr\/ev\/wp-json\/wp\/v2\/pages\/573\/revisions"}],"predecessor-version":[{"id":600,"href":"https:\/\/bernard-visse.fr\/ev\/wp-json\/wp\/v2\/pages\/573\/revisions\/600"}],"wp:attachment":[{"href":"https:\/\/bernard-visse.fr\/ev\/wp-json\/wp\/v2\/media?parent=573"}],"curies":[{"name":"wp","href":"https:\/\/api.w.org\/{rel}","templated":true}]}}