{"id":569,"date":"2020-04-13T21:39:18","date_gmt":"2020-04-13T19:39:18","guid":{"rendered":"http:\/\/bernard-visse.fr\/ev\/?page_id=569"},"modified":"2020-04-20T21:05:20","modified_gmt":"2020-04-20T19:05:20","slug":"prix-victor-hugo","status":"publish","type":"page","link":"https:\/\/bernard-visse.fr\/ev\/prix-victor-hugo\/","title":{"rendered":"Prix Victor-Hugo"},"content":{"rendered":"\n<p>Le 25 juin 2004 ont \u00e9t\u00e9 d\u00e9pos\u00e9s \u00e0 Nancy les statuts d&rsquo;une nouvelle association, baptis\u00e9e <strong>D\u00e9fense et illustration des litt\u00e9ratures en Lorraine (ADILL)<\/strong>, qui s&rsquo;est donn\u00e9 pour t\u00e2che de faire conna\u00eetre et de d\u00e9fendre toutes les litt\u00e9ratures produites par des Lorrains, en Lorraine ou ailleurs, et \u00e9dit\u00e9s de pr\u00e9f\u00e9rence dans la r\u00e9gion ou par un <em>petit \u00e9diteur<\/em> (roman, nouvelle, po\u00e9sie, BD, th\u00e8se&#8230;., y compris dialectes et patois de la r\u00e9gion).<\/p>\n\n\n\n<p>Cette association (qui regroupe 87 auteurs et petits \u00e9diteurs de la r\u00e9gion en 2011) d\u00e9cerne notamment un prix annuel (le <strong>Prix Victor-Hugo<\/strong>).<\/p>\n\n\n\n<p>Ce prix r\u00e9gional r\u00e9compense un ouvrage (contes, nouvelles, roman, histoire, etc.) auto\u00e9dit\u00e9 ou publi\u00e9 par une petite maison d&rsquo;\u00e9dition dans les 18 mois pr\u00e9c\u00e9dant la remise du prix, \u00e9crit par un auteur lorrain r\u00e9sidant en Lorraine.<\/p>\n\n\n\n<p>Pour concourir, il suffit d&rsquo;envoyer au plus tard le 1er janvier deux exemplaires de l&rsquo;ouvrage imprim\u00e9 \u00e0 l&rsquo;adresse ci-dessous :<\/p>\n\n\n\n<p>M. G\u00e9rard Coppens<br>Pr\u00e9sident de l&rsquo;ADILL<br>35 boulevard Valonni\u00e8re<br>54600 VILLERS-LES-NANCY<\/p>\n\n\n\n<p>Le jury 2012, pr\u00e9sid\u00e9 par \u00c9lise Fischer, est compos\u00e9 de : Charles Anc\u00e9, G\u00e9rard Coppens, Dominique et Marcel Cordier, Dominique Poirot-Goury, H\u00e9l\u00e8ne Sarribouette.<\/p>\n\n\n\n<p>La remise des prix aura lieu \u00e0 Villers-l\u00e8s-Nancy dans le ch\u00e2teau de Madame de Graffigny, lors du Salon des auteurs lorrains, le 11 mars 2012.<\/p>\n\n\n\n<h3>Les Laur\u00e9ats<\/h3>\n\n\n\n<p><strong>2020 :<\/strong> Juliette V. MARTIN, <strong>Quand murmurent les ombres<\/strong> (\u00e9ditions Parfum de nuit).<\/p>\n\n\n\n<p><strong>2019 :<\/strong> Marie LAURRIN, <strong>Le Parfum des bergamotes<\/strong> ().<\/p>\n\n\n\n<p><strong>2018 :<\/strong> Claude MORIN, <strong>Loin de la violence<\/strong> (\u00e9ditions L&rsquo;Harmartan).<\/p>\n\n\n\n<p><strong>2017 :<\/strong> Anne-Marie MANSUY, <strong>Ma ville br\u00fble<\/strong> (\u00e9ditions G\u00e9rard Louis)<\/p>\n\n\n\n<p><strong>2016 :<\/strong> Guy-Joseph FELLER, <strong>Fuir le Paradis<\/strong> (\u00e9ditions Paroles de Lorrains).<\/p>\n\n\n\n<p><strong>2015 :<\/strong> Alain THIESSE, <strong>Elle s&rsquo;appelait Emma<\/strong> ().<\/p>\n\n\n\n<p><strong>2014 :<\/strong> Armand BEMER, <strong>A l&rsquo;encre de l<\/strong>a Moselle (\u00e9ditions des Paraiges).<\/p>\n\n\n\n<p><strong>2013 :<\/strong> Serge RADOCHEVITCH, <strong>Mortels desseins<\/strong> (\u00e9ditions Territoires t\u00e9moins).<\/p>\n\n\n\n<p><strong>2012 :<\/strong> Eric MARCHAL, <strong>Le Soleil sous la soie<\/strong> (\u00e9ditions Anne Carri\u00e8re).<\/p>\n\n\n\n<p><strong>2011 :<\/strong> Nadine GROENECKE, <strong>Trop-plein<\/strong>, nouvelles (\u00e9ditions Chlo\u00e9 des Lys).<\/p>\n\n\n\n<p><strong>2010 :<\/strong> Pierre STOLZE, <strong>Georges, Simone et Salomon, histoire d&rsquo;un r\u00e9seau de r\u00e9sistance<\/strong> (\u00e9ditions Lucien Souny).<\/p>\n\n\n\n<p><strong>2009 :<\/strong> <\/p>\n\n\n\n<p><strong>2008 :<\/strong> Andr\u00e9 NICOLAS, <strong>Je ne fus qu&rsquo;un passant d&rsquo;une heure<\/strong>.<\/p>\n\n\n\n<p><strong>2007 :<\/strong> Marie-Louise JACOTEY.<\/p>\n\n\n\n<p><strong>2006 :<\/strong> Fran\u00e7ois MOULIN, <strong>Le Peuple du fer<\/strong> (La Nu\u00e9e bleue).<\/p>\n\n\n\n<p><strong>2005 :<\/strong> \u00c9lise FISCHER, <strong>Le Soleil des mineurs<\/strong> (Presses de la Cit\u00e9).<\/p>\n\n\n\n<p><strong>2004<\/strong> : Michel LOUYOT, pour l&rsquo;ensemble de son \u0153uvre.<\/p>\n","protected":false},"excerpt":{"rendered":"<p>Le 25 juin 2004 ont \u00e9t\u00e9 d\u00e9pos\u00e9s \u00e0 Nancy les statuts d&rsquo;une nouvelle association, baptis\u00e9e D\u00e9fense et illustration des litt\u00e9ratures en Lorraine (ADILL), qui s&rsquo;est donn\u00e9 pour t\u00e2che de faire conna\u00eetre et de d\u00e9fendre toutes les litt\u00e9ratures produites par des Lorrains, en Lorraine ou ailleurs, et \u00e9dit\u00e9s de pr\u00e9f\u00e9rence dans la r\u00e9gion ou par un petit \u00e9diteur (roman, nouvelle, po\u00e9sie, BD, th\u00e8se&#8230;., y compris dialectes et patois de la r\u00e9gion). Cette association (qui regroupe 87 auteurs et petits \u00e9diteurs de la r\u00e9gion en 2011) d\u00e9cerne notamment un prix annuel (le Prix Victor-Hugo). Ce prix r\u00e9gional r\u00e9compense un ouvrage (contes, nouvelles, roman, histoire, etc.) auto\u00e9dit\u00e9 ou publi\u00e9 par une petite maison d&rsquo;\u00e9dition dans les 18 mois pr\u00e9c\u00e9dant la remise du prix, \u00e9crit par un auteur lorrain r\u00e9sidant en Lorraine. Pour concourir, il suffit d&rsquo;envoyer au plus tard le 1er janvier deux exemplaires de l&rsquo;ouvrage imprim\u00e9 \u00e0 l&rsquo;adresse ci-dessous : M. G\u00e9rard CoppensPr\u00e9sident de l&rsquo;ADILL35 boulevard Valonni\u00e8re54600 VILLERS-LES-NANCY Le jury 2012, pr\u00e9sid\u00e9 par \u00c9lise Fischer, est compos\u00e9 de : Charles Anc\u00e9, G\u00e9rard Coppens, Dominique et Marcel Cordier, Dominique Poirot-Goury, H\u00e9l\u00e8ne Sarribouette. La remise des prix aura lieu \u00e0 Villers-l\u00e8s-Nancy dans le ch\u00e2teau de Madame de Graffigny, lors du Salon des auteurs lorrains, le 11 mars 2012. Les Laur\u00e9ats 2020 : Juliette V. MARTIN, Quand murmurent les ombres (\u00e9ditions Parfum de nuit). 2019 : Marie LAURRIN, Le Parfum des bergamotes (). 2018 : Claude MORIN, Loin de la violence (\u00e9ditions L&rsquo;Harmartan). 2017 : Anne-Marie MANSUY, Ma ville br\u00fble (\u00e9ditions G\u00e9rard Louis) 2016 : Guy-Joseph FELLER, Fuir le Paradis (\u00e9ditions Paroles de Lorrains). 2015 : Alain THIESSE, Elle s&rsquo;appelait Emma (). 2014 : Armand BEMER, A l&rsquo;encre de la Moselle (\u00e9ditions des Paraiges). 2013 : Serge RADOCHEVITCH, Mortels desseins (\u00e9ditions Territoires t\u00e9moins). 2012 : Eric MARCHAL, Le Soleil sous la soie (\u00e9ditions Anne Carri\u00e8re). 2011 : Nadine GROENECKE, Trop-plein, nouvelles (\u00e9ditions Chlo\u00e9 des Lys). 2010 : Pierre STOLZE, Georges, Simone et Salomon, histoire d&rsquo;un r\u00e9seau de r\u00e9sistance (\u00e9ditions Lucien Souny). 2009 : 2008 : Andr\u00e9 NICOLAS, Je ne fus qu&rsquo;un passant d&rsquo;une heure. 2007 : Marie-Louise JACOTEY. 2006 : Fran\u00e7ois MOULIN, Le Peuple du fer (La Nu\u00e9e bleue). 2005 : \u00c9lise FISCHER, Le Soleil des mineurs (Presses de la Cit\u00e9). 2004 : Michel LOUYOT, pour l&rsquo;ensemble de son \u0153uvre.<\/p>\n","protected":false},"author":3,"featured_media":0,"parent":0,"menu_order":0,"comment_status":"closed","ping_status":"closed","template":"","meta":[],"_links":{"self":[{"href":"https:\/\/bernard-visse.fr\/ev\/wp-json\/wp\/v2\/pages\/569"}],"collection":[{"href":"https:\/\/bernard-visse.fr\/ev\/wp-json\/wp\/v2\/pages"}],"about":[{"href":"https:\/\/bernard-visse.fr\/ev\/wp-json\/wp\/v2\/types\/page"}],"author":[{"embeddable":true,"href":"https:\/\/bernard-visse.fr\/ev\/wp-json\/wp\/v2\/users\/3"}],"replies":[{"embeddable":true,"href":"https:\/\/bernard-visse.fr\/ev\/wp-json\/wp\/v2\/comments?post=569"}],"version-history":[{"count":2,"href":"https:\/\/bernard-visse.fr\/ev\/wp-json\/wp\/v2\/pages\/569\/revisions"}],"predecessor-version":[{"id":571,"href":"https:\/\/bernard-visse.fr\/ev\/wp-json\/wp\/v2\/pages\/569\/revisions\/571"}],"wp:attachment":[{"href":"https:\/\/bernard-visse.fr\/ev\/wp-json\/wp\/v2\/media?parent=569"}],"curies":[{"name":"wp","href":"https:\/\/api.w.org\/{rel}","templated":true}]}}