{"id":510,"date":"2020-04-13T14:33:36","date_gmt":"2020-04-13T12:33:36","guid":{"rendered":"http:\/\/bernard-visse.fr\/ev\/?page_id=510"},"modified":"2020-04-20T21:04:41","modified_gmt":"2020-04-20T19:04:41","slug":"prix-nature-et-vie-rurale","status":"publish","type":"page","link":"https:\/\/bernard-visse.fr\/ev\/prix-nature-et-vie-rurale\/","title":{"rendered":"Prix Nature et Vie rurale"},"content":{"rendered":"\n<p><strong><span class=\"has-inline-color has-vivid-cyan-blue-color\">PRIX EN SOMMEIL DEPUIS 2006&#8230;<\/span><\/strong><\/p>\n\n\n\n<p>L&rsquo;association SEMER organise en 2006 son 7\u00b0 concours litt\u00e9raire <strong>Nature et vie rurale<\/strong>.<\/p>\n\n\n\n<h3>R\u00e8glement 2006<\/h3>\n\n\n\n<p><strong>1 &#8211; <\/strong>Le concours est organis\u00e9 par l&rsquo;association SEMER dont l&rsquo;objectif est de participer \u00e0 la pr\u00e9servation de la nature tout en promouvant le tourisme vert. Parrain\u00e9 par des \u00e9tablissements et organismes qui soutiennent cet objectif, ce concours national est dot\u00e9 de 1450 euros, de cinq week-ends pour deux personnes et de cinq abonnements \u00e0 la revue <em>En passant par la Lorraine<\/em>.<\/p>\n\n\n\n<p><strong>2 &#8211;<\/strong> Le th\u00e8me 2006 est <strong>Arbre, arbres<\/strong>. L&rsquo;originalit\u00e9 du sujet et la qualit\u00e9 de l&rsquo;\u00e9criture seront pour le jury les crit\u00e8res essentiels.<\/p>\n\n\n\n<p><strong>3 &#8211; Prix et r\u00e9compenses<\/strong><\/p>\n\n\n\n<p><strong>Prix L\u00e9on F\u00e8ve &#8211; Val de Mortagne<\/strong><\/p>\n\n\n\n<p>Po\u00e9sie classique. Le po\u00e8me in\u00e9dit sera compos\u00e9 de 14 vers \u00e0 32 vers. Il est recommand\u00e9 de respecter les r\u00e8gles de prosodie telles qu&rsquo;elles sont \u00e9nonc\u00e9es dans les trait\u00e9s de versification.<\/p>\n\n\n\n<p><strong>Prix de la Cholotte<\/strong><\/p>\n\n\n\n<p>Po\u00e9sie libre ou po\u00e8me en prose. Le po\u00e8me sera compos\u00e9 de 14 vers (ou lignes) \u00e0 32 vers (ou lignes).<\/p>\n\n\n\n<p><strong>Prix de la Sc\u00e9gotte<\/strong><\/p>\n\n\n\n<p>Texte en prose n&rsquo;exc\u00e9dant as 150 lignes.<\/p>\n\n\n\n<p><strong>Prix du Haut-fer <\/strong><sup>(1)<\/sup><\/p>\n\n\n\n<p>Recueil de po\u00e9sie libre ou classique, 24 pages minimum, \u00e9dit\u00e9 depuis moins de deux ans.<\/p>\n\n\n\n<p><strong>Prix de la Grande Houssi\u00e8re<\/strong><\/p>\n\n\n\n<p>Ouvrage en prose, 60 pages minimum, dactylographi\u00e9 ou \u00e9dit\u00e9 depuis moins de 2 ans.<\/p>\n\n\n\n<p><strong>Grand prix du jury<\/strong><\/p>\n\n\n\n<p>Ce prix sera d\u00e9cern\u00e9 au laur\u00e9at de l&rsquo;un des cinq prix pr\u00e9c\u00e9dents dont la facture de l&rsquo;\u0153uvre sera unanimement remarqu\u00e9e par le jury.<\/p>\n\n\n\n<p><strong>R\u00e9compenses :<\/strong><\/p>\n\n\n\n<p>&#8211; Le laur\u00e9at de chacun des 5 prix g\u00e9n\u00e9raux, outre un dipl\u00f4me d&rsquo;honneur, recevra 150\u20ac et b\u00e9n\u00e9ficiera d&rsquo;un week-end pour 2 personnes dans l&rsquo;une des auberges qui parrainent ce concours.<br>&#8211; Le deuxi\u00e8me finaliste de ces prix se verra remettre un dipl\u00f4me d&rsquo;honneur ainsi que 50 \u20ac et un abonnement d&rsquo;un an \u00e0 <em>En passant par la Lorraine<\/em>.<br>&#8211; Le laur\u00e9at du <em>Grand prix du jury<\/em>, en plus de la r\u00e9compense du prix g\u00e9n\u00e9ral, recevra 450 \u20ac. En cons\u00e9quence, ce laur\u00e9at b\u00e9n\u00e9ficie d&rsquo;une gratification globale de 750 \u20ac.<br>&#8211; Le palmar\u00e8s reprendra, outre ces candidats prim\u00e9s, les deux suivants qui ont \u00e9t\u00e9 retenus lors de la s\u00e9lection finale. Ces derniers recevront un dipl\u00f4me d&rsquo;honneur et seront exon\u00e9r\u00e9s l&rsquo;ann\u00e9e suivante des droits de participation pour le prix concouru.<br>&#8211; Les po\u00e8mes prim\u00e9s feront l&rsquo;objet d&rsquo;une lecture solennelle lors de la remise des prix.<br>&#8211; Les \u0153uvres prim\u00e9es (extrait pour celles qui exc\u00e8dent une page) seront publi\u00e9es dans une plaquette \u00e9dit\u00e9e \u00e0 l&rsquo;occasion de la remise des prix.<br>&#8211; Pour toutes d\u00e9marches utiles \u00e0 leurs int\u00e9r\u00eats, les laur\u00e9ats pourront se pr\u00e9valoir du titre de <em>Laur\u00e9at du concours Nature et vie rurale<\/em>.<\/p>\n\n\n\n<p><strong>4 &#8211;<\/strong> Le concours est ouvert \u00e0 tous, membres ou non de SEMER. Chaque candidat peut concourir pour un ou plusieurs prix, mais ne peut envoyer que 2 \u0153uvres au maximum par prix.<\/p>\n\n\n\n<p><strong>5 &#8211;<\/strong> Les envois devront \u00eatre adress\u00e9s \u00e0 l&rsquo;administrateur du concours :<\/p>\n\n\n\n<p>Fran\u00e7oise PETIT<br>35, rue du Cameroun<br>88600 BRUY\u00c8RES<br>France<\/p>\n\n\n\n<p><strong>pour le 31 mai 2006 au plus tard.<\/strong><\/p>\n\n\n\n<p>Dans les quinze jours qui suivent l&rsquo;enregistrement des envois, un accus\u00e9 de r\u00e9ception sera adress\u00e9 \u00e0 chaque exp\u00e9diteur pour confirmation et validation de sa candidature.<\/p>\n\n\n\n<p><strong>6 &#8211;<\/strong> Chaque envoi devra comporter :<\/p>\n\n\n\n<p>a) dans tous les cas<\/p>\n\n\n\n<p>&#8211; Trois exemplaires de chacune des \u0153uvres pr\u00e9sent\u00e9es. Celles-ci ne seront pas renvoy\u00e9es.<br>&#8211; A l&rsquo;exception des ouvrages publi\u00e9s, aucun nom d&rsquo;auteur ou pseudonyme ne devra figurer.<br>&#8211; Pour chacun des cinq prix g\u00e9n\u00e9raux, une enveloppe d&rsquo;identification, non affranchie, ferm\u00e9e contenant les nom, pr\u00e9nom, adresse du candidat, n\u00b0 de t\u00e9l\u00e9phone et une notice biographique d&rsquo;une dizaine de lignes au maximum. Cette notice qui reprendra, par exemple, l&rsquo;\u00e2ge, la profession, les \u0153uvres publi\u00e9es et succ\u00e8s litt\u00e9raires obtenus, sera utilis\u00e9e pour pr\u00e9senter les laur\u00e9ats et finalistes dans la plaquette 2006 du concours litt\u00e9raire \u00a0\u00bb Nature et vie rurale \u00ab\u00a0.<br>&#8211; Sur cette enveloppe sera transcrit, sous l&rsquo;intitul\u00e9 du prix retenu, le titre des \u0153uvres pr\u00e9sent\u00e9es (ou les six premiers mots pour les \u0153uvres sans titre).<br>&#8211; Il est n\u00e9cessaire d&rsquo;\u00e9tablir une enveloppe d&rsquo;identification distincte par prix.<br>&#8211; Droits de participation : 8 \u20ac pour une \u0153uvre, 12 \u20ac pour 2 \u0153uvres, 15 \u20ac pour 3 \u0153uvres et 20 \u20ac de 4 \u00e0 6 \u0153uvres. Il est rappel\u00e9 qu&rsquo;il est possible de concourir \u00e0 plusieurs prix et de pr\u00e9senter 2 \u0153uvres par prix au maximum. En cas de paiement par ch\u00e8que, celui-ci est \u00e0 \u00e9tablir \u00e0 l&rsquo;ordre de SEMER.<\/p>\n\n\n\n<p>b) pour ceux qui le d\u00e9sirent :<\/p>\n\n\n\n<p>&#8211; une enveloppe \u00e0 l&rsquo;adresse du candidat et affranchie pour l&rsquo;envoi du palmar\u00e8s dans la quinzaine qui suit les d\u00e9lib\u00e9rations ;<br>&#8211; une participation de 3 \u20ac pour l&rsquo;envoi de la plaquette \u00e9dit\u00e9e \u00e0 l&rsquo;occasion de la remise des prix et dans laquelle seront reproduites les \u0153uvres s\u00e9lectionn\u00e9es ainsi que la pr\u00e9sentation de leurs auteurs. Cette plaquette sera envoy\u00e9e dans la quinzaine qui suit la remise des prix.<\/p>\n\n\n\n<p>7 &#8211; Le jury compos\u00e9 de dix membres et pr\u00e9sid\u00e9 par Bernard VISSE se r\u00e9unira mi-septembre 2006. Le jury peut, si aucune \u0153uvre pr\u00e9sent\u00e9e ne lui en para\u00eet digne, ne pas d\u00e9cerner de prix. Les d\u00e9cisions sont sans appel.<\/p>\n\n\n\n<p><strong>8 &#8211;<\/strong> Les laur\u00e9ats et finalistes seront inform\u00e9s individuellement. Les laur\u00e9ats sont invit\u00e9s dans toute la mesure possible \u00e0 assister \u00e0 la c\u00e9r\u00e9monie de la remise des prix qui aura lieu en octobre 2006. L&rsquo;offre d&rsquo;un week-end dans une auberge vosgienne pr\u00e9vue dans le cadre des r\u00e9compenses peut \u00eatre utilis\u00e9e \u00e0 cette occasion.<\/p>\n\n\n\n<p><strong>9 &#8211;<\/strong> Le laur\u00e9at d&rsquo;un prix du concours sera class\u00e9 hors concours pour ledit prix des concours suivants mais pourra \u00eatre candidat aux autres prix.<\/p>\n\n\n\n<p><strong>10 &#8211;<\/strong> Il est recommand\u00e9 aux participants de bien observer les prescriptions ci-dessus. Tout renseignement compl\u00e9mentaire est \u00e0 demander \u00e0 Fran\u00e7oise PETIT (T\u00e9l. : 03 29 52 47 03).<\/p>\n\n\n\n<p>Le fait de poser sa candidature implique l&rsquo;acceptation int\u00e9grale du pr\u00e9sent r\u00e8glement.<\/p>\n\n\n\n<h4>Laur\u00e9ats 2006<\/h4>\n\n\n\n<p><strong>Prix de la Sc\u00e9gotte<\/strong> (conte, r\u00e9cit, nouvelle) : Anne-Dominique HAVEN (Hagueneau, 67)<br>Finaliste : Danyel CAMOIN (Aubagne, 13)<\/p>\n\n\n\n<h4>Laur\u00e9ate 2005<\/h4>\n\n\n\n<p><strong>Prix de la Sc\u00e9gotte<\/strong> (conte, r\u00e9cit, nouvelle) : Fran\u00e7oise PLAIN (Charmois-l&rsquo;Orgueilleux, 88)<\/p>\n\n\n\n<h4>Laur\u00e9ats 2004<\/h4>\n\n\n\n<p><strong>Prix du Val de Mortagne<\/strong> (po\u00e8me classique) : Prix non attribu\u00e9.<br>Finaliste : Guy LE HULUDUT (Vertou, 44)<\/p>\n\n\n\n<p><strong>Prix de la Cholotte<\/strong> (po\u00e8me libre) : Franck KOSTRZEVA (Moulins, 02)<br>Finaliste : Marie-Pierre LAFOUGE (G\u00e9rardmer, 88)<\/p>\n\n\n\n<p><strong>Prix de la Sc\u00e9gotte<\/strong> (conte, r\u00e9cit, nouvelle) : Emmanuelle URIEN (Toulouse, 31)<br>Finaliste : Michel DARCHES (Chevannes, 89)<\/p>\n\n\n\n<p><strong>Prix du Haut-fer<\/strong> (recueil de po\u00e8mes) : G\u00e9rard LECOMTE (Saulcy-sur-Meurthe, 88)<br>Finaliste : Dominique CHIPOT (Seichamps, 54)<\/p>\n\n\n\n<p><strong>Prix de la Grande Houssi\u00e8re<\/strong> (ouvrage en prose) : Olivier LARIZZA (Strasbourg, 67)<br>Finaliste : Michel BARBE (Saint-Est\u00e8ve, 66)<\/p>\n\n\n\n<p><strong>Grand prix du jury<\/strong> : Prix non attribu\u00e9.<\/p>\n\n\n\n<h3>Appel<\/h3>\n\n\n\n<p>Les personnes qui souhaiteraient \u00eatre correspondantes du concours litt\u00e9raire \u00a0\u00bb Nature et vie rurale \u00a0\u00bb sont pri\u00e9es de se faire conna\u00eetre aupr\u00e8s de l&rsquo;administrateur du concours.<br>La principale mission de ces b\u00e9n\u00e9voles sera, sur le plan d\u00e9partemental ou r\u00e9gional, de promouvoir le concours et de susciter les candidatures.<\/p>\n\n\n\n<h3>Comit\u00e9 d&rsquo;honneur et de parrainage<\/h3>\n\n\n\n<p>Depuis sa cr\u00e9ation en 1998, le concours litt\u00e9raire <strong>Nature et vie rurale<\/strong> est dot\u00e9 gr\u00e2ce \u00e0 de g\u00e9n\u00e9reux donateurs et \u00e0 de nombreuses personnalit\u00e9s.<\/p>\n\n\n\n<p>Ces partenaires manifestent ainsi leur soutien aux objectifs de SEMER, notamment celui de faire conna\u00eetre un coin des Vosges et de lui redonner vie en promouvant le tourisme rural.<\/p>\n\n\n\n<p>Nous leur adressons nos remerciements, en particulier \u00e0 :<\/p>\n\n\n\n<p>Conseil R\u00e9gional de Lorraine,<\/p>\n\n\n\n<p>M. Christian Poncelet, Pr\u00e9sident du S\u00e9nat, Pr\u00e9sident du Conseil G\u00e9n\u00e9ral des Vosges,<\/p>\n\n\n\n<p>M. \u00c9tienne Pourcher, Conseiller g\u00e9n\u00e9ral des Vosges, Pr\u00e9sident de la Communaut\u00e9 de communes du canton de Brouvelieures,<\/p>\n\n\n\n<p>M. Christian Savage, Maire de Brouvelieures,<\/p>\n\n\n\n<p>M. Claude Jacquot, Pr\u00e9sident du Syndicat mixte du Pays de la D\u00e9odatie,<\/p>\n\n\n\n<p>M. Gilles Laporte, \u00e9crivain, laur\u00e9at du Prix Erckmann-Chatrian, Soci\u00e9taire des Gens de Lettres de France,<\/p>\n\n\n\n<p>M. Patrice Costa, Grand reporter \u00e0 L&rsquo;Est R\u00e9publicain, Directeur de la r\u00e9daction de la revue \u00a0\u00bb En passant par la Lorraine \u00ab\u00a0,<\/p>\n\n\n\n<p>la famille de L\u00e9on F\u00e8ve,<\/p>\n\n\n\n<p>Auberge de la Cholotte, aux Rouges-Eaux,<\/p>\n\n\n\n<p>Auberge du Houx, \u00e0 La Houssi\u00e8re,<\/p>\n\n\n\n<p>Auberge de la Sc\u00e9gotte, \u00e0 Autrey,<\/p>\n\n\n\n<p>H\u00f4tel-restaurant du Haut-Fer, \u00e0 Rougiville, commune de Taintrux.<br><\/p>\n\n\n\n<p>(1) Haut-fer : scie hydraulique typiquement vosgienne dont la lame fonctionne alternativement gr\u00e2ce \u00e0 un syst\u00e8me <em>bielle\/manivelle<\/em> actionn\u00e9 lui-m\u00eame par une roue d&rsquo;eau.<\/p>\n","protected":false},"excerpt":{"rendered":"<p>PRIX EN SOMMEIL DEPUIS 2006&#8230; L&rsquo;association SEMER organise en 2006 son 7\u00b0 concours litt\u00e9raire Nature et vie rurale. R\u00e8glement 2006 1 &#8211; Le concours est organis\u00e9 par l&rsquo;association SEMER dont l&rsquo;objectif est de participer \u00e0 la pr\u00e9servation de la nature tout en promouvant le tourisme vert. Parrain\u00e9 par des \u00e9tablissements et organismes qui soutiennent cet objectif, ce concours national est dot\u00e9 de 1450 euros, de cinq week-ends pour deux personnes et de cinq abonnements \u00e0 la revue En passant par la Lorraine. 2 &#8211; Le th\u00e8me 2006 est Arbre, arbres. L&rsquo;originalit\u00e9 du sujet et la qualit\u00e9 de l&rsquo;\u00e9criture seront pour le jury les crit\u00e8res essentiels. 3 &#8211; Prix et r\u00e9compenses Prix L\u00e9on F\u00e8ve &#8211; Val de Mortagne Po\u00e9sie classique. Le po\u00e8me in\u00e9dit sera compos\u00e9 de 14 vers \u00e0 32 vers. Il est recommand\u00e9 de respecter les r\u00e8gles de prosodie telles qu&rsquo;elles sont \u00e9nonc\u00e9es dans les trait\u00e9s de versification. Prix de la Cholotte Po\u00e9sie libre ou po\u00e8me en prose. Le po\u00e8me sera compos\u00e9 de 14 vers (ou lignes) \u00e0 32 vers (ou lignes). Prix de la Sc\u00e9gotte Texte en prose n&rsquo;exc\u00e9dant as 150 lignes. Prix du Haut-fer (1) Recueil de po\u00e9sie libre ou classique, 24 pages minimum, \u00e9dit\u00e9 depuis moins de deux ans. Prix de la Grande Houssi\u00e8re Ouvrage en prose, 60 pages minimum, dactylographi\u00e9 ou \u00e9dit\u00e9 depuis moins de 2 ans. Grand prix du jury Ce prix sera d\u00e9cern\u00e9 au laur\u00e9at de l&rsquo;un des cinq prix pr\u00e9c\u00e9dents dont la facture de l&rsquo;\u0153uvre sera unanimement remarqu\u00e9e par le jury. R\u00e9compenses : &#8211; Le laur\u00e9at de chacun des 5 prix g\u00e9n\u00e9raux, outre un dipl\u00f4me d&rsquo;honneur, recevra 150\u20ac et b\u00e9n\u00e9ficiera d&rsquo;un week-end pour 2 personnes dans l&rsquo;une des auberges qui parrainent ce concours.&#8211; Le deuxi\u00e8me finaliste de ces prix se verra remettre un dipl\u00f4me d&rsquo;honneur ainsi que 50 \u20ac et un abonnement d&rsquo;un an \u00e0 En passant par la Lorraine.&#8211; Le laur\u00e9at du Grand prix du jury, en plus de la r\u00e9compense du prix g\u00e9n\u00e9ral, recevra 450 \u20ac. En cons\u00e9quence, ce laur\u00e9at b\u00e9n\u00e9ficie d&rsquo;une gratification globale de 750 \u20ac.&#8211; Le palmar\u00e8s reprendra, outre ces candidats prim\u00e9s, les deux suivants qui ont \u00e9t\u00e9 retenus lors de la s\u00e9lection finale. Ces derniers recevront un dipl\u00f4me d&rsquo;honneur et seront exon\u00e9r\u00e9s l&rsquo;ann\u00e9e suivante des droits de participation pour le prix concouru.&#8211; Les po\u00e8mes prim\u00e9s feront l&rsquo;objet d&rsquo;une lecture solennelle lors de la remise des prix.&#8211; Les \u0153uvres prim\u00e9es (extrait pour celles qui exc\u00e8dent une page) seront publi\u00e9es dans une plaquette \u00e9dit\u00e9e \u00e0 l&rsquo;occasion de la remise des prix.&#8211; Pour toutes d\u00e9marches utiles \u00e0 leurs int\u00e9r\u00eats, les laur\u00e9ats pourront se pr\u00e9valoir du titre de Laur\u00e9at du concours Nature et vie rurale. 4 &#8211; Le concours est ouvert \u00e0 tous, membres ou non de SEMER. Chaque candidat peut concourir pour un ou plusieurs prix, mais ne peut envoyer que 2 \u0153uvres au maximum par prix. 5 &#8211; Les envois devront \u00eatre adress\u00e9s \u00e0 l&rsquo;administrateur du concours : Fran\u00e7oise PETIT35, rue du Cameroun88600 BRUY\u00c8RESFrance pour le 31 mai 2006 au plus tard. Dans les quinze jours qui suivent l&rsquo;enregistrement des envois, un accus\u00e9 de r\u00e9ception sera adress\u00e9 \u00e0 chaque exp\u00e9diteur pour confirmation et validation de sa candidature. 6 &#8211; Chaque envoi devra comporter : a) dans tous les cas &#8211; Trois exemplaires de chacune des \u0153uvres pr\u00e9sent\u00e9es. Celles-ci ne seront pas renvoy\u00e9es.&#8211; A l&rsquo;exception des ouvrages publi\u00e9s, aucun nom d&rsquo;auteur ou pseudonyme ne devra figurer.&#8211; Pour chacun des cinq prix g\u00e9n\u00e9raux, une enveloppe d&rsquo;identification, non affranchie, ferm\u00e9e contenant les nom, pr\u00e9nom, adresse du candidat, n\u00b0 de t\u00e9l\u00e9phone et une notice biographique d&rsquo;une dizaine de lignes au maximum. Cette notice qui reprendra, par exemple, l&rsquo;\u00e2ge, la profession, les \u0153uvres publi\u00e9es et succ\u00e8s litt\u00e9raires obtenus, sera utilis\u00e9e pour pr\u00e9senter les laur\u00e9ats et finalistes dans la plaquette 2006 du concours litt\u00e9raire \u00a0\u00bb Nature et vie rurale \u00ab\u00a0.&#8211; Sur cette enveloppe sera transcrit, sous l&rsquo;intitul\u00e9 du prix retenu, le titre des \u0153uvres pr\u00e9sent\u00e9es (ou les six premiers mots pour les \u0153uvres sans titre).&#8211; Il est n\u00e9cessaire d&rsquo;\u00e9tablir une enveloppe d&rsquo;identification distincte par prix.&#8211; Droits de participation : 8 \u20ac pour une \u0153uvre, 12 \u20ac pour 2 \u0153uvres, 15 \u20ac pour 3 \u0153uvres et 20 \u20ac de 4 \u00e0 6 \u0153uvres. Il est rappel\u00e9 qu&rsquo;il est possible de concourir \u00e0 plusieurs prix et de pr\u00e9senter 2 \u0153uvres par prix au maximum. En cas de paiement par ch\u00e8que, celui-ci est \u00e0 \u00e9tablir \u00e0 l&rsquo;ordre de SEMER. b) pour ceux qui le d\u00e9sirent : &#8211; une enveloppe \u00e0 l&rsquo;adresse du candidat et affranchie pour l&rsquo;envoi du palmar\u00e8s dans la quinzaine qui suit les d\u00e9lib\u00e9rations ;&#8211; une participation de 3 \u20ac pour l&rsquo;envoi de la plaquette \u00e9dit\u00e9e \u00e0 l&rsquo;occasion de la remise des prix et dans laquelle seront reproduites les \u0153uvres s\u00e9lectionn\u00e9es ainsi que la pr\u00e9sentation de leurs auteurs. Cette plaquette sera envoy\u00e9e dans la quinzaine qui suit la remise des prix. 7 &#8211; Le jury compos\u00e9 de dix membres et pr\u00e9sid\u00e9 par Bernard VISSE se r\u00e9unira mi-septembre 2006. Le jury peut, si aucune \u0153uvre pr\u00e9sent\u00e9e ne lui en para\u00eet digne, ne pas d\u00e9cerner de prix. Les d\u00e9cisions sont sans appel. 8 &#8211; Les laur\u00e9ats et finalistes seront inform\u00e9s individuellement. Les laur\u00e9ats sont invit\u00e9s dans toute la mesure possible \u00e0 assister \u00e0 la c\u00e9r\u00e9monie de la remise des prix qui aura lieu en octobre 2006. L&rsquo;offre d&rsquo;un week-end dans une auberge vosgienne pr\u00e9vue dans le cadre des r\u00e9compenses peut \u00eatre utilis\u00e9e \u00e0 cette occasion. 9 &#8211; Le laur\u00e9at d&rsquo;un prix du concours sera class\u00e9 hors concours pour ledit prix des concours suivants mais pourra \u00eatre candidat aux autres prix. 10 &#8211; Il est recommand\u00e9 aux participants de bien observer les prescriptions ci-dessus. Tout renseignement compl\u00e9mentaire est \u00e0 demander \u00e0 Fran\u00e7oise PETIT (T\u00e9l. : 03 29 52 47 03). Le fait de poser sa candidature implique l&rsquo;acceptation int\u00e9grale du pr\u00e9sent r\u00e8glement. Laur\u00e9ats 2006 Prix de la Sc\u00e9gotte (conte, r\u00e9cit, nouvelle) : Anne-Dominique HAVEN (Hagueneau, 67)Finaliste : Danyel CAMOIN (Aubagne, 13) Laur\u00e9ate 2005 Prix de la Sc\u00e9gotte (conte, r\u00e9cit, nouvelle) : Fran\u00e7oise PLAIN (Charmois-l&rsquo;Orgueilleux, 88) Laur\u00e9ats 2004 Prix du Val de Mortagne (po\u00e8me classique) : Prix non attribu\u00e9.Finaliste : Guy LE HULUDUT (Vertou, 44) Prix de la Cholotte (po\u00e8me libre) : Franck KOSTRZEVA (Moulins, 02)Finaliste : Marie-Pierre LAFOUGE (G\u00e9rardmer, 88) Prix de la Sc\u00e9gotte (conte, r\u00e9cit, nouvelle) : Emmanuelle URIEN (Toulouse, 31)Finaliste : Michel DARCHES (Chevannes, 89) Prix du Haut-fer (recueil de po\u00e8mes) : G\u00e9rard LECOMTE (Saulcy-sur-Meurthe, 88)Finaliste : Dominique CHIPOT (Seichamps, 54) Prix de la Grande Houssi\u00e8re (ouvrage en prose) : Olivier LARIZZA (Strasbourg, 67)Finaliste : Michel BARBE (Saint-Est\u00e8ve, 66) Grand prix du jury : Prix non attribu\u00e9. Appel Les personnes qui souhaiteraient \u00eatre correspondantes du concours litt\u00e9raire \u00a0\u00bb Nature et vie rurale \u00a0\u00bb sont pri\u00e9es de se faire conna\u00eetre aupr\u00e8s de l&rsquo;administrateur du concours.La principale mission de ces b\u00e9n\u00e9voles sera, sur le plan d\u00e9partemental ou r\u00e9gional, de promouvoir le concours et de susciter les candidatures. Comit\u00e9 d&rsquo;honneur et de parrainage Depuis sa cr\u00e9ation en 1998, le concours litt\u00e9raire Nature et vie rurale est dot\u00e9 gr\u00e2ce \u00e0 de g\u00e9n\u00e9reux donateurs et \u00e0 de nombreuses personnalit\u00e9s. Ces partenaires manifestent ainsi leur soutien aux objectifs de SEMER, notamment celui de faire conna\u00eetre un coin des Vosges et de lui redonner vie en promouvant le tourisme rural. Nous leur adressons nos remerciements, en particulier \u00e0 : Conseil R\u00e9gional de Lorraine, M. Christian Poncelet, Pr\u00e9sident du S\u00e9nat, Pr\u00e9sident du Conseil G\u00e9n\u00e9ral des Vosges, M. \u00c9tienne Pourcher, Conseiller g\u00e9n\u00e9ral des Vosges, Pr\u00e9sident de la Communaut\u00e9 de communes du canton de Brouvelieures, M. Christian Savage, Maire de Brouvelieures, M. Claude Jacquot, Pr\u00e9sident du Syndicat mixte du Pays de la D\u00e9odatie, M. Gilles Laporte, \u00e9crivain, laur\u00e9at du Prix Erckmann-Chatrian, Soci\u00e9taire des Gens de Lettres de France, M. Patrice Costa, Grand reporter \u00e0 L&rsquo;Est R\u00e9publicain, Directeur de la r\u00e9daction de la revue \u00a0\u00bb En passant par la Lorraine \u00ab\u00a0, la famille de L\u00e9on F\u00e8ve, Auberge de la Cholotte, aux Rouges-Eaux, Auberge du Houx, \u00e0 La Houssi\u00e8re, Auberge de la Sc\u00e9gotte, \u00e0 Autrey, H\u00f4tel-restaurant du Haut-Fer, \u00e0 Rougiville, commune de Taintrux. (1) Haut-fer : scie hydraulique typiquement vosgienne dont la lame fonctionne alternativement gr\u00e2ce \u00e0 un syst\u00e8me bielle\/manivelle actionn\u00e9 lui-m\u00eame par une roue d&rsquo;eau.<\/p>\n","protected":false},"author":3,"featured_media":0,"parent":0,"menu_order":0,"comment_status":"closed","ping_status":"closed","template":"","meta":[],"_links":{"self":[{"href":"https:\/\/bernard-visse.fr\/ev\/wp-json\/wp\/v2\/pages\/510"}],"collection":[{"href":"https:\/\/bernard-visse.fr\/ev\/wp-json\/wp\/v2\/pages"}],"about":[{"href":"https:\/\/bernard-visse.fr\/ev\/wp-json\/wp\/v2\/types\/page"}],"author":[{"embeddable":true,"href":"https:\/\/bernard-visse.fr\/ev\/wp-json\/wp\/v2\/users\/3"}],"replies":[{"embeddable":true,"href":"https:\/\/bernard-visse.fr\/ev\/wp-json\/wp\/v2\/comments?post=510"}],"version-history":[{"count":3,"href":"https:\/\/bernard-visse.fr\/ev\/wp-json\/wp\/v2\/pages\/510\/revisions"}],"predecessor-version":[{"id":515,"href":"https:\/\/bernard-visse.fr\/ev\/wp-json\/wp\/v2\/pages\/510\/revisions\/515"}],"wp:attachment":[{"href":"https:\/\/bernard-visse.fr\/ev\/wp-json\/wp\/v2\/media?parent=510"}],"curies":[{"name":"wp","href":"https:\/\/api.w.org\/{rel}","templated":true}]}}