{"id":501,"date":"2020-04-13T14:12:29","date_gmt":"2020-04-13T12:12:29","guid":{"rendered":"http:\/\/bernard-visse.fr\/ev\/?page_id=501"},"modified":"2020-04-20T21:03:39","modified_gmt":"2020-04-20T19:03:39","slug":"prix-francois-matenet","status":"publish","type":"page","link":"https:\/\/bernard-visse.fr\/ev\/prix-francois-matenet\/","title":{"rendered":"Prix Fran\u00e7ois-Matenet"},"content":{"rendered":"\n<h3><strong>R\u00e8glement 2018&nbsp; (36\u00e8me \u00e9dition)<\/strong><\/h3>\n\n\n\n<p><strong>Article 1 &#8211;<\/strong> L&rsquo;association FONTENOY-LE-CHATEAU-VILLAGE DE L\u2019\u00c9CRIT organise le <em>Prix Fran\u00e7ois-Matenet<\/em>, concours ouvert \u00e0 tous.<\/p>\n\n\n\n<p><strong>Article 2 &#8211;<\/strong> Ce concours comporte deux cat\u00e9gories :<br>&#8211; la premi\u00e8re ouverte aux adultes, dot\u00e9e d&rsquo;un prix de 300 \u20ac offert par la Ville de Fontenoy-le-Ch\u00e2teau,<br>&#8211; la seconde destin\u00e9e aux moins de 18 ans r\u00e9compens\u00e9e par un prix de 100 \u20ac, offert par l&rsquo;association Fontenoy-le-Ch\u00e2teau \u2013 Village de l\u2019\u00c9crit.<\/p>\n\n\n\n<p><strong>Article 3 &#8211;<\/strong> Le sujet 2018 est une nouvelle limit\u00e9e \u00e0 4 pages, format A4, nom de police Times New Roman, taille 12 minimum. Le th\u00e8me est : \u00ab Intelligence artificielle \u00bb.<\/p>\n\n\n\n<p><strong>Article 4 &#8211;<\/strong> Chaque nouvelle devra \u00eatre envoy\u00e9e \u00e0 la Secr\u00e9taire du jury<br>&#8211; soit par courriel : christiane.lechevins@orange.fr,<br>&#8211; soit par courrier postal, dactylographi\u00e9 recto uniquement en huit exemplaires, dactylographi\u00e9s recto uniquement.<br>Le candidat pr\u00e9cisera ses coordonn\u00e9es afin d\u2019\u00eatre joignable par t\u00e9l\u00e9phone ou par internet entre le et le 2018.<br>Les moins de 18 ans indiqueront leur date de naissance.<br>Le non-respect de ce r\u00e8glement entra\u00eenera le rejet de la candidature.<\/p>\n\n\n\n<p><strong>Article 5 &#8211;<\/strong> La participation au concours engage le candidat prim\u00e9, ou son repr\u00e9sentant \u00e9ventuel, \u00e0 \u00eatre pr\u00e9sent lors de la remise du prix le samedi 4 ao\u00fbt 2018.<\/p>\n\n\n\n<p><strong>Article 6 &#8211;<\/strong> Le jury est compos\u00e9 d&rsquo;un pr\u00e9sident et de 6 membres.<\/p>\n\n\n\n<p><strong>Article 7 &#8211;<\/strong> L&rsquo;\u0153uvre prim\u00e9e sera celle qui aura obtenu la majorit\u00e9 absolue au premier tour de scrutin ou \u00e0 la majorit\u00e9 relative aux tours suivants. En cas d\u2019ex-\u00e6quo, la voix du pr\u00e9sident du jury sera pr\u00e9pond\u00e9rante.<\/p>\n\n\n\n<p><strong>Article 8 &#8211;<\/strong> Le jury peut renoncer \u00e0 d\u00e9cerner le prix si la qualit\u00e9 des \u0153uvres propos\u00e9es lui semble insuffisante. Il peut aussi d\u00e9cerner un prix sp\u00e9cial du jury. Les laur\u00e9ats des 3 ann\u00e9es pr\u00e9c\u00e9dentes sont hors concours.<\/p>\n\n\n\n<p><strong>Article 9 &#8211;<\/strong> La date limite des envois est fix\u00e9e au mardi 31 mai 2018 \u00e0 minuit, le cachet de la poste faisant foi pour les envois postaux qui seront adress\u00e9s \u00e0 l\u2019adresse suivante : Christiane Lechevins \/ 24 rue de La Chenale \/ 88240 Fontenoy-le-Ch\u00e2teau.<\/p>\n\n\n\n<p><strong>Article 10 &#8211;<\/strong> La remise des prix aura lieu en fin d&rsquo;apr\u00e8s-midi le samedi 4 ao\u00fbt 2018 \u00e0 l&rsquo;H\u00f4tel de Ville de Fontenoy-le-Ch\u00e2teau.<\/p>\n\n\n\n<p><strong>Article 11 &#8211;<\/strong> Les \u0153uvres re\u00e7ues ne seront pas retourn\u00e9es \u00e0 leurs auteurs, l&rsquo;association Fontenoy-le-Ch\u00e2teau &#8211; Village de l\u2019\u00c9crit se r\u00e9servant le droit de les publier.<\/p>\n\n\n\n<p><strong>Article 12 &#8211;<\/strong> Le pr\u00e9sent r\u00e8glement comporte 12 articles.<\/p>\n\n\n\n<p><a rel=\"noreferrer noopener\" href=\"mailto:christiane.lechevins@orange.fr?subject=Prix Fran\u00e7ois-Matenet - Demande de renseignements depuis le site www.ecrivosges.com&amp;cc=bernard.visse@ecrivosges.com\" target=\"_blank\">Demander les renseignements par courriel<\/a><\/p>\n\n\n\n<p><\/p>\n\n\n\n<h3>Les Laur\u00e9ats<\/h3>\n\n\n\n<p><strong>2019 :<\/strong> Philippe PILLARD (Poissy, 78), <em>Mais c&rsquo;est comme \u00e7a<\/em><br>Moins de 18 ans : Lorelei PERNOT (Neyron, 01) et Lauralie ALFONSI (La Bastille-Vieille, 05)<br>Pr\u00e9sident : Vincent DECOMBIS &#8211; Nouvelle, th\u00e8me : H\u00f4tel.<\/p>\n\n\n\n<p><strong>2018 :<\/strong> Am\u00e9lia LUCIANI (Corse)<br>Moins de 18 ans : Lilou MARBAIS<br>Pr\u00e9sidente : Gabrielle STAELENS &#8211; Nouvelle, th\u00e8me : Intelligence artificielle.<\/p>\n\n\n\n<p><strong>2017 :<\/strong> non attribu\u00e9.<\/p>\n\n\n\n<p><strong>2016 :<\/strong> Eric GOHIER (Frontignan, 34)<br>Moins de 18 ans : non attribu\u00e9<br>Pr\u00e9sident : &#8211; Nouvelle, th\u00e8me : Malgr\u00e9 le temps et la distance.<\/p>\n\n\n\n<p><strong>2015 :<\/strong> Beno\u00eet RAUX (Ch\u00e2tillon-en-Dunois, 28)<br>Moins de 16 ans : Th\u00e9ophile LEPAGE (Nancy, 54)<br>Pr\u00e9sident : Fabrice DUCH\u00caNE &#8211; Nouvelle, th\u00e8me : A bicyclette.<\/p>\n\n\n\n<p><strong>2014 :<\/strong> Marie LAURRIN (Le Tholy, 88)<br>Moins de 16 ans : Lola BEISBARDT (Montigny-l\u00e8s-Metz, 57)<br>Pr\u00e9sidente : Mich\u00e8le VILMAR &#8211; Po\u00e9sie, th\u00e8me : A l&rsquo;\u00e9coute de la symphonie de la nature.<\/p>\n\n\n\n<p><strong>2013 :<\/strong> Ex-aequo Line GOUDOUNECHE (Le Beausset, 83) et Didier LARGE (Ornacieux, 38)<br>Moins de 16 ans : Apolline SALOUX (Pipriac, 35)<br>Pr\u00e9sidente : Rolande RENAUDEAU &#8211; Nouvelle, th\u00e8me : Un train pour&#8230;<\/p>\n\n\n\n<p><strong>2012 :<\/strong> Non d\u00e9cern\u00e9.<br>Moins de 16 ans : Calioppe MARCHAND<br>Pr\u00e9sidente : Rolande RENAUDEAU &#8211; Po\u00e9sie, th\u00e8me : Mignonne allons voir si&#8230;<\/p>\n\n\n\n<p><strong>2011 : <\/strong>Jeannine BERTHET (), <em>Le Pain de Louise<\/em><br>Pr\u00e9sidente : Mariette CLAUDE-WEBER &#8211; Nouvelle, th\u00e8me : La femme est l&rsquo;avenir de l&rsquo;homme (Louis Aragon)<\/p>\n\n\n\n<p><strong>2010 : <\/strong>Jo\u00ebl DE JAEGER (Domarin, 38)<br>Moins de 16 ans : Oc\u00e9ane LE GUERN (Aubervilliers, 94)<br>Pr\u00e9sidente : Martine BELLIARD &#8211; Nouvelle, th\u00e8me : Que sera demain ?<\/p>\n\n\n\n<p><strong>2009 : <\/strong>Anne VAUCANSON (Mars, 42)<br>Pr\u00e9sident : Serge HENRY<\/p>\n\n\n\n<p><strong>2008 : <\/strong>Andr\u00e9 FANET (Dijon, 21)<br>Moins de 16 ans : Eudes DURUPT (Fontenoy-le-Ch\u00e2teau, 88)<br>Pr\u00e9sidente : Colette TINCHANT<\/p>\n\n\n\n<p><strong>2007 : <\/strong>Martine MARCK (Marignane, 13)<br>Moins de 16 ans : Eudes DURUPT (Fontenoy-le-Ch\u00e2teau, 88)<br>Pr\u00e9sidente : Colette TINCHANT &#8211; Po\u00e9sie, th\u00e8me : Hier, aujourd&rsquo;hui, demain<\/p>\n\n\n\n<p><strong>2006 : <\/strong>Paul-L\u00e9on NORAS (Clermond-Ferrand, 63)<br>Pr\u00e9sident : Gilles LAPORTE &#8211; Nouvelle, th\u00e8me : l&rsquo;oeuvre d&rsquo;art<\/p>\n\n\n\n<p><strong>2005 : <\/strong>Daniel DURAND (Maraussan, 34)<br>Pr\u00e9sident : Vincent DECOMBIS &#8211; Po\u00e9sie, th\u00e8me : le fantastique<\/p>\n\n\n\n<p><strong>2004 : <\/strong>Jean-Paul LAMY (Varaville, 14)<br>Pr\u00e9sident : Philippe VALLET &#8211; Nouvelle, th\u00e8me : le jardin<\/p>\n\n\n\n<p><strong>2003 :<\/strong> Fran\u00e7ois DESMERO (Aubagne, 13)<br>G\u00e9raldine MUNIER (Xertigny, 88)<br>Pr\u00e9sident : Michel ROLLIN &#8211; Po\u00e9sie, th\u00e8me : l&rsquo;eau<\/p>\n\n\n\n<p><strong>2002 :<\/strong> J\u00e9r\u00f4me THIROLLE (Darmannes, 52)<br>Pr\u00e9sident : Michel ROLLIN &#8211; Prose, sans th\u00e8me<\/p>\n\n\n\n<p><strong>2001 :<\/strong> Michel ROLLIN (Chartres, 77)<br>Pr\u00e9sident : Georges GARILLON &#8211; Po\u00e9sie, sans th\u00e8me<\/p>\n\n\n\n<p><strong>2000 :<\/strong> Non attribu\u00e9<br>Pr\u00e9sident : Herv\u00e9 MESTRON &#8211; Nouvelle, th\u00e8me : le clown<\/p>\n\n\n\n<p><strong>1999 :<\/strong> Maurice OLLS (Pont-\u00e0-Mousson, 54)<br>Pr\u00e9sident : Daniel ANCELET &#8211; Po\u00e9sie, th\u00e8me : le chant<\/p>\n\n\n\n<p><strong>1998 :<\/strong> G\u00e9rard BELBET (Bagnolet, 93)<br>Pr\u00e9sidente : Jeanne CRESSANGES &#8211; Nouvelle, th\u00e8me : le ch\u00e2teau-fort<\/p>\n\n\n\n<p><strong>1996 :<\/strong> Roland MARX (Plainfaing, 88)<\/p>\n\n\n\n<p><strong>1995 :<\/strong> Patrick HUET (Lyon, 69)<\/p>\n\n\n\n<p><strong>1994 :<\/strong> Brigitte BARDOU (Annecy-le-Vieux, 74)<\/p>\n\n\n\n<p><strong>1993 :<\/strong> Marie-Fran\u00e7oise STELLA FUSS (Charleville-M\u00e9zi\u00e8re, 08)<\/p>\n\n\n\n<p><strong>1992 :<\/strong> Gilbert FORET (Reims, 51)<\/p>\n\n\n\n<p><strong>1991 :<\/strong> Georges GARILLON (Le Raincy, 93 &#8211; 88)<\/p>\n\n\n\n<p><strong>1990 :<\/strong> Non attribu\u00e9<\/p>\n\n\n\n<p><strong>1989 :<\/strong> Ren\u00e9 PARONI (Epinal, 88)<\/p>\n\n\n\n<p><strong>1988 :<\/strong> Mme GENIN-MOINE (Xertigny, 88)<\/p>\n\n\n\n<p><strong>1987 :<\/strong> Laurence REMLE (Thaon-les-Vosges, 88)<\/p>\n\n\n\n<p><strong>1986 :<\/strong> Josiane GROSJEAN (Bussang, 88)<\/p>\n\n\n\n<p><strong>1985 :<\/strong> Bernard LEMOINE (Dombasle-sur-Meurthe, 54)<\/p>\n\n\n\n<p><strong>1984 :<\/strong> Vincent DECOMBIS (Bussang, 88)<\/p>\n\n\n\n<p><strong>1983 :<\/strong> Michel HENRIOT (Epinal, 88)<\/p>\n\n\n\n<p><strong>1982 :<\/strong> Gaston FILLIEUX (Rupt-sur-Moselle, 88)<\/p>\n\n\n\n<p><strong>1981 :<\/strong> Non attribu\u00e9<\/p>\n\n\n\n<p><strong>1980 :<\/strong> Patricia GAVOILLE<\/p>\n","protected":false},"excerpt":{"rendered":"<p>R\u00e8glement 2018&nbsp; (36\u00e8me \u00e9dition) Article 1 &#8211; L&rsquo;association FONTENOY-LE-CHATEAU-VILLAGE DE L\u2019\u00c9CRIT organise le Prix Fran\u00e7ois-Matenet, concours ouvert \u00e0 tous. Article 2 &#8211; Ce concours comporte deux cat\u00e9gories :&#8211; la premi\u00e8re ouverte aux adultes, dot\u00e9e d&rsquo;un prix de 300 \u20ac offert par la Ville de Fontenoy-le-Ch\u00e2teau,&#8211; la seconde destin\u00e9e aux moins de 18 ans r\u00e9compens\u00e9e par un prix de 100 \u20ac, offert par l&rsquo;association Fontenoy-le-Ch\u00e2teau \u2013 Village de l\u2019\u00c9crit. Article 3 &#8211; Le sujet 2018 est une nouvelle limit\u00e9e \u00e0 4 pages, format A4, nom de police Times New Roman, taille 12 minimum. Le th\u00e8me est : \u00ab Intelligence artificielle \u00bb. Article 4 &#8211; Chaque nouvelle devra \u00eatre envoy\u00e9e \u00e0 la Secr\u00e9taire du jury&#8211; soit par courriel : christiane.lechevins@orange.fr,&#8211; soit par courrier postal, dactylographi\u00e9 recto uniquement en huit exemplaires, dactylographi\u00e9s recto uniquement.Le candidat pr\u00e9cisera ses coordonn\u00e9es afin d\u2019\u00eatre joignable par t\u00e9l\u00e9phone ou par internet entre le et le 2018.Les moins de 18 ans indiqueront leur date de naissance.Le non-respect de ce r\u00e8glement entra\u00eenera le rejet de la candidature. Article 5 &#8211; La participation au concours engage le candidat prim\u00e9, ou son repr\u00e9sentant \u00e9ventuel, \u00e0 \u00eatre pr\u00e9sent lors de la remise du prix le samedi 4 ao\u00fbt 2018. Article 6 &#8211; Le jury est compos\u00e9 d&rsquo;un pr\u00e9sident et de 6 membres. Article 7 &#8211; L&rsquo;\u0153uvre prim\u00e9e sera celle qui aura obtenu la majorit\u00e9 absolue au premier tour de scrutin ou \u00e0 la majorit\u00e9 relative aux tours suivants. En cas d\u2019ex-\u00e6quo, la voix du pr\u00e9sident du jury sera pr\u00e9pond\u00e9rante. Article 8 &#8211; Le jury peut renoncer \u00e0 d\u00e9cerner le prix si la qualit\u00e9 des \u0153uvres propos\u00e9es lui semble insuffisante. Il peut aussi d\u00e9cerner un prix sp\u00e9cial du jury. Les laur\u00e9ats des 3 ann\u00e9es pr\u00e9c\u00e9dentes sont hors concours. Article 9 &#8211; La date limite des envois est fix\u00e9e au mardi 31 mai 2018 \u00e0 minuit, le cachet de la poste faisant foi pour les envois postaux qui seront adress\u00e9s \u00e0 l\u2019adresse suivante : Christiane Lechevins \/ 24 rue de La Chenale \/ 88240 Fontenoy-le-Ch\u00e2teau. Article 10 &#8211; La remise des prix aura lieu en fin d&rsquo;apr\u00e8s-midi le samedi 4 ao\u00fbt 2018 \u00e0 l&rsquo;H\u00f4tel de Ville de Fontenoy-le-Ch\u00e2teau. Article 11 &#8211; Les \u0153uvres re\u00e7ues ne seront pas retourn\u00e9es \u00e0 leurs auteurs, l&rsquo;association Fontenoy-le-Ch\u00e2teau &#8211; Village de l\u2019\u00c9crit se r\u00e9servant le droit de les publier. Article 12 &#8211; Le pr\u00e9sent r\u00e8glement comporte 12 articles. Demander les renseignements par courriel Les Laur\u00e9ats 2019 : Philippe PILLARD (Poissy, 78), Mais c&rsquo;est comme \u00e7aMoins de 18 ans : Lorelei PERNOT (Neyron, 01) et Lauralie ALFONSI (La Bastille-Vieille, 05)Pr\u00e9sident : Vincent DECOMBIS &#8211; Nouvelle, th\u00e8me : H\u00f4tel. 2018 : Am\u00e9lia LUCIANI (Corse)Moins de 18 ans : Lilou MARBAISPr\u00e9sidente : Gabrielle STAELENS &#8211; Nouvelle, th\u00e8me : Intelligence artificielle. 2017 : non attribu\u00e9. 2016 : Eric GOHIER (Frontignan, 34)Moins de 18 ans : non attribu\u00e9Pr\u00e9sident : &#8211; Nouvelle, th\u00e8me : Malgr\u00e9 le temps et la distance. 2015 : Beno\u00eet RAUX (Ch\u00e2tillon-en-Dunois, 28)Moins de 16 ans : Th\u00e9ophile LEPAGE (Nancy, 54)Pr\u00e9sident : Fabrice DUCH\u00caNE &#8211; Nouvelle, th\u00e8me : A bicyclette. 2014 : Marie LAURRIN (Le Tholy, 88)Moins de 16 ans : Lola BEISBARDT (Montigny-l\u00e8s-Metz, 57)Pr\u00e9sidente : Mich\u00e8le VILMAR &#8211; Po\u00e9sie, th\u00e8me : A l&rsquo;\u00e9coute de la symphonie de la nature. 2013 : Ex-aequo Line GOUDOUNECHE (Le Beausset, 83) et Didier LARGE (Ornacieux, 38)Moins de 16 ans : Apolline SALOUX (Pipriac, 35)Pr\u00e9sidente : Rolande RENAUDEAU &#8211; Nouvelle, th\u00e8me : Un train pour&#8230; 2012 : Non d\u00e9cern\u00e9.Moins de 16 ans : Calioppe MARCHANDPr\u00e9sidente : Rolande RENAUDEAU &#8211; Po\u00e9sie, th\u00e8me : Mignonne allons voir si&#8230; 2011 : Jeannine BERTHET (), Le Pain de LouisePr\u00e9sidente : Mariette CLAUDE-WEBER &#8211; Nouvelle, th\u00e8me : La femme est l&rsquo;avenir de l&rsquo;homme (Louis Aragon) 2010 : Jo\u00ebl DE JAEGER (Domarin, 38)Moins de 16 ans : Oc\u00e9ane LE GUERN (Aubervilliers, 94)Pr\u00e9sidente : Martine BELLIARD &#8211; Nouvelle, th\u00e8me : Que sera demain ? 2009 : Anne VAUCANSON (Mars, 42)Pr\u00e9sident : Serge HENRY 2008 : Andr\u00e9 FANET (Dijon, 21)Moins de 16 ans : Eudes DURUPT (Fontenoy-le-Ch\u00e2teau, 88)Pr\u00e9sidente : Colette TINCHANT 2007 : Martine MARCK (Marignane, 13)Moins de 16 ans : Eudes DURUPT (Fontenoy-le-Ch\u00e2teau, 88)Pr\u00e9sidente : Colette TINCHANT &#8211; Po\u00e9sie, th\u00e8me : Hier, aujourd&rsquo;hui, demain 2006 : Paul-L\u00e9on NORAS (Clermond-Ferrand, 63)Pr\u00e9sident : Gilles LAPORTE &#8211; Nouvelle, th\u00e8me : l&rsquo;oeuvre d&rsquo;art 2005 : Daniel DURAND (Maraussan, 34)Pr\u00e9sident : Vincent DECOMBIS &#8211; Po\u00e9sie, th\u00e8me : le fantastique 2004 : Jean-Paul LAMY (Varaville, 14)Pr\u00e9sident : Philippe VALLET &#8211; Nouvelle, th\u00e8me : le jardin 2003 : Fran\u00e7ois DESMERO (Aubagne, 13)G\u00e9raldine MUNIER (Xertigny, 88)Pr\u00e9sident : Michel ROLLIN &#8211; Po\u00e9sie, th\u00e8me : l&rsquo;eau 2002 : J\u00e9r\u00f4me THIROLLE (Darmannes, 52)Pr\u00e9sident : Michel ROLLIN &#8211; Prose, sans th\u00e8me 2001 : Michel ROLLIN (Chartres, 77)Pr\u00e9sident : Georges GARILLON &#8211; Po\u00e9sie, sans th\u00e8me 2000 : Non attribu\u00e9Pr\u00e9sident : Herv\u00e9 MESTRON &#8211; Nouvelle, th\u00e8me : le clown 1999 : Maurice OLLS (Pont-\u00e0-Mousson, 54)Pr\u00e9sident : Daniel ANCELET &#8211; Po\u00e9sie, th\u00e8me : le chant 1998 : G\u00e9rard BELBET (Bagnolet, 93)Pr\u00e9sidente : Jeanne CRESSANGES &#8211; Nouvelle, th\u00e8me : le ch\u00e2teau-fort 1996 : Roland MARX (Plainfaing, 88) 1995 : Patrick HUET (Lyon, 69) 1994 : Brigitte BARDOU (Annecy-le-Vieux, 74) 1993 : Marie-Fran\u00e7oise STELLA FUSS (Charleville-M\u00e9zi\u00e8re, 08) 1992 : Gilbert FORET (Reims, 51) 1991 : Georges GARILLON (Le Raincy, 93 &#8211; 88) 1990 : Non attribu\u00e9 1989 : Ren\u00e9 PARONI (Epinal, 88) 1988 : Mme GENIN-MOINE (Xertigny, 88) 1987 : Laurence REMLE (Thaon-les-Vosges, 88) 1986 : Josiane GROSJEAN (Bussang, 88) 1985 : Bernard LEMOINE (Dombasle-sur-Meurthe, 54) 1984 : Vincent DECOMBIS (Bussang, 88) 1983 : Michel HENRIOT (Epinal, 88) 1982 : Gaston FILLIEUX (Rupt-sur-Moselle, 88) 1981 : Non attribu\u00e9 1980 : Patricia GAVOILLE<\/p>\n","protected":false},"author":3,"featured_media":0,"parent":0,"menu_order":0,"comment_status":"closed","ping_status":"closed","template":"","meta":[],"_links":{"self":[{"href":"https:\/\/bernard-visse.fr\/ev\/wp-json\/wp\/v2\/pages\/501"}],"collection":[{"href":"https:\/\/bernard-visse.fr\/ev\/wp-json\/wp\/v2\/pages"}],"about":[{"href":"https:\/\/bernard-visse.fr\/ev\/wp-json\/wp\/v2\/types\/page"}],"author":[{"embeddable":true,"href":"https:\/\/bernard-visse.fr\/ev\/wp-json\/wp\/v2\/users\/3"}],"replies":[{"embeddable":true,"href":"https:\/\/bernard-visse.fr\/ev\/wp-json\/wp\/v2\/comments?post=501"}],"version-history":[{"count":2,"href":"https:\/\/bernard-visse.fr\/ev\/wp-json\/wp\/v2\/pages\/501\/revisions"}],"predecessor-version":[{"id":503,"href":"https:\/\/bernard-visse.fr\/ev\/wp-json\/wp\/v2\/pages\/501\/revisions\/503"}],"wp:attachment":[{"href":"https:\/\/bernard-visse.fr\/ev\/wp-json\/wp\/v2\/media?parent=501"}],"curies":[{"name":"wp","href":"https:\/\/api.w.org\/{rel}","templated":true}]}}