{"id":497,"date":"2020-04-13T14:03:35","date_gmt":"2020-04-13T12:03:35","guid":{"rendered":"http:\/\/bernard-visse.fr\/ev\/?page_id=497"},"modified":"2020-04-21T16:01:46","modified_gmt":"2020-04-21T14:01:46","slug":"prix-amerigo-vespucci-jeunessesaint-die-des-vosges","status":"publish","type":"page","link":"https:\/\/bernard-visse.fr\/ev\/prix-amerigo-vespucci-jeunessesaint-die-des-vosges\/","title":{"rendered":"Prix Amerigo-Vespucci Jeunesse<br>Saint-Di\u00e9-des-Vosges"},"content":{"rendered":"\n<p>Cr\u00e9\u00e9 en 1990, lors du premier <a href=\"http:\/\/www.fig.saint-die-des-vosges.fr\/\">Festival International de G\u00e9ographie de Saint-Di\u00e9-des-Vosges<\/a>, en regard du <a href=\"https:\/\/bernard-visse.fr\/ev\/prix-amerigo-vespucci\/\" target=\"_blank\" rel=\"noreferrer noopener\">Prix Amerigo-Vespucci<\/a>, le <strong>Prix Amerigo-Vespucci Jeunesse &#8211; Saint-Di\u00e9-des-Vosges<\/strong> r\u00e9compense des ouvrages portant sur le th\u00e8me de l&rsquo;Aventure et du Voyage.<\/p>\n\n\n\n<p>Dot\u00e9 de 2 500 euros, il est traditionnellement remis pendant le week-end du Festival.<\/p>\n\n\n\n<p>Les ouvrages pr\u00e9sent\u00e9s doivent \u00eatre \u00e9dit\u00e9s en fran\u00e7ais et parus apr\u00e8s le 16 juillet de l&rsquo;ann\u00e9e pr\u00e9c\u00e9dente, la date limite des envois \u00e9tant fix\u00e9e au 15 juillet de l&rsquo;ann\u00e9e en cours.<\/p>\n\n\n\n<p>Pour demander le r\u00e8glement du Prix Amerigo-Vespucci Jeunesse, s&rsquo;adresser par \u00e9crit \u00e0 :<\/p>\n\n\n\n<p>Secr\u00e9tariat des Prix litt\u00e9raires<br>Festival International de G\u00e9ographie<br>H\u00f4tel de Ville &#8211; B.P. 275<br>88107 SAINT-DIE-DES-VOSGES cedex<\/p>\n\n\n\n<p><a href=\"mailto:jgeorges@ville-saintdie.fr?subject=Prix Amerigo-Vespucci Jeunesse - Demande de renseignements depuis le site www.ecrivosges.com&amp;cc=bernard.visse@ecrivosges.com\">Demander les renseignements par courriel.<\/a><\/p>\n\n\n\n<p>Pour toute information compl\u00e9mentaire : t\u00e9l 03 29 42 16 76.<br><\/p>\n\n\n\n<h3>Les Laur\u00e9ats<\/h3>\n\n\n\n<p>2019 : Didier CORNILLE, <strong>La ville, quoi de neuf  ?<\/strong> (\u00c9ditions H\u00e9lium)<\/p>\n\n\n\n<p>2018 : Lucile PIKETTY et Ta\u00ef-Marc LE THANH, <strong>Buffalo Bill<\/strong> (\u00c9ditions du Seuil)<\/p>\n\n\n\n<p>2017 : Johan DAYT, <strong>Une Italie<\/strong> (Maison Eliza).<\/p>\n\n\n\n<p>2016 : S\u00e9bastien GAYET et Julien BILLAUDEAU, <strong>A la d\u00e9couverte de la grotte Chauvet-Pont d&rsquo;Arc<\/strong> (Actes Sud Junior).<\/p>\n\n\n\n<p>2015 : Fleur DAUGEY et Sandrine THOMMEN, <strong>Les Oiseaux globe-trotters<\/strong> (Actes Sud Junior).<\/p>\n\n\n\n<p>2014 : Daniel PICOULY et Nathalie NOVI, Et si on redessinait le monde ? (\u00c9ditions Rue du monde)<\/p>\n\n\n\n<p>2013 : Genevi\u00e8ve CLASTRES, ill. Lucile PLACIN, <strong>Le Go\u00fbt des voyages<\/strong> (Gallimard jeunesse).<\/p>\n\n\n\n<p>2012 : Yves-Marie CL\u00c9MENT, <strong>Sur les traces de Walipo<\/strong> (Seuil Jeunesse).<\/p>\n\n\n\n<p>2011 : Jean-Philippe BLONDEL et Florence LEBERT, <strong>Qui vive ?<\/strong> (Thierry Magnier \u00e9diteur).<\/p>\n\n\n\n<p>2010 : Xavier-Laurent PETIT, Mon petit c\u0153ur<strong> imb\u00e9cile<\/strong> (\u00c9cole des Loisirs, collection Neuf).<\/p>\n\n\n\n<p>2009 : Guillaume DUPRAT, <strong>Le Livre des terres imagin\u00e9es<\/strong> (Seuil).<\/p>\n\n\n\n<p>2008 : Isabelle COLLOMBAT, <strong>Bienvenue \u00e0 Goma<\/strong> (\u00c9ditions du Rouergue).<\/p>\n\n\n\n<p>2007 : Fran\u00e7ois PLACE, <strong>Le Roi des Trois Orients<\/strong> (\u00c9ditions Rue du Monde).<\/p>\n\n\n\n<p>2006 : Carole SATURNO, <strong>Enfants ici, parents d&rsquo;ailleurs<\/strong> (Gallimard Jeunesse).<\/p>\n\n\n\n<p>2005 : Xavier-Laurent PETIT, <strong>Le Col des mille larmes<\/strong> (Flammarion, Castor poche).<\/p>\n\n\n\n<p>2004 : Didier DAENINCKX et Laurent CORVAISIER, <strong>L&rsquo;Enfant du zoo<\/strong> (Rue du monde).<\/p>\n\n\n\n<p>2003 : Jean-Baptiste DE PANAFIEU, <strong>Plan\u00e8te eau douce<\/strong> (Gallimard Jeunesse) et Pierre-Marie BEAUDE, <strong>La Maison des Lointains<\/strong> (Gallimard Jeunesse, Scripto).<\/p>\n\n\n\n<p>2002 : Fr\u00e9d\u00e9ric TOUSSAINT et Anne ROMBY, <strong>La Nuit de l&rsquo;ylang-ylang<\/strong> (Actes Sud junior).<\/p>\n\n\n\n<p>2001 : Erik L&rsquo;HOMME, <strong>Livres des \u00e9toiles<\/strong> (Gallimard Jeunesse).<\/p>\n\n\n\n<p>2000 : Rose-Claire LABALESTRA, Catherine PORTE, <strong>Le Roi vagabond<\/strong> (Rageot, Cascade).<\/p>\n\n\n\n<p>1999 : Daniel VAXELAIRE, <strong>En haut la Libert\u00e9<\/strong> (Flammarion, Castor Poche).<\/p>\n\n\n\n<p>1998 : \u00c9ric BOISSET, <strong>Nicostratos<\/strong> (Magnard jeunesse).<\/p>\n\n\n\n<p>1997 : Fran\u00e7ois PLACE, <strong>Du pays des Amazones aux \u00eeles Indigo<\/strong> (Casterman).<\/p>\n\n\n\n<p>1996 : Jean-Fran\u00e7ois CHABAS, <strong>Une moiti\u00e9 de Wasicum<\/strong> (Casterman).<\/p>\n\n\n\n<p>1995 : Danielle MARTINIGOL, <strong>Les Oubli\u00e9s de Vulcain<\/strong> (Hachette Jeunesse).<\/p>\n\n\n\n<p>1994 : Bertrand SOLET, <strong>La Troupe sans pareille<\/strong> (Hachette jeunesse).<\/p>\n\n\n\n<p>1993 : Jo\u00eblle WINTREBERT, <strong>Les Diables blancs<\/strong> (Gallimard).<\/p>\n\n\n\n<p>1992 : Daniel PENNAC, <strong>L&rsquo;Agence Babel<\/strong> et <strong>L&rsquo;\u00c9vasion de Kamo<\/strong> (Gallimard).<\/p>\n\n\n\n<p>1991 : S. GIRARDET, Cl. MERLEAU-PONTY et A. TARDY, <strong>Les Routes de la soie<\/strong> (Bayard).<\/p>\n\n\n\n<p>1990 : John HOWE, G\u00e9rard JAEGGER, <strong>Amerigo Vespucci<\/strong> (La Joie de lire).<\/p>\n","protected":false},"excerpt":{"rendered":"<p>Cr\u00e9\u00e9 en 1990, lors du premier Festival International de G\u00e9ographie de Saint-Di\u00e9-des-Vosges, en regard du Prix Amerigo-Vespucci, le Prix Amerigo-Vespucci Jeunesse &#8211; Saint-Di\u00e9-des-Vosges r\u00e9compense des ouvrages portant sur le th\u00e8me de l&rsquo;Aventure et du Voyage. Dot\u00e9 de 2 500 euros, il est traditionnellement remis pendant le week-end du Festival. Les ouvrages pr\u00e9sent\u00e9s doivent \u00eatre \u00e9dit\u00e9s en fran\u00e7ais et parus apr\u00e8s le 16 juillet de l&rsquo;ann\u00e9e pr\u00e9c\u00e9dente, la date limite des envois \u00e9tant fix\u00e9e au 15 juillet de l&rsquo;ann\u00e9e en cours. Pour demander le r\u00e8glement du Prix Amerigo-Vespucci Jeunesse, s&rsquo;adresser par \u00e9crit \u00e0 : Secr\u00e9tariat des Prix litt\u00e9rairesFestival International de G\u00e9ographieH\u00f4tel de Ville &#8211; B.P. 27588107 SAINT-DIE-DES-VOSGES cedex Demander les renseignements par courriel. Pour toute information compl\u00e9mentaire : t\u00e9l 03 29 42 16 76. Les Laur\u00e9ats 2019 : Didier CORNILLE, La ville, quoi de neuf ? (\u00c9ditions H\u00e9lium) 2018 : Lucile PIKETTY et Ta\u00ef-Marc LE THANH, Buffalo Bill (\u00c9ditions du Seuil) 2017 : Johan DAYT, Une Italie (Maison Eliza). 2016 : S\u00e9bastien GAYET et Julien BILLAUDEAU, A la d\u00e9couverte de la grotte Chauvet-Pont d&rsquo;Arc (Actes Sud Junior). 2015 : Fleur DAUGEY et Sandrine THOMMEN, Les Oiseaux globe-trotters (Actes Sud Junior). 2014 : Daniel PICOULY et Nathalie NOVI, Et si on redessinait le monde ? (\u00c9ditions Rue du monde) 2013 : Genevi\u00e8ve CLASTRES, ill. Lucile PLACIN, Le Go\u00fbt des voyages (Gallimard jeunesse). 2012 : Yves-Marie CL\u00c9MENT, Sur les traces de Walipo (Seuil Jeunesse). 2011 : Jean-Philippe BLONDEL et Florence LEBERT, Qui vive ? (Thierry Magnier \u00e9diteur). 2010 : Xavier-Laurent PETIT, Mon petit c\u0153ur imb\u00e9cile (\u00c9cole des Loisirs, collection Neuf). 2009 : Guillaume DUPRAT, Le Livre des terres imagin\u00e9es (Seuil). 2008 : Isabelle COLLOMBAT, Bienvenue \u00e0 Goma (\u00c9ditions du Rouergue). 2007 : Fran\u00e7ois PLACE, Le Roi des Trois Orients (\u00c9ditions Rue du Monde). 2006 : Carole SATURNO, Enfants ici, parents d&rsquo;ailleurs (Gallimard Jeunesse). 2005 : Xavier-Laurent PETIT, Le Col des mille larmes (Flammarion, Castor poche). 2004 : Didier DAENINCKX et Laurent CORVAISIER, L&rsquo;Enfant du zoo (Rue du monde). 2003 : Jean-Baptiste DE PANAFIEU, Plan\u00e8te eau douce (Gallimard Jeunesse) et Pierre-Marie BEAUDE, La Maison des Lointains (Gallimard Jeunesse, Scripto). 2002 : Fr\u00e9d\u00e9ric TOUSSAINT et Anne ROMBY, La Nuit de l&rsquo;ylang-ylang (Actes Sud junior). 2001 : Erik L&rsquo;HOMME, Livres des \u00e9toiles (Gallimard Jeunesse). 2000 : Rose-Claire LABALESTRA, Catherine PORTE, Le Roi vagabond (Rageot, Cascade). 1999 : Daniel VAXELAIRE, En haut la Libert\u00e9 (Flammarion, Castor Poche). 1998 : \u00c9ric BOISSET, Nicostratos (Magnard jeunesse). 1997 : Fran\u00e7ois PLACE, Du pays des Amazones aux \u00eeles Indigo (Casterman). 1996 : Jean-Fran\u00e7ois CHABAS, Une moiti\u00e9 de Wasicum (Casterman). 1995 : Danielle MARTINIGOL, Les Oubli\u00e9s de Vulcain (Hachette Jeunesse). 1994 : Bertrand SOLET, La Troupe sans pareille (Hachette jeunesse). 1993 : Jo\u00eblle WINTREBERT, Les Diables blancs (Gallimard). 1992 : Daniel PENNAC, L&rsquo;Agence Babel et L&rsquo;\u00c9vasion de Kamo (Gallimard). 1991 : S. GIRARDET, Cl. MERLEAU-PONTY et A. TARDY, Les Routes de la soie (Bayard). 1990 : John HOWE, G\u00e9rard JAEGGER, Amerigo Vespucci (La Joie de lire).<\/p>\n","protected":false},"author":3,"featured_media":0,"parent":0,"menu_order":0,"comment_status":"closed","ping_status":"closed","template":"","meta":[],"_links":{"self":[{"href":"https:\/\/bernard-visse.fr\/ev\/wp-json\/wp\/v2\/pages\/497"}],"collection":[{"href":"https:\/\/bernard-visse.fr\/ev\/wp-json\/wp\/v2\/pages"}],"about":[{"href":"https:\/\/bernard-visse.fr\/ev\/wp-json\/wp\/v2\/types\/page"}],"author":[{"embeddable":true,"href":"https:\/\/bernard-visse.fr\/ev\/wp-json\/wp\/v2\/users\/3"}],"replies":[{"embeddable":true,"href":"https:\/\/bernard-visse.fr\/ev\/wp-json\/wp\/v2\/comments?post=497"}],"version-history":[{"count":3,"href":"https:\/\/bernard-visse.fr\/ev\/wp-json\/wp\/v2\/pages\/497\/revisions"}],"predecessor-version":[{"id":973,"href":"https:\/\/bernard-visse.fr\/ev\/wp-json\/wp\/v2\/pages\/497\/revisions\/973"}],"wp:attachment":[{"href":"https:\/\/bernard-visse.fr\/ev\/wp-json\/wp\/v2\/media?parent=497"}],"curies":[{"name":"wp","href":"https:\/\/api.w.org\/{rel}","templated":true}]}}