{"id":495,"date":"2020-04-13T13:59:46","date_gmt":"2020-04-13T11:59:46","guid":{"rendered":"http:\/\/bernard-visse.fr\/ev\/?page_id=495"},"modified":"2020-04-20T21:02:18","modified_gmt":"2020-04-20T19:02:18","slug":"prix-amerigo-vespucci","status":"publish","type":"page","link":"https:\/\/bernard-visse.fr\/ev\/prix-amerigo-vespucci\/","title":{"rendered":"Prix Amerigo-Vespucci"},"content":{"rendered":"\n<p>Cr\u00e9\u00e9 en 1990, lors du premier <a href=\"http:\/\/www.fig.saint-die-des-vosges.fr\/\">Festival International de G\u00e9ographie de Saint-Di\u00e9-des-Vosges<\/a>, le Prix Amerigo-Vespucci r\u00e9compense des ouvrages de fiction ou de cr\u00e9ation d\u00e9di\u00e9s \u00e0 l\u2019aventure, aux voyages, aux terres lointaines.<\/p>\n\n\n\n<p>Dot\u00e9 de 2 300 euros, il est traditionnellement remis lors de l\u2019inauguration du Salon du Livre, le vendredi apr\u00e8s-midi du week-end du Festival, par M. David Valence, Maire de Saint-Di\u00e9-des-Vosges, et le pr\u00e9sident du jury.<\/p>\n\n\n\n<p>Les ouvrages pr\u00e9sent\u00e9s doivent \u00eatre \u00e9dit\u00e9s en fran\u00e7ais et parus apr\u00e8s le 16 juillet de l\u2019ann\u00e9e pr\u00e9c\u00e9dente, la date limite des envois \u00e9tant fix\u00e9e au 15 juillet de l\u2019ann\u00e9e en cours.<\/p>\n\n\n\n<p>Pour participer, il suffit d\u2019envoyer quinze exemplaires du ou des titres concourant \u00e0 l\u2019attention de :<br><br>Secr\u00e9tariat des Prix litt\u00e9raires<br>Festival International de G\u00e9ographie<br>H\u00f4tel de Ville \u2013 BP 275<br>88107 SAINT-DIE-DES-VOSGES cedex<\/p>\n\n\n\n<p><a href=\"mailto:jgeorges@ville-saintdie.fr?subject=Prix Amerigo-Vespucci - Demande de renseignements depuis le site www.ecrivosges.com&amp;cc=postmaster@ecrivosges.com\" target=\"_blank\" rel=\"noreferrer noopener\">Demander les renseignements par courriel.<\/a><\/p>\n\n\n\n<p>Pour toute information compl\u00e9mentaire : t\u00e9l 03 29 42 16 76.<\/p>\n\n\n\n<h3>R\u00e8glement<\/h3>\n\n\n\n<p>1. La Ville de Saint-Di\u00e9-des-Vosges et l\u2019Association pour le d\u00e9veloppement du Festival International de G\u00e9ographie (ADFIG) organisent un prix litt\u00e9raire d\u00e9nomm\u00e9 Prix Amerigo-Vespucci.<\/p>\n\n\n\n<p>2. Ce prix r\u00e9compensera l\u2019auteur d\u2019un roman ou r\u00e9cit de voyage ou d\u2019aventure, destin\u00e9 \u00e0 un public adulte.<\/p>\n\n\n\n<p>3. Les ouvrages pr\u00e9sent\u00e9s devront \u00eatre \u00e9dit\u00e9s en fran\u00e7ais et parus apr\u00e8s le 31 juillet de l\u2019ann\u00e9e pr\u00e9c\u00e9dente.<\/p>\n\n\n\n<p>4. Dot\u00e9 de 2 300 euros, ce prix sera remis lors de la c\u00e9r\u00e9monie d\u2019ouverture du Salon du Livre Amerigo-Vespucci, le vendredi apr\u00e8s-midi du week-end du Festival par M. Christian Pierret, Maire de Saint-Di\u00e9-des-Vosges, et par M. Abdelkader Djema\u00ef, pr\u00e9sident du jury du Prix Amerigo-Vespucci.<\/p>\n\n\n\n<p>5. La date limite des envois est fix\u00e9e au 15 juillet de l\u2019ann\u00e9e en cours. L\u2019envoi doit se faire en quinze exemplaires du titre concourant \u00e0 la Direction du Festival International de G\u00e9ographie. Aucun ouvrage ne sera retourn\u00e9.<\/p>\n\n\n\n<p>6. Le jury est compos\u00e9 de 11 membres au plus choisis parmi des journalistes, des \u00e9crivains, des professionnels du livre (libraire, biblioth\u00e9caire\u2026).<\/p>\n\n\n\n<p>7. La qualit\u00e9 de membre implique d\u2019\u00eatre pr\u00e9sent lors des d\u00e9lib\u00e9rations du jury. En cas d\u2019emp\u00eachement majeur, le jur\u00e9 emp\u00each\u00e9 devra imp\u00e9rativement communiquer son vote au pr\u00e9sident avant la r\u00e9union, vote accompagn\u00e9 d\u2019un classement et si possible d\u2019un argumentaire. Le manquement \u00e0 ces obligations entra\u00eenera la perte de la qualit\u00e9 de membre du jury.<\/p>\n\n\n\n<p>8. Le jury se r\u00e9unira au minimum trois semaines avant le Festival pour d\u00e9lib\u00e9rer. Un secr\u00e9taire sera d\u00e9sign\u00e9 par la direction du Festival afin de prendre en notes le contenu des d\u00e9bats.<\/p>\n\n\n\n<p>9. Le laur\u00e9at, inform\u00e9 suffisamment \u00e0 l\u2019avance, devra \u00eatre pr\u00e9sent lors de la remise officielle du prix.<\/p>\n\n\n\n<p>10. Les organisateurs se r\u00e9servent le droit de modifier, de reporter ou d\u2019annuler le prix si les circonstances l\u2019exigent. Leur responsabilit\u00e9 ne saurait \u00eatre engag\u00e9e de ce fait.<\/p>\n\n\n\n<p>11. Le jury peut \u00eatre plac\u00e9 dans l\u2019\u00e9ventualit\u00e9 de ne pas d\u00e9cerner le prix. Ses d\u00e9cisions sont sans appel.<\/p>\n\n\n\n<p>12. Le laur\u00e9at se verra attribuer le titre <strong>Prix Amerigo-Vespucci<\/strong>, titre qu\u2019il pourra utiliser \u00e0 sa convenance, \u00e0 l\u2019exclusion de toute autre d\u00e9nomination.<\/p>\n\n\n\n<p>13. Le laur\u00e9at autorisera les organisateurs \u00e0 utiliser son nom et son image dans toute manifestation promotionnelle li\u00e9e au prix ou au Festival International de G\u00e9ographie.<\/p>\n\n\n\n<p>14. Le seul fait de participer au concours implique l\u2019acceptation pure et simple du pr\u00e9sent r\u00e8glement. Tout litige \u00e9ventuel sera tranch\u00e9 en dernier ressort par les organisateurs dont les d\u00e9cisions sont sans appel.<\/p>\n\n\n\n<p>Est d\u00e9cern\u00e9 par ailleurs le <a rel=\"noreferrer noopener\" href=\"http:\/\/www.ecrivosges.com\/prixconcours\/jeunessesaintdie.php\/\" target=\"_blank\"><strong>Prix Amerigo-Vespucci jeunesse<\/strong><\/a>.<\/p>\n\n\n\n<h3>Les Laur\u00e9ats<\/h3>\n\n\n\n<p>2019 : Emmanuel RUBEN, <strong>Sur la route du Danube<\/strong> (\u00c9ditions Rivages)<\/p>\n\n\n\n<p>2018 : Michel MOUTOT, <strong>S\u00e9quoias<\/strong> (\u00c9ditions du Seuil)<\/p>\n\n\n\n<p>2017 : Rapha\u00ebl JERUSALMY, <strong>\u00c9vacuation<\/strong> (\u00c9ditions Actes Sud).<\/p>\n\n\n\n<p>2016 : Doan BUI, <strong>Le Silence de mon p\u00e8re<\/strong> (L\u2019Iconoclaste \u00e9diteur).<\/p>\n\n\n\n<p>2015 : Gr\u00e9goire POLET, <strong>Barcelona !<\/strong> (\u00c9ditions Gallimard).<\/p>\n\n\n\n<p>2014 : Laurent MAUVIGNIER, <strong>Autour du monde<\/strong> (\u00c9ditions de Minuit).<\/p>\n\n\n\n<p>2013 : Laurent-Fr\u00e9d\u00e9ric BOLL\u00c9E (sc\u00e9nario et texte) et Philippe NICLOUX (dessin), <strong>Terra Australis<\/strong>, roman graphique (\u00c9ditions Gl\u00e9nat).<\/p>\n\n\n\n<p>2012 : Fran\u00e7ois GARDE, <strong>Ce qu\u2019il advint du sauvage blanc<\/strong> (\u00c9ditions Gallimard).<\/p>\n\n\n\n<p>2011 : Olivier WEBER, <strong>Le Barbaresque<\/strong> (\u00c9ditions Flammarion).<\/p>\n\n\n\n<p>2010 : Hugo BORIS, <strong>Je n\u2019ai pas dans\u00e9 depuis longtemps<\/strong> (\u00c9ditions Belfond).<\/p>\n\n\n\n<p>2009 : Isabelle AUTISSIER, <strong>Seule la mer s\u2019en souviendra<\/strong> (\u00c9ditions Grasset).<\/p>\n\n\n\n<p>2008 : Patrice PLUYETTE, <strong>La Travers\u00e9e du Mozambique par temps calme<\/strong> (\u00c9ditions du Seuil).<\/p>\n\n\n\n<p>2007 : Bernard GIRAUDEAU, <strong>Les Dames de nage<\/strong> (\u00c9ditions M\u00e9tailli\u00e9).<\/p>\n\n\n\n<p>2006 : Pierre PELOT, <strong>L\u2019Ombre des voyageuses<\/strong> (\u00c9ditions H\u00e9lo\u00efse d\u2019Ormesson).<\/p>\n\n\n\n<p>2005 : Jean-Paul DELFINO, <strong>Corcovado<\/strong> (\u00c9ditions M\u00e9taili\u00e9).<\/p>\n\n\n\n<p>2004 : France HUSER, <strong>Le Murmure des sables<\/strong> (\u00c9ditions du Seuil).<\/p>\n\n\n\n<p>2003 : Marc DURIN-VALOIS, <strong>Chamelle<\/strong> (\u00c9ditions JCLatt\u00e8s).<\/p>\n\n\n\n<p>2002 : Abdelkader DJEMA\u00cf, <strong>Camping<\/strong> (\u00c9ditions du Seuil).<\/p>\n\n\n\n<p>2001 : Jean-Luc COATELEM, <strong>Je suis dans les mers du Sud, sur les traces de Paul Gauguin<\/strong> (\u00c9ditionsGrasset).<\/p>\n\n\n\n<p>2000 : Ahmadou KOUROUMA, <strong>Allah n\u2019est pas oblig\u00e9<\/strong> (\u00c9ditions du Seuil).<\/p>\n\n\n\n<p>1999 : Gilles LAPOUGE, <strong>Besoin de mirages<\/strong> (\u00c9ditions du Seuil).<\/p>\n\n\n\n<p>1998 : Gis\u00e8le PINEAU, <strong>L\u2019\u00c2me pr\u00eat\u00e9e aux oiseaux<\/strong> (\u00c9ditions Stock).<\/p>\n\n\n\n<p>1997 : \u00c9ric FOTTORINO, <strong>C\u0153ur d\u2019Afrique<\/strong> (\u00c9ditions Stock).<\/p>\n\n\n\n<p>1996 : Yves OUAHNON, <strong>Le Calendrier de Cordoue<\/strong> (\u00c9ditions Autrement).<\/p>\n\n\n\n<p>1995 : Isabelle JARRY, <strong>23 Lettres d\u2019Am\u00e9rique<\/strong> (\u00c9ditions Fayard).<\/p>\n\n\n\n<p>1994 : Michel MARTY, <strong>L\u2019\u00cele rouge<\/strong> (\u00c9ditions Ph\u00e9bus).<\/p>\n\n\n\n<p>1993 : Liliane SICHLER, <strong>La Chinoise du Pacific Railway<\/strong> (Grasset).<\/p>\n\n\n\n<p>1992 : Anka MUHLSTEIN, <strong>Cavelier de la Salle<\/strong> (\u00c9ditions Grasset).<\/p>\n\n\n\n<p>1991 : Pierre-Jean R\u00c9MY, <strong>Chine<\/strong> (\u00c9ditions Albin Michel).<\/p>\n\n\n\n<p>1990 : Claude LEBORGNE, <strong>La Prison nomade<\/strong> (\u00c9ditions Fran\u00e7ois Bourin).<\/p>\n","protected":false},"excerpt":{"rendered":"<p>Cr\u00e9\u00e9 en 1990, lors du premier Festival International de G\u00e9ographie de Saint-Di\u00e9-des-Vosges, le Prix Amerigo-Vespucci r\u00e9compense des ouvrages de fiction ou de cr\u00e9ation d\u00e9di\u00e9s \u00e0 l\u2019aventure, aux voyages, aux terres lointaines. Dot\u00e9 de 2 300 euros, il est traditionnellement remis lors de l\u2019inauguration du Salon du Livre, le vendredi apr\u00e8s-midi du week-end du Festival, par M. David Valence, Maire de Saint-Di\u00e9-des-Vosges, et le pr\u00e9sident du jury. Les ouvrages pr\u00e9sent\u00e9s doivent \u00eatre \u00e9dit\u00e9s en fran\u00e7ais et parus apr\u00e8s le 16 juillet de l\u2019ann\u00e9e pr\u00e9c\u00e9dente, la date limite des envois \u00e9tant fix\u00e9e au 15 juillet de l\u2019ann\u00e9e en cours. Pour participer, il suffit d\u2019envoyer quinze exemplaires du ou des titres concourant \u00e0 l\u2019attention de : Secr\u00e9tariat des Prix litt\u00e9rairesFestival International de G\u00e9ographieH\u00f4tel de Ville \u2013 BP 27588107 SAINT-DIE-DES-VOSGES cedex Demander les renseignements par courriel. Pour toute information compl\u00e9mentaire : t\u00e9l 03 29 42 16 76. R\u00e8glement 1. La Ville de Saint-Di\u00e9-des-Vosges et l\u2019Association pour le d\u00e9veloppement du Festival International de G\u00e9ographie (ADFIG) organisent un prix litt\u00e9raire d\u00e9nomm\u00e9 Prix Amerigo-Vespucci. 2. Ce prix r\u00e9compensera l\u2019auteur d\u2019un roman ou r\u00e9cit de voyage ou d\u2019aventure, destin\u00e9 \u00e0 un public adulte. 3. Les ouvrages pr\u00e9sent\u00e9s devront \u00eatre \u00e9dit\u00e9s en fran\u00e7ais et parus apr\u00e8s le 31 juillet de l\u2019ann\u00e9e pr\u00e9c\u00e9dente. 4. Dot\u00e9 de 2 300 euros, ce prix sera remis lors de la c\u00e9r\u00e9monie d\u2019ouverture du Salon du Livre Amerigo-Vespucci, le vendredi apr\u00e8s-midi du week-end du Festival par M. Christian Pierret, Maire de Saint-Di\u00e9-des-Vosges, et par M. Abdelkader Djema\u00ef, pr\u00e9sident du jury du Prix Amerigo-Vespucci. 5. La date limite des envois est fix\u00e9e au 15 juillet de l\u2019ann\u00e9e en cours. L\u2019envoi doit se faire en quinze exemplaires du titre concourant \u00e0 la Direction du Festival International de G\u00e9ographie. Aucun ouvrage ne sera retourn\u00e9. 6. Le jury est compos\u00e9 de 11 membres au plus choisis parmi des journalistes, des \u00e9crivains, des professionnels du livre (libraire, biblioth\u00e9caire\u2026). 7. La qualit\u00e9 de membre implique d\u2019\u00eatre pr\u00e9sent lors des d\u00e9lib\u00e9rations du jury. En cas d\u2019emp\u00eachement majeur, le jur\u00e9 emp\u00each\u00e9 devra imp\u00e9rativement communiquer son vote au pr\u00e9sident avant la r\u00e9union, vote accompagn\u00e9 d\u2019un classement et si possible d\u2019un argumentaire. Le manquement \u00e0 ces obligations entra\u00eenera la perte de la qualit\u00e9 de membre du jury. 8. Le jury se r\u00e9unira au minimum trois semaines avant le Festival pour d\u00e9lib\u00e9rer. Un secr\u00e9taire sera d\u00e9sign\u00e9 par la direction du Festival afin de prendre en notes le contenu des d\u00e9bats. 9. Le laur\u00e9at, inform\u00e9 suffisamment \u00e0 l\u2019avance, devra \u00eatre pr\u00e9sent lors de la remise officielle du prix. 10. Les organisateurs se r\u00e9servent le droit de modifier, de reporter ou d\u2019annuler le prix si les circonstances l\u2019exigent. Leur responsabilit\u00e9 ne saurait \u00eatre engag\u00e9e de ce fait. 11. Le jury peut \u00eatre plac\u00e9 dans l\u2019\u00e9ventualit\u00e9 de ne pas d\u00e9cerner le prix. Ses d\u00e9cisions sont sans appel. 12. Le laur\u00e9at se verra attribuer le titre Prix Amerigo-Vespucci, titre qu\u2019il pourra utiliser \u00e0 sa convenance, \u00e0 l\u2019exclusion de toute autre d\u00e9nomination. 13. Le laur\u00e9at autorisera les organisateurs \u00e0 utiliser son nom et son image dans toute manifestation promotionnelle li\u00e9e au prix ou au Festival International de G\u00e9ographie. 14. Le seul fait de participer au concours implique l\u2019acceptation pure et simple du pr\u00e9sent r\u00e8glement. Tout litige \u00e9ventuel sera tranch\u00e9 en dernier ressort par les organisateurs dont les d\u00e9cisions sont sans appel. Est d\u00e9cern\u00e9 par ailleurs le Prix Amerigo-Vespucci jeunesse. Les Laur\u00e9ats 2019 : Emmanuel RUBEN, Sur la route du Danube (\u00c9ditions Rivages) 2018 : Michel MOUTOT, S\u00e9quoias (\u00c9ditions du Seuil) 2017 : Rapha\u00ebl JERUSALMY, \u00c9vacuation (\u00c9ditions Actes Sud). 2016 : Doan BUI, Le Silence de mon p\u00e8re (L\u2019Iconoclaste \u00e9diteur). 2015 : Gr\u00e9goire POLET, Barcelona ! (\u00c9ditions Gallimard). 2014 : Laurent MAUVIGNIER, Autour du monde (\u00c9ditions de Minuit). 2013 : Laurent-Fr\u00e9d\u00e9ric BOLL\u00c9E (sc\u00e9nario et texte) et Philippe NICLOUX (dessin), Terra Australis, roman graphique (\u00c9ditions Gl\u00e9nat). 2012 : Fran\u00e7ois GARDE, Ce qu\u2019il advint du sauvage blanc (\u00c9ditions Gallimard). 2011 : Olivier WEBER, Le Barbaresque (\u00c9ditions Flammarion). 2010 : Hugo BORIS, Je n\u2019ai pas dans\u00e9 depuis longtemps (\u00c9ditions Belfond). 2009 : Isabelle AUTISSIER, Seule la mer s\u2019en souviendra (\u00c9ditions Grasset). 2008 : Patrice PLUYETTE, La Travers\u00e9e du Mozambique par temps calme (\u00c9ditions du Seuil). 2007 : Bernard GIRAUDEAU, Les Dames de nage (\u00c9ditions M\u00e9tailli\u00e9). 2006 : Pierre PELOT, L\u2019Ombre des voyageuses (\u00c9ditions H\u00e9lo\u00efse d\u2019Ormesson). 2005 : Jean-Paul DELFINO, Corcovado (\u00c9ditions M\u00e9taili\u00e9). 2004 : France HUSER, Le Murmure des sables (\u00c9ditions du Seuil). 2003 : Marc DURIN-VALOIS, Chamelle (\u00c9ditions JCLatt\u00e8s). 2002 : Abdelkader DJEMA\u00cf, Camping (\u00c9ditions du Seuil). 2001 : Jean-Luc COATELEM, Je suis dans les mers du Sud, sur les traces de Paul Gauguin (\u00c9ditionsGrasset). 2000 : Ahmadou KOUROUMA, Allah n\u2019est pas oblig\u00e9 (\u00c9ditions du Seuil). 1999 : Gilles LAPOUGE, Besoin de mirages (\u00c9ditions du Seuil). 1998 : Gis\u00e8le PINEAU, L\u2019\u00c2me pr\u00eat\u00e9e aux oiseaux (\u00c9ditions Stock). 1997 : \u00c9ric FOTTORINO, C\u0153ur d\u2019Afrique (\u00c9ditions Stock). 1996 : Yves OUAHNON, Le Calendrier de Cordoue (\u00c9ditions Autrement). 1995 : Isabelle JARRY, 23 Lettres d\u2019Am\u00e9rique (\u00c9ditions Fayard). 1994 : Michel MARTY, L\u2019\u00cele rouge (\u00c9ditions Ph\u00e9bus). 1993 : Liliane SICHLER, La Chinoise du Pacific Railway (Grasset). 1992 : Anka MUHLSTEIN, Cavelier de la Salle (\u00c9ditions Grasset). 1991 : Pierre-Jean R\u00c9MY, Chine (\u00c9ditions Albin Michel). 1990 : Claude LEBORGNE, La Prison nomade (\u00c9ditions Fran\u00e7ois Bourin).<\/p>\n","protected":false},"author":3,"featured_media":0,"parent":0,"menu_order":0,"comment_status":"closed","ping_status":"closed","template":"","meta":[],"_links":{"self":[{"href":"https:\/\/bernard-visse.fr\/ev\/wp-json\/wp\/v2\/pages\/495"}],"collection":[{"href":"https:\/\/bernard-visse.fr\/ev\/wp-json\/wp\/v2\/pages"}],"about":[{"href":"https:\/\/bernard-visse.fr\/ev\/wp-json\/wp\/v2\/types\/page"}],"author":[{"embeddable":true,"href":"https:\/\/bernard-visse.fr\/ev\/wp-json\/wp\/v2\/users\/3"}],"replies":[{"embeddable":true,"href":"https:\/\/bernard-visse.fr\/ev\/wp-json\/wp\/v2\/comments?post=495"}],"version-history":[{"count":1,"href":"https:\/\/bernard-visse.fr\/ev\/wp-json\/wp\/v2\/pages\/495\/revisions"}],"predecessor-version":[{"id":496,"href":"https:\/\/bernard-visse.fr\/ev\/wp-json\/wp\/v2\/pages\/495\/revisions\/496"}],"wp:attachment":[{"href":"https:\/\/bernard-visse.fr\/ev\/wp-json\/wp\/v2\/media?parent=495"}],"curies":[{"name":"wp","href":"https:\/\/api.w.org\/{rel}","templated":true}]}}