{"id":492,"date":"2020-04-13T13:45:39","date_gmt":"2020-04-13T11:45:39","guid":{"rendered":"http:\/\/bernard-visse.fr\/ev\/?page_id=492"},"modified":"2020-04-20T19:02:18","modified_gmt":"2020-04-20T17:02:18","slug":"des-mots-et-des-mondes","status":"publish","type":"page","link":"https:\/\/bernard-visse.fr\/ev\/des-mots-et-des-mondes\/","title":{"rendered":"Concours Des mots et des mondes"},"content":{"rendered":"\n<h3>R\u00e8glement 2019<\/h3>\n\n\n\n<p><strong>Article 1<\/strong><\/p>\n\n\n\n<p>Dans le cadre du Printemps des Po\u00e8tes 2019, l&rsquo;association <em>Des Mots et des Mondes<\/em> organise son concours de po\u00e9sie.<\/p>\n\n\n\n<p><strong>Article 2<\/strong><\/p>\n\n\n\n<p>Le concours est ouvert \u00e0 toute personne r\u00e9sidant en France m\u00e9tropolitaine. Il y a 5 cat\u00e9gories de participants :<br>1 &#8211; Classes jusqu&rsquo;au CM2 ; collectif<br>2 &#8211; Classes jusqu&rsquo;au CM2 ; individuel<br>3 &#8211; Enfants jusqu&rsquo;\u00e0 10 ans<br>4 &#8211; Adolescents de 11 \u00e0 18 ans<br>5 &#8211; Adultes<\/p>\n\n\n\n<p><strong>Article 3<\/strong><\/p>\n\n\n\n<p>Chaque participant devra s&rsquo;astreindre au pr\u00e9sent r\u00e8glement et accepter les d\u00e9cisions du jury qui seront sans appel.<\/p>\n\n\n\n<p><strong>Article 4<\/strong><\/p>\n\n\n\n<p>Les candidats proposeront au maximum 2 \u0153uvres en langue fran\u00e7aise sur le th\u00e8me :<br>Pour les adultes : <em>La Beaut\u00e9<\/em><br>Pour les enfants : <em>Pour toi, o\u00f9 trouves-tu la beaut\u00e9 ?<\/em><br>Chaque texte sera une \u0153uvre originale, jamais \u00e9dit\u00e9e, \u00e9crite par le candidat lui-m\u00eame qui pourra signer de son nom de plume.<\/p>\n\n\n\n<p><strong>Article 5<\/strong><\/p>\n\n\n\n<p>Chaque texte sera pr\u00e9sent\u00e9 en 1 exemplaire dactylographi\u00e9 ou lisiblement manuscrit uniquement au recto d&rsquo;une feuille 21 X 29,7 cm, le verso devant comporter obligatoirement : le nom, le pr\u00e9nom, l&rsquo;adresse, le num\u00e9ro de t\u00e9l\u00e9phone, la date de naissance de l&rsquo;auteur.<\/p>\n\n\n\n<p><strong>Article 6<\/strong><\/p>\n\n\n\n<p>Les participants devront adresser leurs \u0153uvres \u00e0 l\u2019une des adresses suivantes :<\/p>\n\n\n\n<p>&#8211; \u00e0 la m\u00e9diath\u00e8que de Mirecourt<\/p>\n\n\n\n<p>&#8211; \u00e0 la pr\u00e9sidente <em>Des Mots et des Mondes<\/em> : Maryse REMY <br>89 avenue de Chamiec <br>88500 MIRECOURT<\/p>\n\n\n\n<p>&#8211; <a href=\"mailto:desmotsetdesmondes@gmail.com\" target=\"_blank\" rel=\"noreferrer noopener\">desmotsetdesmondes@gmail.com<\/a><\/p>\n\n\n\n<p>pour le samedi 2 mars 2019, d\u00e9lai de rigueur.<\/p>\n\n\n\n<p><strong>Article 7<\/strong><\/p>\n\n\n\n<p>Les participants s&rsquo;engagent \u00e0 fournir leurs \u0153uvres libres de droits de diffusion. L&rsquo;envoi d&rsquo;un po\u00e8me vaut autorisation de sa publication y compris son titre et sa signature.<\/p>\n\n\n\n<p><strong>Article 8<\/strong><\/p>\n\n\n\n<p>La remise des prix est pr\u00e9vue le samedi 23 mars 2019 \u00e0 15 h \u00e0 la m\u00e9diath\u00e8que de Mirecourt. Les laur\u00e9ats seront avis\u00e9s personnellement.<\/p>\n\n\n\n<p><strong>Article 9<\/strong><\/p>\n\n\n\n<p>En cas de force majeure, les organisateurs se r\u00e9servent le droit de modifier les modalit\u00e9s et les conditions de participation.<br>Chaque laur\u00e9at sera r\u00e9compens\u00e9 par un prix offert par <em>Des Mots et des Mondes<\/em>.<br>Le jury est compos\u00e9 des membres du club de po\u00e9sie de l\u2019association.<\/p>\n\n\n\n<h3>Laur\u00e9ats<\/h3>\n\n\n\n<p><strong>2018 :<\/strong> Th\u00e8me : <strong>Ma plus grosse envie<\/strong><br>Enfants :<br>Prosper Lys pour <em>Ma plus grosse envie<\/em><br>Lucie Bedel pour<em> L\u2019Ardeur<\/em><br>Noah Sourouh pour <em>Voyage dans le pass\u00e9<\/em><br>Margot Iceta pour <em>D\u00e9couvrir d\u2019autres pays<\/em><br>Adultes :<br>Prix sp\u00e9cial \u00e0 Guy Vieilfault pour <em>Favelas<\/em><br>1er prix : Carole Regazzoni pour <em>Ardeurs d\u2019\u00e9t\u00e9<\/em><br>2e prix : Monique Renault pour <em>Le Soldat po\u00e8te<\/em><br>3e prix : L\u00e9o Porfilio pour <em>L\u2019Ardeur<\/em><br>4e prix : Christian Bled pour <em>R\u00e9sister<\/em><\/p>\n\n\n\n<p><strong>2017 :<\/strong> Th\u00e8me : <strong>Afriques<\/strong> et <strong>Po\u00e8me affiche<\/strong><br>Enfants :<br>Prix \u00e0 Lucie Bedel (9 ans) pour son po\u00e8me affiche <em>Cher fr\u00e8re blanc<\/em><br>Adultes :<br>1er prix : Patrick Venture pour <em>Voyage en Namibie<\/em> et <em>La Sombre go\u00e9lette<\/em><br>2e prix : Monique Renault pour <em>Lettre \u00e0 l\u2019Afrique<\/em><br>3e prix : R\u00e9gis Goliez pour <em>Beau Cameroun \u00e0 voir<\/em><br>Encouragements \u00e0 Ren\u00e9e Carrez pour <em>Impressions d\u2019Afrique<\/em><\/p>\n\n\n\n<p><strong>2016 :<\/strong> Th\u00e8me : <strong>De l\u2019image au po\u00e8me<\/strong><br>Enfants :<br>1er prix ex\u00e6quo : Neva Rothammer (9 ans) pour <em>Le Monstre Bouboule<\/em><br>Louis Habert (9 ans) pour <em>Le Secret du fond des mers<\/em><br>R\u00e9compense pour Pauline Habert (7 ans) pour <em>L\u2019Automne<\/em><br>Adultes :<br>Prix sp\u00e9cial : Ludovic Chaptal pour <em>La Colonne bris\u00e9e de Frida Kahlo<\/em><br>1er prix : Guy Vieilfault pour <em>L\u2019Aube<\/em><br>2e prix : Nathalie Bedez pour <em>Tableau hivernal<\/em><br>3e prix : Jean-Charles Paillet pour <em>Fi\u00e8re et libre<\/em><br>4e prix : G\u00e9rard Ribolini pour <em>L\u2019Exil<\/em><br>5e prix : R\u00e9gis Goliez pour <em>L\u2019Attente<\/em><\/p>\n\n\n\n<p><strong>2015 :<\/strong> Th\u00e8me : <strong>L\u2019Insurrection po\u00e9tique<\/strong><br>Enfants :<br>1er prix ex\u00e6quo : Jeanne Bedel (10 ans) pour <em>L\u2019Enfant d\u2019Afrique<\/em><br>Clara Breuil (10ans) pour <em>Stop pollution<\/em><br>2e prix : Sorenza Etre (10 ans) pour <em>Si\u2026<\/em><br>3e prix : Eliora Laibe (10 ans) pour <em>Mon monde \u00e0 moi<\/em><br>Prix sp\u00e9cial pour Lucie Bedel (7 ans) pour <em>Faire une peinture du monde<\/em><br>Adultes :<br>1er prix : Alice Alego\u00ebt pour <em>L\u2019Insurrection po\u00e9tique<\/em><br>2e prix : Andr\u00e9 Recoup\u00e9 pour <em>Un Sang d\u2019encre<\/em><br>3e prix : Coraline Bogard pour <em>Chut\u2026<\/em><\/p>\n","protected":false},"excerpt":{"rendered":"<p>R\u00e8glement 2019 Article 1 Dans le cadre du Printemps des Po\u00e8tes 2019, l&rsquo;association Des Mots et des Mondes organise son concours de po\u00e9sie. Article 2 Le concours est ouvert \u00e0 toute personne r\u00e9sidant en France m\u00e9tropolitaine. Il y a 5 cat\u00e9gories de participants :1 &#8211; Classes jusqu&rsquo;au CM2 ; collectif2 &#8211; Classes jusqu&rsquo;au CM2 ; individuel3 &#8211; Enfants jusqu&rsquo;\u00e0 10 ans4 &#8211; Adolescents de 11 \u00e0 18 ans5 &#8211; Adultes Article 3 Chaque participant devra s&rsquo;astreindre au pr\u00e9sent r\u00e8glement et accepter les d\u00e9cisions du jury qui seront sans appel. Article 4 Les candidats proposeront au maximum 2 \u0153uvres en langue fran\u00e7aise sur le th\u00e8me :Pour les adultes : La Beaut\u00e9Pour les enfants : Pour toi, o\u00f9 trouves-tu la beaut\u00e9 ?Chaque texte sera une \u0153uvre originale, jamais \u00e9dit\u00e9e, \u00e9crite par le candidat lui-m\u00eame qui pourra signer de son nom de plume. Article 5 Chaque texte sera pr\u00e9sent\u00e9 en 1 exemplaire dactylographi\u00e9 ou lisiblement manuscrit uniquement au recto d&rsquo;une feuille 21 X 29,7 cm, le verso devant comporter obligatoirement : le nom, le pr\u00e9nom, l&rsquo;adresse, le num\u00e9ro de t\u00e9l\u00e9phone, la date de naissance de l&rsquo;auteur. Article 6 Les participants devront adresser leurs \u0153uvres \u00e0 l\u2019une des adresses suivantes : &#8211; \u00e0 la m\u00e9diath\u00e8que de Mirecourt &#8211; \u00e0 la pr\u00e9sidente Des Mots et des Mondes : Maryse REMY 89 avenue de Chamiec 88500 MIRECOURT &#8211; desmotsetdesmondes@gmail.com pour le samedi 2 mars 2019, d\u00e9lai de rigueur. Article 7 Les participants s&rsquo;engagent \u00e0 fournir leurs \u0153uvres libres de droits de diffusion. L&rsquo;envoi d&rsquo;un po\u00e8me vaut autorisation de sa publication y compris son titre et sa signature. Article 8 La remise des prix est pr\u00e9vue le samedi 23 mars 2019 \u00e0 15 h \u00e0 la m\u00e9diath\u00e8que de Mirecourt. Les laur\u00e9ats seront avis\u00e9s personnellement. Article 9 En cas de force majeure, les organisateurs se r\u00e9servent le droit de modifier les modalit\u00e9s et les conditions de participation.Chaque laur\u00e9at sera r\u00e9compens\u00e9 par un prix offert par Des Mots et des Mondes.Le jury est compos\u00e9 des membres du club de po\u00e9sie de l\u2019association. Laur\u00e9ats 2018 : Th\u00e8me : Ma plus grosse envieEnfants :Prosper Lys pour Ma plus grosse envieLucie Bedel pour L\u2019ArdeurNoah Sourouh pour Voyage dans le pass\u00e9Margot Iceta pour D\u00e9couvrir d\u2019autres paysAdultes :Prix sp\u00e9cial \u00e0 Guy Vieilfault pour Favelas1er prix : Carole Regazzoni pour Ardeurs d\u2019\u00e9t\u00e92e prix : Monique Renault pour Le Soldat po\u00e8te3e prix : L\u00e9o Porfilio pour L\u2019Ardeur4e prix : Christian Bled pour R\u00e9sister 2017 : Th\u00e8me : Afriques et Po\u00e8me afficheEnfants :Prix \u00e0 Lucie Bedel (9 ans) pour son po\u00e8me affiche Cher fr\u00e8re blancAdultes :1er prix : Patrick Venture pour Voyage en Namibie et La Sombre go\u00e9lette2e prix : Monique Renault pour Lettre \u00e0 l\u2019Afrique3e prix : R\u00e9gis Goliez pour Beau Cameroun \u00e0 voirEncouragements \u00e0 Ren\u00e9e Carrez pour Impressions d\u2019Afrique 2016 : Th\u00e8me : De l\u2019image au po\u00e8meEnfants :1er prix ex\u00e6quo : Neva Rothammer (9 ans) pour Le Monstre BoubouleLouis Habert (9 ans) pour Le Secret du fond des mersR\u00e9compense pour Pauline Habert (7 ans) pour L\u2019AutomneAdultes :Prix sp\u00e9cial : Ludovic Chaptal pour La Colonne bris\u00e9e de Frida Kahlo1er prix : Guy Vieilfault pour L\u2019Aube2e prix : Nathalie Bedez pour Tableau hivernal3e prix : Jean-Charles Paillet pour Fi\u00e8re et libre4e prix : G\u00e9rard Ribolini pour L\u2019Exil5e prix : R\u00e9gis Goliez pour L\u2019Attente 2015 : Th\u00e8me : L\u2019Insurrection po\u00e9tiqueEnfants :1er prix ex\u00e6quo : Jeanne Bedel (10 ans) pour L\u2019Enfant d\u2019AfriqueClara Breuil (10ans) pour Stop pollution2e prix : Sorenza Etre (10 ans) pour Si\u20263e prix : Eliora Laibe (10 ans) pour Mon monde \u00e0 moiPrix sp\u00e9cial pour Lucie Bedel (7 ans) pour Faire une peinture du mondeAdultes :1er prix : Alice Alego\u00ebt pour L\u2019Insurrection po\u00e9tique2e prix : Andr\u00e9 Recoup\u00e9 pour Un Sang d\u2019encre3e prix : Coraline Bogard pour Chut\u2026<\/p>\n","protected":false},"author":3,"featured_media":0,"parent":0,"menu_order":0,"comment_status":"closed","ping_status":"closed","template":"","meta":[],"_links":{"self":[{"href":"https:\/\/bernard-visse.fr\/ev\/wp-json\/wp\/v2\/pages\/492"}],"collection":[{"href":"https:\/\/bernard-visse.fr\/ev\/wp-json\/wp\/v2\/pages"}],"about":[{"href":"https:\/\/bernard-visse.fr\/ev\/wp-json\/wp\/v2\/types\/page"}],"author":[{"embeddable":true,"href":"https:\/\/bernard-visse.fr\/ev\/wp-json\/wp\/v2\/users\/3"}],"replies":[{"embeddable":true,"href":"https:\/\/bernard-visse.fr\/ev\/wp-json\/wp\/v2\/comments?post=492"}],"version-history":[{"count":2,"href":"https:\/\/bernard-visse.fr\/ev\/wp-json\/wp\/v2\/pages\/492\/revisions"}],"predecessor-version":[{"id":704,"href":"https:\/\/bernard-visse.fr\/ev\/wp-json\/wp\/v2\/pages\/492\/revisions\/704"}],"wp:attachment":[{"href":"https:\/\/bernard-visse.fr\/ev\/wp-json\/wp\/v2\/media?parent=492"}],"curies":[{"name":"wp","href":"https:\/\/api.w.org\/{rel}","templated":true}]}}