{"id":489,"date":"2020-04-13T13:34:11","date_gmt":"2020-04-13T11:34:11","guid":{"rendered":"http:\/\/bernard-visse.fr\/ev\/?page_id=489"},"modified":"2020-04-20T20:58:09","modified_gmt":"2020-04-20T18:58:09","slug":"concours-arts-et-lettres-de-france","status":"publish","type":"page","link":"https:\/\/bernard-visse.fr\/ev\/concours-arts-et-lettres-de-france\/","title":{"rendered":"Concours Arts et Lettres de France"},"content":{"rendered":"\n<p>Le concours litt\u00e9raire <strong>Arts et Lettres de France<\/strong> est ouvert du 1er septembre au 31 octobre.<\/p>\n\n\n\n<p>Il comporte les rubriques suivantes : po\u00e9sie, conte, nouvelle, roman, pi\u00e8ce de th\u00e9\u00e2tre, essai, biographie et ouvrage historique.<\/p>\n\n\n\n<p>Une section jeunes est \u00e9galement ouverte pour les moins de 18 ans.<\/p>\n\n\n\n<p>Les candidats peuvent obtenir le r\u00e8glement g\u00e9n\u00e9ral de participation contre une enveloppe timbr\u00e9e portant leur nom et adresse en \u00e9crivant \u00e0 :<\/p>\n\n\n\n<p>Marie-Th\u00e9r\u00e8se DRISCH<br>d\u00e9l\u00e9gu\u00e9e r\u00e9gionale de A.L.F.<br>83, rue du G\u00e9n\u00e9ral-Patton<br>57330 HETTANGE-GRANDE<\/p>\n","protected":false},"excerpt":{"rendered":"<p>Le concours litt\u00e9raire Arts et Lettres de France est ouvert du 1er septembre au 31 octobre. Il comporte les rubriques suivantes : po\u00e9sie, conte, nouvelle, roman, pi\u00e8ce de th\u00e9\u00e2tre, essai, biographie et ouvrage historique. Une section jeunes est \u00e9galement ouverte pour les moins de 18 ans. Les candidats peuvent obtenir le r\u00e8glement g\u00e9n\u00e9ral de participation contre une enveloppe timbr\u00e9e portant leur nom et adresse en \u00e9crivant \u00e0 : Marie-Th\u00e9r\u00e8se DRISCHd\u00e9l\u00e9gu\u00e9e r\u00e9gionale de A.L.F.83, rue du G\u00e9n\u00e9ral-Patton57330 HETTANGE-GRANDE<\/p>\n","protected":false},"author":3,"featured_media":0,"parent":0,"menu_order":0,"comment_status":"closed","ping_status":"closed","template":"","meta":[],"_links":{"self":[{"href":"https:\/\/bernard-visse.fr\/ev\/wp-json\/wp\/v2\/pages\/489"}],"collection":[{"href":"https:\/\/bernard-visse.fr\/ev\/wp-json\/wp\/v2\/pages"}],"about":[{"href":"https:\/\/bernard-visse.fr\/ev\/wp-json\/wp\/v2\/types\/page"}],"author":[{"embeddable":true,"href":"https:\/\/bernard-visse.fr\/ev\/wp-json\/wp\/v2\/users\/3"}],"replies":[{"embeddable":true,"href":"https:\/\/bernard-visse.fr\/ev\/wp-json\/wp\/v2\/comments?post=489"}],"version-history":[{"count":2,"href":"https:\/\/bernard-visse.fr\/ev\/wp-json\/wp\/v2\/pages\/489\/revisions"}],"predecessor-version":[{"id":568,"href":"https:\/\/bernard-visse.fr\/ev\/wp-json\/wp\/v2\/pages\/489\/revisions\/568"}],"wp:attachment":[{"href":"https:\/\/bernard-visse.fr\/ev\/wp-json\/wp\/v2\/media?parent=489"}],"curies":[{"name":"wp","href":"https:\/\/api.w.org\/{rel}","templated":true}]}}