{"id":475,"date":"2020-04-13T12:09:24","date_gmt":"2020-04-13T10:09:24","guid":{"rendered":"http:\/\/bernard-visse.fr\/ev\/?page_id=475"},"modified":"2020-04-20T19:02:25","modified_gmt":"2020-04-20T17:02:25","slug":"concours-litteraire-de-landouille-le-val-dajol","status":"publish","type":"page","link":"https:\/\/bernard-visse.fr\/ev\/concours-litteraire-de-landouille-le-val-dajol\/","title":{"rendered":"Concours litt\u00e9raire de l&rsquo;Andouille<br>Le Val d&rsquo;Ajol"},"content":{"rendered":"\n<br><br>\n<h3>R\u00e8glement 2017<\/h3> (50e ann\u00e9e !)\n<br>\n<p>Cr\u00e9\u00e9 en 1967, le Concours litt\u00e9raire de l&rsquo;Andouille a permis au fil des ann\u00e9es, \u00e0 des centaines d&rsquo;auteurs, d&rsquo;exprimer leurs sentiments les plus dr\u00f4les, les plus insolites ou les plus fougueux, envers l&rsquo;Andouille du Val d&rsquo;Ajol : il est devenu le <em>Goncourt de la charcuterie<\/em> !<\/p>\n      <p>Le temps est venu de chanter les m\u00e9rites de cette andouille,      sp\u00e9cialit\u00e9 charcuti\u00e8re qui participe \u00e0 la gloire de la cit\u00e9 ajolaise.<\/p>\n      <p>Ce concours est ouvert \u00e0 tous les \u00e9crivains de langue fran\u00e7aise, \n        des enfants des \u00e9coles aux acad\u00e9miciens.<\/p>\n      <p>Sujet impos\u00e9 : <em>l&rsquo;Andouille sous tous ses aspects, \n        et plus particuli\u00e8rement celle du Val d&rsquo;Ajol<\/em>. En vers, en prose, sous forme de pamphlet, de madrigal, de fable, d&rsquo;ode, de ballade, tous les textes sont admis pour c\u00e9l\u00e9brer l&rsquo;andouille, vanter ses attraits et la glorifier.<\/p>\n      <p>Par d\u00e9cision unanime du Conseil magistral de la Confr\u00e9rie, les manuscrits devront \u00eatre obligatoirement r\u00e9dig\u00e9s sur papier sulfuris\u00e9 de boucherie avec la marque du fournisseur. Le nom et l&rsquo;adresse du candidat devront clairement figurer sur les manuscrits. Le laur\u00e9at s&rsquo;engage \u00e0 accepter la publication et la diffusion de son texte par la Confr\u00e9rie.<\/p>\n      \n    <p>D\u00e9lai de rigueur : tous les manuscrits devront obligatoirement \u00eatre adress\u00e9s pour le <strong>10 f\u00e9vrier 2017<\/strong>, \u00e0 la pr\u00e9sidente de la Confr\u00e9rie :<\/p>\n      <p>Confr\u00e9rie des Taste-Andouilles du Val d&rsquo;Ajol<br>\n        1, rue de la C\u00f4te-d&rsquo;Agnal<br>\n        88340 Le Val d&rsquo;Ajol<\/p>\n\t  <p>Renseignements compl\u00e9mentaires au 03 29 30 66 69.<\/p>\n      \n    <p>Apr\u00e8s examen des textes par le jury, le Grand D\u00e9pendeur de la Docte, Insigne et Gourmande Confr\u00e9rie des Taste-Andouilles et Gandoyaux \n      du Val d&rsquo;Ajol proclamera le palmar\u00e8s le jour de la foire aux andouilles, le lundi 20 f\u00e9vrier 2017.<\/p>\n <p>Le laur\u00e9at recevra une superbe andouille \u00e0 cuire. Il sera intronis\u00e9 de plein droit dans la joyeuse Confr\u00e9rie. Il sera invit\u00e9 \u00e0 participer \u00e0 toutes les festivit\u00e9s de la gourmande manifestation et en particulier au banquet du Chapitre.<\/p>\n      <p>&nbsp; <\/p>\n      <h3>Laur\u00e9ats<\/h3>\n      <br>\n<p>2020 : Maryline GEORGES (Archettes, 88)<\/p>\n<p>2019 : Gilles LORILLON ()<\/p>\n<p>2018 :<\/p>\n<p>2017 : <\/p>\n<p>2016 : Olivier de RINCQUESEN (journaliste) et Philippe FAIVRE (1er vice-pr\u00e9sident du Conseil d\u00e9partemental des Vosges ; Le Val d&rsquo;Ajol, 88)<\/p>\n<p>2015 : Abdelkader DJEMA\u00cf (Aubervilliers, 93)<\/p>\n      <p>2014 : <\/p>\n      <p>2013 : Claude DIEUDONNE ()<\/p>\n      <p>2012 : Louis ENGEL (?, 57)<\/p>\n      <p>2011 : Daniel GERARD (Bruy\u00e8res, 88)<\/p>\n      <p>2010 : Pierre DURUPT (Montigny-l\u00e8s-Metz, 57)<\/p>\n      <p>2009 : Antoine CAROLUS (Dommartemont, 54)<\/p>\n      <p>2008 : Claude CATTEY (Saint-Rapha\u00ebl, 83)<\/p>\n      <p>2007 : Gabriel CALDEFIE ()<\/p>\n      <p>2006 : Guy LINDEN (Manguio, 34)<\/p>\n      <p>2005 : Th\u00e9r\u00e8se SEILLER (\u00c9pinal, 88)<\/p>\n      <p>2004 : Roland MARX (Plainfaing, 88)<\/p>\n      <p>2003 : \u00c9ric BERNIER (paroles) et Daniel HAUBRY (musique)<\/p>\n      <p>2002 : Sophie LEFEUVRE<\/p>\n      <p>2001 : Annick SIMONESS (Suisse)<\/p>\n      <p>2000 : Beno\u00eet DU SAULT<\/p>\n      <p>1999 : Sylvain BERTRAND<\/p>\n      <p>1998 : Andr\u00e9 JEANPIERRE<\/p>\n      <p>1997 : Patrick DE BROUSSE DE MONTPEYROUX (Nancy, 54)<\/p>\n      <p>1996 : G\u00e9rard AIZIER (Besan\u00e7on) &#8211; Michel HOCQUET (Malz\u00e9ville, 54)<\/p>\n      <p>1995 : Dominique MONTESINOS (Neufch\u00e2teau, 88)<\/p>\n      <p>1994 : V\u00e9ronique BURE (Besan\u00e7on, 25)<\/p>\n      <p>1993 : Philippe OLIVIER (Paris, 75)<\/p>\n      <p>1992 : Jean LOURNE (Saint-Gilles-du-Gard, 30)<\/p>\n      <p>1991 : Chantal STARCK (Dommartin-les-Remiremont, 88)<\/p>\n      <p>1990 : Roland LE BIGOT (Belfort, 90)<\/p>\n      <p>1989 : Agn\u00e8s FALCOZ (La Bresse, 88)<\/p>\n      <p>1988 : Jean-Michel FRAN\u00c7OIS (M\u00e9riel, 95) &#8211; Andr\u00e9 VILLE (Void-Vacon,55)<\/p>\n      <p>1987 : Marie-Claude GRAPINET (Commercy, 55)<\/p>\n      <p>1986 : Louis HEILLI (Besan\u00e7on, 25)<\/p>\n      <p>1985 : Georges TAICLET (Luxeuil, 70)<\/p>\n      <p>1984 : G\u00e9rard CHARUT (Metz, 57)<\/p>\n      <p>1983 : M.-A. CHOFFEL (Lure, 70)<\/p>\n      <p>1982 : Roger MENIN (Nancy, 54)<\/p>\n      <p>1981 : Pierre PETITNICOLAS (\u00c9pinal, 88)<\/p>\n      <p>1980 : Marcel CORDIER (Nancy, 54)<\/p>\n      <p>1979 : Madeleine LITTIERE (Bondy, 93)<\/p>\n      <p>1978 : Albert BRUNCHER (\u00c9pinal, 88)<\/p>\n      <p>1977 : Marie-Rose PRUNIAUX-MUNIER (Maron, 54) &#8211; Michel LECLERC (Le Val d&rsquo;Ajol, 88)<\/p>\n      <p>1976 : Jean CALAND (\u00c9pinal, 88)<\/p>\n      <p>1975 : Paulette CHENAL (Nancy, 54)<\/p>\n      <p>1974 : G\u00e9rard JACQUES (Le Val d&rsquo;Ajol, 88)<\/p>\n      <p>1973 : Louis JEANDEL (Saint-Loup-sur-Semouse, 70)<\/p>\n      <p>1972 : Guy BUFFET (Lyon, 69)<\/p>\n      <p>1971 : Georges PIERQUIN (Le Valtin, 88) &#8211; Ren\u00e9 CABOZ (Saint-Nicolas-de-Port, 54)<\/p>\n      <p>1970 : Marcel MAFFEIS (Thaon-les-Vosges, 88)<\/p>\n      <p>1969 : Claude MURA (Colmar, 68) &#8211; Colonel Henri MARTIN (\u00c9pinal, 88)<\/p>\n      <p>1968 : Pierre STEFAN (Braine, 02)<\/p>\n      <p>1967 : Georges RICHARD (Le Val d&rsquo;Ajol, 88) &#8211; Bernard FREREJACQUES (Villegusien, 52)<\/p>\n","protected":false},"excerpt":{"rendered":"<p>R\u00e8glement 2017 (50e ann\u00e9e !) Cr\u00e9\u00e9 en 1967, le Concours litt\u00e9raire de l&rsquo;Andouille a permis au fil des ann\u00e9es, \u00e0 des centaines d&rsquo;auteurs, d&rsquo;exprimer leurs sentiments les plus dr\u00f4les, les plus insolites ou les plus fougueux, envers l&rsquo;Andouille du Val d&rsquo;Ajol : il est devenu le Goncourt de la charcuterie ! Le temps est venu de chanter les m\u00e9rites de cette andouille, sp\u00e9cialit\u00e9 charcuti\u00e8re qui participe \u00e0 la gloire de la cit\u00e9 ajolaise. Ce concours est ouvert \u00e0 tous les \u00e9crivains de langue fran\u00e7aise, des enfants des \u00e9coles aux acad\u00e9miciens. Sujet impos\u00e9 : l&rsquo;Andouille sous tous ses aspects, et plus particuli\u00e8rement celle du Val d&rsquo;Ajol. En vers, en prose, sous forme de pamphlet, de madrigal, de fable, d&rsquo;ode, de ballade, tous les textes sont admis pour c\u00e9l\u00e9brer l&rsquo;andouille, vanter ses attraits et la glorifier. Par d\u00e9cision unanime du Conseil magistral de la Confr\u00e9rie, les manuscrits devront \u00eatre obligatoirement r\u00e9dig\u00e9s sur papier sulfuris\u00e9 de boucherie avec la marque du fournisseur. Le nom et l&rsquo;adresse du candidat devront clairement figurer sur les manuscrits. Le laur\u00e9at s&rsquo;engage \u00e0 accepter la publication et la diffusion de son texte par la Confr\u00e9rie. D\u00e9lai de rigueur : tous les manuscrits devront obligatoirement \u00eatre adress\u00e9s pour le 10 f\u00e9vrier 2017, \u00e0 la pr\u00e9sidente de la Confr\u00e9rie : Confr\u00e9rie des Taste-Andouilles du Val d&rsquo;Ajol 1, rue de la C\u00f4te-d&rsquo;Agnal 88340 Le Val d&rsquo;Ajol Renseignements compl\u00e9mentaires au 03 29 30 66 69. Apr\u00e8s examen des textes par le jury, le Grand D\u00e9pendeur de la Docte, Insigne et Gourmande Confr\u00e9rie des Taste-Andouilles et Gandoyaux du Val d&rsquo;Ajol proclamera le palmar\u00e8s le jour de la foire aux andouilles, le lundi 20 f\u00e9vrier 2017. Le laur\u00e9at recevra une superbe andouille \u00e0 cuire. Il sera intronis\u00e9 de plein droit dans la joyeuse Confr\u00e9rie. Il sera invit\u00e9 \u00e0 participer \u00e0 toutes les festivit\u00e9s de la gourmande manifestation et en particulier au banquet du Chapitre. &nbsp; Laur\u00e9ats 2020 : Maryline GEORGES (Archettes, 88) 2019 : Gilles LORILLON () 2018 : 2017 : 2016 : Olivier de RINCQUESEN (journaliste) et Philippe FAIVRE (1er vice-pr\u00e9sident du Conseil d\u00e9partemental des Vosges ; Le Val d&rsquo;Ajol, 88) 2015 : Abdelkader DJEMA\u00cf (Aubervilliers, 93) 2014 : 2013 : Claude DIEUDONNE () 2012 : Louis ENGEL (?, 57) 2011 : Daniel GERARD (Bruy\u00e8res, 88) 2010 : Pierre DURUPT (Montigny-l\u00e8s-Metz, 57) 2009 : Antoine CAROLUS (Dommartemont, 54) 2008 : Claude CATTEY (Saint-Rapha\u00ebl, 83) 2007 : Gabriel CALDEFIE () 2006 : Guy LINDEN (Manguio, 34) 2005 : Th\u00e9r\u00e8se SEILLER (\u00c9pinal, 88) 2004 : Roland MARX (Plainfaing, 88) 2003 : \u00c9ric BERNIER (paroles) et Daniel HAUBRY (musique) 2002 : Sophie LEFEUVRE 2001 : Annick SIMONESS (Suisse) 2000 : Beno\u00eet DU SAULT 1999 : Sylvain BERTRAND 1998 : Andr\u00e9 JEANPIERRE 1997 : Patrick DE BROUSSE DE MONTPEYROUX (Nancy, 54) 1996 : G\u00e9rard AIZIER (Besan\u00e7on) &#8211; Michel HOCQUET (Malz\u00e9ville, 54) 1995 : Dominique MONTESINOS (Neufch\u00e2teau, 88) 1994 : V\u00e9ronique BURE (Besan\u00e7on, 25) 1993 : Philippe OLIVIER (Paris, 75) 1992 : Jean LOURNE (Saint-Gilles-du-Gard, 30) 1991 : Chantal STARCK (Dommartin-les-Remiremont, 88) 1990 : Roland LE BIGOT (Belfort, 90) 1989 : Agn\u00e8s FALCOZ (La Bresse, 88) 1988 : Jean-Michel FRAN\u00c7OIS (M\u00e9riel, 95) &#8211; Andr\u00e9 VILLE (Void-Vacon,55) 1987 : Marie-Claude GRAPINET (Commercy, 55) 1986 : Louis HEILLI (Besan\u00e7on, 25) 1985 : Georges TAICLET (Luxeuil, 70) 1984 : G\u00e9rard CHARUT (Metz, 57) 1983 : M.-A. CHOFFEL (Lure, 70) 1982 : Roger MENIN (Nancy, 54) 1981 : Pierre PETITNICOLAS (\u00c9pinal, 88) 1980 : Marcel CORDIER (Nancy, 54) 1979 : Madeleine LITTIERE (Bondy, 93) 1978 : Albert BRUNCHER (\u00c9pinal, 88) 1977 : Marie-Rose PRUNIAUX-MUNIER (Maron, 54) &#8211; Michel LECLERC (Le Val d&rsquo;Ajol, 88) 1976 : Jean CALAND (\u00c9pinal, 88) 1975 : Paulette CHENAL (Nancy, 54) 1974 : G\u00e9rard JACQUES (Le Val d&rsquo;Ajol, 88) 1973 : Louis JEANDEL (Saint-Loup-sur-Semouse, 70) 1972 : Guy BUFFET (Lyon, 69) 1971 : Georges PIERQUIN (Le Valtin, 88) &#8211; Ren\u00e9 CABOZ (Saint-Nicolas-de-Port, 54) 1970 : Marcel MAFFEIS (Thaon-les-Vosges, 88) 1969 : Claude MURA (Colmar, 68) &#8211; Colonel Henri MARTIN (\u00c9pinal, 88) 1968 : Pierre STEFAN (Braine, 02) 1967 : Georges RICHARD (Le Val d&rsquo;Ajol, 88) &#8211; Bernard FREREJACQUES (Villegusien, 52)<\/p>\n","protected":false},"author":3,"featured_media":0,"parent":0,"menu_order":0,"comment_status":"closed","ping_status":"closed","template":"","meta":[],"_links":{"self":[{"href":"https:\/\/bernard-visse.fr\/ev\/wp-json\/wp\/v2\/pages\/475"}],"collection":[{"href":"https:\/\/bernard-visse.fr\/ev\/wp-json\/wp\/v2\/pages"}],"about":[{"href":"https:\/\/bernard-visse.fr\/ev\/wp-json\/wp\/v2\/types\/page"}],"author":[{"embeddable":true,"href":"https:\/\/bernard-visse.fr\/ev\/wp-json\/wp\/v2\/users\/3"}],"replies":[{"embeddable":true,"href":"https:\/\/bernard-visse.fr\/ev\/wp-json\/wp\/v2\/comments?post=475"}],"version-history":[{"count":6,"href":"https:\/\/bernard-visse.fr\/ev\/wp-json\/wp\/v2\/pages\/475\/revisions"}],"predecessor-version":[{"id":506,"href":"https:\/\/bernard-visse.fr\/ev\/wp-json\/wp\/v2\/pages\/475\/revisions\/506"}],"wp:attachment":[{"href":"https:\/\/bernard-visse.fr\/ev\/wp-json\/wp\/v2\/media?parent=475"}],"curies":[{"name":"wp","href":"https:\/\/api.w.org\/{rel}","templated":true}]}}