{"id":463,"date":"2020-04-13T10:16:10","date_gmt":"2020-04-13T08:16:10","guid":{"rendered":"http:\/\/bernard-visse.fr\/ev\/?page_id=463"},"modified":"2020-04-20T21:00:51","modified_gmt":"2020-04-20T19:00:51","slug":"grand-prix-des-poetes-lorrains","status":"publish","type":"page","link":"https:\/\/bernard-visse.fr\/ev\/grand-prix-des-poetes-lorrains\/","title":{"rendered":"Grand Prix des Po\u00e8tes lorrains"},"content":{"rendered":"\t\t<div data-elementor-type=\"wp-page\" data-elementor-id=\"463\" class=\"elementor elementor-463\" data-elementor-settings=\"[]\">\n\t\t\t\t\t\t<div class=\"elementor-inner\">\n\t\t\t\t\t\t\t<div class=\"elementor-section-wrap\">\n\t\t\t\t\t\t\t<section class=\"elementor-section elementor-top-section elementor-element elementor-element-7ec71d17 elementor-section-boxed elementor-section-height-default elementor-section-height-default\" data-id=\"7ec71d17\" data-element_type=\"section\">\n\t\t\t\t\t\t<div class=\"elementor-container elementor-column-gap-default\">\n\t\t\t\t\t\t\t<div class=\"elementor-row\">\n\t\t\t\t\t<div class=\"elementor-column elementor-col-100 elementor-top-column elementor-element elementor-element-3566e02b\" data-id=\"3566e02b\" data-element_type=\"column\">\n\t\t\t<div class=\"elementor-column-wrap elementor-element-populated\">\n\t\t\t\t\t\t\t<div class=\"elementor-widget-wrap\">\n\t\t\t\t\t\t<div class=\"elementor-element elementor-element-70994a6f elementor-widget elementor-widget-text-editor\" data-id=\"70994a6f\" data-element_type=\"widget\" data-widget_type=\"text-editor.default\">\n\t\t\t\t<div class=\"elementor-widget-container\">\n\t\t\t\t\t\t\t\t<div class=\"elementor-text-editor elementor-clearfix\">\n\t\t\t\t\t<p><!-- wp:html --><\/p>\n<p>Organis\u00e9 depuis 1957 par la d\u00e9l\u00e9gation de Lorraine de la Soci\u00e9t\u00e9 des Po\u00e8tes et Artistes de France, ce concours de po\u00e9sie est ouvert chaque ann\u00e9e afin d&rsquo;encourager l&rsquo;\u00e9criture po\u00e9tique.<\/p>\n<p>Le GRAND PRIX DES PO\u00c8TES LORRAINS 2017 est ouvert du 1er janvier au 30 avril. Les auteurs peuvent envoyer 5 textes maximum, r\u00e9dig\u00e9s en langue fran\u00e7aise (40 lignes maxi par texte). Tous les genres sont accept\u00e9s. Tous les adh\u00e9rents de la SPAF peuvent y participer.<\/p>\n<p>Le GRAND PRIX DES PO\u00c8TES LORRAINS sera attribu\u00e9 au premier po\u00e8te lorrain du concours (sous r\u00e9serve de qualit\u00e9 suffisante). Le laur\u00e9at se verra offrir l\u2019\u00e9dition de son recueil ou une aide \u00e0 l\u2019\u00e9dition sous forme de ch\u00e8que. Les autres laur\u00e9ats recevront m\u00e9dailles, dipl\u00f4mes ou lots divers (ouvrages, CD). Par \u00ab lorrain \u00bb on entend un po\u00e8te r\u00e9sidant en Lorraine (54, 55, 57, 88) ou y ayant v\u00e9cu ou y ayant des attaches.<\/p>\n<p>LE GRAND PRIX DE LA D\u00c9L\u00c9GATION LORRAINE sera attribu\u00e9, sous r\u00e9serve de qualit\u00e9 suffisante, au meilleur po\u00e8te adh\u00e9rent de la SPAF. Le laur\u00e9at recevra un ch\u00e8que d\u2019aide \u00e0 l\u2019\u00e9dition de ses textes.<\/p>\n<p>Ces deux Grands Prix ne peuvent \u00eatre cumul\u00e9s par la m\u00eame personne la m\u00eame ann\u00e9e. De m\u00eame, chacun de ces 2 Grands Prix ne peut \u00eatre obtenu qu\u2019une seule fois.<\/p>\n<p>Le PRIX ARTHUR RIMBAUD r\u00e9compensera le meilleur auteur de moins de 20 ans (sous r\u00e9serve de qualit\u00e9 suffisante). Pour ces jeunes auteurs, les frais de participation totaux sont r\u00e9duits \u00e0 5 \u20ac.<\/p>\n<p>LE PRIX PO\u00c9SIE EN MUSIQUE sera attribu\u00e9 \u00e0 un texte pr\u00e9sentant une composition \u00ab texte et musique \u00bb (chanson, rap, slam\u2026) Joindre le texte sur papier en 2 exemplaires, et envoyer un fichier sur support MP3 par internet.<\/p>\n<p>L\u2019AL\u00c9RION D\u2019OR r\u00e9compensera le meilleur po\u00e8te d\u00e9j\u00e0 titulaire du GRAND PRIX DES PO\u00c8TES LORRAINS ou du GRAND PRIX DE LA D\u00c9L\u00c9GATION LORRAINE.<\/p>\n<p><a href=\"SPAF Reglement 2017.pdf\">Le r\u00e8glement 2017 est disponible ici au format .pdf<\/a><\/p>\n<p>Pour de plus amples renseignements, envoyer une enveloppe timbr\u00e9e libell\u00e9e \u00e0 vos nom et adresse \u00e0 :<\/p>\n<p>Armand BEMER<br \/>12 rue Haut-des-Ambes<br \/>57530 BAZONCOURT<\/p>\n<p><a href=\"mailto:armand.bemer@nordnet.fr\">Courriel.<\/a><\/p>\n<p><a href=\"http:\/\/spafenlorraine.unblog.fr\/\" target=\"_blank\" rel=\"noopener noreferrer\">Site Internet.<\/a><\/p>\n<p>\u00a0<\/p>\n<h3>Les Laur\u00e9ats<\/h3>\n<p><strong>2019 :<\/strong> Patrice-Lucie AUGUSTIN (Roth, 57)<br \/>Al\u00e9rion d\u2019Or : Louis PARISEL (Bayard-sur-Marne, 52)<br \/>Prix Arthur-Rimbaud : non attribu\u00e9.<br \/>Prix Sp\u00e9cial de la D\u00e9l\u00e9gation lorraine (pour un auteur non Lorrain) : Marie Antoinette ANDRES (Castelnau-le-Lez, 34)<\/p>\n<p><b>2018 :<\/b> Gilbert PERRIN (Vittel, 88)<br \/>Al\u00e9rion d&rsquo;or : Jean HAVEL (Diffembach-l\u00e8s-Hellimer, 57)<br \/>Prix Arthur-Rimbaud : une mention \u00e0 Dylan MONTENERI (Drusenheim, 67)<br \/>Prix Sp\u00e9cial de la D\u00e9l\u00e9gation lorraine (pour un auteur non Lorrain): Non attribu\u00e9<\/p>\n<p><b>2017 :<\/b> Guy TIERCELIN (Saint-Julien-l\u00e8s-Metz, 57)<br \/>Al\u00e9rion d&rsquo;or : Pierre VINCENT (Verny, 57)<br \/>Prix Arthur-Rimbaud : mention d\u2019encouragement \u00e0 Tom BONFIGLIO (Metz, 57)<br \/>Prix Sp\u00e9cial de la D\u00e9l\u00e9gation lorraine (pour un auteur non Lorrain): Guy VIEILFAULT (Croissy-Beaubourg, 77)<\/p>\n<p><b>2016 : <\/b>Georges WEYMESKIRCH (Malleloy, 54)<br \/>Al\u00e9rion d&rsquo;or : Non attribu\u00e9<br \/>Prix Arthur-Rimbaud : Non attribu\u00e9<br \/>Prix Sp\u00e9cial de la D\u00e9l\u00e9gation lorraine (pour un auteur non Lorrain): Louis PARISEL (Bayard-sur-Marne, 52)<\/p>\n<p><b>2015 : <\/b>Claire BARDELMANN (Le Ban-St-Martin, 57)<br \/>Al\u00e9rion d&rsquo;or : Pierre VINCENT (Verny, 57)<br \/>Prix Arthur-Rimbaud : Non attribu\u00e9<\/p>\n<p><b>2014 : <\/b>Jean HAVEL (Diffembach-les-Hellimer, 57)<br \/>Al\u00e9rion d&rsquo;or : Jean-Jacques CHIRON (Longuyon, 54)<br \/>Prix Arthur-Rimbaud : Thomas CREUSOT (Frouard, 54)<\/p>\n<p><b>2013 : <\/b>Jacques MULLER (Angevillers, 57)<br \/>Al\u00e9rion d&rsquo;or : Nicole METIVIER (Nancy, 54) et Pierre VINCENT (Verny, 57), ex aequo<br \/>Prix Arthur-Rimbaud : Non attribu\u00e9<\/p>\n<p><b>2012 : <\/b>Denise RICHARD-FLIELLER (Epinal, 88)<br \/>Al\u00e9rion d&rsquo;or : Pierre VINCENT (Verny, 57)<br \/>Prix Arthur-Rimbaud : Non attribu\u00e9<\/p>\n<p><b>2011 : <\/b>Pascal LEFEVRE (Sarrebourg, 57)<br \/>Al\u00e9rion d&rsquo;or : Serge BEYER (Bar-le-Duc, 55)<br \/>Prix Arthur-Rimbaud : Arthur SIMSA (Nancy, 54)<\/p>\n<p><b>2010 : <\/b>Andr\u00e9 MARTIN (Villers-l\u00e8s-Nancy, 54)<br \/>Al\u00e9rion d&rsquo;or : Jean-Jacques CHIRON (Grand prix 1999, Longuyon, 54)<br \/>Prix Arthur-Rimbaud : Non attribu\u00e9<\/p>\n<p><b>2009 : <\/b>Carine BARTHEL (Freistroff, 57)<br \/>Al\u00e9rion d&rsquo;or : Isabelle CHALUMEAU (Grand prix 2002, Heillecourt, 54)<br \/>Prix Arthur-Rimbaud : Non attribu\u00e9<\/p>\n<p><b>2008 : <\/b>Nicole METIVIER (Nancy, 54)<br \/>Al\u00e9rion d&rsquo;or : Serge LAURENT (Grand prix 1996, Marly, 57)<br \/>Prix Arthur-Rimbaud : Emmanuel SANTER (Vandoeuvre, 54)<\/p>\n<p><b>2007 : <\/b>Pierre VINCENT (Verny, 57)<br \/>Al\u00e9rion d&rsquo;or : Isabelle CHALUMEAU (Grand prix 2002, Heillecourt, 54)<br \/>Prix Arthur-Rimbaud : Sydney REMETTER (Moyen, 54)<\/p>\n<p><b>2006 : <\/b>Denis SCHILLINGER (57)<br \/>Al\u00e9rion d&rsquo;or : Serge BEYER (Grand Prix 2003, Bar-le-Duc, 55)<br \/>Prix Arthur-Rimbaud : Timoth\u00e9e BAUDEQUIN (Heillecourt, 54)<\/p>\n<p><b>2005 :<\/b> Marie REITZ (Lessy, 57) <br \/>Al\u00e9rion d&rsquo;or : Isabelle CHALUMEAU (Grand prix 2002, Heillecourt, 54)<br \/>Prix Arthur-Rimbaud : Timoth\u00e9e BAUDEQUIN (Heillecourt, 54)<\/p>\n<p><b>2004 : <\/b> Armand BEMER (Bazoncourt, 57)<br \/>Al\u00e9rion d&rsquo;or : \u00c9lie VIN\u00c9 (Grand Prix 1978, Nancy, 54)<br \/>Prix Arthur-Rimbaud : Lor\u00e8ne CHAMPOUGNY (Thann, 68)<br \/>Premier prix d&rsquo;honneur : Marie REITZ (Lessy, 57)<\/p>\n<p><b>2003 : <\/b> Serge BEYER (Bar-le-Duc, 55)<br \/>Al\u00e9rion d&rsquo;or : Maril\u00e8ne MECKLER (Grand Prix 2001, Senones, 88)<br \/>Prix Arthur-Rimbaud : Christian MEYER (Meisenthal, 57)<\/p>\n<p><b>2002 : <\/b> Isabelle CHALUMEAU (Heillecourt, 54)<br \/>Al\u00e9rion d&rsquo;or : G\u00e9rard DALSTEIN (Grand Prix 1983, )<\/p>\n<p><b>2001 : <\/b> Maril\u00e8ne MECKLER (Senones, 88)<\/p>\n<p><b>2000 : <\/b> Michel BOURBON (Mirecourt, 88)<\/p>\n<p><b>1999 : <\/b> Jean-Jacques CHIRON (Longuyon, 54)<\/p>\n<p><b>1998 : <\/b> Charles BERTE (Lun\u00e9ville, 54)<\/p>\n<p><b>1997 : <\/b> Christine CAMPANELLA (Luxembourg)<\/p>\n<p><b>1996 : <\/b> Serge LAURENT (Marly, 57)<\/p>\n<p><b>1995 : <\/b> Roland MARX (Habeaurupt, 88)<\/p>\n<p><b>1994 : <\/b> Jean-Fran\u00e7ois DAVAUT (Jarville-la-Malgrange, 54)<\/p>\n<p><b>1993 : <\/b> Gilles PREUD&rsquo;HOMME (Thierville-sur-Meuse, 55)<\/p>\n<p><b>1992 : <\/b> Georges DUPONT (\u00c9pinal, 88)<\/p>\n<p><b>1991 : <\/b> Paul GEIGER (Brin-sur-Seille, 54)<\/p>\n<p><b>1990 : <\/b> Jean-Louis V\u00c9LAIN (Bras-sur-Meuse, 55)<\/p>\n<p><b>1989 : <\/b> Jo\u00eblle DI SANGRO (Lun\u00e9ville, 54)<\/p>\n<p><b>1988 : <\/b> Alfred OLIER (Faulquemont, 57)<\/p>\n<p><b>1987 : <\/b> Michel HENRIOT (\u00c9pinal, 88)<\/p>\n<p><b>1986 : <\/b> G\u00e9rard DURUPT (Vandoeuvre, 54)<\/p>\n<p><b>1985 : <\/b> Henriette M\u00c9LINE (Charmes, 88)<\/p>\n<p><b>1984 : <\/b> Pierre BOUTTIER (\u00c9tain, 55)<\/p>\n<p><b>1983 : <\/b> G\u00e9rard DALSTEIN et Andr\u00e9 NICOLAS (Nancy, 54)<\/p>\n<p><b>1982 : <\/b> Jacques BERTRAND ()<\/p>\n<p><b>1981 : <\/b> Jacqueline FOUSSE ()<\/p>\n<p><b>1980 : <\/b> Ren\u00e9-Marie LETENDRE () et Marie D\u00c9LIVR\u00c9 ()<\/p>\n<p><b>1979 : <\/b> Jean-Pierre RECOUVREUR () et Marie-Rose PRUNIAUX-MINIER ()<\/p>\n<p><b>1978 : <\/b> \u00c9lie VIN\u00c9 (Neufch\u00e2teau, 88) et Jacques FOURCADE ()<\/p>\n<p><b>1977 : <\/b> G\u00e9rard CHARUT (54) et Marie-Claude IGIER ()<\/p>\n<p><b>1976 : <\/b> Jacques NO\u00cbL () et Serge SEDIR ()<\/p>\n<p><b>1975 : <\/b> Marcel CORDIER (Nancy, 54)<\/p>\n<p><b>1974 : <\/b> Anne BLANCHOT-PHILIPPI () et \u00c9lie CORDONNIER()<\/p>\n<p><b>1973 : <\/b> Roland HILAIRE ()<\/p>\n<p><b>1972 : <\/b> Jean-Marie MARTIN (\u00c9pinal, 88)<\/p>\n<p><b>1971 : <\/b> Jean-Claude GEORGE (Pagny-sur-Meuse, 55)<\/p>\n<p><b>1970 : <\/b> Pierre UNTEREINER (Saint-Di\u00e9, 88)<\/p>\n<p><b>1969 : <\/b> Jean CALAND (\u00c9pinal, 88)<\/p>\n<p><b>1968 : <\/b> Abb\u00e9 Antoine de L&rsquo;ESCALE (Villers-les-Nancy, 54)<\/p>\n<p><b>1967 : <\/b> Richard SCHALLER ()<\/p>\n<p><b>1966 : <\/b> Fran\u00e7oise RIETTE ()<\/p>\n<p><b>1965 : <\/b> Pierre G\u00c9RARDIN (\u00c9pinal, 88)<\/p>\n<p><b>1964 : <\/b> Marie-Th\u00e9r\u00e8se SCHLIENGER (Rambervillers, (88)<\/p>\n<p><b>1963 : <\/b> Fran\u00e7ois MATENET (Fontenoy-le-Ch\u00e2teau, 88)<\/p>\n<p><b>1962 : <\/b> Paule THI\u00c9BAUT (Portieux, 88) et Ren\u00e9e FRAN\u00c7OIS<\/p>\n<p><b>1961 : <\/b> Alice LEGRAS-BOURCIER (Nancy, 54)<\/p>\n<p><b>1960 : <\/b> Abb\u00e9 BARBIER (Metz, 57)<\/p>\n<p><b>1959 : <\/b> Louis RH\u00dcL (Belfort, 90)<\/p>\n<p><b>1958 : <\/b> Hassan CHABLI (Nancy, 54)<\/p>\n<p><b>1957 : <\/b> Albert CABASSE-CORVISIER (Vaucouleurs, 55)<\/p>\n<p><!-- \/wp:html --><\/p>\t\t\t\t\t<\/div>\n\t\t\t\t\t\t<\/div>\n\t\t\t\t<\/div>\n\t\t\t\t<div class=\"elementor-element elementor-element-76ce428 elementor-widget elementor-widget-text-editor\" data-id=\"76ce428\" data-element_type=\"widget\" data-widget_type=\"text-editor.default\">\n\t\t\t\t<div class=\"elementor-widget-container\">\n\t\t\t\t\t\t\t\t<div class=\"elementor-text-editor elementor-clearfix\">\n\t\t\t\t\t<ul>\n<li><b>1\u00e8re \u00e9dition<\/b>, 1966<\/li>\n<li>Verviers (Belgique) : G\u00e9rard &amp; C\u00b0, [f\u00e9vrier] 1966.<\/li>\n<li>18 cm, 152 p.<\/li>\n<li>Illustrations : <a href=\"..\/stark\/stark_ill_joubert.php\" target=\"milieu\" rel=\"noopener noreferrer\">Pierre Joubert<\/a> (couverture), photo anonyme de Pierre Pelot avec un cheval (4\u00e8me de couverture).<\/li>\n<li>(Marabout Junior ; 319).<\/li>\n<li>Carte des r\u00e9gions situ\u00e9es \u00e0 l&rsquo;ouest du fleuve Mississippi (p. 4), et notes : <em>Les Am\u00e9rindiens du Nord<\/em>, non sign\u00e9es (pp. 153-155).<\/li>\n<\/ul>\t\t\t\t\t<\/div>\n\t\t\t\t\t\t<\/div>\n\t\t\t\t<\/div>\n\t\t\t\t\t\t<\/div>\n\t\t\t\t\t<\/div>\n\t\t<\/div>\n\t\t\t\t\t\t\t\t<\/div>\n\t\t\t\t\t<\/div>\n\t\t<\/section>\n\t\t\t\t\t\t<\/div>\n\t\t\t\t\t\t<\/div>\n\t\t\t\t\t<\/div>\n\t\t","protected":false},"excerpt":{"rendered":"<p>Organis\u00e9 depuis 1957 par la d\u00e9l\u00e9gation de Lorraine de la Soci\u00e9t\u00e9 des Po\u00e8tes et Artistes de France, ce concours de po\u00e9sie est ouvert chaque ann\u00e9e afin d&rsquo;encourager l&rsquo;\u00e9criture po\u00e9tique. Le GRAND PRIX DES PO\u00c8TES LORRAINS 2017 est ouvert du 1er janvier au 30 avril. Les auteurs peuvent envoyer 5 textes maximum, r\u00e9dig\u00e9s en langue fran\u00e7aise (40 lignes maxi par texte). Tous les genres sont accept\u00e9s. Tous les adh\u00e9rents de la SPAF peuvent y participer. Le GRAND PRIX DES PO\u00c8TES LORRAINS sera attribu\u00e9 au premier po\u00e8te lorrain du concours (sous r\u00e9serve de qualit\u00e9 suffisante). Le laur\u00e9at se verra offrir l\u2019\u00e9dition de son recueil ou une aide \u00e0 l\u2019\u00e9dition sous forme de ch\u00e8que. Les autres laur\u00e9ats recevront m\u00e9dailles, dipl\u00f4mes ou lots divers (ouvrages, CD). Par \u00ab lorrain \u00bb on entend un po\u00e8te r\u00e9sidant en Lorraine (54, 55, 57, 88) ou y ayant v\u00e9cu ou y ayant des attaches. LE GRAND PRIX DE LA D\u00c9L\u00c9GATION LORRAINE sera attribu\u00e9, sous r\u00e9serve de qualit\u00e9 suffisante, au meilleur po\u00e8te adh\u00e9rent de la SPAF. Le laur\u00e9at recevra un ch\u00e8que d\u2019aide \u00e0 l\u2019\u00e9dition de ses textes. Ces deux Grands Prix ne peuvent \u00eatre cumul\u00e9s par la m\u00eame personne la m\u00eame ann\u00e9e. De m\u00eame, chacun de ces 2 Grands Prix ne peut \u00eatre obtenu qu\u2019une seule fois. Le PRIX ARTHUR RIMBAUD r\u00e9compensera le meilleur auteur de moins de 20 ans (sous r\u00e9serve de qualit\u00e9 suffisante). Pour ces jeunes auteurs, les frais de participation totaux sont r\u00e9duits \u00e0 5 \u20ac. LE PRIX PO\u00c9SIE EN MUSIQUE sera attribu\u00e9 \u00e0 un texte pr\u00e9sentant une composition \u00ab texte et musique \u00bb (chanson, rap, slam\u2026) Joindre le texte sur papier en 2 exemplaires, et envoyer un fichier sur support MP3 par internet. L\u2019AL\u00c9RION D\u2019OR r\u00e9compensera le meilleur po\u00e8te d\u00e9j\u00e0 titulaire du GRAND PRIX DES PO\u00c8TES LORRAINS ou du GRAND PRIX DE LA D\u00c9L\u00c9GATION LORRAINE. Le r\u00e8glement 2017 est disponible ici au format .pdf Pour de plus amples renseignements, envoyer une enveloppe timbr\u00e9e libell\u00e9e \u00e0 vos nom et adresse \u00e0 : Armand BEMER12 rue Haut-des-Ambes57530 BAZONCOURT Courriel. Site Internet. \u00a0 Les Laur\u00e9ats 2019 : Patrice-Lucie AUGUSTIN (Roth, 57)Al\u00e9rion d\u2019Or : Louis PARISEL (Bayard-sur-Marne, 52)Prix Arthur-Rimbaud : non attribu\u00e9.Prix Sp\u00e9cial de la D\u00e9l\u00e9gation lorraine (pour un auteur non Lorrain) : Marie Antoinette ANDRES (Castelnau-le-Lez, 34) 2018 : Gilbert PERRIN (Vittel, 88)Al\u00e9rion d&rsquo;or : Jean HAVEL (Diffembach-l\u00e8s-Hellimer, 57)Prix Arthur-Rimbaud : une mention \u00e0 Dylan MONTENERI (Drusenheim, 67)Prix Sp\u00e9cial de la D\u00e9l\u00e9gation lorraine (pour un auteur non Lorrain): Non attribu\u00e9 2017 : Guy TIERCELIN (Saint-Julien-l\u00e8s-Metz, 57)Al\u00e9rion d&rsquo;or : Pierre VINCENT (Verny, 57)Prix Arthur-Rimbaud : mention d\u2019encouragement \u00e0 Tom BONFIGLIO (Metz, 57)Prix Sp\u00e9cial de la D\u00e9l\u00e9gation lorraine (pour un auteur non Lorrain): Guy VIEILFAULT (Croissy-Beaubourg, 77) 2016 : Georges WEYMESKIRCH (Malleloy, 54)Al\u00e9rion d&rsquo;or : Non attribu\u00e9Prix Arthur-Rimbaud : Non attribu\u00e9Prix Sp\u00e9cial de la D\u00e9l\u00e9gation lorraine (pour un auteur non Lorrain): Louis PARISEL (Bayard-sur-Marne, 52) 2015 : Claire BARDELMANN (Le Ban-St-Martin, 57)Al\u00e9rion d&rsquo;or : Pierre VINCENT (Verny, 57)Prix Arthur-Rimbaud : Non attribu\u00e9 2014 : Jean HAVEL (Diffembach-les-Hellimer, 57)Al\u00e9rion d&rsquo;or : Jean-Jacques CHIRON (Longuyon, 54)Prix Arthur-Rimbaud : Thomas CREUSOT (Frouard, 54) 2013 : Jacques MULLER (Angevillers, 57)Al\u00e9rion d&rsquo;or : Nicole METIVIER (Nancy, 54) et Pierre VINCENT (Verny, 57), ex aequoPrix Arthur-Rimbaud : Non attribu\u00e9 2012 : Denise RICHARD-FLIELLER (Epinal, 88)Al\u00e9rion d&rsquo;or : Pierre VINCENT (Verny, 57)Prix Arthur-Rimbaud : Non attribu\u00e9 2011 : Pascal LEFEVRE (Sarrebourg, 57)Al\u00e9rion d&rsquo;or : Serge BEYER (Bar-le-Duc, 55)Prix Arthur-Rimbaud : Arthur SIMSA (Nancy, 54) 2010 : Andr\u00e9 MARTIN (Villers-l\u00e8s-Nancy, 54)Al\u00e9rion d&rsquo;or : Jean-Jacques CHIRON (Grand prix 1999, Longuyon, 54)Prix Arthur-Rimbaud : Non attribu\u00e9 2009 : Carine BARTHEL (Freistroff, 57)Al\u00e9rion d&rsquo;or : Isabelle CHALUMEAU (Grand prix 2002, Heillecourt, 54)Prix Arthur-Rimbaud : Non attribu\u00e9 2008 : Nicole METIVIER (Nancy, 54)Al\u00e9rion d&rsquo;or : Serge LAURENT (Grand prix 1996, Marly, 57)Prix Arthur-Rimbaud : Emmanuel SANTER (Vandoeuvre, 54) 2007 : Pierre VINCENT (Verny, 57)Al\u00e9rion d&rsquo;or : Isabelle CHALUMEAU (Grand prix 2002, Heillecourt, 54)Prix Arthur-Rimbaud : Sydney REMETTER (Moyen, 54) 2006 : Denis SCHILLINGER (57)Al\u00e9rion d&rsquo;or : Serge BEYER (Grand Prix 2003, Bar-le-Duc, 55)Prix Arthur-Rimbaud : Timoth\u00e9e BAUDEQUIN (Heillecourt, 54) 2005 : Marie REITZ (Lessy, 57) Al\u00e9rion d&rsquo;or : Isabelle CHALUMEAU (Grand prix 2002, Heillecourt, 54)Prix Arthur-Rimbaud : Timoth\u00e9e BAUDEQUIN (Heillecourt, 54) 2004 : Armand BEMER (Bazoncourt, 57)Al\u00e9rion d&rsquo;or : \u00c9lie VIN\u00c9 (Grand Prix 1978, Nancy, 54)Prix Arthur-Rimbaud : Lor\u00e8ne CHAMPOUGNY (Thann, 68)Premier prix d&rsquo;honneur : Marie REITZ (Lessy, 57) 2003 : Serge BEYER (Bar-le-Duc, 55)Al\u00e9rion d&rsquo;or : Maril\u00e8ne MECKLER (Grand Prix 2001, Senones, 88)Prix Arthur-Rimbaud : Christian MEYER (Meisenthal, 57) 2002 : Isabelle CHALUMEAU (Heillecourt, 54)Al\u00e9rion d&rsquo;or : G\u00e9rard DALSTEIN (Grand Prix 1983, ) 2001 : Maril\u00e8ne MECKLER (Senones, 88) 2000 : Michel BOURBON (Mirecourt, 88) 1999 : Jean-Jacques CHIRON (Longuyon, 54) 1998 : Charles BERTE (Lun\u00e9ville, 54) 1997 : Christine CAMPANELLA (Luxembourg) 1996 : Serge LAURENT (Marly, 57) 1995 : Roland MARX (Habeaurupt, 88) 1994 : Jean-Fran\u00e7ois DAVAUT (Jarville-la-Malgrange, 54) 1993 : Gilles PREUD&rsquo;HOMME (Thierville-sur-Meuse, 55) 1992 : Georges DUPONT (\u00c9pinal, 88) 1991 : Paul GEIGER (Brin-sur-Seille, 54) 1990 : Jean-Louis V\u00c9LAIN (Bras-sur-Meuse, 55) 1989 : Jo\u00eblle DI SANGRO (Lun\u00e9ville, 54) 1988 : Alfred OLIER (Faulquemont, 57) 1987 : Michel HENRIOT (\u00c9pinal, 88) 1986 : G\u00e9rard DURUPT (Vandoeuvre, 54) 1985 : Henriette M\u00c9LINE (Charmes, 88) 1984 : Pierre BOUTTIER (\u00c9tain, 55) 1983 : G\u00e9rard DALSTEIN et Andr\u00e9 NICOLAS (Nancy, 54) 1982 : Jacques BERTRAND () 1981 : Jacqueline FOUSSE () 1980 : Ren\u00e9-Marie LETENDRE () et Marie D\u00c9LIVR\u00c9 () 1979 : Jean-Pierre RECOUVREUR () et Marie-Rose PRUNIAUX-MINIER () 1978 : \u00c9lie VIN\u00c9 (Neufch\u00e2teau, 88) et Jacques FOURCADE () 1977 : G\u00e9rard CHARUT (54) et Marie-Claude IGIER () 1976 : Jacques NO\u00cbL () et Serge SEDIR () 1975 : Marcel CORDIER (Nancy, 54) 1974 : Anne BLANCHOT-PHILIPPI () et \u00c9lie CORDONNIER() 1973 : Roland HILAIRE () 1972 : Jean-Marie MARTIN (\u00c9pinal, 88) 1971 : Jean-Claude GEORGE (Pagny-sur-Meuse, 55) 1970 : Pierre UNTEREINER (Saint-Di\u00e9, 88) 1969 : Jean CALAND (\u00c9pinal, 88) 1968 : Abb\u00e9 Antoine de L&rsquo;ESCALE (Villers-les-Nancy, 54) 1967 : Richard SCHALLER () 1966 : Fran\u00e7oise RIETTE () 1965 : Pierre G\u00c9RARDIN (\u00c9pinal, 88) 1964 : Marie-Th\u00e9r\u00e8se SCHLIENGER (Rambervillers, (88) 1963 : Fran\u00e7ois MATENET (Fontenoy-le-Ch\u00e2teau, 88) 1962 : Paule THI\u00c9BAUT (Portieux, 88) et Ren\u00e9e FRAN\u00c7OIS 1961 : Alice LEGRAS-BOURCIER (Nancy, 54) 1960 : Abb\u00e9 BARBIER (Metz, 57) 1959 : Louis RH\u00dcL (Belfort, 90) 1958 : Hassan CHABLI (Nancy, 54) 1957 : Albert CABASSE-CORVISIER (Vaucouleurs, 55) 1\u00e8re \u00e9dition, 1966 Verviers (Belgique) : G\u00e9rard &amp; C\u00b0, [f\u00e9vrier] 1966. 18 cm, 152 p. Illustrations : Pierre Joubert (couverture), photo anonyme de Pierre Pelot avec un cheval (4\u00e8me de couverture). (Marabout Junior ; 319). Carte des r\u00e9gions situ\u00e9es \u00e0 l&rsquo;ouest du fleuve Mississippi (p. 4), et notes : Les Am\u00e9rindiens du Nord, non sign\u00e9es (pp. 153-155).<\/p>\n","protected":false},"author":3,"featured_media":0,"parent":0,"menu_order":0,"comment_status":"closed","ping_status":"closed","template":"","meta":[],"_links":{"self":[{"href":"https:\/\/bernard-visse.fr\/ev\/wp-json\/wp\/v2\/pages\/463"}],"collection":[{"href":"https:\/\/bernard-visse.fr\/ev\/wp-json\/wp\/v2\/pages"}],"about":[{"href":"https:\/\/bernard-visse.fr\/ev\/wp-json\/wp\/v2\/types\/page"}],"author":[{"embeddable":true,"href":"https:\/\/bernard-visse.fr\/ev\/wp-json\/wp\/v2\/users\/3"}],"replies":[{"embeddable":true,"href":"https:\/\/bernard-visse.fr\/ev\/wp-json\/wp\/v2\/comments?post=463"}],"version-history":[{"count":9,"href":"https:\/\/bernard-visse.fr\/ev\/wp-json\/wp\/v2\/pages\/463\/revisions"}],"predecessor-version":[{"id":625,"href":"https:\/\/bernard-visse.fr\/ev\/wp-json\/wp\/v2\/pages\/463\/revisions\/625"}],"wp:attachment":[{"href":"https:\/\/bernard-visse.fr\/ev\/wp-json\/wp\/v2\/media?parent=463"}],"curies":[{"name":"wp","href":"https:\/\/api.w.org\/{rel}","templated":true}]}}