{"id":452,"date":"2020-04-12T20:06:52","date_gmt":"2020-04-12T18:06:52","guid":{"rendered":"http:\/\/bernard-visse.fr\/ev\/?page_id=452"},"modified":"2020-04-20T21:03:00","modified_gmt":"2020-04-20T19:03:00","slug":"prix-emile-galle","status":"publish","type":"page","link":"https:\/\/bernard-visse.fr\/ev\/prix-emile-galle\/","title":{"rendered":"Prix \u00c9mile-Gall\u00e9"},"content":{"rendered":"\n<p><\/p>\n\n\n\n<p>Cr\u00e9\u00e9\u00a0en\u00a01998\u00a0\u00e0\u00a0Nancy,\u00a0le\u00a0Prix\u00a0\u00c9mile-Gall\u00e9\u00a0est\u00a0un\u00a0prix\u00a0litt\u00e9raire.\u00a0Il\u00a0r\u00e9compense\u00a0tous\u00a0les\u00a0ans\u00a0un\u00a0ouvrage\u00a0original\u00a0r\u00e9dig\u00e9\u00a0en\u00a0langue fran\u00e7aise,\u00a0sur\u00a0le\u00a0th\u00e8me\u00a0des\u00a0plantes\u00a0ou\u00a0des\u00a0jardins.\u00a0Il\u00a0est\u00a0dot\u00e9\u00a0par\u00a0la\u00a0jardinerie\u00a0<em>D\u00e9cor\u00a0Jardin<\/em>\u00a0de\u00a0Nancy-Champenoux\u00a0d\u2019un\u00a0prix\u00a0de\u00a0mille\u00a0euros.\u00a0Un\u00a0prix\u00a0sp\u00e9cial\u00a0Jeunesse\u00a0de\u00a0700\u00a0\u20ac\u00a0le\u00a0compl\u00e8te\u00a0depuis\u00a02008.<\/p>\n\n\n\n<h3>Cr\u00e9ation&nbsp;du&nbsp;prix<\/h3>\n\n\n\n<p>C\u2019est\u00a0avec\u00a0l\u2019appui\u00a0de\u00a0la\u00a0<em>Soci\u00e9t\u00e9\u00a0Nationale\u00a0d\u2019Horticulture\u00a0de\u00a0France<\/em>\u00a0(SNHF)\u00a0que\u00a0la\u00a0<em>Soci\u00e9t\u00e9\u00a0Centrale\u00a0d\u2019Horticulture\u00a0de\u00a0Nancy<\/em>\u00a0<br>(SCHN)\u00a0a\u00a0cr\u00e9\u00e9\u00a0ce\u00a0prix\u00a0en\u00a0hommage\u00a0\u00e0\u00a0\u00c9mile\u00a0Gall\u00e9,\u00a0l\u2019un\u00a0de\u00a0ses\u00a0cr\u00e9ateurs.\u00a0Il\u00a0figure,\u00a0en\u00a0effet,\u00a0en\u00a0qualit\u00e9\u00a0de\u00a0secr\u00e9taire\u00a0g\u00e9n\u00e9ral, dans\u00a0le\u00a0premier\u00a0bureau\u00a0constitu\u00e9\u00a0en\u00a01877,\u00a0puis\u00a0devient\u00a0vice-pr\u00e9sident\u00a0en\u00a01892\u00a0;\u00a0il\u00a0est\u00a0acclam\u00e9\u00a0vice-pr\u00e9sident\u00a0honoraire\u00a0au\u00a0dernier\u00a0renouvellement\u00a0du\u00a0bureau\u00a0en\u00a01903.\u00a0Il\u00a0\u00e9tait\u00a0d\u00e9j\u00e0\u00a0un\u00a0artiste\u00a0bien\u00a0connu\u00a0dont\u00a0l\u2019influence\u00a0sur\u00a0l\u2019art\u00a0d\u00e9coratif\u00a0devait\u00a0\u00eatre majeure.\u00a0\u00c9mile\u00a0Gall\u00e9\u00a0fut\u00a0l\u2019initiateur\u00a0d\u2019un\u00a0mouvement\u00a0artistique,\u00a0l\u2019\u00c9cole\u00a0de\u00a0Nancy,\u00a0initiateur\u00a0de\u00a0l\u2019art\u00a0nouveau\u00a0en\u00a0France.<\/p>\n\n\n\n<p>Il\u00a0fut\u00a0le\u00a0cr\u00e9ateur\u00a0de\u00a0la\u00a0biblioth\u00e8que\u00a0de\u00a0la\u00a0SCHN\u00a0et\u00a0le\u00a0r\u00e9dacteur\u00a0de\u00a0son\u00a0bulletin.\u00a0Il\u00a0suffit\u00a0de\u00a0feuilleter\u00a0les\u00a0premi\u00e8res\u00a0publications\u00a0<br>pour\u00a0appr\u00e9cier\u00a0son\u00a0travail.\u00a0Il\u00a0enrichit\u00a0presque\u00a0chaque\u00a0fascicule\u00a0d\u2019un\u00a0article\u00a0qu\u2019il\u00a0signe.<\/p>\n\n\n\n<p>Apr\u00e8s\u00a0la\u00a0premi\u00e8re\u00a0guerre\u00a0mondiale,\u00a0la\u00a0biblioth\u00e8que\u00a0s\u2019enrichit\u00a0consid\u00e9rablement\u00a0gr\u00e2ce\u00a0\u00e0\u00a0la\u00a0venue\u00a0\u00e0\u00a0Nancy\u00a0et\u00a0aux\u00a0dons\u00a0<br>importants\u00a0d\u2019Alice\u00a0Harding,\u00a0une\u00a0Am\u00e9ricaine\u00a0passionn\u00e9e\u00a0de\u00a0plantes,\u00a0surtout\u00a0de\u00a0pivoines.\u00a0Le\u00a06\u00a0avril\u00a01924,\u00a0la\u00a0Soci\u00e9t\u00e9\u00a0lui\u00a0adresse\u00a0<br>l\u2019expression\u00a0de\u00a0sa\u00a0profonde\u00a0reconnaissance\u00a0pour\u00a0sa\u00a0persistante\u00a0g\u00e9n\u00e9rosit\u00e9\u00a0et\u00a0d\u00e9cide\u00a0que\u00a0la\u00a0biblioth\u00e8que\u00a0prendra\u00a0d\u00e9sormais\u00a0<br>le\u00a0nom\u00a0de\u00a0Biblioth\u00e8que\u00a0Alice\u00a0Harding.<\/p>\n\n\n\n<p>Ainsi,\u00a0la\u00a0cr\u00e9ation\u00a0du\u00a0Prix\u00a0\u00c9mile-Gall\u00e9\u00a0est\u00a0un\u00a0hommage\u00a0rendu\u00a0au\u00a0cr\u00e9ateur\u00a0de\u00a0la\u00a0biblioth\u00e8que\u00a0et\u00a0\u00e0\u00a0sa\u00a0bienfaitrice.\u00a0\u00c0\u00a0pr\u00e9sent,\u00a0la\u00a0<br>biblioth\u00e8que\u00a0compte\u00a0plus\u00a0de\u00a05\u00a0000\u00a0ouvrages.\u00a0C\u2019est\u00a0l\u2019une\u00a0des\u00a0plus\u00a0riches\u00a0biblioth\u00e8ques\u00a0des\u00a0soci\u00e9t\u00e9s\u00a0d\u2019horticulture\u00a0en\u00a0France.<\/p>\n\n\n\n<h3>Modalit\u00e9s\u00a0de\u00a0fonctionnement<\/h3>\n\n\n\n<p>Tous\u00a0les\u00a0ans,\u00a0au\u00a0printemps,\u00a0150\u00a0\u00e0\u00a0200\u00a0ouvrages\u00a0sont\u00a0propos\u00e9s\u00a0\u00e0\u00a0la\u00a0d\u00e9couverte\u00a0des\u00a0membres\u00a0du\u00a0jury\u00a0lors\u00a0de\u00a0six\u00a0s\u00e9ances\u00a0de\u00a0<br>consultation\u00a0et\u00a0d\u2019\u00e9changes.\u00a0<\/p>\n\n\n\n<p>Puis,\u00a0en\u00a0juin\u00a0et\u00a0en\u00a0juillet,\u00a0le\u00a0jury\u00a0examine\u00a0l\u2019ensemble\u00a0des\u00a0ouvrages\u00a0propos\u00e9s\u00a0par\u00a0les\u00a0\u00e9diteurs,\u00a0instruit\u00a0des\u00a0conclusions\u00a0tir\u00e9es\u00a0lors\u00a0<br>des\u00a0s\u00e9ances\u00a0de\u00a0d\u00e9couverte\u00a0et\u00a0de\u00a0consultation\u00a0des\u00a0ouvrages.\u00a0C\u2019est\u00a0un\u00a0jury\u00a0de\u00a0sp\u00e9cialistes.\u00a0Il\u00a0est\u00a0compos\u00e9\u00a0d\u2019une\u00a0vingtaine\u00a0de\u00a0<br>professionnels,\u00a0de\u00a0bibliophiles\u00a0et\u00a0d\u2019amoureux\u00a0de\u00a0la\u00a0nature.\u00a0Il\u00a0est\u00a0co-pr\u00e9sid\u00e9\u00a0par\u00a0le\u00a0docteur\u00a0Patrick\u00a0Blanchot,\u00a0pr\u00e9sident\u00a0de\u00a0la\u00a0<br>Soci\u00e9t\u00e9\u00a0Centrale\u00a0d\u2019Horticulture\u00a0de\u00a0Nancy,\u00a0et\u00a0par\u00a0le\u00a0professeur\u00a0Michel\u00a0Boulang\u00e9.\u00a0Pierre\u00a0Valck,\u00a0fondateur\u00a0du\u00a0Prix\u00a0\u00c9mile-Gall\u00e9,\u00a0<br>en\u00a0est\u00a0le\u00a0pr\u00e9sident\u00a0d\u2019honneur.\u00a0Pierre\u00a0Didierjean,\u00a0directeur\u00a0des\u00a0parcs\u00a0et\u00a0jardins\u00a0de\u00a0la\u00a0Ville\u00a0de\u00a0Nancy,\u00a0est\u00a0son\u00a0secr\u00e9taire\u00a0g\u00e9n\u00e9ral.<\/p>\n\n\n\n<p>La\u00a0liste\u00a0des\u00a0nomin\u00e9s\u00a0est\u00a0dress\u00e9e\u00a0en\u00a0tenant\u00a0compte\u00a0des\u00a0crit\u00e8res\u00a0suivants\u00a0:<br>\u2022\u00a0l\u2019int\u00e9r\u00eat\u00a0du\u00a0sujet\u00a0et\u00a0l\u2019originalit\u00e9\u00a0de\u00a0son\u00a0traitement,<br>\u2022\u00a0la\u00a0fiabilit\u00e9\u00a0de\u00a0la\u00a0documentation\u00a0:\u00a0qualit\u00e9\u00a0scientifique,\u00a0rigueur\u00a0de\u00a0l\u2019information,<br>\u2022\u00a0la\u00a0qualit\u00e9\u00a0r\u00e9dactionnelle,<br>\u2022\u00a0la\u00a0valeur\u00a0esth\u00e9tique\u00a0de\u00a0l\u2019ouvrage\u00a0:\u00a0qualit\u00e9\u00a0des\u00a0photographies\u00a0et\u00a0des\u00a0illustrations.<\/p>\n\n\n\n<p>Le\u00a0prix\u00a0est\u00a0d\u00e9cern\u00e9\u00a0chaque\u00a0ann\u00e9e,\u00a0en\u00a0septembre,\u00a0lors\u00a0de\u00a0la\u00a0manifestation\u00a0P\u00e9pini\u00e8re\u00a0en\u00a0Vert\u00a0qui\u00a0a\u00a0lieu\u00a0dans\u00a0le\u00a0parc\u00a0de\u00a0<br>la\u00a0P\u00e9pini\u00e8re,\u00a0\u00e0\u00a0Nancy.\u00a0C\u2019est\u00a0le\u00a0lieu\u00a0d\u2019expression\u00a0de\u00a0la\u00a0diversit\u00e9\u00a0v\u00e9g\u00e9tale.\u00a0Plus\u00a0de\u00a0100\u00a0exposants\u00a0et\u00a0pr\u00e8s\u00a0de\u00a045\u00a0000\u00a0personnes\u00a0<br>r\u00e9pondent\u00a0\u00e0\u00a0l\u2019invitation\u00a0de\u00a0la\u00a0Ville\u00a0de\u00a0Nancy\u00a0pour\u00a0participer\u00a0\u00e0\u00a0ce\u00a0grand\u00a0march\u00e9\u00a0aux\u00a0plantes\u00a0de\u00a0l\u2019automne.\u00a0La\u00a0ville\u00a0accueille\u00a0<br>avec\u00a0plaisir\u00a0le\u00a0Prix\u00a0\u00c9mile-Gall\u00e9,\u00a0son\u00a0jury\u00a0et\u00a0ses\u00a0laur\u00e9ats,\u00a0lors\u00a0d\u2019un\u00a0temps\u00a0fort\u00a0de\u00a0P\u00e9pini\u00e8re\u00a0en\u00a0Vert.\u00a0La\u00a0remise\u00a0de\u00a0ce\u00a0prix\u00a0litt\u00e9raire\u00a0<br>est\u00a0souvent\u00a0l\u2019occasion\u00a0d\u2019exprimer\u00a0les\u00a0avanc\u00e9es\u00a0et\u00a0les\u00a0projets\u00a0de\u00a0Nancy\u00a0en\u00a0mati\u00e8re\u00a0d\u2019\u00e9cologie\u00a0urbaine,\u00a0de\u00a0v\u00e9g\u00e9talisation\u00a0et\u00a0<br>de\u00a0d\u00e9fense\u00a0de\u00a0la\u00a0biodiversit\u00e9.\u00a0<\/p>\n\n\n\n<h3>Les Laur\u00e9ats<\/h3>\n\n\n\n<p><strong>2019 :<\/strong> Serge HAMON, <strong>L&rsquo;Odyss\u00e9e des plantes sauvages et cultiv\u00e9es<\/strong> (\u00e9d. IRD et Quae)<br>\nPrix Jeunesse : Gilles HARPOUTIAN, <strong>La Nature, 120 d\u00e9couvertes scientifiques pour tout comprendre<\/strong> (\u00e9d. Guy Tr\u00e9daniel &#8211; Contre-dires)<\/p>\n\n<p><strong>2018 :<\/strong> Henriette WALTER et Pierre AVENAS, <strong>La Majestueuse histoire du nom des arbres<\/strong> (\u00c9ditions Robert Laffont)<br>\nPrix Jeunesse : Emilie VAST, <strong>Les Plantes vagabondes<\/strong> (\u00c9ditions Memo)<\/p>\n<p><strong>2017 :<\/strong> Bruno SIRVEN, <strong>Le G\u00e9nie de l&rsquo;arbre<\/strong> (\u00c9ditions Actes Sud)<br>\nPrix Jeunesse : G\u00e9rard AMAL, <strong>La Pointeuse botanique<\/strong> (\u00c9ditions Actes Sud Jeunesse)<\/p>\n\n<p><strong>2016 :<\/strong> Bernard BERTRAND, <strong>Vivre sans p\u00e9trole<\/strong> (\u00c9ditions Plume de carotte)<br>\nPrix Jeunesse : Gilles CLEMENT, <strong>Un grand jardin<\/strong> (\u00c9ditions Cambourakis)<\/p>\n\n<p><strong>2015 :<\/strong> Pascal ASPE et associ\u00e9s, <strong>L&rsquo;Autonomie au jardin<\/strong> (\u00c9ditions Terre vivante)<br>\nPrix Jeunesse : Marie-Claire RASSEMUSSE et Simon MITTEAULT, <strong>D\u00e9couvre les fleurs sauvages<\/strong> (\u00c9ditions Les P&rsquo;tits B\u00e9rets)<\/p>\n\n<p><strong>2014 :<\/strong> Francis HALLE et Luc JACQUET, <strong>Il \u00e9tait une for\u00eat<\/strong> (\u00c9ditions Actes Sud Nature)<br>\nPrix Jeunesse : B\u00e9n\u00e9dicte BOUDASSOU, <strong>Les Petites b\u00eates du jardin<\/strong> (Editions Rusti Kid)<\/p>\n<p><strong>2013 :<\/strong> Denis PEPIN, <strong>Composts et paillis<\/strong> (\u00c9ditions Terre vivante)<br>\nPrix Jeunesse : Jeanne FAILEVIC et V\u00e9ronique PELISSIER, <strong>Les Plantes ont-elles un zizi ?<\/strong> (Editions Actes Sud Junior)<\/p>\n\n<p><strong>2012 :<\/strong> Mich\u00e8le BILIMOFF, <strong>Histoire des plantes qui ont chang\u00e9 le monde<\/strong> (Albin Michel)<br>\nPrix Jeunesse : Lionel HIGNARD, <strong>Fabuleuses histoires de graines<\/strong> (Editions Belin Jeunesse)<\/p>\n\n<p><strong>2011 :<\/strong> Guillaume EYSSARTIER et Piette ROUX, <strong>Guide des champignons France-Europe<\/strong> (\u00c9ditions Belin)<br>\nPrix Jeunesse : Ren\u00e9 METTLER, <strong>Le Grand livre de l&rsquo;arbre et de la for\u00eat<\/strong> (Editions Gallimard)<\/p>\n\n<p><strong>2010 :<\/strong> Elisabeth et J\u00e9r\u00f4me JULLIEN, <strong>Guide \u00e9cologique des arbres<\/strong> et <strong>Guide \u00e9cologique des arbustes<\/strong> (Editions Eyrolles)<br>\nPrix Jeunesse : Violette RENNERT et Fabienne MOREAU, <strong>Les plantes, dis-moi pourquoi<\/strong> (Editions Auzou)<\/p>\n\n<p><strong>2009 :<\/strong> Sonia DOURLOT, <strong>Petite collection d&rsquo;insectes de nos r\u00e9gions<\/strong> (\u00c9ditions Larousse)<br>\nPrix Jeunesse : Michel LUCHESI et Laurence BAR, <strong>Je jardine<\/strong> (Editions Milan Jeunesse)<\/p>\n\n<p><strong>2008 :<\/strong> Marie-Pierre ARLY et Fran\u00e7ois GALLOUIN, <strong>L\u00e9gumes d&rsquo;hier et d&rsquo;aujourd&rsquo;hui<\/strong> (Editions Biotope)<br>\nPrix Jeunesse : Lucienne DESCHAMPS et Annick MARROUSSY, <strong>Le Jardinage avec les enfants<\/strong> (Editions Eyrolles)<\/p>\n\n<p><strong>2007 :<\/strong> Serge MULLER, <strong>Les Plantes prot\u00e9g\u00e9es de Lorraine<\/strong> (Editions Biotope)<\/p>\n<p><strong>2006 :<\/strong> Soci\u00e9t\u00e9 fran\u00e7aise d&rsquo;orchidophilie, <strong>Les Orchid\u00e9es de France, Belgique et Luxembourg<\/strong> (\u00c9ditions Biotope)<\/p>\n<p><strong>2005 :<\/strong> Annie LAGUERIE, <strong>Les Gramin\u00e9es apprivois\u00e9es<\/strong> (\u00c9ditions Rustica)<\/p>\n<p><strong>2004 :<\/strong> Lucile ALLORGE, <b>La Fabuleuse odyss\u00e9e des plantes<\/b> (JC Latt\u00e8s).<\/p>\n<p><strong>2003 :<\/strong> Louise RANCK, <strong>Le Jardin paysan<\/strong> (\u00c9ditions du Rouergue)<\/p>\n<p><strong>2002 :<\/strong> Albert ROGUENANT, <strong>Les Tillandsia et les Racinea<\/strong> (\u00c9ditions Belin)<\/p>\n<p><strong>2001 :<\/strong> Jean-Baptiste et Nicole PRADES, <strong>Le Grand livre des l\u00e9gumes oubli\u00e9s<\/strong> (\u00c9ditions Rustica)<\/p>\n<p><strong>2000 :<\/strong> Nicole BOSCHUNG et Mich\u00e8le GIRAUD, <strong>Le Jardin parfum\u00e9 <\/strong>(\u00c9ditions Bordas)<\/p>\n<p><strong>1999 :<\/strong> Bernard BERTRAND, <strong>Au pays des sauges <\/strong>(\u00c9ditions de Terran)<\/p>\n<p><strong>1998 :<\/strong> Patrick MIOULANE, <strong>L&rsquo;Encyclop\u00e9die du jardinage Le Truffaut<\/strong> (\u00c9ditions Protea)<\/p>\n","protected":false},"excerpt":{"rendered":"<p>Cr\u00e9\u00e9\u00a0en\u00a01998\u00a0\u00e0\u00a0Nancy,\u00a0le\u00a0Prix\u00a0\u00c9mile-Gall\u00e9\u00a0est\u00a0un\u00a0prix\u00a0litt\u00e9raire.\u00a0Il\u00a0r\u00e9compense\u00a0tous\u00a0les\u00a0ans\u00a0un\u00a0ouvrage\u00a0original\u00a0r\u00e9dig\u00e9\u00a0en\u00a0langue fran\u00e7aise,\u00a0sur\u00a0le\u00a0th\u00e8me\u00a0des\u00a0plantes\u00a0ou\u00a0des\u00a0jardins.\u00a0Il\u00a0est\u00a0dot\u00e9\u00a0par\u00a0la\u00a0jardinerie\u00a0D\u00e9cor\u00a0Jardin\u00a0de\u00a0Nancy-Champenoux\u00a0d\u2019un\u00a0prix\u00a0de\u00a0mille\u00a0euros.\u00a0Un\u00a0prix\u00a0sp\u00e9cial\u00a0Jeunesse\u00a0de\u00a0700\u00a0\u20ac\u00a0le\u00a0compl\u00e8te\u00a0depuis\u00a02008. Cr\u00e9ation&nbsp;du&nbsp;prix C\u2019est\u00a0avec\u00a0l\u2019appui\u00a0de\u00a0la\u00a0Soci\u00e9t\u00e9\u00a0Nationale\u00a0d\u2019Horticulture\u00a0de\u00a0France\u00a0(SNHF)\u00a0que\u00a0la\u00a0Soci\u00e9t\u00e9\u00a0Centrale\u00a0d\u2019Horticulture\u00a0de\u00a0Nancy\u00a0(SCHN)\u00a0a\u00a0cr\u00e9\u00e9\u00a0ce\u00a0prix\u00a0en\u00a0hommage\u00a0\u00e0\u00a0\u00c9mile\u00a0Gall\u00e9,\u00a0l\u2019un\u00a0de\u00a0ses\u00a0cr\u00e9ateurs.\u00a0Il\u00a0figure,\u00a0en\u00a0effet,\u00a0en\u00a0qualit\u00e9\u00a0de\u00a0secr\u00e9taire\u00a0g\u00e9n\u00e9ral, dans\u00a0le\u00a0premier\u00a0bureau\u00a0constitu\u00e9\u00a0en\u00a01877,\u00a0puis\u00a0devient\u00a0vice-pr\u00e9sident\u00a0en\u00a01892\u00a0;\u00a0il\u00a0est\u00a0acclam\u00e9\u00a0vice-pr\u00e9sident\u00a0honoraire\u00a0au\u00a0dernier\u00a0renouvellement\u00a0du\u00a0bureau\u00a0en\u00a01903.\u00a0Il\u00a0\u00e9tait\u00a0d\u00e9j\u00e0\u00a0un\u00a0artiste\u00a0bien\u00a0connu\u00a0dont\u00a0l\u2019influence\u00a0sur\u00a0l\u2019art\u00a0d\u00e9coratif\u00a0devait\u00a0\u00eatre majeure.\u00a0\u00c9mile\u00a0Gall\u00e9\u00a0fut\u00a0l\u2019initiateur\u00a0d\u2019un\u00a0mouvement\u00a0artistique,\u00a0l\u2019\u00c9cole\u00a0de\u00a0Nancy,\u00a0initiateur\u00a0de\u00a0l\u2019art\u00a0nouveau\u00a0en\u00a0France. Il\u00a0fut\u00a0le\u00a0cr\u00e9ateur\u00a0de\u00a0la\u00a0biblioth\u00e8que\u00a0de\u00a0la\u00a0SCHN\u00a0et\u00a0le\u00a0r\u00e9dacteur\u00a0de\u00a0son\u00a0bulletin.\u00a0Il\u00a0suffit\u00a0de\u00a0feuilleter\u00a0les\u00a0premi\u00e8res\u00a0publications\u00a0pour\u00a0appr\u00e9cier\u00a0son\u00a0travail.\u00a0Il\u00a0enrichit\u00a0presque\u00a0chaque\u00a0fascicule\u00a0d\u2019un\u00a0article\u00a0qu\u2019il\u00a0signe. Apr\u00e8s\u00a0la\u00a0premi\u00e8re\u00a0guerre\u00a0mondiale,\u00a0la\u00a0biblioth\u00e8que\u00a0s\u2019enrichit\u00a0consid\u00e9rablement\u00a0gr\u00e2ce\u00a0\u00e0\u00a0la\u00a0venue\u00a0\u00e0\u00a0Nancy\u00a0et\u00a0aux\u00a0dons\u00a0importants\u00a0d\u2019Alice\u00a0Harding,\u00a0une\u00a0Am\u00e9ricaine\u00a0passionn\u00e9e\u00a0de\u00a0plantes,\u00a0surtout\u00a0de\u00a0pivoines.\u00a0Le\u00a06\u00a0avril\u00a01924,\u00a0la\u00a0Soci\u00e9t\u00e9\u00a0lui\u00a0adresse\u00a0l\u2019expression\u00a0de\u00a0sa\u00a0profonde\u00a0reconnaissance\u00a0pour\u00a0sa\u00a0persistante\u00a0g\u00e9n\u00e9rosit\u00e9\u00a0et\u00a0d\u00e9cide\u00a0que\u00a0la\u00a0biblioth\u00e8que\u00a0prendra\u00a0d\u00e9sormais\u00a0le\u00a0nom\u00a0de\u00a0Biblioth\u00e8que\u00a0Alice\u00a0Harding. Ainsi,\u00a0la\u00a0cr\u00e9ation\u00a0du\u00a0Prix\u00a0\u00c9mile-Gall\u00e9\u00a0est\u00a0un\u00a0hommage\u00a0rendu\u00a0au\u00a0cr\u00e9ateur\u00a0de\u00a0la\u00a0biblioth\u00e8que\u00a0et\u00a0\u00e0\u00a0sa\u00a0bienfaitrice.\u00a0\u00c0\u00a0pr\u00e9sent,\u00a0la\u00a0biblioth\u00e8que\u00a0compte\u00a0plus\u00a0de\u00a05\u00a0000\u00a0ouvrages.\u00a0C\u2019est\u00a0l\u2019une\u00a0des\u00a0plus\u00a0riches\u00a0biblioth\u00e8ques\u00a0des\u00a0soci\u00e9t\u00e9s\u00a0d\u2019horticulture\u00a0en\u00a0France. Modalit\u00e9s\u00a0de\u00a0fonctionnement Tous\u00a0les\u00a0ans,\u00a0au\u00a0printemps,\u00a0150\u00a0\u00e0\u00a0200\u00a0ouvrages\u00a0sont\u00a0propos\u00e9s\u00a0\u00e0\u00a0la\u00a0d\u00e9couverte\u00a0des\u00a0membres\u00a0du\u00a0jury\u00a0lors\u00a0de\u00a0six\u00a0s\u00e9ances\u00a0de\u00a0consultation\u00a0et\u00a0d\u2019\u00e9changes.\u00a0 Puis,\u00a0en\u00a0juin\u00a0et\u00a0en\u00a0juillet,\u00a0le\u00a0jury\u00a0examine\u00a0l\u2019ensemble\u00a0des\u00a0ouvrages\u00a0propos\u00e9s\u00a0par\u00a0les\u00a0\u00e9diteurs,\u00a0instruit\u00a0des\u00a0conclusions\u00a0tir\u00e9es\u00a0lors\u00a0des\u00a0s\u00e9ances\u00a0de\u00a0d\u00e9couverte\u00a0et\u00a0de\u00a0consultation\u00a0des\u00a0ouvrages.\u00a0C\u2019est\u00a0un\u00a0jury\u00a0de\u00a0sp\u00e9cialistes.\u00a0Il\u00a0est\u00a0compos\u00e9\u00a0d\u2019une\u00a0vingtaine\u00a0de\u00a0professionnels,\u00a0de\u00a0bibliophiles\u00a0et\u00a0d\u2019amoureux\u00a0de\u00a0la\u00a0nature.\u00a0Il\u00a0est\u00a0co-pr\u00e9sid\u00e9\u00a0par\u00a0le\u00a0docteur\u00a0Patrick\u00a0Blanchot,\u00a0pr\u00e9sident\u00a0de\u00a0la\u00a0Soci\u00e9t\u00e9\u00a0Centrale\u00a0d\u2019Horticulture\u00a0de\u00a0Nancy,\u00a0et\u00a0par\u00a0le\u00a0professeur\u00a0Michel\u00a0Boulang\u00e9.\u00a0Pierre\u00a0Valck,\u00a0fondateur\u00a0du\u00a0Prix\u00a0\u00c9mile-Gall\u00e9,\u00a0en\u00a0est\u00a0le\u00a0pr\u00e9sident\u00a0d\u2019honneur.\u00a0Pierre\u00a0Didierjean,\u00a0directeur\u00a0des\u00a0parcs\u00a0et\u00a0jardins\u00a0de\u00a0la\u00a0Ville\u00a0de\u00a0Nancy,\u00a0est\u00a0son\u00a0secr\u00e9taire\u00a0g\u00e9n\u00e9ral. La\u00a0liste\u00a0des\u00a0nomin\u00e9s\u00a0est\u00a0dress\u00e9e\u00a0en\u00a0tenant\u00a0compte\u00a0des\u00a0crit\u00e8res\u00a0suivants\u00a0:\u2022\u00a0l\u2019int\u00e9r\u00eat\u00a0du\u00a0sujet\u00a0et\u00a0l\u2019originalit\u00e9\u00a0de\u00a0son\u00a0traitement,\u2022\u00a0la\u00a0fiabilit\u00e9\u00a0de\u00a0la\u00a0documentation\u00a0:\u00a0qualit\u00e9\u00a0scientifique,\u00a0rigueur\u00a0de\u00a0l\u2019information,\u2022\u00a0la\u00a0qualit\u00e9\u00a0r\u00e9dactionnelle,\u2022\u00a0la\u00a0valeur\u00a0esth\u00e9tique\u00a0de\u00a0l\u2019ouvrage\u00a0:\u00a0qualit\u00e9\u00a0des\u00a0photographies\u00a0et\u00a0des\u00a0illustrations. Le\u00a0prix\u00a0est\u00a0d\u00e9cern\u00e9\u00a0chaque\u00a0ann\u00e9e,\u00a0en\u00a0septembre,\u00a0lors\u00a0de\u00a0la\u00a0manifestation\u00a0P\u00e9pini\u00e8re\u00a0en\u00a0Vert\u00a0qui\u00a0a\u00a0lieu\u00a0dans\u00a0le\u00a0parc\u00a0de\u00a0la\u00a0P\u00e9pini\u00e8re,\u00a0\u00e0\u00a0Nancy.\u00a0C\u2019est\u00a0le\u00a0lieu\u00a0d\u2019expression\u00a0de\u00a0la\u00a0diversit\u00e9\u00a0v\u00e9g\u00e9tale.\u00a0Plus\u00a0de\u00a0100\u00a0exposants\u00a0et\u00a0pr\u00e8s\u00a0de\u00a045\u00a0000\u00a0personnes\u00a0r\u00e9pondent\u00a0\u00e0\u00a0l\u2019invitation\u00a0de\u00a0la\u00a0Ville\u00a0de\u00a0Nancy\u00a0pour\u00a0participer\u00a0\u00e0\u00a0ce\u00a0grand\u00a0march\u00e9\u00a0aux\u00a0plantes\u00a0de\u00a0l\u2019automne.\u00a0La\u00a0ville\u00a0accueille\u00a0avec\u00a0plaisir\u00a0le\u00a0Prix\u00a0\u00c9mile-Gall\u00e9,\u00a0son\u00a0jury\u00a0et\u00a0ses\u00a0laur\u00e9ats,\u00a0lors\u00a0d\u2019un\u00a0temps\u00a0fort\u00a0de\u00a0P\u00e9pini\u00e8re\u00a0en\u00a0Vert.\u00a0La\u00a0remise\u00a0de\u00a0ce\u00a0prix\u00a0litt\u00e9raire\u00a0est\u00a0souvent\u00a0l\u2019occasion\u00a0d\u2019exprimer\u00a0les\u00a0avanc\u00e9es\u00a0et\u00a0les\u00a0projets\u00a0de\u00a0Nancy\u00a0en\u00a0mati\u00e8re\u00a0d\u2019\u00e9cologie\u00a0urbaine,\u00a0de\u00a0v\u00e9g\u00e9talisation\u00a0et\u00a0de\u00a0d\u00e9fense\u00a0de\u00a0la\u00a0biodiversit\u00e9.\u00a0 Les Laur\u00e9ats 2019 : Serge HAMON, L&rsquo;Odyss\u00e9e des plantes sauvages et cultiv\u00e9es (\u00e9d. IRD et Quae) Prix Jeunesse : Gilles HARPOUTIAN, La Nature, 120 d\u00e9couvertes scientifiques pour tout comprendre (\u00e9d. Guy Tr\u00e9daniel &#8211; Contre-dires) 2018 : Henriette WALTER et Pierre AVENAS, La Majestueuse histoire du nom des arbres (\u00c9ditions Robert Laffont) Prix Jeunesse : Emilie VAST, Les Plantes vagabondes (\u00c9ditions Memo) 2017 : Bruno SIRVEN, Le G\u00e9nie de l&rsquo;arbre (\u00c9ditions Actes Sud) Prix Jeunesse : G\u00e9rard AMAL, La Pointeuse botanique (\u00c9ditions Actes Sud Jeunesse) 2016 : Bernard BERTRAND, Vivre sans p\u00e9trole (\u00c9ditions Plume de carotte) Prix Jeunesse : Gilles CLEMENT, Un grand jardin (\u00c9ditions Cambourakis) 2015 : Pascal ASPE et associ\u00e9s, L&rsquo;Autonomie au jardin (\u00c9ditions Terre vivante) Prix Jeunesse : Marie-Claire RASSEMUSSE et Simon MITTEAULT, D\u00e9couvre les fleurs sauvages (\u00c9ditions Les P&rsquo;tits B\u00e9rets) 2014 : Francis HALLE et Luc JACQUET, Il \u00e9tait une for\u00eat (\u00c9ditions Actes Sud Nature) Prix Jeunesse : B\u00e9n\u00e9dicte BOUDASSOU, Les Petites b\u00eates du jardin (Editions Rusti Kid) 2013 : Denis PEPIN, Composts et paillis (\u00c9ditions Terre vivante) Prix Jeunesse : Jeanne FAILEVIC et V\u00e9ronique PELISSIER, Les Plantes ont-elles un zizi ? (Editions Actes Sud Junior) 2012 : Mich\u00e8le BILIMOFF, Histoire des plantes qui ont chang\u00e9 le monde (Albin Michel) Prix Jeunesse : Lionel HIGNARD, Fabuleuses histoires de graines (Editions Belin Jeunesse) 2011 : Guillaume EYSSARTIER et Piette ROUX, Guide des champignons France-Europe (\u00c9ditions Belin) Prix Jeunesse : Ren\u00e9 METTLER, Le Grand livre de l&rsquo;arbre et de la for\u00eat (Editions Gallimard) 2010 : Elisabeth et J\u00e9r\u00f4me JULLIEN, Guide \u00e9cologique des arbres et Guide \u00e9cologique des arbustes (Editions Eyrolles) Prix Jeunesse : Violette RENNERT et Fabienne MOREAU, Les plantes, dis-moi pourquoi (Editions Auzou) 2009 : Sonia DOURLOT, Petite collection d&rsquo;insectes de nos r\u00e9gions (\u00c9ditions Larousse) Prix Jeunesse : Michel LUCHESI et Laurence BAR, Je jardine (Editions Milan Jeunesse) 2008 : Marie-Pierre ARLY et Fran\u00e7ois GALLOUIN, L\u00e9gumes d&rsquo;hier et d&rsquo;aujourd&rsquo;hui (Editions Biotope) Prix Jeunesse : Lucienne DESCHAMPS et Annick MARROUSSY, Le Jardinage avec les enfants (Editions Eyrolles) 2007 : Serge MULLER, Les Plantes prot\u00e9g\u00e9es de Lorraine (Editions Biotope) 2006 : Soci\u00e9t\u00e9 fran\u00e7aise d&rsquo;orchidophilie, Les Orchid\u00e9es de France, Belgique et Luxembourg (\u00c9ditions Biotope) 2005 : Annie LAGUERIE, Les Gramin\u00e9es apprivois\u00e9es (\u00c9ditions Rustica) 2004 : Lucile ALLORGE, La Fabuleuse odyss\u00e9e des plantes (JC Latt\u00e8s). 2003 : Louise RANCK, Le Jardin paysan (\u00c9ditions du Rouergue) 2002 : Albert ROGUENANT, Les Tillandsia et les Racinea (\u00c9ditions Belin) 2001 : Jean-Baptiste et Nicole PRADES, Le Grand livre des l\u00e9gumes oubli\u00e9s (\u00c9ditions Rustica) 2000 : Nicole BOSCHUNG et Mich\u00e8le GIRAUD, Le Jardin parfum\u00e9 (\u00c9ditions Bordas) 1999 : Bernard BERTRAND, Au pays des sauges (\u00c9ditions de Terran) 1998 : Patrick MIOULANE, L&rsquo;Encyclop\u00e9die du jardinage Le Truffaut (\u00c9ditions Protea)<\/p>\n","protected":false},"author":3,"featured_media":0,"parent":0,"menu_order":0,"comment_status":"closed","ping_status":"closed","template":"","meta":[],"_links":{"self":[{"href":"https:\/\/bernard-visse.fr\/ev\/wp-json\/wp\/v2\/pages\/452"}],"collection":[{"href":"https:\/\/bernard-visse.fr\/ev\/wp-json\/wp\/v2\/pages"}],"about":[{"href":"https:\/\/bernard-visse.fr\/ev\/wp-json\/wp\/v2\/types\/page"}],"author":[{"embeddable":true,"href":"https:\/\/bernard-visse.fr\/ev\/wp-json\/wp\/v2\/users\/3"}],"replies":[{"embeddable":true,"href":"https:\/\/bernard-visse.fr\/ev\/wp-json\/wp\/v2\/comments?post=452"}],"version-history":[{"count":6,"href":"https:\/\/bernard-visse.fr\/ev\/wp-json\/wp\/v2\/pages\/452\/revisions"}],"predecessor-version":[{"id":460,"href":"https:\/\/bernard-visse.fr\/ev\/wp-json\/wp\/v2\/pages\/452\/revisions\/460"}],"wp:attachment":[{"href":"https:\/\/bernard-visse.fr\/ev\/wp-json\/wp\/v2\/media?parent=452"}],"curies":[{"name":"wp","href":"https:\/\/api.w.org\/{rel}","templated":true}]}}