{"id":449,"date":"2020-04-12T18:58:51","date_gmt":"2020-04-12T16:58:51","guid":{"rendered":"http:\/\/bernard-visse.fr\/ev\/?page_id=449"},"modified":"2020-04-20T20:57:42","modified_gmt":"2020-04-20T18:57:42","slug":"prix-de-la-plume-de-vair","status":"publish","type":"page","link":"https:\/\/bernard-visse.fr\/ev\/prix-de-la-plume-de-vair\/","title":{"rendered":"Prix de la plume de vair"},"content":{"rendered":"\n<h3>R\u00e8glement 2019 \/ 33&egrave;me &eacute;dition<\/h3>\n      <p>Dans le cadre d&rsquo;une action de promotion du livre et du d\u00e9veloppement \n        de la lecture, pour favoriser la cr\u00e9ativit\u00e9 litt&eacute;raire en milieu \n        rural, la F\u00e9d\u00e9ration d\u00e9partementale des Foyers ruraux des Vosges et la \n        commune de Mandres-sur-Vair (Vosges), avec la participation d&rsquo;auteurs, \n        ont cr\u00e9\u00e9 en 1986 un prix litt\u00e9raire : <i>la Plume de Vair<\/i>.<\/p>\n      \n    <p>Le prix est d\u00e9cern\u00e9 \u00e0 un manuscrit ou \u00e0 un livre dont l&rsquo;\u00e9dition \n      est post\u00e9rieure au 1er janvier 2017.<\/p>\n      \n    <p>L&rsquo;\u0153uvre (roman, conte, nouvelles, biographie, po\u00e9sie&#8230;) ne devra pas avoir d\u00e9j\u00e0 \u00e9t\u00e9 prim\u00e9e. Les th\u00e8ses, essais, \u00e9tudes&#8230; ne seront pas accept\u00e9s.<\/p>\n      \n    <p>Le livre, par son auteur ou son action, doit valoriser la Lorraine.<\/p>\n    <p>Le laur\u00e9at et son &eacute;diteur s&rsquo;engagent \u00e0 associer le \n      prix <em>La Plume de Vair<\/em> au titre de l&rsquo;oeuvre, en veillant \u00e0 la pose \n      du bandeau sur l&rsquo;ouvrage \u00e9dit\u00e9, en mentionnant le nom du prix dans la pr&eacute;sentation \n      de la bibliographie de l&rsquo;auteur.<\/p>\n         \n    <p>Pour participer \u00e0 cette 33\u00b0 \u00e9dition, d\u00e9poser ou faire parvenir \n      le manuscrit ou le livre en quatre exemplaires, au plus tard pour le 15 \n      mars 2019, \u00e0 :<\/p>\n      <p align=\"center\" class=\"prix\">Mairie<br>\n        110, rue M&acirc;choit<br>\n        F &#8211; 88800 Mandres-sur-Vair<\/p>\n      <p>Les ouvrages ne seront pas rendus.<\/p>\n      \n    <p>Le prix, un objet d&rsquo;art r\u00e9alis\u00e9 par un artiste lorrain, accompagn\u00e9 \n      de 750 \u20ac, est offert par la municipalit\u00e9 de Mandres-sur-Vair o\u00f9 il sera \n      remis le 2e samedi de juin 2019, \u00e0 l&rsquo;occasion de l&rsquo;animation annuelle autour \n      du livre.<\/p>\n    <p>La F\u00e9d\u00e9ration des Foyers ruraux des Vosges est \u00e0 disposition \n      pour toute information compl\u00e9mentaire et pr\u00e9cise qu&rsquo;elle soutiendra l&rsquo;\u00e9dition \n      \u00e9ventuelle du manuscrit par la r\u00e9alisation et la diffusion (en accord avec \n      l&rsquo;auteur) de bulletins de souscription.<\/p>\n\t  <p>&nbsp;<\/p>\n      <table width=\"95%\" border=\"0\" cellspacing=\"0\" cellpadding=\"10\">\n        <tr> \n          <td><p>F\u00e9d\u00e9ration d\u00e9partementale<br>\n              des Foyers Ruraux des Vosges<br>\n              T\u00e9l. : 03 29 37 41 42<\/p>\n          <td valign=\"top\"><p>Commune de Mandres-sur-Vair<br>\n            T&eacute;l. : 03 29 08 91 40<\/p><\/td>\n        <\/tr>\n      <\/table>\n      <p><a href=\"mailto:foyers.ruraux88@wanadoo.fr\n?subject=Prix de la Plume de vair - Demande de renseignements depuis le site www.ecrivosges.com\n&#038;cc=postmaster@ecrivosges.com\"> Ou demander les renseignements par courriel.<\/a><\/p>\n      <br>\n      <br>\n      <h3>Les Laur\u00e9ats<\/h3>\n      <br>\n\t  <p><b>2019 :<\/b> Muriel RAWOLLE (54) : <b>Vice-Vers&rsquo;\u00c2mes<\/b>, roman.<\/p>\n\t  <p><b>2018 :<\/b> Bernard COLIN (88) : <b>Poussi\u00e8res d&rsquo;asphalte<\/b>, recueil de r\u00e9cits.<\/p>\n\t  <p><b>2017 :<\/b> Claudine COLIN (88) : <b>E cosi la vie&#8230;<\/b>, autobiographie.<\/p>\n\t  <p><b>2016 :<\/b> Ren\u00e9 VINCENT-VIRY (88) : <b>Itin\u00e9raire insolite d&rsquo;un homme ordinaire<\/b>, autobiographie.<\/p>\n\t  <p><b>2015 :<\/b> Anne LAURENT (88) : <b>Les Pleurs de l&rsquo;ogre<\/b>, roman.<\/p>\n\t  <p><b>2014 :<\/b> Daniel MOUGIN (88) : <b>Au coeur de la taque<\/b>, roman.<\/p>\n\t  <p><b>2013 :<\/b> Marie LAURRIN (88) : <b>La Lune en h\u00e9ritage<\/b>, roman.<\/p>\n      <p><b>2012 :<\/b> Fr\u00e9d\u00e9rique VOLOT (54) : <b>Le Rucher du p\u00e8re Voirnot<\/b>, roman.<\/p>\n      <p><b>2011 :<\/b> Pierre PICOU (Rosny-sous-Bois, 93) : <b>Les Voix du village<\/b>, roman.<\/p>\n      <p><b>2010 :<\/b> G\u00e9rald ZANELLI () : <b>La Raie sur le c\u00f4t\u00e9<\/b>, roman.<\/p>\n      <p><b>2009 :<\/b> Non attribu\u00e9.<\/p>\n      <p><b>2008 :<\/b> Guy-Joseph FELLER (Saint-Pancr\u00e9, 54) : <b>Coeur de gaufres<\/b>, roman.<\/p>\n      <p><b>2007 :<\/b> Claude MUNIER () : <b>Le Reveneu<\/b>, roman.<\/p>\n      <p><b>2006 :<\/b> Roger GUSTIN (88) : <b>Quand les vaches avaient des cornes<\/b>, roman.<\/p>\n      <p><b>2005 :<\/b> Jacques BELLOT (Verdun, 55) : <b>L&rsquo;Orloger de Toul<\/b>, roman.<\/p>\n      <p><b>2004 :<\/b> Serge LAMBOLEZ + (Celles-sur-Plaine, 88) : <b>La Madone d&rsquo;Erleking<\/b>, roman.<\/p>\n      <p><b>2003 :<\/b> Jean MAURON (Nancy, 54) : <b>Catherine, comment va-t-elle ?<\/b>, roman.<\/p>\n      <p> Prix sp\u00e9cial du jury : &Eacute;tiennette KIEFER (Vittel, 88) pour <b>Chants de vie<\/b>, po\u00e8mes.<\/p>\n      <p><b>2002 :<\/b> Jean-Pierre G&Eacute;HIN (La Bresse, 88) : <b>L&rsquo;Ours de Moyenmont<\/b>, roman.<\/p>\n      <p><b>2001 :<\/b> Didier SARRASSAT (H\u00e9rim\u00e9nil, 54) : <b>Le Miel de la lune<\/b>, roman.<\/p>\n      <p><b>2000 :<\/b> Alain B&Eacute;RARD (Mandray, 88) : <b>Les Loups de Mandray<\/b>, roman.<\/p>\n      <p><b>1999 :<\/b> Jean-Claude DIEDLER (Xamontarupt, 88), <b>Les Cendres du b\u00fbcher<\/b>, roman.<\/p>\n      <p><b>1998 :<\/b> Jean-Pierre BASTIEN (Germiny, 54) : <b>Signez l\u00e0&#8230; La Vie<\/b>, roman.<\/p>\n      <p><b>1997 :<\/b> Gilles LAPORTE (Igney, 88) : <b>Les Derni\u00e8res violettes de La Mothe<\/b>, roman.<\/p>\n      <p><b>1996 :<\/b> Hubert LESIGNE (Paris, 75) : <b>Gar\u00e7on d&rsquo;Est<\/b>, roman.<\/p>\n      <p> Prix sp\u00e9cial du jury : Jean-Fran\u00e7ois MICHEL (Metz, 57) : <b>Flavien de Fign\u00e9velle<\/b>, essai.<\/p>\n      <p><b>1995 :<\/b> Non attribu\u00e9.<\/p>\n      <p><b>1994 :<\/b> Claude CATTEY (Lorgues, 83), <b>Quand les coqs chantaient librement<\/b>, roman.<\/p>\n      <p><b>1993 :<\/b> Marie-Fran\u00e7oise STELLAT (Ancerville, 55), <b>L&rsquo;Ombre des \u00e9pilobes<\/b>, roman.<\/p>\n      <p><b>1992 :<\/b> Pierre MOINE (Vittel, 88) : <b>Pointes s\u00e8ches pour une ville d&rsquo;eau<\/b>, nouvelles.<\/p>\n      <p><b>1991 :<\/b> BERANG&Egrave;RE (Troyes, 10) : <b>La Pierre de la saint Jean<\/b>, roman.<\/p>\n      <p> Prix sp\u00e9cial du jury : Georges GARILLON (Provench\u00e8res, 88) : <b>Odes<\/b>, po\u00e9sie.<\/p>\n      <p><b>1990 :<\/b> Non attribu\u00e9.<\/p>\n      <p><b>1989 :<\/b> Maurice TETTAMANTI (Nancy, 54) : <b>Michel des Maisonnettes<\/b>, roman.<\/p>\n      <p><b>1988 :<\/b> Non attribu\u00e9.<\/p>\n      <p><b>1987 :<\/b> \u00c9velyne R&Eacute;LION (Lamarche, 88) : <b>Et un jour, Flab\u00e9mont<\/b>, roman.<\/p>\n","protected":false},"excerpt":{"rendered":"<p>R\u00e8glement 2019 \/ 33&egrave;me &eacute;dition Dans le cadre d&rsquo;une action de promotion du livre et du d\u00e9veloppement de la lecture, pour favoriser la cr\u00e9ativit\u00e9 litt&eacute;raire en milieu rural, la F\u00e9d\u00e9ration d\u00e9partementale des Foyers ruraux des Vosges et la commune de Mandres-sur-Vair (Vosges), avec la participation d&rsquo;auteurs, ont cr\u00e9\u00e9 en 1986 un prix litt\u00e9raire : la Plume de Vair. Le prix est d\u00e9cern\u00e9 \u00e0 un manuscrit ou \u00e0 un livre dont l&rsquo;\u00e9dition est post\u00e9rieure au 1er janvier 2017. L&rsquo;\u0153uvre (roman, conte, nouvelles, biographie, po\u00e9sie&#8230;) ne devra pas avoir d\u00e9j\u00e0 \u00e9t\u00e9 prim\u00e9e. Les th\u00e8ses, essais, \u00e9tudes&#8230; ne seront pas accept\u00e9s. Le livre, par son auteur ou son action, doit valoriser la Lorraine. Le laur\u00e9at et son &eacute;diteur s&rsquo;engagent \u00e0 associer le prix La Plume de Vair au titre de l&rsquo;oeuvre, en veillant \u00e0 la pose du bandeau sur l&rsquo;ouvrage \u00e9dit\u00e9, en mentionnant le nom du prix dans la pr&eacute;sentation de la bibliographie de l&rsquo;auteur. Pour participer \u00e0 cette 33\u00b0 \u00e9dition, d\u00e9poser ou faire parvenir le manuscrit ou le livre en quatre exemplaires, au plus tard pour le 15 mars 2019, \u00e0 : Mairie 110, rue M&acirc;choit F &#8211; 88800 Mandres-sur-Vair Les ouvrages ne seront pas rendus. Le prix, un objet d&rsquo;art r\u00e9alis\u00e9 par un artiste lorrain, accompagn\u00e9 de 750 \u20ac, est offert par la municipalit\u00e9 de Mandres-sur-Vair o\u00f9 il sera remis le 2e samedi de juin 2019, \u00e0 l&rsquo;occasion de l&rsquo;animation annuelle autour du livre. La F\u00e9d\u00e9ration des Foyers ruraux des Vosges est \u00e0 disposition pour toute information compl\u00e9mentaire et pr\u00e9cise qu&rsquo;elle soutiendra l&rsquo;\u00e9dition \u00e9ventuelle du manuscrit par la r\u00e9alisation et la diffusion (en accord avec l&rsquo;auteur) de bulletins de souscription. &nbsp; F\u00e9d\u00e9ration d\u00e9partementale des Foyers Ruraux des Vosges T\u00e9l. : 03 29 37 41 42 Commune de Mandres-sur-Vair T&eacute;l. : 03 29 08 91 40 Ou demander les renseignements par courriel. Les Laur\u00e9ats 2019 : Muriel RAWOLLE (54) : Vice-Vers&rsquo;\u00c2mes, roman. 2018 : Bernard COLIN (88) : Poussi\u00e8res d&rsquo;asphalte, recueil de r\u00e9cits. 2017 : Claudine COLIN (88) : E cosi la vie&#8230;, autobiographie. 2016 : Ren\u00e9 VINCENT-VIRY (88) : Itin\u00e9raire insolite d&rsquo;un homme ordinaire, autobiographie. 2015 : Anne LAURENT (88) : Les Pleurs de l&rsquo;ogre, roman. 2014 : Daniel MOUGIN (88) : Au coeur de la taque, roman. 2013 : Marie LAURRIN (88) : La Lune en h\u00e9ritage, roman. 2012 : Fr\u00e9d\u00e9rique VOLOT (54) : Le Rucher du p\u00e8re Voirnot, roman. 2011 : Pierre PICOU (Rosny-sous-Bois, 93) : Les Voix du village, roman. 2010 : G\u00e9rald ZANELLI () : La Raie sur le c\u00f4t\u00e9, roman. 2009 : Non attribu\u00e9. 2008 : Guy-Joseph FELLER (Saint-Pancr\u00e9, 54) : Coeur de gaufres, roman. 2007 : Claude MUNIER () : Le Reveneu, roman. 2006 : Roger GUSTIN (88) : Quand les vaches avaient des cornes, roman. 2005 : Jacques BELLOT (Verdun, 55) : L&rsquo;Orloger de Toul, roman. 2004 : Serge LAMBOLEZ + (Celles-sur-Plaine, 88) : La Madone d&rsquo;Erleking, roman. 2003 : Jean MAURON (Nancy, 54) : Catherine, comment va-t-elle ?, roman. Prix sp\u00e9cial du jury : &Eacute;tiennette KIEFER (Vittel, 88) pour Chants de vie, po\u00e8mes. 2002 : Jean-Pierre G&Eacute;HIN (La Bresse, 88) : L&rsquo;Ours de Moyenmont, roman. 2001 : Didier SARRASSAT (H\u00e9rim\u00e9nil, 54) : Le Miel de la lune, roman. 2000 : Alain B&Eacute;RARD (Mandray, 88) : Les Loups de Mandray, roman. 1999 : Jean-Claude DIEDLER (Xamontarupt, 88), Les Cendres du b\u00fbcher, roman. 1998 : Jean-Pierre BASTIEN (Germiny, 54) : Signez l\u00e0&#8230; La Vie, roman. 1997 : Gilles LAPORTE (Igney, 88) : Les Derni\u00e8res violettes de La Mothe, roman. 1996 : Hubert LESIGNE (Paris, 75) : Gar\u00e7on d&rsquo;Est, roman. Prix sp\u00e9cial du jury : Jean-Fran\u00e7ois MICHEL (Metz, 57) : Flavien de Fign\u00e9velle, essai. 1995 : Non attribu\u00e9. 1994 : Claude CATTEY (Lorgues, 83), Quand les coqs chantaient librement, roman. 1993 : Marie-Fran\u00e7oise STELLAT (Ancerville, 55), L&rsquo;Ombre des \u00e9pilobes, roman. 1992 : Pierre MOINE (Vittel, 88) : Pointes s\u00e8ches pour une ville d&rsquo;eau, nouvelles. 1991 : BERANG&Egrave;RE (Troyes, 10) : La Pierre de la saint Jean, roman. Prix sp\u00e9cial du jury : Georges GARILLON (Provench\u00e8res, 88) : Odes, po\u00e9sie. 1990 : Non attribu\u00e9. 1989 : Maurice TETTAMANTI (Nancy, 54) : Michel des Maisonnettes, roman. 1988 : Non attribu\u00e9. 1987 : \u00c9velyne R&Eacute;LION (Lamarche, 88) : Et un jour, Flab\u00e9mont, roman.<\/p>\n","protected":false},"author":3,"featured_media":0,"parent":0,"menu_order":0,"comment_status":"closed","ping_status":"closed","template":"","meta":[],"_links":{"self":[{"href":"https:\/\/bernard-visse.fr\/ev\/wp-json\/wp\/v2\/pages\/449"}],"collection":[{"href":"https:\/\/bernard-visse.fr\/ev\/wp-json\/wp\/v2\/pages"}],"about":[{"href":"https:\/\/bernard-visse.fr\/ev\/wp-json\/wp\/v2\/types\/page"}],"author":[{"embeddable":true,"href":"https:\/\/bernard-visse.fr\/ev\/wp-json\/wp\/v2\/users\/3"}],"replies":[{"embeddable":true,"href":"https:\/\/bernard-visse.fr\/ev\/wp-json\/wp\/v2\/comments?post=449"}],"version-history":[{"count":1,"href":"https:\/\/bernard-visse.fr\/ev\/wp-json\/wp\/v2\/pages\/449\/revisions"}],"predecessor-version":[{"id":450,"href":"https:\/\/bernard-visse.fr\/ev\/wp-json\/wp\/v2\/pages\/449\/revisions\/450"}],"wp:attachment":[{"href":"https:\/\/bernard-visse.fr\/ev\/wp-json\/wp\/v2\/media?parent=449"}],"curies":[{"name":"wp","href":"https:\/\/api.w.org\/{rel}","templated":true}]}}