{"id":443,"date":"2020-04-12T18:52:38","date_gmt":"2020-04-12T16:52:38","guid":{"rendered":"http:\/\/bernard-visse.fr\/ev\/?page_id=443"},"modified":"2020-04-20T21:03:05","modified_gmt":"2020-04-20T19:03:05","slug":"prix-emile-moselly","status":"publish","type":"page","link":"https:\/\/bernard-visse.fr\/ev\/prix-emile-moselly\/","title":{"rendered":"Prix \u00c9mile-Moselly"},"content":{"rendered":"\n<p>Le prix Moselly, cr&eacute;&eacute; en 1949 par le Cercle \n      d&#8217;&Eacute;tudes Locales du Toulois, r&eacute;compense une nouvelle. \n      Il est destin&eacute; &agrave; honorer la m&eacute;moire du professeur agr&eacute;g&eacute; \n      de lettres, &Eacute;mile Chenin, dit Moselly, qui fit ses &eacute;tudes \n      au coll&egrave;ge de Toul et obtint le Prix Goncourt pour son livre <strong>Terres \n      Lorraines<\/strong> en 1907.<\/p>\n      \n    <p>Ce prix r&eacute;compense l&rsquo;auteur de la meilleure nouvelle \n      d&rsquo;inspiration lorraine.<\/p>\n    <p>Tous les passionn&eacute;s d&rsquo;&eacute;criture de tous &acirc;ges peuvent participer au concours en y exprimant leur imagination et leur talent.<\/p>\n<p>Les partenaires de ce prix sont le Cercle d\u2019\u00c9tudes Locales du Toulois, sa revue \u00c9tudes Touloises et la Ville de Toul.<\/p>\n     \n    <H3>R\u00e8glement 2020<\/h3>\n    \n<p><b>1- Objet<\/b><br>\n      Le prix Moselly est un concours de nouvelles organis&eacute; par le Cercle \n      d&rsquo;&Eacute;tudes Locales du Toulois (CELT). Il a &eacute;t&eacute; cr&eacute;&eacute; \n      en 1949 afin d&rsquo;honorer la m&eacute;moire de l&rsquo;&eacute;crivain toulois &Eacute;mile \n      Chenin dit Moselly (1870-1918), prix Goncourt en 1907.<\/p>\n    <p><b>2- Conditions<\/b><br>\n      &#8211; Le prix est ouvert &agrave; tous, &agrave; l&rsquo;exclusion des anciens laur&eacute;ats.<br>\n      &#8211; Le th&egrave;me de la nouvelle devra &eacute;voquer la Lorraine. Il pourra \n      &ecirc;tre une fiction, ou s&#8217;inspirer de faits contemporains ou pass&eacute;s, \n      de lieux ou de personnages historiques ou imaginaires&#8230; &#8211; Le texte sera \n      in&eacute;dit et &eacute;crit dans une langue correcte, sans illustration.<br>\n      &#8211; Il ne doit pas avoir d&eacute;j&agrave; &eacute;t&eacute; prim&eacute;, \n      ni &ecirc;tre pr&eacute;sent&eacute; simultan&eacute;ment &agrave; un autre \n      concours.<br>\n      &#8211; Il n&#8217;est pas souhaitable d&#8217;imiter le style de Moselly. Les \n      crit&egrave;res d&#8217;&eacute;valuation portent sur l&rsquo;originalit&eacute; \n      du sujet choisi, le style, la vivacit&eacute; du r&eacute;cit&#8230;<br>\n      &#8211; Les participants sont autoris&eacute;s &agrave; pr&eacute;senter plusieurs \n      nouvelles. Chaque texte fera l&rsquo;objet d&rsquo;un envoi distinct.<\/p>\n    <p><b>3- Pr&eacute;sentation du texte<\/b><br>\n      Le texte sera exp&eacute;di&eacute; en deux formats : un format num&eacute;rique \n      et un format papier. <\/p>\n    <p>&#8211; Le format papier sera envoy&eacute; en 5 exemplaires.<br>\n      &#8211; Il sera pr&eacute;sent&eacute; sur feuillets A4, imprim&eacute;s recto \n      verso et simplement agraf&eacute;s.<br>\n      &#8211; Dans une police de caract&egrave;re sobre et de taille raisonnable : de \n      pr&eacute;f&eacute;rence Times New Roman, corps 12, non gras, non italique ; interligne simple.<br>\n      &#8211; Il devra compter de 15000 &agrave; 23000 caract&egrave;res, espaces compris.<br>\n      &#8211; Les pages seront num&eacute;rot&eacute;es et le titre sera inscrit en haut de la premi&egrave;re page.<br>\n      &#8211; Le format num&eacute;rique du texte sera envoy&eacute; sous Word ou sous Open office.<\/p>\n    <p><b>4- Anonymat<\/b><br>\n      &#8211; Le jury statue sans conna&icirc;tre le nom des auteurs. De ce fait, les \n      &eacute;crits ne devront pas &ecirc;tre sign&eacute;s.<br>\n      &#8211; Le titre de l&rsquo;&#339;uvre sera mentionn&eacute; sur une enveloppe ordinaire \n      &agrave; l&#8217;int&eacute;rieur de laquelle le candidat indiquera le titre \n      de la nouvelle, son nom, son adresse, sa profession, son num&eacute;ro de \n      t&eacute;l&eacute;phone et son adresse &eacute;lectronique. Cette enveloppe, \n      soigneusement cachet&eacute;e, ne sera ouverte qu&#8217;&agrave; l&#8217;issue \n      des d&eacute;lib&eacute;rations du jury.<\/p>\n    <p><b>5- Frais de participation<\/b><br>\n      &#8211; La participation est de 10 &euro; par nouvelle envoy&eacute;e.<br>\n      &#8211; Le ch&egrave;que de 10 &euro;, libell&eacute; &agrave; l&rsquo;ordre du CELT, \n      ne sera pas plac&eacute; dans l&rsquo;enveloppe d&rsquo;identification.<\/p>\n    <p><b>6- Envoi des nouvelles<\/b><br>\n      &#8211; Les documents (5 exemplaires du texte + ch&egrave;que + enveloppe ferm&eacute;e \n      avec les coordonn&eacute;es) devront parvenir &agrave; la secr&eacute;taire \n      pour le lundi 14 septembre 2020, dernier d&eacute;lai.<br>\n      &#8211; Toute candidature qui parviendra au-del&agrave; de cette date sera refus&eacute;e.<br>\n      &#8211; Tout envoi incomplet sera refus&eacute;.<br>\n      &#8211; La candidature est valid&eacute;e lorsque les deux envois sont re&ccedil;us \n      (num&eacute;rique et papier).<\/p>\n    <p>&#8211; Adresse d&#8217;envoi des documents au format papier :<br>\n      Corinne FLORENTIN \/ Secr&eacute;taire du Prix Moselly<br>\n      2 rue Commandant HUCK<br>\n      54200 TOUL<\/p>\n    <p>&#8211; Adresse d&rsquo;envoi des documents au format num&eacute;rique :<br>\n      prix.moselly@gmail.com<\/p>\n    <p><b>7- R&eacute;sultats<\/b><br>\n      &#8211; Il n&#8217;y a qu&#8217;un seul laur&eacute;at.<br>\n      &#8211; Si le jury ne trouve pas la qualit&eacute; attendue dans les textes re&ccedil;us, \n      le prix ne sera pas d&eacute;cern&eacute;.<br>\n      &#8211; Le r&eacute;sultat sera communiqu&eacute; au laur&eacute;at courant novembre, \n      par t&eacute;l&eacute;phone, &agrave; l&#8217;issue de la r&eacute;union \n      du jury et sera publi&eacute; dans la presse locale.<br>\n      &#8211; Tous les autres participants seront inform&eacute;s par courriel du titre \n      de la nouvelle prim&eacute;e et de l&rsquo;identit&eacute; du laur&eacute;at. \n      Il leur sera toujours possible de concourir les ann&eacute;es suivantes \n      mais en pr&eacute;sentant de nouveaux textes.<\/p>\n    <p><b>8- Remise du prix<\/b><br>\n      &#8211; Le prix sera remis au laur&eacute;at, ou &agrave; son repr&eacute;sentant, \n      le samedi 28 novembre 2020 lors d&rsquo;une c&eacute;r&eacute;monie conviviale \n      &agrave; l&rsquo;H&ocirc;tel de Ville de Toul. Le laur&eacute;at pourra, s&rsquo;il \n      le souhaite faire la lecture publique de son texte, sinon, elle sera d&eacute;l&eacute;gu&eacute;e \n      &agrave; un membre du jury.<br>\n      &#8211; Le montant du prix octroy&eacute; par la ville de Toul est de 500 &euro;.<br>\n      &#8211; Le laur&eacute;at recevra un dipl&ocirc;me original.<\/p>\n    <p><b>9- Publication<\/b><br>\n      &#8211; Le texte prim&eacute; sera publi&eacute;, et &eacute;ventuellement illustr&eacute;, \n      dans &Eacute;tudes Touloises, revue trimestrielle du CELT, et sur le site \n      www.etudes-touloises.fr.<br>\n      &#8211; &Eacute;tudes Touloises poss&egrave;de l&rsquo;exclusivit&eacute; du texte pendant un an.<br>\n      &#8211; Pass&eacute; ce d&eacute;lai, le laur&eacute;at pourra publier sa nouvelle \n      &agrave; son gr&eacute;.<br>\n      &#8211; Le laur\u00e9at recevra 5 exemplaires de la revue contenant son texte.<br>\n      &#8211; Le laur&eacute;at autorise la citation de son nom et la publication de sa photo.<br>\n      &#8211; Le participant qui aurait plagi&eacute; assumera seul les risques encourus.<\/p>\n    <p><b>10- Divers<\/b><br>\n      &#8211; Le jury d&eacute;cline toute responsabilit&eacute; en cas d&rsquo;envoi &eacute;gar&eacute; \n      ou re&ccedil;u hors d&eacute;lai.<br>\n      &#8211; Les d&eacute;lib&eacute;rations du jury sont confidentielles et ses d&eacute;cisions \n      souveraines. Aucune contestation ne sera admise.<br>\n      &#8211; Le fait de participer au concours implique l&#8217;acceptation de chacun \n      des articles de ce r&egrave;glement.<br>\n      &#8211; Les documents re&ccedil;us ne seront pas retourn&eacute;s &agrave; leurs \n      auteurs. Un exemplaire de chaque envoi sera archiv&eacute; &agrave; la biblioth&egrave;que \n      du Mus&eacute;e de Toul.<br><\/p>\n    \n    <h3>Laur\u00e9ats<\/h3>\n      <p><b>2019 :<\/b> Marie ROY (), <b>Les Mouches \u00e0 moteur<\/b>.<\/p>\n\t  <p><b>2018 :<\/b> Genevi\u00e8ve BOBIOR-WONNER (), <b>La R\u00e9volte de la vieille dame<\/b>.<\/p>\n\t  <p><b>2017 :<\/b> Pascal TITEUX (), <b>Muerte Mosela<\/b>.<\/p>\n\t  <p><b>2016 :<\/b> Dominique HAZA\u00cbL-MASSIEUX (Bl\u00e9nod-l\u00e8s-Toul, 54), <b>Similmodo<\/b>.<\/p>\n\t  <p><b>2015 :<\/b> Val\u00e9rie LAPLANCHE (Achenheim, 67), <b>Lorsque fleurissent les pierres<\/b>.<\/p>\n\t  <p><b>2014 :<\/b> Philippe PIOT (Mulhouse, 68 \/ Dommartin-l\u00e8s-Toul, 54), <b>Les Obs\u00e8ques d&rsquo;Anatole Lutrin<\/b>.<\/p>\n      <p><b>2013 :<\/b> Beno&icirc;t CAMUS (Montb&eacute;liard, 25), <b>La Derni&egrave;re cigarette<\/b>.<\/p>\n      <p><b>2012 :<\/b> Josette CHANOT-VOEGTL\u00c9 (\u00c9pinal, 88), <b>L&rsquo;H\u00e9ritage<\/b>.<\/p>\n      <p><b>2011 :<\/b> Virginie JACQUET (Toul, 54), <b>Crotte de Satan<\/b>.<\/p>\n      <p><b>2010 :<\/b> Genevi\u00e8ve FRANCOIS (Toul, 54), <b>Marthe<\/b>.<\/p>\n      <p><b>2009 :<\/b> Non attribu\u00e9.<\/p>\n      <p><b>2008 :<\/b> Jean-Z\u00e9phyr IDOUX (Melun \/ Dogneville, 88), <b>La Saint-Nicolas 1961<\/b>.<\/p>\n      <p><b>2007 :<\/b> Anne-Marie LI\u00c9DOT (Paris \/ Pierre-la-Treiche, 54), <b>Cl\u00e9mence<\/b>.<\/p>\n      <p><b>2006 :<\/b> Pierre BOUCHOT (Chaudeney-sur-Moselle, 54), <b>La Place aux marronniers<\/b>.<\/p>\n      <p><b>2005 :<\/b> Non attribu\u00e9.<\/p>\n      <p><b>2004 :<\/b> Jean LAMBERT (Saint-Maurice-sur-Mortagne, 88), <b>Un dimanche comme les autres<\/b>.<\/p>\n      \n    <p><b>2003 :<\/b> Didier SARRASSAT (Reillon, 54), <b>Le Coq et \n      la perle<\/b>.<\/p>\n      <p><b>2002 :<\/b> Josette MORLON-CODRON (Toul, 54), <b>Le Cadet<\/b>.<\/p>\n      <p><b>2001 :<\/b> Jacques ROEHRIG (Les Rouges-Eaux, 88), <b>Le Secret de Brouaumont<\/b>.<\/p>\n      <p><b>2000 :<\/b> Paule GAUER (Metz, 57), <b>R\u00e9veillon 43<\/b>.<\/p>\n      <p><b>1999 :<\/b> Jacqueline JANTZEN (Metz, 57), <b>L&rsquo;\u00c9clipse<\/b>.<\/p>\n      <p><b>1998 :<\/b> Non attribu\u00e9<\/p>\n      <p><b>1997 :<\/b> Non attribu\u00e9<\/p>\n      \n    <p><b>1996 :<\/b> Claude H\u00c9RIQUE (Ceintrey, 54), <b>Du lavoir \n      au confessionnal<\/b><\/p>\n      <p><b>1995 :<\/b> Michel PELTIER (Rambervillers, 88), <b>For\u00eat lorraine&#8230;<\/b><\/p>\n      \n    <p><b>1994 :<\/b> Jocelyne BARTHEL (Montigny-l&egrave;s-Metz, 57), <b>Le No\u00ebl de Nicolas ou l&rsquo;Ichtyosaure messin<\/b><\/p>\n      <p><b>1993 :<\/b> Non attribu\u00e9<\/p>\n      \n    <p><b>1992 :<\/b> Julien MARTIN (Maizi&egrave;res, 54), <b>Le Remembrement<\/b><\/p>\n      \n    <p><b>1991 :<\/b> Michel LECLERC (Le Val d&rsquo;Ajol, 88), <b>La <i>Rannaie<\/i> \n      d&rsquo;Isidore<\/b><\/p>\n      \n    <p><b>1990 :<\/b> Jean-Loup VELAIN (Bras-sur-Meuse, 55), <b>L&rsquo;Abb\u00e9 Courrat<\/b><\/p>\n      <p><b>1989 :<\/b> Non attribu\u00e9<\/p>\n      \n    <p><b>1988 :<\/b> Bertrand HOULL (Paris, 13e arr.), <b>L&rsquo;Or des Hou\u00e8bes<\/b><\/p>\n      <p><b>1987 :<\/b> Vincent DECOMBIS (Bussang, 88), <b>Mais o\u00f9 sont les p\u00e8gres d&rsquo;antan ? Gangsters de terroir<\/b><\/p>\n      <p><b>1986 :<\/b> Non attribu\u00e9<\/p>\n      <p><b>1985 :<\/b> Henriette M\u00c9LINE (Charmes, 88), <b>Histoire des merles<\/b><\/p>\n      \n    <p><b>1984 :<\/b> Denis QUIRING (Cadenbronn, 57), <b>La Sorci\u00e8re<\/b><\/p>\n      <p><b>1983 :<\/b> Gilles LAPORTE (Igney, 88), <b>Les \u00c9toiles de Plaimont<\/b><\/p>\n      <p><b>1982 :<\/b> Non attribu\u00e9<\/p>\n      <p><b>1981 :<\/b> Ir\u00e8ne G\u00c9NIN-MOINE (Xeuilley, 54), <b>Le Vin de messe<\/b><\/p>\n      \n    <p><b>1980 :<\/b> G\u00e9rard CAD\u00c9 (Max&eacute;ville, 54), <b>Le Li\u00e8vre<\/b><\/p>\n      \n    <p><b>1979 :<\/b> L\u00e9on BERNARD (Chaligny, 54), <b>La Saint-Epeign\u00e2te<\/b><\/p>\n      <p><b>1978 :<\/b> Claude HALLER (Nancy, 54), <b>Le Chaud et froid<\/b><\/p>\n      <p><b>1977 :<\/b> Gabriel R\u00c9MY (La Bresse, 88), <b>Les Brodequins de la victoire<\/b>, roman<<\/p>\n      <p><b>1976 :<\/b> Roger WADIER (Vicherey, 88), <b>Le Sotr\u00e9 du P\u00e8re Laurent<\/b><\/p>\n      <p><b>1975 :<\/b> Gaston WELTER (Talange, 57), <b>L&rsquo;Affaire des Tertrelles<\/b><\/p>\n      <p><b>1974 :<\/b> Michel HOCQUET (Nancy, 54), <b>Morveux de R\u00e9quilleux<\/b><\/p>\n      <p><b>1973 :<\/b> Marie-Rose PRUNIAUX-MUNIER (Maron, 54), <b>L&rsquo;Odyss\u00e9e de la Lucie<\/b><\/p>\n      <p><b>1972 :<\/b> Jean SALTEL (, 88), <b>La L\u00e9gende du Trou d&rsquo;Enfer<\/b><\/p>\n      <p><b>1971 :<\/b> Anne BLANCHOT-PHILIPPI, <b>La M\u00e8re Eichhorn<\/b><\/p>\n      <p><b>1970 :<\/b> Raymonde GEORGE, <b>La Cachette<\/b><\/p>\n      <p><b>1969 :<\/b> Jean-Pierre ZIEGLER, <b>El\u00e9onore<\/b><\/p>\n      <p><b>1968 :<\/b> Camille COURQUET, <b>La Capucine<\/b><\/p>\n      <p><b>1967 :<\/b> Non attribu\u00e9<\/p>\n      <p><b>1966 :<\/b> Alain de LOOZ-CORSWAREN, <b>Quand j&rsquo;\u00e9tais enfant de ch\u0153ur<\/b><\/p>\n      <p><b>1965 :<\/b> Yvon R\u00c9GIN, <b>Th\u00e9ophile<\/b><\/p>\n      <p><b>1964 :<\/b> Ir\u00e8ne VIDAL, <b>Le Petit Vair<\/b><\/p>\n      <p><b>1963 :<\/b> Yvette SOUVAY-AMOY, <b>Le Voleur de Saint-Nicolas<\/b><\/p>\n      <p><b>1962 :<\/b> Jean BELLEGY, <b>Le Petit train de Gorze<\/b><\/p>\n      <p><b>1961 :<\/b> No\u00ebl GLOESNER, <b>Le Cosaque de No\u00ebl<\/b><\/p>\n      <p><b>1960 :<\/b> Jacques RICHARD (Lapoutroie, 68), <b>La Graine de bois de lit<\/b><\/p>\n      <p><b>1959 :<\/b> Th\u00e9ophile SAINTOT, <b>Que Dieu servit<\/b><\/p>\n      <p><b>1958 :<\/b> Jean HAUTCOLAS, <b>Le Grand L\u00e9on<\/b><\/p>\n      <p><b>1957 :<\/b> Jean-Michel AMANT, <b>Le Catalogue<\/b><\/p>\n      <p><b>1956 :<\/b> Berthe DEICHELBOHRER, <b>La Vieille Meusienne<\/b><\/p>\n      <p><b>1955 :<\/b> Jean GAUER, <b>La Vieille taque de chemin\u00e9e<\/b><\/p>\n      <p><b>1954 :<\/b> Jean VARTIER (Nancy \/ Rambervillers, 88), <b>Mon village sentimental<\/b><\/p>\n      <p><b>1953 :<\/b> Robert EVEN, <b>Le P\u00e8re J\u00e9r\u00e9mie<\/b><\/p>\n      <p><b>1952 :<\/b> Jacques ALEGRE, <b>Bec \u00e0 bec<\/b><\/p>\n      <p><b>1951 :<\/b> Non attribu\u00e9<\/p>\n      <p><b>1950 :<\/b> Marie ROYER, <b>Les Deux d\u00e9sirs de Clarisse<\/b><\/p>\n      <p><b>1949 :<\/b> Georges URIOT, <b>Le Dernier vigneron<\/b><\/p>\n","protected":false},"excerpt":{"rendered":"<p>Le prix Moselly, cr&eacute;&eacute; en 1949 par le Cercle d&#8217;&Eacute;tudes Locales du Toulois, r&eacute;compense une nouvelle. Il est destin&eacute; &agrave; honorer la m&eacute;moire du professeur agr&eacute;g&eacute; de lettres, &Eacute;mile Chenin, dit Moselly, qui fit ses &eacute;tudes au coll&egrave;ge de Toul et obtint le Prix Goncourt pour son livre Terres Lorraines en 1907. Ce prix r&eacute;compense l&rsquo;auteur de la meilleure nouvelle d&rsquo;inspiration lorraine. Tous les passionn&eacute;s d&rsquo;&eacute;criture de tous &acirc;ges peuvent participer au concours en y exprimant leur imagination et leur talent. Les partenaires de ce prix sont le Cercle d\u2019\u00c9tudes Locales du Toulois, sa revue \u00c9tudes Touloises et la Ville de Toul. R\u00e8glement 2020 1- Objet Le prix Moselly est un concours de nouvelles organis&eacute; par le Cercle d&rsquo;&Eacute;tudes Locales du Toulois (CELT). Il a &eacute;t&eacute; cr&eacute;&eacute; en 1949 afin d&rsquo;honorer la m&eacute;moire de l&rsquo;&eacute;crivain toulois &Eacute;mile Chenin dit Moselly (1870-1918), prix Goncourt en 1907. 2- Conditions &#8211; Le prix est ouvert &agrave; tous, &agrave; l&rsquo;exclusion des anciens laur&eacute;ats. &#8211; Le th&egrave;me de la nouvelle devra &eacute;voquer la Lorraine. Il pourra &ecirc;tre une fiction, ou s&#8217;inspirer de faits contemporains ou pass&eacute;s, de lieux ou de personnages historiques ou imaginaires&#8230; &#8211; Le texte sera in&eacute;dit et &eacute;crit dans une langue correcte, sans illustration. &#8211; Il ne doit pas avoir d&eacute;j&agrave; &eacute;t&eacute; prim&eacute;, ni &ecirc;tre pr&eacute;sent&eacute; simultan&eacute;ment &agrave; un autre concours. &#8211; Il n&#8217;est pas souhaitable d&#8217;imiter le style de Moselly. Les crit&egrave;res d&#8217;&eacute;valuation portent sur l&rsquo;originalit&eacute; du sujet choisi, le style, la vivacit&eacute; du r&eacute;cit&#8230; &#8211; Les participants sont autoris&eacute;s &agrave; pr&eacute;senter plusieurs nouvelles. Chaque texte fera l&rsquo;objet d&rsquo;un envoi distinct. 3- Pr&eacute;sentation du texte Le texte sera exp&eacute;di&eacute; en deux formats : un format num&eacute;rique et un format papier. &#8211; Le format papier sera envoy&eacute; en 5 exemplaires. &#8211; Il sera pr&eacute;sent&eacute; sur feuillets A4, imprim&eacute;s recto verso et simplement agraf&eacute;s. &#8211; Dans une police de caract&egrave;re sobre et de taille raisonnable : de pr&eacute;f&eacute;rence Times New Roman, corps 12, non gras, non italique ; interligne simple. &#8211; Il devra compter de 15000 &agrave; 23000 caract&egrave;res, espaces compris. &#8211; Les pages seront num&eacute;rot&eacute;es et le titre sera inscrit en haut de la premi&egrave;re page. &#8211; Le format num&eacute;rique du texte sera envoy&eacute; sous Word ou sous Open office. 4- Anonymat &#8211; Le jury statue sans conna&icirc;tre le nom des auteurs. De ce fait, les &eacute;crits ne devront pas &ecirc;tre sign&eacute;s. &#8211; Le titre de l&rsquo;&#339;uvre sera mentionn&eacute; sur une enveloppe ordinaire &agrave; l&#8217;int&eacute;rieur de laquelle le candidat indiquera le titre de la nouvelle, son nom, son adresse, sa profession, son num&eacute;ro de t&eacute;l&eacute;phone et son adresse &eacute;lectronique. Cette enveloppe, soigneusement cachet&eacute;e, ne sera ouverte qu&#8217;&agrave; l&#8217;issue des d&eacute;lib&eacute;rations du jury. 5- Frais de participation &#8211; La participation est de 10 &euro; par nouvelle envoy&eacute;e. &#8211; Le ch&egrave;que de 10 &euro;, libell&eacute; &agrave; l&rsquo;ordre du CELT, ne sera pas plac&eacute; dans l&rsquo;enveloppe d&rsquo;identification. 6- Envoi des nouvelles &#8211; Les documents (5 exemplaires du texte + ch&egrave;que + enveloppe ferm&eacute;e avec les coordonn&eacute;es) devront parvenir &agrave; la secr&eacute;taire pour le lundi 14 septembre 2020, dernier d&eacute;lai. &#8211; Toute candidature qui parviendra au-del&agrave; de cette date sera refus&eacute;e. &#8211; Tout envoi incomplet sera refus&eacute;. &#8211; La candidature est valid&eacute;e lorsque les deux envois sont re&ccedil;us (num&eacute;rique et papier). &#8211; Adresse d&#8217;envoi des documents au format papier : Corinne FLORENTIN \/ Secr&eacute;taire du Prix Moselly 2 rue Commandant HUCK 54200 TOUL &#8211; Adresse d&rsquo;envoi des documents au format num&eacute;rique : prix.moselly@gmail.com 7- R&eacute;sultats &#8211; Il n&#8217;y a qu&#8217;un seul laur&eacute;at. &#8211; Si le jury ne trouve pas la qualit&eacute; attendue dans les textes re&ccedil;us, le prix ne sera pas d&eacute;cern&eacute;. &#8211; Le r&eacute;sultat sera communiqu&eacute; au laur&eacute;at courant novembre, par t&eacute;l&eacute;phone, &agrave; l&#8217;issue de la r&eacute;union du jury et sera publi&eacute; dans la presse locale. &#8211; Tous les autres participants seront inform&eacute;s par courriel du titre de la nouvelle prim&eacute;e et de l&rsquo;identit&eacute; du laur&eacute;at. Il leur sera toujours possible de concourir les ann&eacute;es suivantes mais en pr&eacute;sentant de nouveaux textes. 8- Remise du prix &#8211; Le prix sera remis au laur&eacute;at, ou &agrave; son repr&eacute;sentant, le samedi 28 novembre 2020 lors d&rsquo;une c&eacute;r&eacute;monie conviviale &agrave; l&rsquo;H&ocirc;tel de Ville de Toul. Le laur&eacute;at pourra, s&rsquo;il le souhaite faire la lecture publique de son texte, sinon, elle sera d&eacute;l&eacute;gu&eacute;e &agrave; un membre du jury. &#8211; Le montant du prix octroy&eacute; par la ville de Toul est de 500 &euro;. &#8211; Le laur&eacute;at recevra un dipl&ocirc;me original. 9- Publication &#8211; Le texte prim&eacute; sera publi&eacute;, et &eacute;ventuellement illustr&eacute;, dans &Eacute;tudes Touloises, revue trimestrielle du CELT, et sur le site www.etudes-touloises.fr. &#8211; &Eacute;tudes Touloises poss&egrave;de l&rsquo;exclusivit&eacute; du texte pendant un an. &#8211; Pass&eacute; ce d&eacute;lai, le laur&eacute;at pourra publier sa nouvelle &agrave; son gr&eacute;. &#8211; Le laur\u00e9at recevra 5 exemplaires de la revue contenant son texte. &#8211; Le laur&eacute;at autorise la citation de son nom et la publication de sa photo. &#8211; Le participant qui aurait plagi&eacute; assumera seul les risques encourus. 10- Divers &#8211; Le jury d&eacute;cline toute responsabilit&eacute; en cas d&rsquo;envoi &eacute;gar&eacute; ou re&ccedil;u hors d&eacute;lai. &#8211; Les d&eacute;lib&eacute;rations du jury sont confidentielles et ses d&eacute;cisions souveraines. Aucune contestation ne sera admise. &#8211; Le fait de participer au concours implique l&#8217;acceptation de chacun des articles de ce r&egrave;glement. &#8211; Les documents re&ccedil;us ne seront pas retourn&eacute;s &agrave; leurs auteurs. Un exemplaire de chaque envoi sera archiv&eacute; &agrave; la biblioth&egrave;que du Mus&eacute;e de Toul. Laur\u00e9ats 2019 : Marie ROY (), Les Mouches \u00e0 moteur. 2018 : Genevi\u00e8ve BOBIOR-WONNER (), La R\u00e9volte de la vieille dame. 2017 : Pascal TITEUX (), Muerte Mosela. 2016 : Dominique HAZA\u00cbL-MASSIEUX (Bl\u00e9nod-l\u00e8s-Toul, 54), Similmodo. 2015 : Val\u00e9rie LAPLANCHE (Achenheim, 67), Lorsque fleurissent les pierres. 2014 : Philippe PIOT (Mulhouse, 68 \/ Dommartin-l\u00e8s-Toul, 54), Les Obs\u00e8ques d&rsquo;Anatole Lutrin. 2013 : Beno&icirc;t CAMUS (Montb&eacute;liard, 25), La Derni&egrave;re cigarette. 2012 : Josette CHANOT-VOEGTL\u00c9 (\u00c9pinal, 88), L&rsquo;H\u00e9ritage. 2011 : Virginie JACQUET (Toul, 54), Crotte de Satan. 2010 : Genevi\u00e8ve FRANCOIS (Toul, 54), Marthe. 2009 : Non attribu\u00e9. 2008 : Jean-Z\u00e9phyr IDOUX (Melun \/ Dogneville, 88), La Saint-Nicolas 1961. 2007 : Anne-Marie LI\u00c9DOT (Paris \/ Pierre-la-Treiche, 54), Cl\u00e9mence. 2006 : Pierre BOUCHOT (Chaudeney-sur-Moselle, 54), La Place aux marronniers. 2005 : Non attribu\u00e9. 2004 : Jean LAMBERT (Saint-Maurice-sur-Mortagne, 88), Un dimanche comme les autres. 2003 : Didier SARRASSAT (Reillon, 54), Le Coq et la perle. 2002 : Josette MORLON-CODRON (Toul, 54), Le Cadet. 2001 : Jacques ROEHRIG (Les Rouges-Eaux, 88), Le Secret de Brouaumont. 2000 : Paule GAUER (Metz, 57), R\u00e9veillon 43. 1999 : Jacqueline JANTZEN (Metz, 57), L&rsquo;\u00c9clipse. 1998 : Non attribu\u00e9 1997 : Non attribu\u00e9 1996 : Claude H\u00c9RIQUE (Ceintrey, 54), Du lavoir au confessionnal 1995 : Michel PELTIER (Rambervillers, 88), For\u00eat lorraine&#8230; 1994 : Jocelyne BARTHEL (Montigny-l&egrave;s-Metz, 57), Le No\u00ebl de Nicolas ou l&rsquo;Ichtyosaure messin 1993 : Non attribu\u00e9 1992 : Julien MARTIN (Maizi&egrave;res, 54), Le Remembrement 1991 : Michel LECLERC (Le Val d&rsquo;Ajol, 88), La Rannaie d&rsquo;Isidore 1990 : Jean-Loup VELAIN (Bras-sur-Meuse, 55), L&rsquo;Abb\u00e9 Courrat 1989 : Non attribu\u00e9 1988 : Bertrand HOULL (Paris, 13e arr.), L&rsquo;Or des Hou\u00e8bes 1987 : Vincent DECOMBIS (Bussang, 88), Mais o\u00f9 sont les p\u00e8gres d&rsquo;antan ? Gangsters de terroir 1986 : Non attribu\u00e9 1985 : Henriette M\u00c9LINE (Charmes, 88), Histoire des merles 1984 : Denis QUIRING (Cadenbronn, 57), La Sorci\u00e8re 1983 : Gilles LAPORTE (Igney, 88), Les \u00c9toiles de Plaimont 1982 : Non attribu\u00e9 1981 : Ir\u00e8ne G\u00c9NIN-MOINE (Xeuilley, 54), Le Vin de messe 1980 : G\u00e9rard CAD\u00c9 (Max&eacute;ville, 54), Le Li\u00e8vre 1979 : L\u00e9on BERNARD (Chaligny, 54), La Saint-Epeign\u00e2te 1978 : Claude HALLER (Nancy, 54), Le Chaud et froid 1977 : Gabriel R\u00c9MY (La Bresse, 88), Les Brodequins de la victoire, roman<\/p>\n","protected":false},"author":3,"featured_media":0,"parent":0,"menu_order":0,"comment_status":"closed","ping_status":"closed","template":"","meta":[],"_links":{"self":[{"href":"https:\/\/bernard-visse.fr\/ev\/wp-json\/wp\/v2\/pages\/443"}],"collection":[{"href":"https:\/\/bernard-visse.fr\/ev\/wp-json\/wp\/v2\/pages"}],"about":[{"href":"https:\/\/bernard-visse.fr\/ev\/wp-json\/wp\/v2\/types\/page"}],"author":[{"embeddable":true,"href":"https:\/\/bernard-visse.fr\/ev\/wp-json\/wp\/v2\/users\/3"}],"replies":[{"embeddable":true,"href":"https:\/\/bernard-visse.fr\/ev\/wp-json\/wp\/v2\/comments?post=443"}],"version-history":[{"count":6,"href":"https:\/\/bernard-visse.fr\/ev\/wp-json\/wp\/v2\/pages\/443\/revisions"}],"predecessor-version":[{"id":649,"href":"https:\/\/bernard-visse.fr\/ev\/wp-json\/wp\/v2\/pages\/443\/revisions\/649"}],"wp:attachment":[{"href":"https:\/\/bernard-visse.fr\/ev\/wp-json\/wp\/v2\/media?parent=443"}],"curies":[{"name":"wp","href":"https:\/\/api.w.org\/{rel}","templated":true}]}}