{"id":440,"date":"2020-04-12T18:28:31","date_gmt":"2020-04-12T16:28:31","guid":{"rendered":"http:\/\/bernard-visse.fr\/ev\/?page_id=440"},"modified":"2020-04-20T21:04:28","modified_gmt":"2020-04-20T19:04:28","slug":"prix-mirabelle","status":"publish","type":"page","link":"https:\/\/bernard-visse.fr\/ev\/prix-mirabelle\/","title":{"rendered":"Prix Mirabelle"},"content":{"rendered":"\n<p>Fond\u00e9 en 1984 par l&rsquo;Acad\u00e9mie L\u00e9on-Tonnelier, le Prix Mirabelle est un concours biennal (depuis 1999) ouvert \u00e0 tous les po\u00e8tes et \u00e9crivains de langue fran\u00e7aise.<\/p>\n\n\n\n<p>Le Prix Mirabelle sera d\u00e9cern\u00e9 \u00e0 Laxou (pr\u00e8s Nancy) le samedi 13 avril 2019, lors de la 40\u00e8me Exposition Artistique.<\/p>\n\n\n\n<p>Coupes, m\u00e9dailles, fa\u00efences de Lun\u00e9ville, eau de vie de mirabelle, ouvrages et dipl\u00f4mes, \u0153uvres artistiques, r\u00e9compenseront les laur\u00e9ats.<\/p>\n\n\n\n<p>Cl\u00f4ture des envois (non recommand\u00e9s) : le 12 janvier 2019.<\/p>\n\n\n\n<h4>Prix d\u00e9cern\u00e9s<\/h4>\n\n\n\n<p>Section 1 : po\u00e9sie classique, th\u00e8me libre<\/p>\n\n\n\n<p>Section 2 : Po\u00e9sie libre (non rim\u00e9e, ou de vers fluctuants) \u2013 th\u00e8me libre (60 vers maximum)<\/p>\n\n\n\n<p>Section 3 : prix de l&rsquo;humour, po\u00e9sie ou prose (4 pages maximum)<\/p>\n\n\n\n<p>Section 4 : Contes et nouvelles, th\u00e8me libre (4 pages maximum, police 14)<\/p>\n\n\n\n<p>Section 5 : Prix du recueil de po\u00e9sie (\u00e9dit\u00e9 en 2016-2017-2018), fournir 2 exemplaires : ne pas cacher le nom (recueils offerts aux laur\u00e9ats)<\/p>\n\n\n\n<p>Section 6 : prix du th\u00e8me impos\u00e9 : \u00ab LA LUMI\u00c8RE \u00bb, po\u00e9sie libre ou classique<\/p>\n\n\n\n<p>Section 7 : Th\u00e8me \u00ab LA LORRAINE \u00bb : po\u00e9sie libre ou classique<\/p>\n\n\n\n<p>Section 8 : Prix de la Po\u00e9sie Buissonni\u00e8re. R\u00e9serv\u00e9 aux po\u00e8tes qui souhaitent prendre quelques libert\u00e9s contemporaines avec les r\u00e8gles strictes de la po\u00e9sie classique, tout en privil\u00e9giant rimes et musicalit\u00e9 (40 vers maximum)<\/p>\n\n\n\n<p>Section 9 : Prix Jeunes Espoirs : r\u00e9serv\u00e9 aux jeunes de moins de 25 ans. Po\u00e9sie libre ou classique, conte ou nouvelle. Pr\u00e9ciser l\u2019\u00e2ge \u00e0 c\u00f4t\u00e9 du num\u00e9ro de la section<\/p>\n\n\n\n<p>Section 10 : Prix Simone D\u00c9ZAVELLE (un tableau de S. D.) Th\u00e8me impos\u00e9 : \u00ab SERMENTS\u00bb (conte ou po\u00e9sie)<\/p>\n\n\n\n<p>Section 11 : Prix de la Po\u00e9sie pour enfants<\/p>\n\n\n\n<p>Prix Ir\u00e8ne G\u00c9NIN-MOINE : prix sp\u00e9cial offert au laur\u00e9at choisi par le jury dans l\u2019une ou l\u2019autre des sections<\/p>\n\n\n\n<p>Grand prix Mirabelle : le Grand prix est d\u00e9cern\u00e9 par le jury au meilleur po\u00e8te pour l&rsquo;ensemble de ses \u0153uvres (plus de 5 textes propos\u00e9s). Le jury est souverain. On ne peut \u00eatre Grand Prix qu\u2019une seule fois.<\/p>\n\n\n\n<h4>R\u00e8glement<\/h4>\n\n\n\n<p>. Les textes seront adress\u00e9s en 4 exemplaires format 21 x 29,7 et dactylographi\u00e9s ou \u00e9crits tr\u00e8s lisiblement. Num\u00e9roter les pages qui se suivent dans la prose.<br>. Sauf mention contraire, ils ne devront pas d\u00e9passer 40 lignes.<br>. Deux \u0153uvres maximum dans chacune des sections, qui n\u2019auront pas \u00e9t\u00e9 d\u00e9j\u00e0 r\u00e9compens\u00e9es.<br>. Les textes ne seront pas rendus.<br>. Chaque \u0153uvre anonyme comportera en haut \u00e0 gauche un nom d&rsquo;animal suivi de trois chiffres (ex. Caribou 049), \u00e0 droite la section choisie. M\u00eame titre et m\u00eames chiffres pour toutes les \u0153uvres.<br>Ce pseudonyme (animal + chiffres) sera \u00e9crit sur une enveloppe cachet\u00e9e qui contiendra sur une feuille : nom, pr\u00e9nom, adresse, sections et titres des \u0153uvres. Pr\u00e9ciser sur cette feuille : \u00ab Je certifie \u00eatre l\u2019auteur des textes pr\u00e9sent\u00e9s \u00bb, et signer.<br>Fournir au choix soit un mail, soit trois enveloppes \u00e0 votre adresse : deux au tarif lettre 20 g et une de format 16 X 23 au tarif lettre 50 g.<\/p>\n\n\n\n<h4>Participation financi\u00e8re \u00e0 joindre \u00e0 l\u2019envoi<\/h4>\n\n\n\n<ul><li>Ch\u00e8que bancaire ou postal libell\u00e9 \u00e0 l\u2019ordre de : Acad\u00e9mie L\u00e9on Tonnelier<\/li><li>Pour les \u00e9trangers : uniquement mandat international (les frais d\u2019encaissement des ch\u00e8ques bancaires \u00e9tant tr\u00e8s \u00e9lev\u00e9s) ainsi que des coupons-r\u00e9ponses pour timbrer les enveloppes.<\/li><li>1 ou 2 sections : 15 \u20ac<\/li><li>3 \u00e0 5 sections : 17 \u20ac<\/li><li>Jusqu&rsquo;\u00e0 11 sections : 21.50 \u20ac<\/li><li>Jeunes espoirs ou personnes en RSA, b\u00e9n\u00e9ficiaires d&rsquo;allocation d&rsquo;adulte handicap\u00e9 : 7 \u20ac<\/li><\/ul>\n\n\n\n<p>Envois \u00e0 adresser \u00e0 :<\/p>\n\n\n\n<p>Simone D\u00c9ZAVELLE<br>17 rue Jules-Ferry<br>54520 LAXOU<\/p>\n\n\n\n<p>Demander le r\u00e8glement <a href=\"mailto:academieleontonnelier@yahoo.fr\n?subject=Prix Mirabelle - Demande de renseignements depuis le site www.ecrivosges.com\n&amp;cc=bernard.visse@ecrivosges.com\"> par courriel.<\/a><\/p>\n\n\n\n<h3>Laur\u00e9ats<\/h3>\n\n\n\n<p>2019 : Marie-Alberte CHANAY &#8211; Montalieu-Vercieu (38)<\/p>\n\n\n\n<p>2017 : Georges WEYMESKIRSCH &#8211; Malleloy (54)<\/p>\n\n\n\n<p>2015 : Marcel MAILLET &#8211; Douvaine (74)<\/p>\n\n\n\n<p>2013 : Guy VIEILFAULT &#8211; Croissy-Beaubourg (77)<\/p>\n\n\n\n<p>2011 : Dominique SIMONET &#8211; Boc\u00e9 (49)<\/p>\n\n\n\n<p>2009 : Jacques JOURDAN &#8211; G\u00e9rardmer (88)<\/p>\n\n\n\n<p>2007 : Christian MORIAT &#8211; Vendeuvre-sur-Barse (10)<\/p>\n\n\n\n<p>2005 : Yvonne LE MEUR-ROLLET &#8211; Saint-Jacut-de-la-Mer (22)<\/p>\n\n\n\n<p>2003 : Guy PERICART &#8211; Tours (37)<\/p>\n\n\n\n<p>2001 : V\u00e9ronique FLABAT-PIOT &#8211; Erquelinnes (Belgique)<\/p>\n\n\n\n<p>1999 : Marie-France CUNIN &#8211; Troyes (10)<\/p>\n\n\n\n<p>1998 : Monique PIERILLAS &#8211; Thouars (79)<\/p>\n\n\n\n<p>1997 : Arlette JACQUES &#8211; Limpach (Grand Duch\u00e9 du Luxembourg)<\/p>\n\n\n\n<p>1996 : Th\u00e9r\u00e8se JACOPS &#8211; Ons-en-Bray (60)<\/p>\n\n\n\n<p>1995 : Eliane ZUNINO-GERARD &#8211; Saint-Barth\u00e9l\u00e9my-Le-Meil (07)<\/p>\n\n\n\n<p>1994 : Jacqueline ELEGOET &#8211; Montgeron (92)<\/p>\n\n\n\n<p>1993 : Andr\u00e9 MARCHAL &#8211; Chaudenay (52)<\/p>\n\n\n\n<p>1992 : Jean MARCHAL &#8211; Troyes (10)<\/p>\n\n\n\n<p>1991 : Charles BORG &#8211; Balaruc-les-Bains (34)<\/p>\n\n\n\n<p>1990 : Claude XICLUNA &#8211; Faches-Thumesnil (59)<\/p>\n\n\n\n<p>1989 : Raymond BICHET &#8211; Toul (54)<\/p>\n\n\n\n<p>1988 : Gilbert FORET &#8211; Reims (51)<\/p>\n\n\n\n<p>1987 : Bernard LEMOINE &#8211; Azerailles (54)<\/p>\n\n\n\n<p>1986 : Antoine RISTORI &#8211; Cr\u00e9teil (94)<\/p>\n\n\n\n<p>1985 : Marie-Laure SEGUIN &#8211; Nancy (54)<\/p>\n\n\n\n<p>1984 : Bruno DEWAELE &#8211; Hazebrouck (59)<\/p>\n","protected":false},"excerpt":{"rendered":"<p>Fond\u00e9 en 1984 par l&rsquo;Acad\u00e9mie L\u00e9on-Tonnelier, le Prix Mirabelle est un concours biennal (depuis 1999) ouvert \u00e0 tous les po\u00e8tes et \u00e9crivains de langue fran\u00e7aise. Le Prix Mirabelle sera d\u00e9cern\u00e9 \u00e0 Laxou (pr\u00e8s Nancy) le samedi 13 avril 2019, lors de la 40\u00e8me Exposition Artistique. Coupes, m\u00e9dailles, fa\u00efences de Lun\u00e9ville, eau de vie de mirabelle, ouvrages et dipl\u00f4mes, \u0153uvres artistiques, r\u00e9compenseront les laur\u00e9ats. Cl\u00f4ture des envois (non recommand\u00e9s) : le 12 janvier 2019. Prix d\u00e9cern\u00e9s Section 1 : po\u00e9sie classique, th\u00e8me libre Section 2 : Po\u00e9sie libre (non rim\u00e9e, ou de vers fluctuants) \u2013 th\u00e8me libre (60 vers maximum) Section 3 : prix de l&rsquo;humour, po\u00e9sie ou prose (4 pages maximum) Section 4 : Contes et nouvelles, th\u00e8me libre (4 pages maximum, police 14) Section 5 : Prix du recueil de po\u00e9sie (\u00e9dit\u00e9 en 2016-2017-2018), fournir 2 exemplaires : ne pas cacher le nom (recueils offerts aux laur\u00e9ats) Section 6 : prix du th\u00e8me impos\u00e9 : \u00ab LA LUMI\u00c8RE \u00bb, po\u00e9sie libre ou classique Section 7 : Th\u00e8me \u00ab LA LORRAINE \u00bb : po\u00e9sie libre ou classique Section 8 : Prix de la Po\u00e9sie Buissonni\u00e8re. R\u00e9serv\u00e9 aux po\u00e8tes qui souhaitent prendre quelques libert\u00e9s contemporaines avec les r\u00e8gles strictes de la po\u00e9sie classique, tout en privil\u00e9giant rimes et musicalit\u00e9 (40 vers maximum) Section 9 : Prix Jeunes Espoirs : r\u00e9serv\u00e9 aux jeunes de moins de 25 ans. Po\u00e9sie libre ou classique, conte ou nouvelle. Pr\u00e9ciser l\u2019\u00e2ge \u00e0 c\u00f4t\u00e9 du num\u00e9ro de la section Section 10 : Prix Simone D\u00c9ZAVELLE (un tableau de S. D.) Th\u00e8me impos\u00e9 : \u00ab SERMENTS\u00bb (conte ou po\u00e9sie) Section 11 : Prix de la Po\u00e9sie pour enfants Prix Ir\u00e8ne G\u00c9NIN-MOINE : prix sp\u00e9cial offert au laur\u00e9at choisi par le jury dans l\u2019une ou l\u2019autre des sections Grand prix Mirabelle : le Grand prix est d\u00e9cern\u00e9 par le jury au meilleur po\u00e8te pour l&rsquo;ensemble de ses \u0153uvres (plus de 5 textes propos\u00e9s). Le jury est souverain. On ne peut \u00eatre Grand Prix qu\u2019une seule fois. R\u00e8glement . Les textes seront adress\u00e9s en 4 exemplaires format 21 x 29,7 et dactylographi\u00e9s ou \u00e9crits tr\u00e8s lisiblement. Num\u00e9roter les pages qui se suivent dans la prose.. Sauf mention contraire, ils ne devront pas d\u00e9passer 40 lignes.. Deux \u0153uvres maximum dans chacune des sections, qui n\u2019auront pas \u00e9t\u00e9 d\u00e9j\u00e0 r\u00e9compens\u00e9es.. Les textes ne seront pas rendus.. Chaque \u0153uvre anonyme comportera en haut \u00e0 gauche un nom d&rsquo;animal suivi de trois chiffres (ex. Caribou 049), \u00e0 droite la section choisie. M\u00eame titre et m\u00eames chiffres pour toutes les \u0153uvres.Ce pseudonyme (animal + chiffres) sera \u00e9crit sur une enveloppe cachet\u00e9e qui contiendra sur une feuille : nom, pr\u00e9nom, adresse, sections et titres des \u0153uvres. Pr\u00e9ciser sur cette feuille : \u00ab Je certifie \u00eatre l\u2019auteur des textes pr\u00e9sent\u00e9s \u00bb, et signer.Fournir au choix soit un mail, soit trois enveloppes \u00e0 votre adresse : deux au tarif lettre 20 g et une de format 16 X 23 au tarif lettre 50 g. Participation financi\u00e8re \u00e0 joindre \u00e0 l\u2019envoi Ch\u00e8que bancaire ou postal libell\u00e9 \u00e0 l\u2019ordre de : Acad\u00e9mie L\u00e9on Tonnelier Pour les \u00e9trangers : uniquement mandat international (les frais d\u2019encaissement des ch\u00e8ques bancaires \u00e9tant tr\u00e8s \u00e9lev\u00e9s) ainsi que des coupons-r\u00e9ponses pour timbrer les enveloppes. 1 ou 2 sections : 15 \u20ac 3 \u00e0 5 sections : 17 \u20ac Jusqu&rsquo;\u00e0 11 sections : 21.50 \u20ac Jeunes espoirs ou personnes en RSA, b\u00e9n\u00e9ficiaires d&rsquo;allocation d&rsquo;adulte handicap\u00e9 : 7 \u20ac Envois \u00e0 adresser \u00e0 : Simone D\u00c9ZAVELLE17 rue Jules-Ferry54520 LAXOU Demander le r\u00e8glement par courriel. Laur\u00e9ats 2019 : Marie-Alberte CHANAY &#8211; Montalieu-Vercieu (38) 2017 : Georges WEYMESKIRSCH &#8211; Malleloy (54) 2015 : Marcel MAILLET &#8211; Douvaine (74) 2013 : Guy VIEILFAULT &#8211; Croissy-Beaubourg (77) 2011 : Dominique SIMONET &#8211; Boc\u00e9 (49) 2009 : Jacques JOURDAN &#8211; G\u00e9rardmer (88) 2007 : Christian MORIAT &#8211; Vendeuvre-sur-Barse (10) 2005 : Yvonne LE MEUR-ROLLET &#8211; Saint-Jacut-de-la-Mer (22) 2003 : Guy PERICART &#8211; Tours (37) 2001 : V\u00e9ronique FLABAT-PIOT &#8211; Erquelinnes (Belgique) 1999 : Marie-France CUNIN &#8211; Troyes (10) 1998 : Monique PIERILLAS &#8211; Thouars (79) 1997 : Arlette JACQUES &#8211; Limpach (Grand Duch\u00e9 du Luxembourg) 1996 : Th\u00e9r\u00e8se JACOPS &#8211; Ons-en-Bray (60) 1995 : Eliane ZUNINO-GERARD &#8211; Saint-Barth\u00e9l\u00e9my-Le-Meil (07) 1994 : Jacqueline ELEGOET &#8211; Montgeron (92) 1993 : Andr\u00e9 MARCHAL &#8211; Chaudenay (52) 1992 : Jean MARCHAL &#8211; Troyes (10) 1991 : Charles BORG &#8211; Balaruc-les-Bains (34) 1990 : Claude XICLUNA &#8211; Faches-Thumesnil (59) 1989 : Raymond BICHET &#8211; Toul (54) 1988 : Gilbert FORET &#8211; Reims (51) 1987 : Bernard LEMOINE &#8211; Azerailles (54) 1986 : Antoine RISTORI &#8211; Cr\u00e9teil (94) 1985 : Marie-Laure SEGUIN &#8211; Nancy (54) 1984 : Bruno DEWAELE &#8211; Hazebrouck (59)<\/p>\n","protected":false},"author":3,"featured_media":0,"parent":0,"menu_order":0,"comment_status":"closed","ping_status":"closed","template":"","meta":[],"_links":{"self":[{"href":"https:\/\/bernard-visse.fr\/ev\/wp-json\/wp\/v2\/pages\/440"}],"collection":[{"href":"https:\/\/bernard-visse.fr\/ev\/wp-json\/wp\/v2\/pages"}],"about":[{"href":"https:\/\/bernard-visse.fr\/ev\/wp-json\/wp\/v2\/types\/page"}],"author":[{"embeddable":true,"href":"https:\/\/bernard-visse.fr\/ev\/wp-json\/wp\/v2\/users\/3"}],"replies":[{"embeddable":true,"href":"https:\/\/bernard-visse.fr\/ev\/wp-json\/wp\/v2\/comments?post=440"}],"version-history":[{"count":2,"href":"https:\/\/bernard-visse.fr\/ev\/wp-json\/wp\/v2\/pages\/440\/revisions"}],"predecessor-version":[{"id":595,"href":"https:\/\/bernard-visse.fr\/ev\/wp-json\/wp\/v2\/pages\/440\/revisions\/595"}],"wp:attachment":[{"href":"https:\/\/bernard-visse.fr\/ev\/wp-json\/wp\/v2\/media?parent=440"}],"curies":[{"name":"wp","href":"https:\/\/api.w.org\/{rel}","templated":true}]}}