{"id":354,"date":"2020-04-11T22:26:30","date_gmt":"2020-04-11T20:26:30","guid":{"rendered":"http:\/\/bernard-visse.fr\/ev\/?page_id=354"},"modified":"2020-04-20T21:01:34","modified_gmt":"2020-04-20T19:01:34","slug":"autres-textes","status":"publish","type":"page","link":"https:\/\/bernard-visse.fr\/ev\/autres-textes\/","title":{"rendered":"Pierre Pelot :<br>autres textes"},"content":{"rendered":"\n<table border=\"0\" cellpadding=\"3\">\n          <tr> \n            <td class=\"table-titre\" colspan=\"4\"><p align=\"center\"><a name=\"Chroniques\" target=\"milieu\" rel=\"noopener noreferrer\">Chroniques<\/a><\/p><\/td>\n          <\/tr>\n          <tr> \n            <td class=\"table-ligne1\">N.<\/td>\n            <td class=\"table-ligne1\">Vosges Matin<\/td>\n            <td class=\"table-ligne1\"><\/td>\n            <td class=\"table-ligne1\"><\/td>\n          <\/tr>\n\t\t  <tr> \n            <td class=\"table-titre\" colspan=\"4\"><p align=\"center\"><a name=\"Critiques\" target=\"milieu\" rel=\"noopener noreferrer\">Critiques litt\u00e9raires<\/a><\/p><\/td>\n          <\/tr>\n          <tr> \n            <td class=\"table-ligne1\">N.<\/td>\n            <td class=\"table-ligne1\"><\/td>\n            <td class=\"table-ligne1\"><\/td>\n            <td class=\"table-ligne1\"><\/td>\n          <\/tr>\n          <tr> \n            <td class=\"table-ligne2\">N.<\/td>\n            <td class=\"table-ligne2\"><\/td>\n            <td class=\"table-ligne2\"><\/td>\n            <td class=\"table-ligne2\"><\/td>\n          <\/tr>\n          <tr> \n            <td class=\"table-titre\" colspan=\"4\"><p align=\"center\"><a name=\"Pr\u00e9faces\" target=\"milieu\" rel=\"noopener noreferrer\">Pr\u00e9faces<\/a><\/p><\/td>\n          <\/tr>\n          <tr> \n            <td class=\"table-ligne2\"><\/td>\n            <td class=\"table-ligne2\"><\/td>\n            <td class=\"table-ligne2\"><b>Auteur<\/b><\/td>\n            <td class=\"table-ligne2\"><b>Illustrateur<\/b><\/td>\n          <\/tr>\n          <tr> \n            <td class=\"table-ligne1\">N.<\/td>\n            <td class=\"table-ligne1\"><a href=\"#Hyperion\" target=\"milieu\" rel=\"noopener noreferrer\">Hyp\u00e9rion<\/a><\/td>\n            <td class=\"table-ligne1\">Andr\u00e9 Paul Duch\u00e2teau<\/td>\n            <td class=\"table-ligne1\">Franz<\/td>\n          <\/tr>\n          <tr> \n            <td class=\"table-ligne2\">N.<\/td>\n            <td class=\"table-ligne2\"><a href=\"#Nouvelles\" target=\"milieu\" rel=\"noopener noreferrer\">Des nouvelles des Vosges<\/a><\/td>\n            <td class=\"table-ligne2\">Collectif<\/td>\n            <td class=\"table-ligne2\"><\/td>\n          <\/tr>\n          <tr> \n            <td class=\"table-ligne1\">N.<\/td>\n            <td class=\"table-ligne1\"><a href=\"#Terre\" target=\"milieu\" rel=\"noopener noreferrer\">La Terre pour m\u00e9moire<\/a><\/td>\n            <td class=\"table-ligne1\">Jean-Marc Toussaint<\/td>\n            <td class=\"table-ligne1\">Jo\u00ebl Couchouron<\/td>\n          <\/tr>\n          <tr> \n            <td class=\"table-titre\" colspan=\"4\"><p align=\"center\"><a name=\"Ateliers\" target=\"milieu\" rel=\"noopener noreferrer\">Ateliers d&rsquo;\u00e9criture<\/a><\/p><\/td>\n          <\/tr>\n          <tr> \n            <td class=\"table-ligne1\">N.<\/td>\n            <td class=\"table-ligne1\"><a href=\"#Vacances\" target=\"milieu\" rel=\"noopener noreferrer\">Vacances au fond d&rsquo;un trou<\/a><\/td>\n            <td class=\"table-ligne1\"><\/td>\n            <td class=\"table-ligne1\"><\/td>\n          <\/tr>\n          <tr> \n            <td class=\"table-ligne2\">N.<\/td>\n            <td class=\"table-ligne2\"><a href=\"#Rire\" target=\"milieu\" rel=\"noopener noreferrer\">Le Rire du noy\u00e9<\/a><\/td>\n            <td class=\"table-ligne2\">Roman-photos<\/td>\n            <td class=\"table-ligne2\"><\/td>\n          <\/tr>\n          <tr> \n            <td class=\"table-titre\" colspan=\"4\"><p align=\"center\"><a name=\"Spectacles\" target=\"milieu\" rel=\"noopener noreferrer\">Spectacles en collaboration<\/a><\/p><\/td>\n          <\/tr>\n          <tr> \n            <td class=\"table-ligne2\">N.<\/td>\n            <td class=\"table-ligne2\"><a href=\"#Andesina\" target=\"milieu\" rel=\"noopener noreferrer\">And\u00e9sina, le mythe oubli\u00e9 de l&rsquo;eau<\/a><\/td>\n            <td class=\"table-ligne2\">Avec <a href=\"http:\/\/www.ecrivosges.com\/auteurs\/bio_bibli.php?biosearch=Bio&#038;id_bio=2968&#038;id=119&#038;recherche=wadier&#038;operateur=one&#038;Id_Pseudo=0\" target=\"milieu\" rel=\"noopener noreferrer\">Roger Wadier<\/a><\/td>\n            <td class=\"table-ligne2\"><\/td>\n          <\/tr>\n\t\t  <tr> \n            <td class=\"table-ligne2\">N.<\/td>\n            <td class=\"table-ligne2\"><a href=\"nouvelles\/enfants.php#Leon\" target=\"milieu\" rel=\"noopener noreferrer\">L\u00e9on le cam\u00e9l\u00e9on<\/a><\/td>\n            <td class=\"table-ligne2\">Avec Thomas Touzet, G\u00e9rard Cond\u00e9<\/td>\n            <td class=\"table-ligne2\"><\/td>\n          <\/tr>\n          <tr> \n            <td class=\"table-titre\" colspan=\"4\"><p align=\"center\"><a name=\"Autres\" target=\"milieu\" rel=\"noopener noreferrer\">Autres textes<\/a><\/p><\/td>\n          <\/tr>\n          <tr> \n            <td class=\"table-ligne1\">N.<\/td>\n            <td class=\"table-ligne1\"><a href=\"#automnes\" target=\"milieu\" rel=\"noopener noreferrer\">Mes automnes cr\u00e8vent<\/a><\/td>\n            <td class=\"table-ligne1\">Po\u00e8me<\/td>\n            <td class=\"table-ligne1\"><\/td>\n          <\/tr>\n          <tr> \n            <td class=\"table-ligne1\">N.<\/td>\n            <td class=\"table-ligne1\"><a href=\"#Mise\" target=\"milieu\" rel=\"noopener noreferrer\">Mise au point d\u00e9finitive<\/a><\/td>\n            <td class=\"table-ligne1\"><\/td>\n            <td class=\"table-ligne1\"><\/td>\n          <\/tr>\n          <tr> \n            <td class=\"table-ligne2\">N.<\/td>\n            <td class=\"table-ligne2\"><a href=\"#Bande\" target=\"milieu\" rel=\"noopener noreferrer\">La Bande des dix<\/a><\/td>\n            <td class=\"table-ligne2\">Pamphlet<\/td>\n            <td class=\"table-ligne2\"><\/td>\n          <\/tr>\n          <tr> \n            <td class=\"table-ligne1\">N.<\/td>\n            <td class=\"table-ligne1\"><a href=\"#reflechir\" target=\"milieu\" rel=\"noopener noreferrer\">A bien y r\u00e9fl\u00e9chir<\/a><\/td>\n            <td class=\"table-ligne1\"><\/td>\n            <td class=\"table-ligne1\"><\/td>\n          <\/tr>\n          <tr> \n            <td class=\"table-ligne2\">N.<\/td>\n            <td class=\"table-ligne2\"><a href=\"#Achete\" target=\"milieu\" rel=\"noopener noreferrer\">Ach\u00e8te un \u00e2ne, sors le dimanche<\/a><\/td>\n            <td class=\"table-ligne2\">Chanson<\/td>\n            <td class=\"table-ligne2\"><\/td>\n          <\/tr>\n          <tr> \n            <td class=\"table-ligne2\">N.<\/td>\n            <td class=\"table-ligne2\"><a href=\"#Tourte\" target=\"milieu\" rel=\"noopener noreferrer\">Ma tourte aux orties<\/a><\/td>\n            <td class=\"table-ligne2\">Recette de cuisine<\/td>\n            <td class=\"table-ligne2\"><\/td>\n          <\/tr>\n          <tr> \n            <td class=\"table-ligne1\">N.<\/td>\n            <td class=\"table-ligne1\"><a href=\"#Hasta\" target=\"milieu\" rel=\"noopener noreferrer\">Hasta luego amigo<\/a><\/td>\n            <td class=\"table-ligne1\">Hommage<\/td>\n            <td class=\"table-ligne1\"><\/td>\n          <\/tr>\n        <\/table>\n\n\n\n<p> <\/p>\n\n\n\n<p><br><br><br><\/p>\n\n\n\n<p>Po\u00e9sie. <strong>Mes automnes cr\u00e8vent<\/strong><br>1. Limeray (37) : \u00c9ditions Micberth, d\u00e9cembre 1970.- <i>in<\/i> <b>Mille po\u00e8tes, ce jour<\/b>, anthologie publi\u00e9e par l&rsquo;association <em>Jeune force po\u00e9tique fran\u00e7aise<\/em>.<\/p>\n\n\n\n<p><\/p>\n\n\n\n<div class=\"wp-block-group\"><div class=\"wp-block-group__inner-container\">\nN. <p><a>Kritikessef<\/a> <p>1. in <em>Autre (terre qui \u00eates aux cieux)<\/em>, fanzine trimestriel. Texte p. 8.<\/p>\n<\/div><\/div>\n\n\n\n<p><\/p>\n\n\n\n<p><a>Esse-Effe : Happy day<\/a><\/p> <p>1. in <em>Fluide glacial<\/em>, revue mensuelle.- Paris : Ed. Audie, 1977.- N\u00b0 10, 1977.- 29 cm, 60 p. <\/p><p>Texte p. 5.<\/p>\n\n\n\n<p>N. <a>Mise au point d\u00e9finitive<\/a><\/p>\n\n\n\n<p>1. in <em>Fluide glacial<\/em>, revue mensuelle.- Paris : Ed. Audie, 1977.- N\u00b0 18, d\u00e9cembre 1977.- 29 cm, 60 p. <p>Texte p. 8, dans <em>La Gazette de Fr\u00e9mion<\/em> ; ill. : Jean-Claude M\u00e9zi\u00e8res et Legendre.<\/p>\n\n\n\n<p>Pr\u00e9f. <a>Hyp\u00e9rion (h\u00e9ro\u00efc fantasy) \/ Franz et Andr\u00e9 Paul Duch\u00e2teau.<\/a><\/p>\n\n\n\n<p>1. Bruxelles : Ed. du Lombard, 1981.- 32 cm, 56 p., ill. : Franz.- (Phylact\u00e8re ). Bande dessin\u00e9e pr\u00e9fac\u00e9e par Pierre Pelot, pp. 2-4.<\/p>\n\n\n\n<p>N. <a>Y a plus que le cul qui paie<\/a><\/p>\n\n\n\n<p>1. in <em>Marengo<\/em>, fanzine lorrain.- Nancy, 1982.- N\u00b0 1, janvier 1982 (directeur : Lefred-Thouron). Texte p. 8.<\/p>\n\n\n\n<p>N. <a>La Bande des dix (pamphlet)<\/a><\/p>\n\n\n\n<p>1. in <strong>Tirons les premiers ! <\/strong>.- Paris : Jean-Louis Le Breton, 1982.- 18 cm, 32 p., ill. de couv. : Tignous. <br>Huit \u00e9crivains ou chroniqueurs aff\u00fbtent leurs plumes pour participer \u00e0 une renaissance du pamphlet. Pour le plaisir de faire se retourner Paul-Louis Courier dans sa tombe. Ces \u00e9pigrammes acidul\u00e9es abordent des sujets aussi divers que : le pacifisme, le syst\u00e8me bancaire, la publicit\u00e9, les prix litt\u00e9raires, etc&#8230; Huit noms portent ces br\u00fblots : Bonnefoy, Fr\u00e9mion, Jouanne, Kudbas, Le Breton, Marlson, Pelot, Wintrebert. [4\u00b0 de couv. Le pamphlet de Pelot est publi\u00e9 en pp. 24-26, et porte sur le prix Goncourt]. Tirage : 500 ex., plus qq. ex. h.c.<\/p>\n\n\n\n<p>N. <a>A bien y r\u00e9fl\u00e9chir ( )<\/a><\/p>\n\n\n\n<p>1. in <em>Max<\/em> N\u00b0 , juin 1991.- 30 cm, 132 p., ill. : .<\/p>\n\n\n\n<p>Chanson. <a>Ach\u00e8te un \u00e2ne, sors le dimanche<\/a><\/p>\n\n\n\n<p>1. Chanson \u00e9crite pour le groupe baptis\u00e9 <i>Les Gorets<\/i>, \u00e9dit\u00e9e sur la K7 intitul\u00e9e : <b>On n&rsquo;est pas des Mickeys<\/b> (1992).<\/p>\n\n\n\n<p>Pr\u00e9f. <a>Des nouvelles des Vosges (Vosges)<\/a><\/p>\n\n\n\n<p>1.- Remiremont : G\u00e9rard Louis \u00e9d. \/ Conseil g\u00e9n\u00e9ral des Vosges, II\/1993 &#8211; 21 cm, 93 p., ill.- ISBN : 2-907016-32-6.<\/p>\n\n\n\n<p>Pr\u00e9face pp. 8-9. Nouvelles \u00e9crites par des coll\u00e9giens et publi\u00e9es<br>par le Conseil g\u00e9n\u00e9ral des Vosges \u00e0 l&rsquo;occasion de <em>La Fureur d&rsquo;\u00e9crire 1993<\/em>.<\/p>\n\n\n\n<p>N. <a>Le Rire du noy\u00e9 (roman-photos)<\/a><\/p>\n\n\n\n<p>1. Vand\u0153uvre-l\u00e8s-Nancy : Biblioth\u00e8que municipale, II\/1995 [impr. : 06\/1995].- Ouvrage r\u00e9alis\u00e9 par un groupe d&rsquo;adolescents dans le cadre d&rsquo;ateliers d&rsquo;\u00e9criture et de photographie, pilot\u00e9s par Pierre Pelot et Jean-Yves Camus.- 24 cm, 47 p.<\/p>\n\n\n\n<p>N. <a>Ma tourte aux orties (recette de cuisine)<\/a><\/p>\n\n\n\n<p>1. in <em>Le Catalogue des tables en f\u00eate<\/em>.- Pontcharra (Is\u00e8re) : Nordia, [octobre 1998].- 27 cm, 32 p., ill.<\/p>\n\n\n\n<p>Texte de Pelot : p. 10. Avec des textes de Henriette Walter, Bernard Clavel, Bernard Loiseau, Eric Neuhoff, Fran\u00e7ois C\u00e9r\u00e9sa, Guy Savoy, Alphonse Boudard, Robert Revillet, Michel Onfray. Catalogue coordonn\u00e9 par Philippe Rhul.<\/p>\n\n\n\n<p>Pr\u00e9f. <a><strong>La Terre pour m\u00e9moire<\/strong> \/ Jo\u00ebl Couchouron et Jean-Marc Toussaint<\/a><\/p>\n\n\n\n<p>1. Vagney : Jo\u00ebl Couchouron, mars 2002.- 24,5 cm, 125 p., ill. : Jo\u00ebl Couchouron.<\/p>\n\n\n\n<p>N. <a>Hasta luego amigo<\/a><\/p>\n\n\n\n<p>1. in <em>Pavillon rouge<\/em>, mensuel de bande dessin\u00e9e.- Paris : \u00c9ditions Delcourt, mars 2003.- Page 8.<\/p>\n\n\n\n<p>En hommage \u00e0 Franz, d\u00e9c\u00e9d\u00e9 le 8 janvier 2003, qui travaillait<br>sur <strong>La Piste du Dakota<\/strong>.<\/p>\n\n\n\n<p>N. <a>And\u00e9sina, le mythe oubli\u00e9 de l&rsquo;eau \/ Roger Wadier, Pierre Pelot<\/a><\/p>\n\n\n\n<p>1. Spectacle \u00e9crit en collaboration. Repr\u00e9sentation le 28 juin 2003 dans l&rsquo;amphith\u00e9\u00e2tre de Grand (Vosges). Organisation : Conseil G\u00e9n\u00e9ral des Vosges. Production : Lorraine Cr\u00e9ation 2000. Mise en sc\u00e8ne : Damien Fontaine. Avec la voix de Robert Hossein. Plus de 800 intervenants.<\/p>\n\n\n\n<p>N. <a>Vendredi 20\/02<\/a><\/p>\n\n\n\n<p>1. in <em>Figures<\/em>, revue mensuelle.- ? : 2004.- N\u00b0 1, mai 2004.- 29 cm, 60 p.<\/p>\n\n\n\n<p>Poussi\u00e8res du monde, au quotidien des gens nous livrent leur carnet intime de la plan\u00e8te. Texte p. 4.<\/p>\n","protected":false},"excerpt":{"rendered":"<p>Chroniques N. Vosges Matin Critiques litt\u00e9raires N. N. Pr\u00e9faces Auteur Illustrateur N. Hyp\u00e9rion Andr\u00e9 Paul Duch\u00e2teau Franz N. Des nouvelles des Vosges Collectif N. La Terre pour m\u00e9moire Jean-Marc Toussaint Jo\u00ebl Couchouron Ateliers d&rsquo;\u00e9criture N. Vacances au fond d&rsquo;un trou N. Le Rire du noy\u00e9 Roman-photos Spectacles en collaboration N. And\u00e9sina, le mythe oubli\u00e9 de l&rsquo;eau Avec Roger Wadier N. L\u00e9on le cam\u00e9l\u00e9on Avec Thomas Touzet, G\u00e9rard Cond\u00e9 Autres textes N. Mes automnes cr\u00e8vent Po\u00e8me N. Mise au point d\u00e9finitive N. La Bande des dix Pamphlet N. A bien y r\u00e9fl\u00e9chir N. Ach\u00e8te un \u00e2ne, sors le dimanche Chanson N. Ma tourte aux orties Recette de cuisine N. Hasta luego amigo Hommage Po\u00e9sie. Mes automnes cr\u00e8vent1. Limeray (37) : \u00c9ditions Micberth, d\u00e9cembre 1970.- in Mille po\u00e8tes, ce jour, anthologie publi\u00e9e par l&rsquo;association Jeune force po\u00e9tique fran\u00e7aise. Esse-Effe : Happy day 1. in Fluide glacial, revue mensuelle.- Paris : Ed. Audie, 1977.- N\u00b0 10, 1977.- 29 cm, 60 p. Texte p. 5. N. Mise au point d\u00e9finitive 1. in Fluide glacial, revue mensuelle.- Paris : Ed. Audie, 1977.- N\u00b0 18, d\u00e9cembre 1977.- 29 cm, 60 p. Texte p. 8, dans La Gazette de Fr\u00e9mion ; ill. : Jean-Claude M\u00e9zi\u00e8res et Legendre. Pr\u00e9f. Hyp\u00e9rion (h\u00e9ro\u00efc fantasy) \/ Franz et Andr\u00e9 Paul Duch\u00e2teau. 1. Bruxelles : Ed. du Lombard, 1981.- 32 cm, 56 p., ill. : Franz.- (Phylact\u00e8re ). Bande dessin\u00e9e pr\u00e9fac\u00e9e par Pierre Pelot, pp. 2-4. N. Y a plus que le cul qui paie 1. in Marengo, fanzine lorrain.- Nancy, 1982.- N\u00b0 1, janvier 1982 (directeur : Lefred-Thouron). Texte p. 8. N. La Bande des dix (pamphlet) 1. in Tirons les premiers ! .- Paris : Jean-Louis Le Breton, 1982.- 18 cm, 32 p., ill. de couv. : Tignous. Huit \u00e9crivains ou chroniqueurs aff\u00fbtent leurs plumes pour participer \u00e0 une renaissance du pamphlet. Pour le plaisir de faire se retourner Paul-Louis Courier dans sa tombe. Ces \u00e9pigrammes acidul\u00e9es abordent des sujets aussi divers que : le pacifisme, le syst\u00e8me bancaire, la publicit\u00e9, les prix litt\u00e9raires, etc&#8230; Huit noms portent ces br\u00fblots : Bonnefoy, Fr\u00e9mion, Jouanne, Kudbas, Le Breton, Marlson, Pelot, Wintrebert. [4\u00b0 de couv. Le pamphlet de Pelot est publi\u00e9 en pp. 24-26, et porte sur le prix Goncourt]. Tirage : 500 ex., plus qq. ex. h.c. N. A bien y r\u00e9fl\u00e9chir ( ) 1. in Max N\u00b0 , juin 1991.- 30 cm, 132 p., ill. : . Chanson. Ach\u00e8te un \u00e2ne, sors le dimanche 1. Chanson \u00e9crite pour le groupe baptis\u00e9 Les Gorets, \u00e9dit\u00e9e sur la K7 intitul\u00e9e : On n&rsquo;est pas des Mickeys (1992). Pr\u00e9f. Des nouvelles des Vosges (Vosges) 1.- Remiremont : G\u00e9rard Louis \u00e9d. \/ Conseil g\u00e9n\u00e9ral des Vosges, II\/1993 &#8211; 21 cm, 93 p., ill.- ISBN : 2-907016-32-6. Pr\u00e9face pp. 8-9. Nouvelles \u00e9crites par des coll\u00e9giens et publi\u00e9espar le Conseil g\u00e9n\u00e9ral des Vosges \u00e0 l&rsquo;occasion de La Fureur d&rsquo;\u00e9crire 1993. N. Le Rire du noy\u00e9 (roman-photos) 1. Vand\u0153uvre-l\u00e8s-Nancy : Biblioth\u00e8que municipale, II\/1995 [impr. : 06\/1995].- Ouvrage r\u00e9alis\u00e9 par un groupe d&rsquo;adolescents dans le cadre d&rsquo;ateliers d&rsquo;\u00e9criture et de photographie, pilot\u00e9s par Pierre Pelot et Jean-Yves Camus.- 24 cm, 47 p. N. Ma tourte aux orties (recette de cuisine) 1. in Le Catalogue des tables en f\u00eate.- Pontcharra (Is\u00e8re) : Nordia, [octobre 1998].- 27 cm, 32 p., ill. Texte de Pelot : p. 10. Avec des textes de Henriette Walter, Bernard Clavel, Bernard Loiseau, Eric Neuhoff, Fran\u00e7ois C\u00e9r\u00e9sa, Guy Savoy, Alphonse Boudard, Robert Revillet, Michel Onfray. Catalogue coordonn\u00e9 par Philippe Rhul. Pr\u00e9f. La Terre pour m\u00e9moire \/ Jo\u00ebl Couchouron et Jean-Marc Toussaint 1. Vagney : Jo\u00ebl Couchouron, mars 2002.- 24,5 cm, 125 p., ill. : Jo\u00ebl Couchouron. N. Hasta luego amigo 1. in Pavillon rouge, mensuel de bande dessin\u00e9e.- Paris : \u00c9ditions Delcourt, mars 2003.- Page 8. En hommage \u00e0 Franz, d\u00e9c\u00e9d\u00e9 le 8 janvier 2003, qui travaillaitsur La Piste du Dakota. N. And\u00e9sina, le mythe oubli\u00e9 de l&rsquo;eau \/ Roger Wadier, Pierre Pelot 1. Spectacle \u00e9crit en collaboration. Repr\u00e9sentation le 28 juin 2003 dans l&rsquo;amphith\u00e9\u00e2tre de Grand (Vosges). Organisation : Conseil G\u00e9n\u00e9ral des Vosges. Production : Lorraine Cr\u00e9ation 2000. Mise en sc\u00e8ne : Damien Fontaine. Avec la voix de Robert Hossein. Plus de 800 intervenants. N. Vendredi 20\/02 1. in Figures, revue mensuelle.- ? : 2004.- N\u00b0 1, mai 2004.- 29 cm, 60 p. Poussi\u00e8res du monde, au quotidien des gens nous livrent leur carnet intime de la plan\u00e8te. Texte p. 4.<\/p>\n","protected":false},"author":3,"featured_media":0,"parent":0,"menu_order":0,"comment_status":"closed","ping_status":"closed","template":"","meta":[],"_links":{"self":[{"href":"https:\/\/bernard-visse.fr\/ev\/wp-json\/wp\/v2\/pages\/354"}],"collection":[{"href":"https:\/\/bernard-visse.fr\/ev\/wp-json\/wp\/v2\/pages"}],"about":[{"href":"https:\/\/bernard-visse.fr\/ev\/wp-json\/wp\/v2\/types\/page"}],"author":[{"embeddable":true,"href":"https:\/\/bernard-visse.fr\/ev\/wp-json\/wp\/v2\/users\/3"}],"replies":[{"embeddable":true,"href":"https:\/\/bernard-visse.fr\/ev\/wp-json\/wp\/v2\/comments?post=354"}],"version-history":[{"count":11,"href":"https:\/\/bernard-visse.fr\/ev\/wp-json\/wp\/v2\/pages\/354\/revisions"}],"predecessor-version":[{"id":945,"href":"https:\/\/bernard-visse.fr\/ev\/wp-json\/wp\/v2\/pages\/354\/revisions\/945"}],"wp:attachment":[{"href":"https:\/\/bernard-visse.fr\/ev\/wp-json\/wp\/v2\/media?parent=354"}],"curies":[{"name":"wp","href":"https:\/\/api.w.org\/{rel}","templated":true}]}}