{"id":346,"date":"2020-04-11T21:48:20","date_gmt":"2020-04-11T19:48:20","guid":{"rendered":"http:\/\/bernard-visse.fr\/ev\/?page_id=346"},"modified":"2020-04-20T21:02:11","modified_gmt":"2020-04-20T19:02:11","slug":"etudes-sur-loeuvre-de-pierre-pelot","status":"publish","type":"page","link":"https:\/\/bernard-visse.fr\/ev\/etudes-sur-loeuvre-de-pierre-pelot\/","title":{"rendered":"Pierre Pelot, sujet d&rsquo;\u00e9tudes"},"content":{"rendered":"\n<p>Outre de tr\u00e8s nombreux articles critiques publi\u00e9s dans la presse \u00e0 la suite de la parution de chacun de ses ouvrages, plusieurs \u00e9tudes et articles de fond ont \u00e9t\u00e9 \u00e9crits sur l&rsquo;\u0153uvre de Pierre Pelot.<\/p>\n\n\n\n<p>EcriVosges se devait de les rassembler !<\/p>\n\n\n\n<h4>Philippe BOULIER<\/h4>\n\n\n\n<p><strong>Pierre Pelot : les ann\u00e9es Suragne<\/strong><br>In <em>Bifrost, la revue des mondes imaginaires<\/em>, N\u00b0 81 de janvier 2016 (N\u00b0 sp\u00e9cial : <em>Pierre Pelot en toute libert\u00e9<\/em>, pages 142-147.- ISBN : 978-2-913039-78-0.<\/p>\n\n\n\n<h4>Claude ECKEN<\/h4>\n\n\n\n<p><a href=\"https:\/\/bernard-visse.fr\/ev\/wp-admin\/etudes\/ecken_altair.php\">Pierre Suragne<\/a><br>Article paru dans <em>Alta\u00efr 9<\/em>, N\u00b0 2, hiver 1977, pages 34-43.<\/p>\n\n\n\n<p><a href=\"https:\/\/bernard-visse.fr\/ev\/wp-admin\/etudes\/ecken_sourire.php\">Le Sourire des crabes<\/a><br><strong>Trente ans de carri\u00e8re : entretien avec Pierre Pelot<\/strong><br>Pr\u00e9face pour les \u00c9ditions Encrage, 1996 (coll. Lettres Science-Fiction 3).<\/p>\n\n\n\n<p><a href=\"https:\/\/bernard-visse.fr\/ev\/wp-admin\/etudes\/ecken_assassin.php\">L&rsquo;Assassin de Dieu<\/a><br>Pr\u00e9face pour les \u00c9ditions Encrage, 1998, pages 7-9 (collection <em>Lettres-SF<\/em> dirig\u00e9e par Gilles DUMAY).<\/p>\n\n\n\n<p><strong>Au travers du prisme, Cinquante ans d&rsquo;\u00e9criture<\/strong><br>In <em>Bifrost, la revue des mondes imaginaires<\/em>, N\u00b0 81 de janvier 2016 (N\u00b0 sp\u00e9cial : <em>Pierre Pelot en toute libert\u00e9<\/em>, pages 100-132.<br>Suivi d&rsquo;un entretien avec Pierre Pelot : <strong>Etre ou ne pas \u00eatre un g\u00e9ant<\/strong>, pages 134-141.- ISBN : 978-2-913039-78-0.<\/p>\n\n\n\n<h4>R\u00e9my GALLART<\/h4>\n\n\n\n<p><strong>Regard sur le Fleuve Noir Angoisse<\/strong> (analyse de Brouillards de Pierre Suragne)<br>Le Fulmar : dossiers sur la litt\u00e9rature du fantastique et du myst\u00e8re (sous la direction de Fran\u00e7ois DUCOS), n\u00b0 14, janvier 1983, pp. 45-58.<\/p>\n\n\n\n<h4>Denis GUIOT<\/h4>\n\n\n\n<p><strong>D\u00e9chirer le manteau des t\u00e9n\u00e8bres<\/strong><br>Article paru dans <em>Argon<\/em> (N\u00b0 6, septembre 1975).<\/p>\n\n\n\n<h4>\u00c9ric MOUREY<\/h4>\n\n\n\n<p><strong>Les Hommes sans futur<\/strong><br>Article paru dans <em>Sf\u00e8re<\/em>, <em>le magazine du club Rencontres SF<\/em>. N\u00b0 1, sans date (1983), ron\u00e9ot\u00e9, pages 7-13.<\/p>\n\n\n\n<h4>Laurent LELEU<\/h4>\n\n\n\n<p><strong>Histoires dangereuses : le roman noir de Pierre Pelot<\/strong><br>In <em>Bifrost, la revue des mondes imaginaires<\/em>, N\u00b0 81 de janvier 2016 (N\u00b0 sp\u00e9cial : Pierre Pelot en toute libert\u00e9, pages 148-153.- ISBN : 978-2-913039-78-0.<\/p>\n\n\n\n<h4>Pierre-Gilles PELISSIER<\/h4>\n\n\n\n<p><strong>Lorsque gronde l&rsquo;orage politique : les dystopies de Pierre Pelot<\/strong><br>Colloque international \u00e0 l&rsquo;universit\u00e9 Michel Montaigne Bordeaux 3, les 13-14 novembre 2012. Les dieux cach\u00e9s de la science-fiction fran\u00e7aise et francophone. M\u00e9taphysique, religion et politique 1500-2000.<\/p>\n\n\n\n<h4>Raymond PERRIN<\/h4>\n\n\n\n<p><strong>L&rsquo;\u00e9trange symbiose de la violence et de la tendresse<\/strong><br>Article paru dans <em>Les Cahiers de l&rsquo;imaginaire<\/em>, N\u00b0 15\/16, octobre 1984, pages 5-31. Bibliographie, pages 32-47.<\/p>\n\n\n\n<p><strong>Le lexique vosgien, les r\u00e9gionalismes lorrains et quelques traditions locales dans les romans de Pierre Pelot<\/strong> (in\u00e9dit)<\/p>\n\n\n\n<p><strong>Pelot en pente douce et rondes bosses, ou les Hautes-Vosges au c\u0153ur d&rsquo;une quarantaine de romans<\/strong> (in\u00e9dit)<\/p>\n\n\n\n<p><strong>Le Chasseur d&rsquo;histoires<\/strong><br>Article paru dans <em>Les Cahiers vosgien<\/em>s, publication de l&rsquo;<em>Union des \u00c9crivains de l&rsquo;Est<\/em> (N\u00b0 108, juin 1995, pages 3-20), et repris par l&rsquo;auteur.<\/p>\n\n\n\n<p><strong>Dylan Stark, le justicier m\u00e9tis<\/strong><br>Introduction dans <strong>Dylan Stark 2<\/strong> (Lefrancq, 1998 ; pages 5-24).<\/p>\n\n\n\n<p><strong>Pelot 1995-2004 : la d\u00e9cennie prodigieuse<\/strong><br>Mise \u00e0 jour indispensable, dix ans apr\u00e8s l&rsquo;hommage des Cahiers vosgiens (in\u00e9dit)<\/p>\n\n\n\n<p><strong>Pierre Pelot, l&rsquo;\u00e9crivain raconteur d&rsquo;histoires<\/strong><br>Paris : L&rsquo;Harmattan, mars 2016.- 24 cm : ill. (couverture de Renaud Perrin) ; 392 p.- ISBN : 978-2-343-08170-0.<\/p>\n\n\n\n<h4>Patricia ROURE<\/h4>\n\n\n\n<p><strong>Le Double dans Brouillards de Pierre Pelot<\/strong><br>M\u00e9moire de ma\u00eetrise de lettres modernes, sous la direction de Jean Fabre<br>Universit\u00e9 de Montpellier III, juin 1978<\/p>\n\n\n\n<h4>Alain SPRAUEL<\/h4>\n\n\n\n<p><strong>Bibliographie de Pierre Pelot<\/strong><br>In <em>Bifrost, la revue des mondes imaginaires<\/em>, N\u00b0 81 de janvier 2016 (N\u00b0 sp\u00e9cial : Pierre Pelot en toute libert\u00e9, pages 166-177.- ISBN : 978-2-913039-78-0.<\/p>\n\n\n\n<h4>Andr\u00e9 TILLIEU<\/h4>\n\n\n\n<p><strong>Le Western sans racisme<\/strong><br>Article publi\u00e9 dans <em>La Gauche<\/em> (journal de Bruxelles), en ao\u00fbt 1966.<\/p>\n\n\n\n<h4>???<\/h4>\n\n\n\n<p>Article de ???,<br>publi\u00e9 dans ???, le 31 mars 1982.<br>Vous connaissez le nom de l&rsquo;auteur et les r\u00e9f\u00e9rences de cet article ?<br>var name = \u00ab\u00a0bernard.visse\u00a0\u00bb;<br>var domain = \u00ab\u00a0club-internet.fr?subject=EcriVOSGES \/ \u00c9tudes sur Pierre Pelot \/ Article de 1982\u00a0\u00bb;<br>document.write(&lsquo;<a href=\"\\&quot;mailto:'\">&lsquo;); document.write(\u00a0\u00bb+&rsquo;Cliquez ici.&rsquo; +\u00a0\u00bb+&rsquo;<\/a>&lsquo;);<\/p>\n","protected":false},"excerpt":{"rendered":"<p>Outre de tr\u00e8s nombreux articles critiques publi\u00e9s dans la presse \u00e0 la suite de la parution de chacun de ses ouvrages, plusieurs \u00e9tudes et articles de fond ont \u00e9t\u00e9 \u00e9crits sur l&rsquo;\u0153uvre de Pierre Pelot. EcriVosges se devait de les rassembler ! Philippe BOULIER Pierre Pelot : les ann\u00e9es SuragneIn Bifrost, la revue des mondes imaginaires, N\u00b0 81 de janvier 2016 (N\u00b0 sp\u00e9cial : Pierre Pelot en toute libert\u00e9, pages 142-147.- ISBN : 978-2-913039-78-0. Claude ECKEN Pierre SuragneArticle paru dans Alta\u00efr 9, N\u00b0 2, hiver 1977, pages 34-43. Le Sourire des crabesTrente ans de carri\u00e8re : entretien avec Pierre PelotPr\u00e9face pour les \u00c9ditions Encrage, 1996 (coll. Lettres Science-Fiction 3). L&rsquo;Assassin de DieuPr\u00e9face pour les \u00c9ditions Encrage, 1998, pages 7-9 (collection Lettres-SF dirig\u00e9e par Gilles DUMAY). Au travers du prisme, Cinquante ans d&rsquo;\u00e9critureIn Bifrost, la revue des mondes imaginaires, N\u00b0 81 de janvier 2016 (N\u00b0 sp\u00e9cial : Pierre Pelot en toute libert\u00e9, pages 100-132.Suivi d&rsquo;un entretien avec Pierre Pelot : Etre ou ne pas \u00eatre un g\u00e9ant, pages 134-141.- ISBN : 978-2-913039-78-0. R\u00e9my GALLART Regard sur le Fleuve Noir Angoisse (analyse de Brouillards de Pierre Suragne)Le Fulmar : dossiers sur la litt\u00e9rature du fantastique et du myst\u00e8re (sous la direction de Fran\u00e7ois DUCOS), n\u00b0 14, janvier 1983, pp. 45-58. Denis GUIOT D\u00e9chirer le manteau des t\u00e9n\u00e8bresArticle paru dans Argon (N\u00b0 6, septembre 1975). \u00c9ric MOUREY Les Hommes sans futurArticle paru dans Sf\u00e8re, le magazine du club Rencontres SF. N\u00b0 1, sans date (1983), ron\u00e9ot\u00e9, pages 7-13. Laurent LELEU Histoires dangereuses : le roman noir de Pierre PelotIn Bifrost, la revue des mondes imaginaires, N\u00b0 81 de janvier 2016 (N\u00b0 sp\u00e9cial : Pierre Pelot en toute libert\u00e9, pages 148-153.- ISBN : 978-2-913039-78-0. Pierre-Gilles PELISSIER Lorsque gronde l&rsquo;orage politique : les dystopies de Pierre PelotColloque international \u00e0 l&rsquo;universit\u00e9 Michel Montaigne Bordeaux 3, les 13-14 novembre 2012. Les dieux cach\u00e9s de la science-fiction fran\u00e7aise et francophone. M\u00e9taphysique, religion et politique 1500-2000. Raymond PERRIN L&rsquo;\u00e9trange symbiose de la violence et de la tendresseArticle paru dans Les Cahiers de l&rsquo;imaginaire, N\u00b0 15\/16, octobre 1984, pages 5-31. Bibliographie, pages 32-47. Le lexique vosgien, les r\u00e9gionalismes lorrains et quelques traditions locales dans les romans de Pierre Pelot (in\u00e9dit) Pelot en pente douce et rondes bosses, ou les Hautes-Vosges au c\u0153ur d&rsquo;une quarantaine de romans (in\u00e9dit) Le Chasseur d&rsquo;histoiresArticle paru dans Les Cahiers vosgiens, publication de l&rsquo;Union des \u00c9crivains de l&rsquo;Est (N\u00b0 108, juin 1995, pages 3-20), et repris par l&rsquo;auteur. Dylan Stark, le justicier m\u00e9tisIntroduction dans Dylan Stark 2 (Lefrancq, 1998 ; pages 5-24). Pelot 1995-2004 : la d\u00e9cennie prodigieuseMise \u00e0 jour indispensable, dix ans apr\u00e8s l&rsquo;hommage des Cahiers vosgiens (in\u00e9dit) Pierre Pelot, l&rsquo;\u00e9crivain raconteur d&rsquo;histoiresParis : L&rsquo;Harmattan, mars 2016.- 24 cm : ill. (couverture de Renaud Perrin) ; 392 p.- ISBN : 978-2-343-08170-0. Patricia ROURE Le Double dans Brouillards de Pierre PelotM\u00e9moire de ma\u00eetrise de lettres modernes, sous la direction de Jean FabreUniversit\u00e9 de Montpellier III, juin 1978 Alain SPRAUEL Bibliographie de Pierre PelotIn Bifrost, la revue des mondes imaginaires, N\u00b0 81 de janvier 2016 (N\u00b0 sp\u00e9cial : Pierre Pelot en toute libert\u00e9, pages 166-177.- ISBN : 978-2-913039-78-0. Andr\u00e9 TILLIEU Le Western sans racismeArticle publi\u00e9 dans La Gauche (journal de Bruxelles), en ao\u00fbt 1966. ??? Article de ???,publi\u00e9 dans ???, le 31 mars 1982.Vous connaissez le nom de l&rsquo;auteur et les r\u00e9f\u00e9rences de cet article ?var name = \u00ab\u00a0bernard.visse\u00a0\u00bb;var domain = \u00ab\u00a0club-internet.fr?subject=EcriVOSGES \/ \u00c9tudes sur Pierre Pelot \/ Article de 1982\u00a0\u00bb;document.write(&lsquo;&lsquo;); document.write(\u00a0\u00bb+&rsquo;Cliquez ici.&rsquo; +\u00a0\u00bb+&rsquo;&lsquo;);<\/p>\n","protected":false},"author":3,"featured_media":0,"parent":0,"menu_order":0,"comment_status":"closed","ping_status":"closed","template":"","meta":[],"_links":{"self":[{"href":"https:\/\/bernard-visse.fr\/ev\/wp-json\/wp\/v2\/pages\/346"}],"collection":[{"href":"https:\/\/bernard-visse.fr\/ev\/wp-json\/wp\/v2\/pages"}],"about":[{"href":"https:\/\/bernard-visse.fr\/ev\/wp-json\/wp\/v2\/types\/page"}],"author":[{"embeddable":true,"href":"https:\/\/bernard-visse.fr\/ev\/wp-json\/wp\/v2\/users\/3"}],"replies":[{"embeddable":true,"href":"https:\/\/bernard-visse.fr\/ev\/wp-json\/wp\/v2\/comments?post=346"}],"version-history":[{"count":4,"href":"https:\/\/bernard-visse.fr\/ev\/wp-json\/wp\/v2\/pages\/346\/revisions"}],"predecessor-version":[{"id":958,"href":"https:\/\/bernard-visse.fr\/ev\/wp-json\/wp\/v2\/pages\/346\/revisions\/958"}],"wp:attachment":[{"href":"https:\/\/bernard-visse.fr\/ev\/wp-json\/wp\/v2\/media?parent=346"}],"curies":[{"name":"wp","href":"https:\/\/api.w.org\/{rel}","templated":true}]}}