{"id":314,"date":"2020-04-11T18:43:49","date_gmt":"2020-04-11T16:43:49","guid":{"rendered":"http:\/\/bernard-visse.fr\/ev\/?page_id=314"},"modified":"2020-04-20T21:01:27","modified_gmt":"2020-04-20T19:01:27","slug":"pierre-pelot","status":"publish","type":"page","link":"https:\/\/bernard-visse.fr\/ev\/pierre-pelot\/","title":{"rendered":"Pierre Pelot"},"content":{"rendered":"\n<h2>Biographie<\/h2>\n\n\n\n<figure class=\"wp-block-gallery columns-3 is-cropped\"><ul class=\"blocks-gallery-grid\"><li class=\"blocks-gallery-item\"><figure><img loading=\"lazy\" width=\"927\" height=\"1024\" src=\"https:\/\/bernard-visse.fr\/ev\/wp-content\/uploads\/2020\/04\/1967-Cheval-927x1024.jpg\" alt=\"\" data-id=\"323\" data-link=\"https:\/\/bernard-visse.fr\/ev\/pierre-pelot\/1967-cheval\/\" class=\"wp-image-323\" srcset=\"https:\/\/bernard-visse.fr\/ev\/wp-content\/uploads\/2020\/04\/1967-Cheval-927x1024.jpg 927w, https:\/\/bernard-visse.fr\/ev\/wp-content\/uploads\/2020\/04\/1967-Cheval-272x300.jpg 272w, https:\/\/bernard-visse.fr\/ev\/wp-content\/uploads\/2020\/04\/1967-Cheval-768x848.jpg 768w, https:\/\/bernard-visse.fr\/ev\/wp-content\/uploads\/2020\/04\/1967-Cheval.jpg 1024w\" sizes=\"(max-width: 927px) 100vw, 927px\" \/><\/figure><\/li><li class=\"blocks-gallery-item\"><figure><img loading=\"lazy\" width=\"710\" height=\"1024\" src=\"https:\/\/bernard-visse.fr\/ev\/wp-content\/uploads\/2020\/04\/1976-710x1024.jpg\" alt=\"\" data-id=\"324\" data-link=\"https:\/\/bernard-visse.fr\/ev\/pierre-pelot\/attachment\/1976\/\" class=\"wp-image-324\" srcset=\"https:\/\/bernard-visse.fr\/ev\/wp-content\/uploads\/2020\/04\/1976-710x1024.jpg 710w, https:\/\/bernard-visse.fr\/ev\/wp-content\/uploads\/2020\/04\/1976-208x300.jpg 208w, https:\/\/bernard-visse.fr\/ev\/wp-content\/uploads\/2020\/04\/1976-768x1107.jpg 768w, https:\/\/bernard-visse.fr\/ev\/wp-content\/uploads\/2020\/04\/1976.jpg 920w\" sizes=\"(max-width: 710px) 100vw, 710px\" \/><\/figure><\/li><li class=\"blocks-gallery-item\"><figure><img loading=\"lazy\" width=\"512\" height=\"642\" src=\"https:\/\/bernard-visse.fr\/ev\/wp-content\/uploads\/2020\/04\/1993-Evenement-du-jeudi.jpg\" alt=\"\" data-id=\"320\" data-link=\"https:\/\/bernard-visse.fr\/ev\/pierre-pelot\/1993-evenement-du-jeudi\/\" class=\"wp-image-320\" srcset=\"https:\/\/bernard-visse.fr\/ev\/wp-content\/uploads\/2020\/04\/1993-Evenement-du-jeudi.jpg 512w, https:\/\/bernard-visse.fr\/ev\/wp-content\/uploads\/2020\/04\/1993-Evenement-du-jeudi-239x300.jpg 239w\" sizes=\"(max-width: 512px) 100vw, 512px\" \/><\/figure><\/li><li class=\"blocks-gallery-item\"><figure><img loading=\"lazy\" width=\"1024\" height=\"757\" src=\"https:\/\/bernard-visse.fr\/ev\/wp-content\/uploads\/2020\/04\/Portrait-Philippe-Matsas-agence-OPALE-1024x757.jpg\" alt=\"\" data-id=\"321\" data-link=\"https:\/\/bernard-visse.fr\/ev\/pierre-pelot\/portrait-philippe-matsas-agence-opale\/\" class=\"wp-image-321\" srcset=\"https:\/\/bernard-visse.fr\/ev\/wp-content\/uploads\/2020\/04\/Portrait-Philippe-Matsas-agence-OPALE-1024x757.jpg 1024w, https:\/\/bernard-visse.fr\/ev\/wp-content\/uploads\/2020\/04\/Portrait-Philippe-Matsas-agence-OPALE-300x222.jpg 300w, https:\/\/bernard-visse.fr\/ev\/wp-content\/uploads\/2020\/04\/Portrait-Philippe-Matsas-agence-OPALE-768x567.jpg 768w, https:\/\/bernard-visse.fr\/ev\/wp-content\/uploads\/2020\/04\/Portrait-Philippe-Matsas-agence-OPALE-1140x842.jpg 1140w, https:\/\/bernard-visse.fr\/ev\/wp-content\/uploads\/2020\/04\/Portrait-Philippe-Matsas-agence-OPALE.jpg 1214w\" sizes=\"(max-width: 1024px) 100vw, 1024px\" \/><\/figure><\/li><li class=\"blocks-gallery-item\"><figure><img loading=\"lazy\" width=\"300\" height=\"499\" src=\"https:\/\/bernard-visse.fr\/ev\/wp-content\/uploads\/2020\/04\/2011-03-11-LAlsace.jpg\" alt=\"\" data-id=\"325\" data-link=\"https:\/\/bernard-visse.fr\/ev\/pierre-pelot\/2011-03-11-lalsace\/\" class=\"wp-image-325\" srcset=\"https:\/\/bernard-visse.fr\/ev\/wp-content\/uploads\/2020\/04\/2011-03-11-LAlsace.jpg 300w, https:\/\/bernard-visse.fr\/ev\/wp-content\/uploads\/2020\/04\/2011-03-11-LAlsace-180x300.jpg 180w\" sizes=\"(max-width: 300px) 100vw, 300px\" \/><\/figure><\/li><li class=\"blocks-gallery-item\"><figure><img loading=\"lazy\" width=\"350\" height=\"350\" src=\"https:\/\/bernard-visse.fr\/ev\/wp-content\/uploads\/2020\/04\/rollet_olivier.jpg\" alt=\"\" data-id=\"326\" data-full-url=\"https:\/\/bernard-visse.fr\/ev\/wp-content\/uploads\/2020\/04\/rollet_olivier.jpg\" data-link=\"https:\/\/bernard-visse.fr\/ev\/pierre-pelot\/pierre-pelot-2\/\" class=\"wp-image-326\" srcset=\"https:\/\/bernard-visse.fr\/ev\/wp-content\/uploads\/2020\/04\/rollet_olivier.jpg 350w, https:\/\/bernard-visse.fr\/ev\/wp-content\/uploads\/2020\/04\/rollet_olivier-300x300.jpg 300w, https:\/\/bernard-visse.fr\/ev\/wp-content\/uploads\/2020\/04\/rollet_olivier-150x150.jpg 150w, https:\/\/bernard-visse.fr\/ev\/wp-content\/uploads\/2020\/04\/rollet_olivier-75x75.jpg 75w\" sizes=\"(max-width: 350px) 100vw, 350px\" \/><\/figure><\/li><\/ul><\/figure>\n\n\n\n<p><strong>1945 :<\/strong> Naissance le 13 novembre \u00e0 Saint-Maurice-sur-Moselle (Vosges), dans une famille modeste : son p\u00e8re est menuisier-charpentier et sa m\u00e8re ouvri\u00e8re (rentreuse), tous deux \u00e0 l&rsquo;usine textile o\u00f9 le jeune Pelot aurait d\u00fb travailler \u00e0 son tour.<\/p>\n\n\n\n<p><strong>1959 :<\/strong> Certificat d&rsquo;\u00e9tudes primaires (il est le second du canton !). Premiers essais de romans dans des cahiers d&rsquo;\u00e9colier.<\/p>\n\n\n\n<p>Il rejoint un centre de formation d&rsquo;apprentis (section \u00e9lectricit\u00e9) \u00e0 Mulhouse : au bout de huit jours, il s&rsquo;enfuit avec quatre copains du village&#8230;<\/p>\n\n\n\n<p>Puis trois mois d&rsquo;apprentissage de la m\u00e9canique g\u00e9n\u00e9rale chez son parrain, \u00e0 Saint-Maurice.<\/p>\n\n\n\n<p><strong>1960-1963 :<\/strong> Apprentissage du dessin par correspondance (m\u00e9thode ABC) pendant trois ans. Il commence \u00e0 cr\u00e9er des B.D. \u00ab\u00a0<em>Pendant plusieurs ann\u00e9es, beaucoup de travail pour rien<\/em>\u00ab\u00a0.<\/p>\n\n\n\n<p><strong>1962 :<\/strong> D\u00e9c\u00e8s de son p\u00e8re.<\/p>\n\n\n\n<p><strong>1963 :<\/strong> Premier article de presse le concernant dans <em>L&rsquo;Est r\u00e9publicain<\/em>, le 19 avril, sign\u00e9 de Charles Lapr\u00e9v\u00f4te : <em>Un Fr\u00e9mi de 17 ans est le <\/em>p\u00e8re<em> d&rsquo;un attachant justicier du Far-West : Bob Hart<\/em>, \u00e0 propos de ses bandes dessin\u00e9es. On y apprend que Pelot <em>s&rsquo;est procur\u00e9 une solide \u00e9rudition en piochant l&rsquo;histoire des U.S.A., du folklore du Far-West, et de la langue <\/em>interjective<em> des cow-boys<\/em>. En 1964, le m\u00eame journaliste reconna\u00eetra qu&rsquo;il est <em>une encyclop\u00e9die vivante du Far-West, histoire, g\u00e9ographie, sociologie, folklore, l\u00e9gislation, ethnographie, etc ? Il est imbattable sur la g\u00e9n\u00e9alogie de Cochise ou sur les descendants du <strong>Dernier des Mohicans<\/strong><\/em>. De fait, l&rsquo;un de ses livres de chevet serait plut\u00f4t : <strong>Pieds nus sur la terre sacr\u00e9e<\/strong>, de Mac Luhan.<\/p>\n\n\n\n<p>Lettre d&rsquo;encouragement de Herg\u00e9. Il a 18 ans, il d\u00e9cide de devenir \u00e9crivain. De vivre de sa plume, exclusivement.<\/p>\n\n\n\n<p><strong>1966 :<\/strong> Premier livre publi\u00e9, en f\u00e9vrier : <strong>La Piste du Dakota<\/strong> (\u00e9crit fin 1963), d\u00e9dicac\u00e9 \u00e0 son p\u00e8re. Il en publie cinq autres la m\u00eame ann\u00e9e, tous chez Marabout.<\/p>\n\n\n\n<p>Il cr\u00e9e <b>Dylan Stark<\/b>, le m\u00e9tis qui deviendra le personnage principal d&rsquo;un v\u00e9ritable <em>trail movie<\/em>, au long de vingt deux romans ou nouvelles.<\/p>\n\n\n\n<p>Ses lectures pr\u00e9f\u00e9r\u00e9es jusqu&rsquo;en 1966 : Hemingway, Caldwell, Camus (<strong>L&rsquo;\u00c9tranger<\/strong>), Cendrars, Giono, Hougron, Salinger (<strong>L&rsquo;Accroche c\u0153ur<\/strong>), les <strong>Stroumpfs<\/strong> et <strong>Ast\u00e9rix<\/strong>. En 1967, il ajoutera : Steinbeck et Faulkner.<\/p>\n\n\n\n<p><strong>1967 :<\/strong> Le 21 novembre, il re\u00e7oit \u00e0 Paris le Prix des Treize pour <strong>La Couleur de Dieu<\/strong>.<\/p>\n\n\n\n<p>Un mois plus tard, le 22 d\u00e9cembre, il se marie avec Irma, \u00e0 Saint-Maurice-sur-Moselle.<\/p>\n\n\n\n<p><strong>1969 :<\/strong> Apr\u00e8s avoir r\u00eav\u00e9 de l&rsquo;Am\u00e9rique \u00e0 17 ans, il d\u00e9cide de construire sa maison \u00e0 Saint-Maurice, sur le lieu m\u00eame de ses jeux d&rsquo;enfance.<\/p>\n\n\n\n<p>Mais au d\u00e9but de l&rsquo;ann\u00e9e, Marabout d\u00e9cide d&rsquo;arr\u00eater la collection Marabout Jeunesse, et donc la s\u00e9rie <strong>Dylan Stark<\/strong>, pour cause de non rentabilit\u00e9&#8230; La p\u00e9riode qui suit est <em>plut\u00f4t noire<\/em> : <em>la course aux \u00e9diteurs commence et se termine par des contrats pour des romans pour la jeunesse, avec G.P. Rouge et Or et pour Biblioth\u00e8que de l&rsquo;amiti\u00e9, Laffont<\/em>.<\/p>\n\n\n\n<p>Le 21 juin, naissance de son fils, Pierre Dylan.<\/p>\n\n\n\n<p><strong>1970 :<\/strong> Il publie en juin son premier ouvrage hors Marabout : <strong>La Drave<\/strong> (\u00c9ditions G.P.).<\/p>\n\n\n\n<p>En ao\u00fbt, ses lectures : toujours Caldwell et Faulkner, avec Pr\u00e9vert, Brassens, et surtout d\u00e9couverte de la science-fiction : Barjavel (<strong>La Nuit des temps<\/strong>), Bradbury (<strong>Chroniques martiennes<\/strong>), Dick (son auteur pr\u00e9f\u00e9r\u00e9), Sturgeon, Spinrad, Simak, Wul, Lovecraft, Jeury.<\/p>\n\n\n\n<p><strong>1972 :<\/strong><em> <\/em><strong>Les \u00c9toiles ensevelies<\/strong> (qui recevra sept prix et sera adapt\u00e9 \u00e0 la t\u00e9l\u00e9vision) est son premier roman \u00e0 prendre les Vosges pour d\u00e9cor. Il s&rsquo;agit de l&rsquo;adaptation d&rsquo;un <strong>Dylan Stark<\/strong> non \u00e9dit\u00e9.<\/p>\n\n\n\n<p>Cette m\u00eame ann\u00e9e, il publie son premier roman de science-fiction : <strong>Une autre Terre<\/strong>. <em>Il faudrait dire plut\u00f4t social-fiction<\/em>, affirmera-t-il plus tard.<\/p>\n\n\n\n<p>C&rsquo;est encore l&rsquo;ann\u00e9e du premier Fleuve Noir sign\u00e9 Pierre Suragne (<strong>La Septi\u00e8me saison<\/strong>, un autre livre adapt\u00e9 d&rsquo;un <em>western<\/em>) : il y aura vingt-trois romans <em>suragniens<\/em> (et dix nouvelles) jusqu&rsquo;en 1980.<\/p>\n\n\n\n<p>Depuis : il n&rsquo;arr\u00eate pas d&rsquo;\u00e9crire. Et de publier.<\/p>\n\n\n\n<p><a href=\"http:\/\/www.ecrivosges.com\/auteurs\/pelotp\/dico_garcin.php\">Lire la notice \u00e9crite par Pelot lui-m\u00eame pour <em>Le Dictionnaire<\/em> de J\u00e9r\u00f4me Garcin.<\/a><\/p>\n","protected":false},"excerpt":{"rendered":"<p>Biographie 1945 : Naissance le 13 novembre \u00e0 Saint-Maurice-sur-Moselle (Vosges), dans une famille modeste : son p\u00e8re est menuisier-charpentier et sa m\u00e8re ouvri\u00e8re (rentreuse), tous deux \u00e0 l&rsquo;usine textile o\u00f9 le jeune Pelot aurait d\u00fb travailler \u00e0 son tour. 1959 : Certificat d&rsquo;\u00e9tudes primaires (il est le second du canton !). Premiers essais de romans dans des cahiers d&rsquo;\u00e9colier. Il rejoint un centre de formation d&rsquo;apprentis (section \u00e9lectricit\u00e9) \u00e0 Mulhouse : au bout de huit jours, il s&rsquo;enfuit avec quatre copains du village&#8230; Puis trois mois d&rsquo;apprentissage de la m\u00e9canique g\u00e9n\u00e9rale chez son parrain, \u00e0 Saint-Maurice. 1960-1963 : Apprentissage du dessin par correspondance (m\u00e9thode ABC) pendant trois ans. Il commence \u00e0 cr\u00e9er des B.D. \u00ab\u00a0Pendant plusieurs ann\u00e9es, beaucoup de travail pour rien\u00ab\u00a0. 1962 : D\u00e9c\u00e8s de son p\u00e8re. 1963 : Premier article de presse le concernant dans L&rsquo;Est r\u00e9publicain, le 19 avril, sign\u00e9 de Charles Lapr\u00e9v\u00f4te : Un Fr\u00e9mi de 17 ans est le p\u00e8re d&rsquo;un attachant justicier du Far-West : Bob Hart, \u00e0 propos de ses bandes dessin\u00e9es. On y apprend que Pelot s&rsquo;est procur\u00e9 une solide \u00e9rudition en piochant l&rsquo;histoire des U.S.A., du folklore du Far-West, et de la langue interjective des cow-boys. En 1964, le m\u00eame journaliste reconna\u00eetra qu&rsquo;il est une encyclop\u00e9die vivante du Far-West, histoire, g\u00e9ographie, sociologie, folklore, l\u00e9gislation, ethnographie, etc ? Il est imbattable sur la g\u00e9n\u00e9alogie de Cochise ou sur les descendants du Dernier des Mohicans. De fait, l&rsquo;un de ses livres de chevet serait plut\u00f4t : Pieds nus sur la terre sacr\u00e9e, de Mac Luhan. Lettre d&rsquo;encouragement de Herg\u00e9. Il a 18 ans, il d\u00e9cide de devenir \u00e9crivain. De vivre de sa plume, exclusivement. 1966 : Premier livre publi\u00e9, en f\u00e9vrier : La Piste du Dakota (\u00e9crit fin 1963), d\u00e9dicac\u00e9 \u00e0 son p\u00e8re. Il en publie cinq autres la m\u00eame ann\u00e9e, tous chez Marabout. Il cr\u00e9e Dylan Stark, le m\u00e9tis qui deviendra le personnage principal d&rsquo;un v\u00e9ritable trail movie, au long de vingt deux romans ou nouvelles. Ses lectures pr\u00e9f\u00e9r\u00e9es jusqu&rsquo;en 1966 : Hemingway, Caldwell, Camus (L&rsquo;\u00c9tranger), Cendrars, Giono, Hougron, Salinger (L&rsquo;Accroche c\u0153ur), les Stroumpfs et Ast\u00e9rix. En 1967, il ajoutera : Steinbeck et Faulkner. 1967 : Le 21 novembre, il re\u00e7oit \u00e0 Paris le Prix des Treize pour La Couleur de Dieu. Un mois plus tard, le 22 d\u00e9cembre, il se marie avec Irma, \u00e0 Saint-Maurice-sur-Moselle. 1969 : Apr\u00e8s avoir r\u00eav\u00e9 de l&rsquo;Am\u00e9rique \u00e0 17 ans, il d\u00e9cide de construire sa maison \u00e0 Saint-Maurice, sur le lieu m\u00eame de ses jeux d&rsquo;enfance. Mais au d\u00e9but de l&rsquo;ann\u00e9e, Marabout d\u00e9cide d&rsquo;arr\u00eater la collection Marabout Jeunesse, et donc la s\u00e9rie Dylan Stark, pour cause de non rentabilit\u00e9&#8230; La p\u00e9riode qui suit est plut\u00f4t noire : la course aux \u00e9diteurs commence et se termine par des contrats pour des romans pour la jeunesse, avec G.P. Rouge et Or et pour Biblioth\u00e8que de l&rsquo;amiti\u00e9, Laffont. Le 21 juin, naissance de son fils, Pierre Dylan. 1970 : Il publie en juin son premier ouvrage hors Marabout : La Drave (\u00c9ditions G.P.). En ao\u00fbt, ses lectures : toujours Caldwell et Faulkner, avec Pr\u00e9vert, Brassens, et surtout d\u00e9couverte de la science-fiction : Barjavel (La Nuit des temps), Bradbury (Chroniques martiennes), Dick (son auteur pr\u00e9f\u00e9r\u00e9), Sturgeon, Spinrad, Simak, Wul, Lovecraft, Jeury. 1972 : Les \u00c9toiles ensevelies (qui recevra sept prix et sera adapt\u00e9 \u00e0 la t\u00e9l\u00e9vision) est son premier roman \u00e0 prendre les Vosges pour d\u00e9cor. Il s&rsquo;agit de l&rsquo;adaptation d&rsquo;un Dylan Stark non \u00e9dit\u00e9. Cette m\u00eame ann\u00e9e, il publie son premier roman de science-fiction : Une autre Terre. Il faudrait dire plut\u00f4t social-fiction, affirmera-t-il plus tard. C&rsquo;est encore l&rsquo;ann\u00e9e du premier Fleuve Noir sign\u00e9 Pierre Suragne (La Septi\u00e8me saison, un autre livre adapt\u00e9 d&rsquo;un western) : il y aura vingt-trois romans suragniens (et dix nouvelles) jusqu&rsquo;en 1980. Depuis : il n&rsquo;arr\u00eate pas d&rsquo;\u00e9crire. Et de publier. Lire la notice \u00e9crite par Pelot lui-m\u00eame pour Le Dictionnaire de J\u00e9r\u00f4me Garcin.<\/p>\n","protected":false},"author":3,"featured_media":0,"parent":0,"menu_order":0,"comment_status":"closed","ping_status":"closed","template":"","meta":[],"_links":{"self":[{"href":"https:\/\/bernard-visse.fr\/ev\/wp-json\/wp\/v2\/pages\/314"}],"collection":[{"href":"https:\/\/bernard-visse.fr\/ev\/wp-json\/wp\/v2\/pages"}],"about":[{"href":"https:\/\/bernard-visse.fr\/ev\/wp-json\/wp\/v2\/types\/page"}],"author":[{"embeddable":true,"href":"https:\/\/bernard-visse.fr\/ev\/wp-json\/wp\/v2\/users\/3"}],"replies":[{"embeddable":true,"href":"https:\/\/bernard-visse.fr\/ev\/wp-json\/wp\/v2\/comments?post=314"}],"version-history":[{"count":5,"href":"https:\/\/bernard-visse.fr\/ev\/wp-json\/wp\/v2\/pages\/314\/revisions"}],"predecessor-version":[{"id":469,"href":"https:\/\/bernard-visse.fr\/ev\/wp-json\/wp\/v2\/pages\/314\/revisions\/469"}],"wp:attachment":[{"href":"https:\/\/bernard-visse.fr\/ev\/wp-json\/wp\/v2\/media?parent=314"}],"curies":[{"name":"wp","href":"https:\/\/api.w.org\/{rel}","templated":true}]}}