{"id":306,"date":"2020-04-11T17:50:04","date_gmt":"2020-04-11T15:50:04","guid":{"rendered":"http:\/\/bernard-visse.fr\/ev\/?page_id=306"},"modified":"2020-04-20T20:58:22","modified_gmt":"2020-04-20T18:58:22","slug":"dylan-stark","status":"publish","type":"page","link":"https:\/\/bernard-visse.fr\/ev\/dylan-stark\/","title":{"rendered":"Dylan Stark"},"content":{"rendered":"\t\t<div data-elementor-type=\"wp-page\" data-elementor-id=\"306\" class=\"elementor elementor-306\" data-elementor-settings=\"[]\">\n\t\t\t\t\t\t<div class=\"elementor-inner\">\n\t\t\t\t\t\t\t<div class=\"elementor-section-wrap\">\n\t\t\t\t\t\t\t<section class=\"elementor-section elementor-top-section elementor-element elementor-element-5cec788d elementor-section-boxed elementor-section-height-default elementor-section-height-default\" data-id=\"5cec788d\" data-element_type=\"section\">\n\t\t\t\t\t\t<div class=\"elementor-container elementor-column-gap-default\">\n\t\t\t\t\t\t\t<div class=\"elementor-row\">\n\t\t\t\t\t<div class=\"elementor-column elementor-col-100 elementor-top-column elementor-element elementor-element-5ffbac74\" data-id=\"5ffbac74\" data-element_type=\"column\">\n\t\t\t<div class=\"elementor-column-wrap elementor-element-populated\">\n\t\t\t\t\t\t\t<div class=\"elementor-widget-wrap\">\n\t\t\t\t\t\t<div class=\"elementor-element elementor-element-575a9e57 elementor-widget elementor-widget-text-editor\" data-id=\"575a9e57\" data-element_type=\"widget\" data-widget_type=\"text-editor.default\">\n\t\t\t\t<div class=\"elementor-widget-container\">\n\t\t\t\t\t\t\t\t<div class=\"elementor-text-editor elementor-clearfix\">\n\t\t\t\t\t<!-- wp:html -->\n<table border=\"0\" width=\"100%\" cellspacing=\"0\" cellpadding=\"8\">\n<tbody>\n<tr>\n<td colspan=\"3\" width=\"100%\"><b>Il faut vivre dangereusement<\/b> (Andr\u00e9 Malraux).<br \/><br \/>Quand je pense \u00e0 l&rsquo;Ouest, quand me viennent aux yeux des images de roches et d&rsquo;arbres, quand me coule aux oreilles la chanson des cours d&rsquo;eaux, alors je vois un homme.<br \/>Cet homme-l\u00e0, c&rsquo;est l&rsquo;Ouest.<\/td>\n<\/tr>\n<tr>\n<td width=\"33%\"><a href=\"https:\/\/bernard-visse.fr\/ev\/wp-content\/uploads\/2020\/04\/DylanJoubert2.jpg\" target=\"milieu\" rel=\"noopener noreferrer\"><img loading=\"lazy\" src=\"https:\/\/bernard-visse.fr\/ev\/wp-content\/uploads\/2020\/04\/DylanJoubert2.jpg\" alt=\"Dylan Stark par Pierre Joubert.\" width=\"240\" height=\"260\" align=\"right\" border=\"0\" \/><\/a><\/td>\n<td colspan=\"2\" rowspan=\"2\" width=\"67%\">\n<p>Je ne le d\u00e9crirai pas. Je ne dirai pas non plus : \u00ab\u00a0Il \u00e9tait courageux, c&rsquo;\u00e9tait un h\u00e9ros, etc&#8230;\u00a0\u00bb. Car j&rsquo;ai en horreur ce terme idiot. Car aussi on n&rsquo;est pas courageux. Le courage, je crois, est une chose qui va et vient au hasard des situations ; \u00e0 certains moments il est l\u00e0, \u00e0 d&rsquo;autres c&rsquo;est la peur.<br \/>L&rsquo;homme dont je parle eut peur, et il lui arriva d&rsquo;\u00eatre \u00e9galement courageux.<br \/>Je vais donc raconter cette vie d&rsquo;homme. \u00c9videmment, il y a \u00e9norm\u00e9ment de choses \u00e0 dire \u00e0 propos de cet homme durant le temps qu&rsquo;il fut debout. Puis, un jour, il est mort&#8230;<\/p>\n<\/td>\n<\/tr>\n<tr>\n<td align=\"right\" width=\"33%\">\n<p align=\"right\"><span style=\"font-size: xx-small;\"><i>Dylan Stark<br \/>par Pierre Joubert.<\/i><\/span><\/p>\n<\/td>\n<\/tr>\n<tr>\n<td colspan=\"2\" rowspan=\"2\" valign=\"top\" width=\"66%\">Il est mort, et l&rsquo;Ouest avait agonis\u00e9 doucement, un peu avant. Mais ce n&rsquo;est pas une chose triste.<br \/>Je vais raconter la vie de cet homme parce que je la trouve belle, et grande, parce qu&rsquo;elle ne suivit pas la piste commune.<br \/>Cet homme avait pour nom Dylan Stark.<br \/>Il est toujours mon ami.<br \/><b>Pierre Pelot.<\/b><\/td>\n<td width=\"34%\"><a href=\"https:\/\/bernard-visse.fr\/ev\/wp-content\/uploads\/2020\/04\/Portrait-Pelot-Joubert.jpg\" target=\"milieu\" rel=\"noopener noreferrer\"><img loading=\"lazy\" src=\"https:\/\/bernard-visse.fr\/ev\/wp-content\/uploads\/2020\/04\/Portrait-Pelot-Joubert.jpg\" alt=\"Pierre Pelot par Pierre Joubert (1967).\" width=\"240\" height=\"280\" align=\"left\" border=\"0\" \/><\/a><\/td>\n<\/tr>\n<tr>\n<td width=\"34%\">\n<p align=\"left\"><span style=\"font-size: xx-small;\"><i>Pierre Pelot<br \/>par Pierre Joubert.<\/i><\/span><\/p>\n<\/td>\n<\/tr>\n<\/tbody>\n<\/table>\n<div class=\"clear\">\u00a0<\/div>\n<table border=\"0\" width=\"100%\" cellspacing=\"0\" cellpadding=\"8\">\n<tbody>\n<tr>\n<td valign=\"top\" width=\"50%\">\n<h4>Bois br\u00fbl\u00e9<\/h4>\nDylan Stark est un anti-h\u00e9ros, m\u00e9tis cherokee-fran\u00e7ais (un \u00ab\u00a0sang m\u00eal\u00e9\u00a0\u00bb, un \u00ab\u00a0bois br\u00fbl\u00e9\u00a0\u00bb face aux blancs, aux noirs, aux indiens) et sudiste (natif de l&rsquo;Arkansas, un 13 novembre comme son cr\u00e9ateur). Ses aventures se succ\u00e8dent sur quatre ans, de 1864 \u00e0 1867, pendant et apr\u00e8s la guerre de S\u00e9cession. Pierre Pelot avait envisag\u00e9 son parcours jusqu&rsquo;en 1880.<br \/><br \/>\n<h4>S\u00e9cession<\/h4>\n<p>La Guerre de S\u00e9cession ensanglanta les \u00c9tats-Unis, faisant plus de 600 000 morts de 1861 \u00e0 1865, opposant les \u00c9tats du Sud (conf\u00e9d\u00e9r\u00e9s) aux \u00c9tats du Nord (f\u00e9d\u00e9raux).<br \/>La question de l&rsquo;esclavage des Noirs et son abolition, en particulier, opposait les int\u00e9r\u00eats des planteurs du Sud \u00e0 ceux des industriels du Nord et des nouveaux \u00c9tats de l&rsquo;Ouest.<br \/><br \/>Dans ce contexte brutal et grandiose, \u00ab\u00a0Dylan Stark est un jeune loup, r\u00e9volt\u00e9 pour un oui ou pour un non, un id\u00e9aliste, un amoureux fou de la justice. Dylan Stark, c&rsquo;est un grand air de d\u00e9fi \u00e0 la face de l&rsquo;aventure\u00a0\u00bb (p. 4 de couv. des premiers opus).<\/p>\n<\/td>\n<td valign=\"top\" width=\"50%\">\n<h4>Chronologie<\/h4>\n22 titres sont parus chez plusieurs \u00e9diteurs (<i>Marabout<\/i>, <i>Casterman<\/i>, <i>\u00c9ditions de l&rsquo;Amiti\u00e9<\/i>, <i>Robert Laffont<\/i>, &#8230; et dans le journal <i>Tintin<\/i>).<b><br \/><\/b>Leur publication ne suit pas toujours la chronologie que voici :\n<p>1. <a href=\"..\/romans\/008_stark01Quatre.php\" target=\"milieu\" rel=\"noopener noreferrer\">Quatre hommes pour l&rsquo;enfer<\/a><br \/>2. <a href=\"..\/romans\/039_stark02Vent.php\" target=\"milieu\" rel=\"noopener noreferrer\">Le Vent de la col\u00e8re<\/a><br \/>3. <a href=\"..\/romans\/009_stark03Couleur.php\" target=\"milieu\" rel=\"noopener noreferrer\">La Couleur de Dieu<\/a><br \/>4. <a href=\"..\/romans\/010_stark04Horde.php\" target=\"milieu\" rel=\"noopener noreferrer\">La Horde aux abois<\/a><br \/>5. <a href=\"..\/romans\/011_stark05Loups1.php\" target=\"milieu\" rel=\"noopener noreferrer\">Les Loups dans la ville<\/a><br \/>6. <a href=\"..\/romans\/012_stark06Loups2.php\" target=\"milieu\" rel=\"noopener noreferrer\">Les Loups sur la piste<\/a><br \/>7. <a href=\"..\/romans\/014_stark07Irreductibles.php\" target=\"milieu\" rel=\"noopener noreferrer\">Les Irr\u00e9ductibles<\/a><br \/>8. <a href=\"..\/romans\/015_stark08Hibou.php\" target=\"milieu\" rel=\"noopener noreferrer\">Le Hibou sur la porte<\/a><br \/>9. <a href=\"..\/romans\/017_stark09Marche.php\" target=\"milieu\" rel=\"noopener noreferrer\">La Marche des bannis<\/a><br \/>10. <a href=\"..\/romans\/016_stark10Deux.php\" target=\"milieu\" rel=\"noopener noreferrer\">Deux hommes sont venus<\/a><br \/>11. <a href=\"..\/romans\/020_stark11Opelousas.php\" target=\"milieu\" rel=\"noopener noreferrer\">7 heures 20 pour Opelousas<\/a><br \/>12. <a href=\"..\/romans\/018_stark12Peau.php\" target=\"milieu\" rel=\"noopener noreferrer\">La Peau du N\u00e8gre<\/a><br \/>13. <a href=\"..\/romans\/019_stark13Lhommequi.php\" target=\"milieu\" rel=\"noopener noreferrer\">L&rsquo;Homme-qui-marche<\/a><br \/>14. <a href=\"..\/romans\/021_stark14Riviere.php\" target=\"milieu\" rel=\"noopener noreferrer\">Quand gronde la rivi\u00e8re<\/a><br \/>15. <a href=\"..\/romans\/149_stark22Docks.php\" target=\"milieu\" rel=\"noopener noreferrer\">Plus loin que les docks<\/a><br \/>16. <a href=\"..\/romans\/022_stark15Ouragan.php\" target=\"milieu\" rel=\"noopener noreferrer\">Un jour, un ouragan<\/a><br \/>17. <a href=\"..\/romans\/023_stark16Tombeau.php\" target=\"milieu\" rel=\"noopener noreferrer\">Le Tombeau de Satan<\/a><br \/>18. <a href=\"..\/romans\/024_stark17Loi.php\" target=\"milieu\" rel=\"noopener noreferrer\">La Loi des fauves<\/a><br \/>19. <a href=\"..\/romans\/025_stark18Lhommedes.php\" target=\"milieu\" rel=\"noopener noreferrer\">L&rsquo;Homme des monts d\u00e9chir\u00e9s<\/a><br \/>20. <a href=\"..\/romans\/028_stark19LErreur.php\" target=\"milieu\" rel=\"noopener noreferrer\">L&rsquo;Erreur<\/a><br \/>21. <a href=\"..\/romans\/029_stark20Sierra.php\" target=\"milieu\" rel=\"noopener noreferrer\">Sierra br\u00fblante<\/a><br \/>22. <a href=\"..\/romans\/096_stark21Pouruncheval.php\" target=\"milieu\" rel=\"noopener noreferrer\">Pour un cheval qui savait rire<\/a><\/p>\n<p><a href=\"https:\/\/bernard-visse.fr\/ev\/dylan-stark-les-illustrateurs\/\" data-wplink-url-error=\"true\">Les Illustrateurs de Dylan Stark<\/a><\/p>\n<p><a href=\"https:\/\/bernard-visse.fr\/ev\/dylan-stark-les-lieux\/\" data-wplink-url-error=\"true\">Les Lieux de Dylan Stark<\/a><\/p>\n<\/td>\n<\/tr>\n<tr>\n<td colspan=\"2\" width=\"100%\">\n<h4>Un v\u00e9ritable <em>trail-movie<\/em><\/h4>\nAu cours d&rsquo;un v\u00e9ritable <em>trail-movie<\/em>, \u00e0 la recherche des meurtriers de ses parents, Dylan Stark fait sienne la cause de tous les opprim\u00e9s qu&rsquo;il rencontre sur sa route.<br \/><br \/>En pleine guerre de S\u00e9cession, il se rebelle contre son chef et refuse d&rsquo;accomplir une mission suicide d\u00e9cid\u00e9e par un grad\u00e9 inconscient : il est sanctionn\u00e9. A la fin du conflit, lorsqu&rsquo;il rentre chez lui, ses parents ont \u00e9t\u00e9 tu\u00e9s sur d\u00e9nonciation, ses amis ont vieilli et souffert. Une seule chose a surv\u00e9cu, permanente et implacable : le racisme.<br \/><br \/>Saccageant tout sur leur passage, les hors-la-loi r\u00e8gnent. Les troupes d&rsquo;occupation du Nord ressentent un malaise, des hommes d\u00e9sertent. Dylan, le m\u00e9tis, va servir de tampon entre les deux communaut\u00e9s ennemies. Il conna\u00eet maintenant le nom des assassins de ses parents. Il est pr\u00eat \u00e0 tout pour se venger, m\u00eame \u00e0 se faire enfermer dans un camp de d\u00e9tenus&#8230;<br \/><br \/>On le retrouve plus tard au milieu des troupeaux de chevaux menant une vie paisible&#8230; de courte dur\u00e9e, puisqu&rsquo;il doit se battre contre les Indiens Cherokee, ses anc\u00eatres.<br \/>De tr\u00e8s beaux westerns, sans temps mort, d&rsquo;une poignante humanit\u00e9.<\/td>\n<\/tr>\n<\/tbody>\n<\/table>\n<!-- \/wp:html --><!-- wp:paragraph -->\n<p>\u00a0<\/p>\n<!-- \/wp:paragraph --><!-- wp:html -->\n<p><br \/><em>Ces romans, parfaitement accessibles aux adultes, peuvent \u00eatre lus \u00e0 partir de 11\/12 ans et \u00e9tudi\u00e9s dans les classes des coll\u00e8ges.<\/em><\/p>\n<!-- \/wp:html --><!-- wp:paragraph -->\n<p>\u00a0<\/p>\n<!-- \/wp:paragraph -->\t\t\t\t\t<\/div>\n\t\t\t\t\t\t<\/div>\n\t\t\t\t<\/div>\n\t\t\t\t\t\t<\/div>\n\t\t\t\t\t<\/div>\n\t\t<\/div>\n\t\t\t\t\t\t\t\t<\/div>\n\t\t\t\t\t<\/div>\n\t\t<\/section>\n\t\t\t\t\t\t<\/div>\n\t\t\t\t\t\t<\/div>\n\t\t\t\t\t<\/div>\n\t\t","protected":false},"excerpt":{"rendered":"<p>Il faut vivre dangereusement (Andr\u00e9 Malraux). Quand je pense \u00e0 l&rsquo;Ouest, quand me viennent aux yeux des images de roches et d&rsquo;arbres, quand me coule aux oreilles la chanson des cours d&rsquo;eaux, alors je vois un homme.Cet homme-l\u00e0, c&rsquo;est l&rsquo;Ouest. Je ne le d\u00e9crirai pas. Je ne dirai pas non plus : \u00ab\u00a0Il \u00e9tait courageux, c&rsquo;\u00e9tait un h\u00e9ros, etc&#8230;\u00a0\u00bb. Car j&rsquo;ai en horreur ce terme idiot. Car aussi on n&rsquo;est pas courageux. Le courage, je crois, est une chose qui va et vient au hasard des situations ; \u00e0 certains moments il est l\u00e0, \u00e0 d&rsquo;autres c&rsquo;est la peur.L&rsquo;homme dont je parle eut peur, et il lui arriva d&rsquo;\u00eatre \u00e9galement courageux.Je vais donc raconter cette vie d&rsquo;homme. \u00c9videmment, il y a \u00e9norm\u00e9ment de choses \u00e0 dire \u00e0 propos de cet homme durant le temps qu&rsquo;il fut debout. Puis, un jour, il est mort&#8230; Dylan Starkpar Pierre Joubert. Il est mort, et l&rsquo;Ouest avait agonis\u00e9 doucement, un peu avant. Mais ce n&rsquo;est pas une chose triste.Je vais raconter la vie de cet homme parce que je la trouve belle, et grande, parce qu&rsquo;elle ne suivit pas la piste commune.Cet homme avait pour nom Dylan Stark.Il est toujours mon ami.Pierre Pelot. Pierre Pelotpar Pierre Joubert. \u00a0 Bois br\u00fbl\u00e9 Dylan Stark est un anti-h\u00e9ros, m\u00e9tis cherokee-fran\u00e7ais (un \u00ab\u00a0sang m\u00eal\u00e9\u00a0\u00bb, un \u00ab\u00a0bois br\u00fbl\u00e9\u00a0\u00bb face aux blancs, aux noirs, aux indiens) et sudiste (natif de l&rsquo;Arkansas, un 13 novembre comme son cr\u00e9ateur). Ses aventures se succ\u00e8dent sur quatre ans, de 1864 \u00e0 1867, pendant et apr\u00e8s la guerre de S\u00e9cession. Pierre Pelot avait envisag\u00e9 son parcours jusqu&rsquo;en 1880. S\u00e9cession La Guerre de S\u00e9cession ensanglanta les \u00c9tats-Unis, faisant plus de 600 000 morts de 1861 \u00e0 1865, opposant les \u00c9tats du Sud (conf\u00e9d\u00e9r\u00e9s) aux \u00c9tats du Nord (f\u00e9d\u00e9raux).La question de l&rsquo;esclavage des Noirs et son abolition, en particulier, opposait les int\u00e9r\u00eats des planteurs du Sud \u00e0 ceux des industriels du Nord et des nouveaux \u00c9tats de l&rsquo;Ouest. Dans ce contexte brutal et grandiose, \u00ab\u00a0Dylan Stark est un jeune loup, r\u00e9volt\u00e9 pour un oui ou pour un non, un id\u00e9aliste, un amoureux fou de la justice. Dylan Stark, c&rsquo;est un grand air de d\u00e9fi \u00e0 la face de l&rsquo;aventure\u00a0\u00bb (p. 4 de couv. des premiers opus). Chronologie 22 titres sont parus chez plusieurs \u00e9diteurs (Marabout, Casterman, \u00c9ditions de l&rsquo;Amiti\u00e9, Robert Laffont, &#8230; et dans le journal Tintin).Leur publication ne suit pas toujours la chronologie que voici : 1. Quatre hommes pour l&rsquo;enfer2. Le Vent de la col\u00e8re3. La Couleur de Dieu4. La Horde aux abois5. Les Loups dans la ville6. Les Loups sur la piste7. Les Irr\u00e9ductibles8. Le Hibou sur la porte9. La Marche des bannis10. Deux hommes sont venus11. 7 heures 20 pour Opelousas12. La Peau du N\u00e8gre13. L&rsquo;Homme-qui-marche14. Quand gronde la rivi\u00e8re15. Plus loin que les docks16. Un jour, un ouragan17. Le Tombeau de Satan18. La Loi des fauves19. L&rsquo;Homme des monts d\u00e9chir\u00e9s20. L&rsquo;Erreur21. Sierra br\u00fblante22. Pour un cheval qui savait rire Les Illustrateurs de Dylan Stark Les Lieux de Dylan Stark Un v\u00e9ritable trail-movie Au cours d&rsquo;un v\u00e9ritable trail-movie, \u00e0 la recherche des meurtriers de ses parents, Dylan Stark fait sienne la cause de tous les opprim\u00e9s qu&rsquo;il rencontre sur sa route. En pleine guerre de S\u00e9cession, il se rebelle contre son chef et refuse d&rsquo;accomplir une mission suicide d\u00e9cid\u00e9e par un grad\u00e9 inconscient : il est sanctionn\u00e9. A la fin du conflit, lorsqu&rsquo;il rentre chez lui, ses parents ont \u00e9t\u00e9 tu\u00e9s sur d\u00e9nonciation, ses amis ont vieilli et souffert. Une seule chose a surv\u00e9cu, permanente et implacable : le racisme. Saccageant tout sur leur passage, les hors-la-loi r\u00e8gnent. Les troupes d&rsquo;occupation du Nord ressentent un malaise, des hommes d\u00e9sertent. Dylan, le m\u00e9tis, va servir de tampon entre les deux communaut\u00e9s ennemies. Il conna\u00eet maintenant le nom des assassins de ses parents. Il est pr\u00eat \u00e0 tout pour se venger, m\u00eame \u00e0 se faire enfermer dans un camp de d\u00e9tenus&#8230; On le retrouve plus tard au milieu des troupeaux de chevaux menant une vie paisible&#8230; de courte dur\u00e9e, puisqu&rsquo;il doit se battre contre les Indiens Cherokee, ses anc\u00eatres.De tr\u00e8s beaux westerns, sans temps mort, d&rsquo;une poignante humanit\u00e9. \u00a0 Ces romans, parfaitement accessibles aux adultes, peuvent \u00eatre lus \u00e0 partir de 11\/12 ans et \u00e9tudi\u00e9s dans les classes des coll\u00e8ges. \u00a0<\/p>\n","protected":false},"author":3,"featured_media":0,"parent":0,"menu_order":0,"comment_status":"closed","ping_status":"closed","template":"","meta":[],"_links":{"self":[{"href":"https:\/\/bernard-visse.fr\/ev\/wp-json\/wp\/v2\/pages\/306"}],"collection":[{"href":"https:\/\/bernard-visse.fr\/ev\/wp-json\/wp\/v2\/pages"}],"about":[{"href":"https:\/\/bernard-visse.fr\/ev\/wp-json\/wp\/v2\/types\/page"}],"author":[{"embeddable":true,"href":"https:\/\/bernard-visse.fr\/ev\/wp-json\/wp\/v2\/users\/3"}],"replies":[{"embeddable":true,"href":"https:\/\/bernard-visse.fr\/ev\/wp-json\/wp\/v2\/comments?post=306"}],"version-history":[{"count":10,"href":"https:\/\/bernard-visse.fr\/ev\/wp-json\/wp\/v2\/pages\/306\/revisions"}],"predecessor-version":[{"id":775,"href":"https:\/\/bernard-visse.fr\/ev\/wp-json\/wp\/v2\/pages\/306\/revisions\/775"}],"wp:attachment":[{"href":"https:\/\/bernard-visse.fr\/ev\/wp-json\/wp\/v2\/media?parent=306"}],"curies":[{"name":"wp","href":"https:\/\/api.w.org\/{rel}","templated":true}]}}