{"id":302,"date":"2020-04-11T17:43:49","date_gmt":"2020-04-11T15:43:49","guid":{"rendered":"http:\/\/bernard-visse.fr\/ev\/?page_id=302"},"modified":"2020-04-21T16:02:41","modified_gmt":"2020-04-21T14:02:41","slug":"prix-de-lacademie-stanislas","status":"publish","type":"page","link":"https:\/\/bernard-visse.fr\/ev\/prix-de-lacademie-stanislas\/","title":{"rendered":"Prix de l&rsquo;Acad\u00e9mie Stanislas"},"content":{"rendered":"\n\n   <p><a href=\"http:\/\/www.academie-stanislas.org\" target=\"_blank\" rel=\"noopener noreferrer\"><strong>L&rsquo;Acad\u00e9mie Stanislas<\/strong><\/a> d\u00e9cerne chaque ann\u00e9e, au cours de sa s\u00e9ance solennelle du mois de janvier qui se tient dans les Grands Salons de l&rsquo;H\u00f4tel de Ville de Nancy, un certain nombre de prix dans divers domaines.<\/p><br>\n      <p><strong>Prix litt\u00e9raire Georges-Sadler :<\/strong> attribu\u00e9 \u00e0 un ouvrage en prose, de forme historique, folklorique ou romanc\u00e9e, se rapportant \u00e0 la Lorraine. Le laur\u00e9at, de moins de 50 ans, devra \u00eatre d&rsquo;origine lorraine ou habiter l&rsquo;un des quatre d\u00e9partements lorrains.<\/p><br>\n      <p><strong>Prix Suzanne-Zivi :<\/strong> attribu\u00e9 \u00e0 un enseignant-chercheur d&rsquo;un \u00e9tablissement d&rsquo;enseignement sup\u00e9rieur ou un jeune chercheur des EPST, de moins de 45 ans et travaillant en Lorraine.<\/p><br>\n      <p><strong>Prix du professeur Jean-Hartemann :<\/strong> attribu\u00e9 \u00e0 une personne ou une association ayant oeuvr\u00e9 pour la sant\u00e9 de la M\u00e8re et de l&rsquo;Enfant.<\/p><br>\n      <p><strong>Prix du doyen Jacques-Parisot :<\/strong> destin\u00e9 \u00e0 r\u00e9compenser des oeuvres, des institutions, des m\u00e9decins ou des \u00e9tudiants dont les travaux prolongent l\u2019\u0153uvre m\u00e9dicale dans le domaine social du doyen Jacques Parisot.<\/p><br>\n      <p><strong>Prix Paul-Aubry<\/strong> et <strong>Louis-Marin<\/strong><\/p><br>\n      <p><strong>Prix de d\u00e9vouement Cadiot, Partouneau, Joly, Roty \/ Prix du professeur Louyot \/ Prix Sacicap de Lorraine :<\/strong> ces trois prix sont attribu\u00e9s \u00e0 des personnes particuli\u00e8rement m\u00e9ritantes, qui ont fait preuve de courage pour venir au secours de leurs semblables, qui se sont consacr\u00e9es enti\u00e8rement \u00e0 des oeuvres sociales utiles ou qui ont manifest\u00e9 un tr\u00e8s grand d\u00e9vouement pour les personnes de leur famille.<\/p><br>\n      <p>Des renseignements compl\u00e9mentaires sur ces Prix pourront \u00eatre demand\u00e9s au secr\u00e9tariat de l&rsquo;Acad\u00e9mie Stanislas : <br>\n        43 rue Stanislas 54000 Nancy<br>\n        T\u00e9l. : 03 83 35 85 67<br>\n<p><a href=\"mailto:ac.stanislas@free.fr?subject=Prix de l'Acad\u00e9mie Stanislas - Demande de renseignements depuis le site www.ecrivosges.com\n&#038;cc=ac.stanislas@online.fr\n&#038;cc=postmaster@ecrivosges.com\">Demander les renseignements par courriel.<\/a><\/p><br>\n      <p>Les candidatures accompagn\u00e9es d&rsquo;un curriculum vitae, d&rsquo;une notice sur les travaux r\u00e9alis\u00e9 et, le cas \u00e9ch\u00e9ant, des ouvrages publi\u00e9s (un exemplaire) devront parvenir au si\u00e8ge de l&rsquo;Acad\u00e9mie avant le 2 d\u00e9cembre.<\/p>\n","protected":false},"excerpt":{"rendered":"<p>L&rsquo;Acad\u00e9mie Stanislas d\u00e9cerne chaque ann\u00e9e, au cours de sa s\u00e9ance solennelle du mois de janvier qui se tient dans les Grands Salons de l&rsquo;H\u00f4tel de Ville de Nancy, un certain nombre de prix dans divers domaines. Prix litt\u00e9raire Georges-Sadler : attribu\u00e9 \u00e0 un ouvrage en prose, de forme historique, folklorique ou romanc\u00e9e, se rapportant \u00e0 la Lorraine. Le laur\u00e9at, de moins de 50 ans, devra \u00eatre d&rsquo;origine lorraine ou habiter l&rsquo;un des quatre d\u00e9partements lorrains. Prix Suzanne-Zivi : attribu\u00e9 \u00e0 un enseignant-chercheur d&rsquo;un \u00e9tablissement d&rsquo;enseignement sup\u00e9rieur ou un jeune chercheur des EPST, de moins de 45 ans et travaillant en Lorraine. Prix du professeur Jean-Hartemann : attribu\u00e9 \u00e0 une personne ou une association ayant oeuvr\u00e9 pour la sant\u00e9 de la M\u00e8re et de l&rsquo;Enfant. Prix du doyen Jacques-Parisot : destin\u00e9 \u00e0 r\u00e9compenser des oeuvres, des institutions, des m\u00e9decins ou des \u00e9tudiants dont les travaux prolongent l\u2019\u0153uvre m\u00e9dicale dans le domaine social du doyen Jacques Parisot. Prix Paul-Aubry et Louis-Marin Prix de d\u00e9vouement Cadiot, Partouneau, Joly, Roty \/ Prix du professeur Louyot \/ Prix Sacicap de Lorraine : ces trois prix sont attribu\u00e9s \u00e0 des personnes particuli\u00e8rement m\u00e9ritantes, qui ont fait preuve de courage pour venir au secours de leurs semblables, qui se sont consacr\u00e9es enti\u00e8rement \u00e0 des oeuvres sociales utiles ou qui ont manifest\u00e9 un tr\u00e8s grand d\u00e9vouement pour les personnes de leur famille. Des renseignements compl\u00e9mentaires sur ces Prix pourront \u00eatre demand\u00e9s au secr\u00e9tariat de l&rsquo;Acad\u00e9mie Stanislas : 43 rue Stanislas 54000 Nancy T\u00e9l. : 03 83 35 85 67 Demander les renseignements par courriel. Les candidatures accompagn\u00e9es d&rsquo;un curriculum vitae, d&rsquo;une notice sur les travaux r\u00e9alis\u00e9 et, le cas \u00e9ch\u00e9ant, des ouvrages publi\u00e9s (un exemplaire) devront parvenir au si\u00e8ge de l&rsquo;Acad\u00e9mie avant le 2 d\u00e9cembre.<\/p>\n","protected":false},"author":3,"featured_media":0,"parent":0,"menu_order":0,"comment_status":"closed","ping_status":"closed","template":"","meta":[],"_links":{"self":[{"href":"https:\/\/bernard-visse.fr\/ev\/wp-json\/wp\/v2\/pages\/302"}],"collection":[{"href":"https:\/\/bernard-visse.fr\/ev\/wp-json\/wp\/v2\/pages"}],"about":[{"href":"https:\/\/bernard-visse.fr\/ev\/wp-json\/wp\/v2\/types\/page"}],"author":[{"embeddable":true,"href":"https:\/\/bernard-visse.fr\/ev\/wp-json\/wp\/v2\/users\/3"}],"replies":[{"embeddable":true,"href":"https:\/\/bernard-visse.fr\/ev\/wp-json\/wp\/v2\/comments?post=302"}],"version-history":[{"count":1,"href":"https:\/\/bernard-visse.fr\/ev\/wp-json\/wp\/v2\/pages\/302\/revisions"}],"predecessor-version":[{"id":303,"href":"https:\/\/bernard-visse.fr\/ev\/wp-json\/wp\/v2\/pages\/302\/revisions\/303"}],"wp:attachment":[{"href":"https:\/\/bernard-visse.fr\/ev\/wp-json\/wp\/v2\/media?parent=302"}],"curies":[{"name":"wp","href":"https:\/\/api.w.org\/{rel}","templated":true}]}}