{"id":284,"date":"2020-04-11T15:18:23","date_gmt":"2020-04-11T13:18:23","guid":{"rendered":"http:\/\/bernard-visse.fr\/ev\/?page_id=284"},"modified":"2020-04-20T21:02:46","modified_gmt":"2020-04-20T19:02:46","slug":"prix-des-conseils-departementaux-de-lorraine","status":"publish","type":"page","link":"https:\/\/bernard-visse.fr\/ev\/prix-des-conseils-departementaux-de-lorraine\/","title":{"rendered":"Prix des Conseils d\u00e9partementaux<br>de Lorraine"},"content":{"rendered":"\n<p><br><br>A c\u00f4t\u00e9 de ses pr\u00e9occupations \u00e9conomiques et administratives, la commission interd\u00e9partementale des Conseils D\u00e9partementaux de Lorraine (amicale fond\u00e9e en 1961) n&rsquo;a pas voulu n\u00e9gliger les liens spirituels, litt\u00e9raires et artistiques qui associent tous les \u00e9l\u00e9ments de notre r\u00e9gion.<\/p>\n\n\n\n<p>Aussi encourage-t-elle par un prix cr\u00e9\u00e9 en 1965, ceux qui, par leurs ouvrages, participent \u00e0 l&rsquo;enseignement et \u00e0 la vulgarisation de notre histoire ou de notre d\u00e9veloppement \u00e9conomique, social et culturel, en faisant conna\u00eetre la vitalit\u00e9 de la Lorraine.<\/p>\n\n\n\n<p>En 1994, le jury a cr\u00e9\u00e9 une mention sp\u00e9ciale pouvant \u00eatre attribu\u00e9e \u00e0 des ouvrages n&rsquo;entrant pas dans le cadre strictement litt\u00e9raire de ce prix, mais assurant n\u00e9anmoins la promotion de la Lorraine, notamment les livres de photographies.<\/p>\n\n\n\n<p>De m\u00eame, devant le nombre de plus en plus important de romans soumis au Jury, il a \u00e9t\u00e9 d\u00e9cid\u00e9 de cr\u00e9er, \u00e0 partir de 2001, un prix <em>Roman<\/em>.<\/p>\n\n\n\n<p>Diff\u00e9rents Prix sont attribu\u00e9s :<br>Prix Histoire : 2500 \u20ac<br>Prix Roman et nouvelles : 1500 \u20ac<br>Prix Photographies et livre d&rsquo;art : 1500 \u20ac<br>Prix sp\u00e9cial : 1500 \u20ac<\/p>\n\n\n\n<p>Date de d\u00e9p\u00f4t des candidatures : pour 2015, le 31 mai.<\/p>\n\n\n\n<p>Date d&rsquo;attribution du prix : novembre 2015.<\/p>\n\n\n\n<p>Chaque ann\u00e9e, l&rsquo;association choisit un d\u00e9partement diff\u00e9rent pour tenir son assembl\u00e9e g\u00e9n\u00e9rale et remettre ses prix.<\/p>\n\n\n\n<h3>Bon \u00e0 savoir<\/h3>\n\n\n\n<p>Les ouvrages propos\u00e9s ne devront pas avoir \u00e9t\u00e9 subventionn\u00e9s par les collectivit\u00e9s publiques, ou prim\u00e9s par ailleurs.<\/p>\n\n\n\n<p>Sont exclus : les revues, les ouvrages scientifiques, po\u00e9tiques, biographiques et les ouvrages non \u00e9dit\u00e9s.<\/p>\n\n\n\n<p>Si un ouvrage comprend plusieurs tomes, la collection devra \u00eatre compl\u00e8te pour \u00eatre recevable.<\/p>\n\n\n\n<p>Les ouvrages ne pourront \u00eatre soumis au jury qu&rsquo;une seule ann\u00e9e.<\/p>\n\n\n\n<p>L&rsquo;ann\u00e9e d&rsquo;\u00e9dition des ouvrages propos\u00e9s devra \u00eatre l&rsquo;ann\u00e9e en cours ou l&rsquo;ann\u00e9e pr\u00e9c\u00e9dant l&rsquo;attribution du prix (sauf pour les s\u00e9ries comportant plusieurs tomes, auquel cas, l&rsquo;ann\u00e9e de prise en compte sera celle de l&rsquo;\u00e9dition du dernier ouvrage de la collection qui devra remplir la condition mentionn\u00e9e au d\u00e9but de ce paragraphe).<\/p>\n\n\n\n<p>L&rsquo;\u00e9diteur d&rsquo;un ouvrage prim\u00e9 s&rsquo;engage d\u00e8s la proclamation des r\u00e9sultats, \u00e0 signaler de mani\u00e8re apparente la r\u00e9compense dont l&rsquo;ouvrage a \u00e9t\u00e9 l&rsquo;objet (bande publicitaire ou tout autre moyen appropri\u00e9).<\/p>\n\n\n\n<p>Les auteurs ou \u00e9diteurs d\u00e9sirant proposer une \u0153uvre sont invit\u00e9s \u00e0 l&rsquo;adresser en sept exemplaires au :<\/p>\n\n\n\n<p>Secr\u00e9tariat de la commission interd\u00e9partementale des Conseils G\u00e9n\u00e9raux<br>de la R\u00e9gion de Lorraine<br>109, boulevard d&rsquo;Haussonville<br>54041 NANCY CEDEX<br>T\u00e9l : 03 83 28 52 79<\/p>\n\n\n\n<p>avant le 31 mai 2015.<\/p>\n\n\n\n<p>Ces exemplaires destin\u00e9s au comit\u00e9 de lecture ne seront pas rendus.<\/p>\n\n\n\n<p><a href=\"mailto:acgl@9business.fr\n?subject=Prix des Conseils D\u00e9partementaux de Lorraine - Demande de renseignements depuis le site www.ecrivosges.com\n&amp;cc=postmaster@ecrivosges.com\">Demander les renseignements par mail.<\/a><\/p>\n\n\n\n<h3>Les Laur\u00e9ats<\/h3>\n\n\n\n[su_tabs style=\u00a0\u00bbdefault\u00a0\u00bb active=\u00a0\u00bb1&Prime; vertical=\u00a0\u00bbno\u00a0\u00bb mobile=\u00a0\u00bbstack\u00a0\u00bb class=\u00a0\u00bb\u00a0\u00bb]\n  [su_tab title=\u00a0\u00bbLaur\u00e9ats 1961-1980&Prime; disabled=\u00a0\u00bbno\u00a0\u00bb anchor=\u00a0\u00bb\u00a0\u00bb url=\u00a0\u00bb\u00a0\u00bb target=\u00a0\u00bbblank\u00a0\u00bb class=\u00a0\u00bb\u00a0\u00bb]\n\n\n\n\n\n\n\n\n\n\n\n\n\n\n\n\n\n\n\n\n\n\n\n\n\n\n\n\n\n\n\n\n\n\n\n\n\n[\/su_tab]\n  [su_tab title=\u00a0\u00bbLaur\u00e9ats 1981-2000&Prime; disabled=\u00a0\u00bbno\u00a0\u00bb anchor=\u00a0\u00bb\u00a0\u00bb url=\u00a0\u00bb\u00a0\u00bb target=\u00a0\u00bbblank\u00a0\u00bb class=\u00a0\u00bb\u00a0\u00bb]\n\n\n\n\n\n\n\n\n\n\n\n\n\n\n\n\n\n\n\n\n\n\n\n\n\n\n\n\n\n\n\n\n\n\n\n\n\n[\/su_tab]\n  [su_tab title=\u00a0\u00bbLaur\u00e9ats 2001-2020&Prime; disabled=\u00a0\u00bbno\u00a0\u00bb anchor=\u00a0\u00bb\u00a0\u00bb url=\u00a0\u00bb\u00a0\u00bb target=\u00a0\u00bbblank\u00a0\u00bb class=\u00a0\u00bb\u00a0\u00bb]\n\n\n\n\n\n\n\n\n\n\n\n\n\n\n\n\n\n\n\n\n\n\n\n\n\n\n\n\n\n\n\n\n\n\n\n[\/su_tab]\n[\/su_tabs]\n","protected":false},"excerpt":{"rendered":"<p>A c\u00f4t\u00e9 de ses pr\u00e9occupations \u00e9conomiques et administratives, la commission interd\u00e9partementale des Conseils D\u00e9partementaux de Lorraine (amicale fond\u00e9e en 1961) n&rsquo;a pas voulu n\u00e9gliger les liens spirituels, litt\u00e9raires et artistiques qui associent tous les \u00e9l\u00e9ments de notre r\u00e9gion. Aussi encourage-t-elle par un prix cr\u00e9\u00e9 en 1965, ceux qui, par leurs ouvrages, participent \u00e0 l&rsquo;enseignement et \u00e0 la vulgarisation de notre histoire ou de notre d\u00e9veloppement \u00e9conomique, social et culturel, en faisant conna\u00eetre la vitalit\u00e9 de la Lorraine. En 1994, le jury a cr\u00e9\u00e9 une mention sp\u00e9ciale pouvant \u00eatre attribu\u00e9e \u00e0 des ouvrages n&rsquo;entrant pas dans le cadre strictement litt\u00e9raire de ce prix, mais assurant n\u00e9anmoins la promotion de la Lorraine, notamment les livres de photographies. De m\u00eame, devant le nombre de plus en plus important de romans soumis au Jury, il a \u00e9t\u00e9 d\u00e9cid\u00e9 de cr\u00e9er, \u00e0 partir de 2001, un prix Roman. Diff\u00e9rents Prix sont attribu\u00e9s :Prix Histoire : 2500 \u20acPrix Roman et nouvelles : 1500 \u20acPrix Photographies et livre d&rsquo;art : 1500 \u20acPrix sp\u00e9cial : 1500 \u20ac Date de d\u00e9p\u00f4t des candidatures : pour 2015, le 31 mai. Date d&rsquo;attribution du prix : novembre 2015. Chaque ann\u00e9e, l&rsquo;association choisit un d\u00e9partement diff\u00e9rent pour tenir son assembl\u00e9e g\u00e9n\u00e9rale et remettre ses prix. Bon \u00e0 savoir Les ouvrages propos\u00e9s ne devront pas avoir \u00e9t\u00e9 subventionn\u00e9s par les collectivit\u00e9s publiques, ou prim\u00e9s par ailleurs. Sont exclus : les revues, les ouvrages scientifiques, po\u00e9tiques, biographiques et les ouvrages non \u00e9dit\u00e9s. Si un ouvrage comprend plusieurs tomes, la collection devra \u00eatre compl\u00e8te pour \u00eatre recevable. Les ouvrages ne pourront \u00eatre soumis au jury qu&rsquo;une seule ann\u00e9e. L&rsquo;ann\u00e9e d&rsquo;\u00e9dition des ouvrages propos\u00e9s devra \u00eatre l&rsquo;ann\u00e9e en cours ou l&rsquo;ann\u00e9e pr\u00e9c\u00e9dant l&rsquo;attribution du prix (sauf pour les s\u00e9ries comportant plusieurs tomes, auquel cas, l&rsquo;ann\u00e9e de prise en compte sera celle de l&rsquo;\u00e9dition du dernier ouvrage de la collection qui devra remplir la condition mentionn\u00e9e au d\u00e9but de ce paragraphe). L&rsquo;\u00e9diteur d&rsquo;un ouvrage prim\u00e9 s&rsquo;engage d\u00e8s la proclamation des r\u00e9sultats, \u00e0 signaler de mani\u00e8re apparente la r\u00e9compense dont l&rsquo;ouvrage a \u00e9t\u00e9 l&rsquo;objet (bande publicitaire ou tout autre moyen appropri\u00e9). Les auteurs ou \u00e9diteurs d\u00e9sirant proposer une \u0153uvre sont invit\u00e9s \u00e0 l&rsquo;adresser en sept exemplaires au : Secr\u00e9tariat de la commission interd\u00e9partementale des Conseils G\u00e9n\u00e9rauxde la R\u00e9gion de Lorraine109, boulevard d&rsquo;Haussonville54041 NANCY CEDEXT\u00e9l : 03 83 28 52 79 avant le 31 mai 2015. Ces exemplaires destin\u00e9s au comit\u00e9 de lecture ne seront pas rendus. Demander les renseignements par mail. Les Laur\u00e9ats [su_tabs style=\u00a0\u00bbdefault\u00a0\u00bb active=\u00a0\u00bb1&Prime; vertical=\u00a0\u00bbno\u00a0\u00bb mobile=\u00a0\u00bbstack\u00a0\u00bb class=\u00a0\u00bb\u00a0\u00bb] [su_tab title=\u00a0\u00bbLaur\u00e9ats 1961-1980&Prime; disabled=\u00a0\u00bbno\u00a0\u00bb anchor=\u00a0\u00bb\u00a0\u00bb url=\u00a0\u00bb\u00a0\u00bb target=\u00a0\u00bbblank\u00a0\u00bb class=\u00a0\u00bb\u00a0\u00bb] [\/su_tab] [su_tab title=\u00a0\u00bbLaur\u00e9ats 1981-2000&Prime; disabled=\u00a0\u00bbno\u00a0\u00bb anchor=\u00a0\u00bb\u00a0\u00bb url=\u00a0\u00bb\u00a0\u00bb target=\u00a0\u00bbblank\u00a0\u00bb class=\u00a0\u00bb\u00a0\u00bb] [\/su_tab] [su_tab title=\u00a0\u00bbLaur\u00e9ats 2001-2020&Prime; disabled=\u00a0\u00bbno\u00a0\u00bb anchor=\u00a0\u00bb\u00a0\u00bb url=\u00a0\u00bb\u00a0\u00bb target=\u00a0\u00bbblank\u00a0\u00bb class=\u00a0\u00bb\u00a0\u00bb] [\/su_tab] [\/su_tabs]<\/p>\n","protected":false},"author":3,"featured_media":0,"parent":0,"menu_order":0,"comment_status":"closed","ping_status":"closed","template":"","meta":[],"_links":{"self":[{"href":"https:\/\/bernard-visse.fr\/ev\/wp-json\/wp\/v2\/pages\/284"}],"collection":[{"href":"https:\/\/bernard-visse.fr\/ev\/wp-json\/wp\/v2\/pages"}],"about":[{"href":"https:\/\/bernard-visse.fr\/ev\/wp-json\/wp\/v2\/types\/page"}],"author":[{"embeddable":true,"href":"https:\/\/bernard-visse.fr\/ev\/wp-json\/wp\/v2\/users\/3"}],"replies":[{"embeddable":true,"href":"https:\/\/bernard-visse.fr\/ev\/wp-json\/wp\/v2\/comments?post=284"}],"version-history":[{"count":13,"href":"https:\/\/bernard-visse.fr\/ev\/wp-json\/wp\/v2\/pages\/284\/revisions"}],"predecessor-version":[{"id":986,"href":"https:\/\/bernard-visse.fr\/ev\/wp-json\/wp\/v2\/pages\/284\/revisions\/986"}],"wp:attachment":[{"href":"https:\/\/bernard-visse.fr\/ev\/wp-json\/wp\/v2\/media?parent=284"}],"curies":[{"name":"wp","href":"https:\/\/api.w.org\/{rel}","templated":true}]}}