{"id":281,"date":"2020-04-11T15:05:28","date_gmt":"2020-04-11T13:05:28","guid":{"rendered":"http:\/\/bernard-visse.fr\/ev\/?page_id=281"},"modified":"2020-04-20T20:57:25","modified_gmt":"2020-04-20T18:57:25","slug":"prix-de-lacademie-nationale-de-metz","status":"publish","type":"page","link":"https:\/\/bernard-visse.fr\/ev\/prix-de-lacademie-nationale-de-metz\/","title":{"rendered":"Prix de l&rsquo;Acad\u00e9mie Nationale de Metz"},"content":{"rendered":"\n<p><strong><a rel=\"noreferrer noopener\" href=\"http:\/\/www.academiemetz.fr\/\" target=\"_blank\">L\u2019Acad\u00e9mie nationale de Metz<\/a><\/strong> s\u2019ouvre au public chaque ann\u00e9e lors de la s\u00e9ance solennelle qui se d\u00e9roule traditionnellement dans les salons de l\u2019h\u00f4tel de ville de Metz. <\/p>\n\n\n\n<p>Celle-ci se partage entre le discours du pr\u00e9sident, la conf\u00e9rence d\u2019un invit\u00e9 d\u2019honneur, la relation des activit\u00e9s de l\u2019ann\u00e9e acad\u00e9mique et la remise de prix litt\u00e9raires, juridiques, scientifiques, artistiques et de m\u00e9rite. Ch\u00e8ques ou m\u00e9dailles accompagnent les dipl\u00f4mes distribu\u00e9s. <\/p>\n\n\n\n<p>L\u2019Acad\u00e9mie peut, certes, honorer des personnes ou des associations d\u00e9j\u00e0 distingu\u00e9es par ailleurs, mais, dans une perspective de dynamisation de la vie culturelle et sociale r\u00e9gionale, son action vise plut\u00f4t \u00e0 sortir de l\u2019ombre talents et m\u00e9rites. Modestement mais s\u00fbrement, chaque personne ou chaque association distingu\u00e9e re\u00e7oit \u00e0 cette occasion un message de gratitude et d\u2019encouragement.<\/p>\n\n\n\n<p><strong>Le Prix Chabot-Didon<\/strong>, attribu\u00e9 entre 1928 et 1933, fut r\u00e9tabli en 1996. Il distingue tous les deux ans une personnalit\u00e9 ou une association dont le renom et les activit\u00e9s honorent notre r\u00e9gion.<\/p>\n\n\n\n<p><strong>Le Prix Hinzelin<\/strong> r\u00e9compense chaque ann\u00e9e des travaux d\u2019histoire \u00e0 caract\u00e8re r\u00e9gional.<\/p>\n\n\n\n<p><strong>Le Prix Herpin<\/strong> r\u00e9compense tous les quatre ans un travail d\u2019int\u00e9r\u00eat sp\u00e9cial.<\/p>\n\n\n\n<p><strong>Le Prix Vever<\/strong> distingue chaque ann\u00e9e un jeune apprenti, artisan ou ouvrier d\u2019art originaire de la Moselle.<\/p>\n\n\n\n<p><strong>Le Prix Ladoucette<\/strong> encourage et r\u00e9compense des actes de charit\u00e9 et de d\u00e9vouement.<\/p>\n\n\n\n<p><strong>Le Prix Colonel Bouchotte<\/strong> est un prix d\u2019encouragement \u00e0 l\u2019agriculture et \u00e0 l\u2019industrie.<\/p>\n\n\n\n<p>Contact : Mme Jeanne-Marie Demarolle<br>Acad\u00e9mie Nationale de Metz<br>20 en Nexirue<br>57000 Metz<br>T\u00e9l. : 03 87 75 29 73<\/p>\n\n\n\n<p><a href=\"mailto:academiemetz@numericable.com?subject=Prix de l'Acad\u00e9mie nationale de Metz - Demande de renseignements depuis le site www.ecrivosges.com&amp;cc=bernard.visse@ecrivosges.com\">Demander les renseignements par courriel.<\/a><\/p>\n","protected":false},"excerpt":{"rendered":"<p>L\u2019Acad\u00e9mie nationale de Metz s\u2019ouvre au public chaque ann\u00e9e lors de la s\u00e9ance solennelle qui se d\u00e9roule traditionnellement dans les salons de l\u2019h\u00f4tel de ville de Metz. Celle-ci se partage entre le discours du pr\u00e9sident, la conf\u00e9rence d\u2019un invit\u00e9 d\u2019honneur, la relation des activit\u00e9s de l\u2019ann\u00e9e acad\u00e9mique et la remise de prix litt\u00e9raires, juridiques, scientifiques, artistiques et de m\u00e9rite. Ch\u00e8ques ou m\u00e9dailles accompagnent les dipl\u00f4mes distribu\u00e9s. L\u2019Acad\u00e9mie peut, certes, honorer des personnes ou des associations d\u00e9j\u00e0 distingu\u00e9es par ailleurs, mais, dans une perspective de dynamisation de la vie culturelle et sociale r\u00e9gionale, son action vise plut\u00f4t \u00e0 sortir de l\u2019ombre talents et m\u00e9rites. Modestement mais s\u00fbrement, chaque personne ou chaque association distingu\u00e9e re\u00e7oit \u00e0 cette occasion un message de gratitude et d\u2019encouragement. Le Prix Chabot-Didon, attribu\u00e9 entre 1928 et 1933, fut r\u00e9tabli en 1996. Il distingue tous les deux ans une personnalit\u00e9 ou une association dont le renom et les activit\u00e9s honorent notre r\u00e9gion. Le Prix Hinzelin r\u00e9compense chaque ann\u00e9e des travaux d\u2019histoire \u00e0 caract\u00e8re r\u00e9gional. Le Prix Herpin r\u00e9compense tous les quatre ans un travail d\u2019int\u00e9r\u00eat sp\u00e9cial. Le Prix Vever distingue chaque ann\u00e9e un jeune apprenti, artisan ou ouvrier d\u2019art originaire de la Moselle. Le Prix Ladoucette encourage et r\u00e9compense des actes de charit\u00e9 et de d\u00e9vouement. Le Prix Colonel Bouchotte est un prix d\u2019encouragement \u00e0 l\u2019agriculture et \u00e0 l\u2019industrie. Contact : Mme Jeanne-Marie DemarolleAcad\u00e9mie Nationale de Metz20 en Nexirue57000 MetzT\u00e9l. : 03 87 75 29 73 Demander les renseignements par courriel.<\/p>\n","protected":false},"author":3,"featured_media":0,"parent":0,"menu_order":0,"comment_status":"closed","ping_status":"closed","template":"","meta":[],"_links":{"self":[{"href":"https:\/\/bernard-visse.fr\/ev\/wp-json\/wp\/v2\/pages\/281"}],"collection":[{"href":"https:\/\/bernard-visse.fr\/ev\/wp-json\/wp\/v2\/pages"}],"about":[{"href":"https:\/\/bernard-visse.fr\/ev\/wp-json\/wp\/v2\/types\/page"}],"author":[{"embeddable":true,"href":"https:\/\/bernard-visse.fr\/ev\/wp-json\/wp\/v2\/users\/3"}],"replies":[{"embeddable":true,"href":"https:\/\/bernard-visse.fr\/ev\/wp-json\/wp\/v2\/comments?post=281"}],"version-history":[{"count":1,"href":"https:\/\/bernard-visse.fr\/ev\/wp-json\/wp\/v2\/pages\/281\/revisions"}],"predecessor-version":[{"id":282,"href":"https:\/\/bernard-visse.fr\/ev\/wp-json\/wp\/v2\/pages\/281\/revisions\/282"}],"wp:attachment":[{"href":"https:\/\/bernard-visse.fr\/ev\/wp-json\/wp\/v2\/media?parent=281"}],"curies":[{"name":"wp","href":"https:\/\/api.w.org\/{rel}","templated":true}]}}