{"id":246,"date":"2020-04-10T22:56:08","date_gmt":"2020-04-10T20:56:08","guid":{"rendered":"http:\/\/bernard-visse.fr\/ev\/?page_id=246"},"modified":"2020-04-20T21:03:13","modified_gmt":"2020-04-20T19:03:13","slug":"prix-erckmann-chatrian","status":"publish","type":"page","link":"https:\/\/bernard-visse.fr\/ev\/prix-erckmann-chatrian\/","title":{"rendered":"Prix Erckmann-Chatrian"},"content":{"rendered":"\n<p>Fond\u00e9 en 1925, le prix Erckmann-Chatrian (<strong>le Goncourt Lorrain<\/strong>) est d\u00e9cern\u00e9 chaque ann\u00e9e \u00e0 une \u0153uvre imprim\u00e9e et \u00e9dit\u00e9e, en prose (roman, contes, nouvelles, etc.).<\/p>\n\n\n\n<p>En compl\u00e9ment du Prix litt\u00e9raire Erckmann-Chatrian, une Bourse Erckmann-Chatrian du r\u00e9cit historique et une Bourse de la monographie sont d\u00e9cern\u00e9es dans les m\u00eames conditions et selon les m\u00eames modalit\u00e9s.<\/p>\n\n\n\n<h3><strong>Quelques r\u00e8gles<\/strong><\/h3>\n\n\n\n<p>1. L\u2019auteur doit \u00eatre : <br>\u2013 d\u2019origine lorraine ou r\u00e9sider dans l\u2019un des d\u00e9partements lorrains (Moselle, Meurthe et Moselle, Meuse, Vosges),<br>\u2013 ou non lorrain et traiter d\u2019un sujet patrimonial lorrain ou dont l\u2019action se situe \u2013 ou \u00e9voque \u2013 la Lorraine.<\/p>\n\n\n\n<p>2. La date limite d\u2019envoi des livres est fix\u00e9e au 31 ao\u00fbt (peuvent \u00eatre pr\u00e9sent\u00e9s les livres parus entre le 1er septembre de l\u2019ann\u00e9e pr\u00e9c\u00e9dente et le 31 ao\u00fbt de l\u2019ann\u00e9e en cours).<\/p>\n\n\n\n<p>3. Le m\u00eame ouvrage ne peut \u00eatre examin\u00e9 deux fois par le jury.<\/p>\n\n\n\n<p>4. Ouvrages collectifs : sont accept\u00e9s seulement ceux qui comptent un nombre r\u00e9duit d\u2019auteurs (au-del\u00e0 de quatre : impossible). Ne sont pas retenus les ouvrages publi\u00e9s \u00ab&nbsp;sous la direction de\u2026&nbsp;\u00bb<\/p>\n\n\n\n<p>5. Les ouvrages pr\u00e9sent\u00e9s ne peuvent en aucun cas \u00eatre rendus \u00e0 leurs auteurs.<\/p>\n\n\n\n<p>6. Les ouvrages devront \u00eatre envoy\u00e9s directement \u00e0 chacun des membres du jury dont la liste (avec adresses) est \u00e0 demander<br>par courriel.<\/p>\n\n\n\n<p>Le prix est attribu\u00e9 en novembre par un jury compos\u00e9 de personnalit\u00e9s litt\u00e9raires des quatre d\u00e9partements et remis publiquement au printemps au cours d\u2019une c\u00e9r\u00e9monie officielle.<\/p>\n\n\n\n<h3>Composition du jury<\/h3>\n\n\n\n<p>Jury 2017-2018. Pr\u00e9sident, Bernard Visse. Avec Pierre-Marie Beaude, Roger Bichelberger, Muriel Carminati, Gaston-Paul Effa, Francis Kochert, Gilles Laporte, Andr\u00e9 Markiewicz, Philippe Martin, Mich\u00e8le Maubeuge, G\u00e9rald Tenenbaum.<\/p>\n\n\n\n<h3>Les laur\u00e9ats<\/h3>\n\n\n\n<p>Voir le site Internet du Prix :<br>&#8211; <a href=\"http:\/\/www.prix-erckmann-chatrian.fr\/les-laureats\/laureats\/\" target=\"_blank\" rel=\"noreferrer noopener\">de 1925 \u00e0 1988<\/a><br>&#8211; <a href=\"http:\/\/www.prix-erckmann-chatrian.fr\/les-laureats\/laureats-depuis-1989\/\" target=\"_blank\" rel=\"noreferrer noopener\">depuis 1989<\/a><\/p>\n\n\n\n<h3>Historique<\/h3>\n\n\n\n<p><strong>17 juillet 1913<\/strong><br>\u00c9mile Hinzelin, \u00e9crivain, membre de l\u2019Acad\u00e9mie Fran\u00e7aise, et Georges Sadler, musicien et homme de Lettres, r\u00e9unissent \u00e0 Nancy une vingtaine de personnalit\u00e9s lorraines. Ils leur proposent la cr\u00e9ation d\u2019une Soci\u00e9t\u00e9 Erckmann-Chatrian. L\u2019id\u00e9e est bien accueillie.<\/p>\n\n\n\n<p><strong>Novembre 1913<\/strong><br>Georges Sadler demande audience au Pr\u00e9sident de la R\u00e9publique Raymond Poincar\u00e9 qui le re\u00e7oit, l\u2019entend, approuve le projet, et sugg\u00e8re pour cette soci\u00e9t\u00e9 des activit\u00e9s de d\u00e9fense et promotion de la langue fran\u00e7aise dans les pays annex\u00e9s, notamment en y diffusant les \u0153uvres populaires d\u2019Erckmann et Chatrian.<\/p>\n\n\n\n<p><strong>No\u00ebl 1913<\/strong><br>\u00c0 la table du c\u00e9l\u00e8bre restaurant nanc\u00e9en Walter, Georges Sadler rend compte de ses entretiens avec le Pr\u00e9sident de la R\u00e9publique aux personnalit\u00e9s lorraines int\u00e9ress\u00e9es par le projet.<\/p>\n\n\n\n<p><strong>16 janvier 1914<\/strong><br>Cr\u00e9ation officielle de la Soci\u00e9t\u00e9 Erckmann-Chatrian. Pr\u00e9sident : \u00c9mile Hinzelin. Administrateur-d\u00e9l\u00e9gu\u00e9 : Georges Sadler. Pr\u00e9sidents d\u2019honneur : Maurice Barr\u00e8s et le mar\u00e9chal Lyautey.<\/p>\n\n\n\n<p>Durant la premi\u00e8re Guerre mondiale, la Soci\u00e9t\u00e9 se consacre au soutien des r\u00e9fugi\u00e9s lorrains et alsaciens, distribue quelque 5000 livres d\u2019Erckmann-Chatrian aux \u00e9coles et h\u00f4pitaux. Elle organise des conf\u00e9rences, repr\u00e9sentations th\u00e9\u00e2trales et autres manifestations culturelles pour rassembler les fonds n\u00e9cessaires \u00e0 ses activit\u00e9s. Le m\u00e9morable concert de juin 1917 rassemble 1200 personnes \u00e0 Nancy, salle Poirel, sous la protection d\u2019avions fran\u00e7ais charg\u00e9s d\u2019\u00e9loigner les bombardiers prussiens Tauben.<\/p>\n\n\n\n<p><strong>1925<\/strong><br>Sous l\u2019\u00e9gide de Georges Sadler, la Soci\u00e9t\u00e9 devenue Comit\u00e9 d\u00e9cide la cr\u00e9ation d\u2019un prix litt\u00e9raire qui sera d\u00e9cern\u00e9 chaque ann\u00e9e, en novembre, par un jury compos\u00e9 de personnalit\u00e9s litt\u00e9raires des quatre d\u00e9partements lorrains et remis solennellement au laur\u00e9at au printemps suivant. Pourront concourir les auteurs d\u2019origine lorraine ou lorrains d\u2019adoption, et les \u00e9crivains non lorrains qui ont publi\u00e9 un ouvrage de valeur sur un sujet lorrain. Son premier laur\u00e9at, en novembre 1925, Eug\u00e8ne Mathis, de Fraize (Vosges) auteur de <em>Les h\u00e9ros de Fraize <\/em>recevra son prix des mains du mar\u00e9chal Lyautey en personne.<\/p>\n\n\n\n<p>\u00c0 la suite d\u2019\u00c9mile Hinzelin, Georges Sadler pr\u00e9sidera le Comit\u00e9 Erckmann-Chatrian de 1924 jusqu\u2019\u00e0 sa mort en 1958.<\/p>\n\n\n\n<p>Lui succ\u00e9deront :<br>Albert Schneider (1958-1988),<br>Roger Bichelberger (1989-1998),<br>Michel Caffier (1998-2004),<br>Philippe Claudel (2004-2005),<br>Gaston-Paul Effa (2005-2008),<br>Gilles Laporte (2009-2014)<br>Bernard Visse (2015- ).<\/p>\n\n\n\n<p>Depuis sa date de cr\u00e9ation, soutenu par les collectivit\u00e9s locales et territoriales de Lorraine, le Prix Erckmann-Chatrian a \u00e9t\u00e9 attribu\u00e9 tr\u00e8s r\u00e9guli\u00e8rement, sauf interruption de 1940 \u00e0 1944. Juste cons\u00e9quence de sa qualit\u00e9, il a acquis tr\u00e8s vite une belle notori\u00e9t\u00e9 nationale. D\u00e8s 1945, la presse parisienne le baptisait \u00ab Goncourt Lorrain \u00bb.<\/p>\n\n\n\n<p>Fid\u00e8le \u00e0 sa politique de qualit\u00e9 et de stricte loyaut\u00e9, et \u00e0 sa tradition de promotion de la culture fran\u00e7aise issue de Lorraine, le Comit\u00e9 Erckmann-Chatrian a cr\u00e9\u00e9 en 1989 deux autres prix, permettant de couvrir un champ plus vaste de la cr\u00e9ation litt\u00e9raire et de la recherche, et de r\u00e9v\u00e9ler de nouveaux talents : la Bourse Histoire, et la Bourse Lorraine.<\/p>\n\n\n\n<p><a href=\"http:\/\/www.prix-erckmann-chatrian.fr\/\" target=\"_blank\" rel=\"noreferrer noopener\">Site Internet<\/a><a href=\"http:\/\/www.prix-erckmann-chatrian.fr\/\">.<\/a><\/p>\n","protected":false},"excerpt":{"rendered":"<p>Fond\u00e9 en 1925, le prix Erckmann-Chatrian (le Goncourt Lorrain) est d\u00e9cern\u00e9 chaque ann\u00e9e \u00e0 une \u0153uvre imprim\u00e9e et \u00e9dit\u00e9e, en prose (roman, contes, nouvelles, etc.). En compl\u00e9ment du Prix litt\u00e9raire Erckmann-Chatrian, une Bourse Erckmann-Chatrian du r\u00e9cit historique et une Bourse de la monographie sont d\u00e9cern\u00e9es dans les m\u00eames conditions et selon les m\u00eames modalit\u00e9s. Quelques r\u00e8gles 1. L\u2019auteur doit \u00eatre : \u2013 d\u2019origine lorraine ou r\u00e9sider dans l\u2019un des d\u00e9partements lorrains (Moselle, Meurthe et Moselle, Meuse, Vosges),\u2013 ou non lorrain et traiter d\u2019un sujet patrimonial lorrain ou dont l\u2019action se situe \u2013 ou \u00e9voque \u2013 la Lorraine. 2. La date limite d\u2019envoi des livres est fix\u00e9e au 31 ao\u00fbt (peuvent \u00eatre pr\u00e9sent\u00e9s les livres parus entre le 1er septembre de l\u2019ann\u00e9e pr\u00e9c\u00e9dente et le 31 ao\u00fbt de l\u2019ann\u00e9e en cours). 3. Le m\u00eame ouvrage ne peut \u00eatre examin\u00e9 deux fois par le jury. 4. Ouvrages collectifs : sont accept\u00e9s seulement ceux qui comptent un nombre r\u00e9duit d\u2019auteurs (au-del\u00e0 de quatre : impossible). Ne sont pas retenus les ouvrages publi\u00e9s \u00ab&nbsp;sous la direction de\u2026&nbsp;\u00bb 5. Les ouvrages pr\u00e9sent\u00e9s ne peuvent en aucun cas \u00eatre rendus \u00e0 leurs auteurs. 6. Les ouvrages devront \u00eatre envoy\u00e9s directement \u00e0 chacun des membres du jury dont la liste (avec adresses) est \u00e0 demanderpar courriel. Le prix est attribu\u00e9 en novembre par un jury compos\u00e9 de personnalit\u00e9s litt\u00e9raires des quatre d\u00e9partements et remis publiquement au printemps au cours d\u2019une c\u00e9r\u00e9monie officielle. Composition du jury Jury 2017-2018. Pr\u00e9sident, Bernard Visse. Avec Pierre-Marie Beaude, Roger Bichelberger, Muriel Carminati, Gaston-Paul Effa, Francis Kochert, Gilles Laporte, Andr\u00e9 Markiewicz, Philippe Martin, Mich\u00e8le Maubeuge, G\u00e9rald Tenenbaum. Les laur\u00e9ats Voir le site Internet du Prix :&#8211; de 1925 \u00e0 1988&#8211; depuis 1989 Historique 17 juillet 1913\u00c9mile Hinzelin, \u00e9crivain, membre de l\u2019Acad\u00e9mie Fran\u00e7aise, et Georges Sadler, musicien et homme de Lettres, r\u00e9unissent \u00e0 Nancy une vingtaine de personnalit\u00e9s lorraines. Ils leur proposent la cr\u00e9ation d\u2019une Soci\u00e9t\u00e9 Erckmann-Chatrian. L\u2019id\u00e9e est bien accueillie. Novembre 1913Georges Sadler demande audience au Pr\u00e9sident de la R\u00e9publique Raymond Poincar\u00e9 qui le re\u00e7oit, l\u2019entend, approuve le projet, et sugg\u00e8re pour cette soci\u00e9t\u00e9 des activit\u00e9s de d\u00e9fense et promotion de la langue fran\u00e7aise dans les pays annex\u00e9s, notamment en y diffusant les \u0153uvres populaires d\u2019Erckmann et Chatrian. No\u00ebl 1913\u00c0 la table du c\u00e9l\u00e8bre restaurant nanc\u00e9en Walter, Georges Sadler rend compte de ses entretiens avec le Pr\u00e9sident de la R\u00e9publique aux personnalit\u00e9s lorraines int\u00e9ress\u00e9es par le projet. 16 janvier 1914Cr\u00e9ation officielle de la Soci\u00e9t\u00e9 Erckmann-Chatrian. Pr\u00e9sident : \u00c9mile Hinzelin. Administrateur-d\u00e9l\u00e9gu\u00e9 : Georges Sadler. Pr\u00e9sidents d\u2019honneur : Maurice Barr\u00e8s et le mar\u00e9chal Lyautey. Durant la premi\u00e8re Guerre mondiale, la Soci\u00e9t\u00e9 se consacre au soutien des r\u00e9fugi\u00e9s lorrains et alsaciens, distribue quelque 5000 livres d\u2019Erckmann-Chatrian aux \u00e9coles et h\u00f4pitaux. Elle organise des conf\u00e9rences, repr\u00e9sentations th\u00e9\u00e2trales et autres manifestations culturelles pour rassembler les fonds n\u00e9cessaires \u00e0 ses activit\u00e9s. Le m\u00e9morable concert de juin 1917 rassemble 1200 personnes \u00e0 Nancy, salle Poirel, sous la protection d\u2019avions fran\u00e7ais charg\u00e9s d\u2019\u00e9loigner les bombardiers prussiens Tauben. 1925Sous l\u2019\u00e9gide de Georges Sadler, la Soci\u00e9t\u00e9 devenue Comit\u00e9 d\u00e9cide la cr\u00e9ation d\u2019un prix litt\u00e9raire qui sera d\u00e9cern\u00e9 chaque ann\u00e9e, en novembre, par un jury compos\u00e9 de personnalit\u00e9s litt\u00e9raires des quatre d\u00e9partements lorrains et remis solennellement au laur\u00e9at au printemps suivant. Pourront concourir les auteurs d\u2019origine lorraine ou lorrains d\u2019adoption, et les \u00e9crivains non lorrains qui ont publi\u00e9 un ouvrage de valeur sur un sujet lorrain. Son premier laur\u00e9at, en novembre 1925, Eug\u00e8ne Mathis, de Fraize (Vosges) auteur de Les h\u00e9ros de Fraize recevra son prix des mains du mar\u00e9chal Lyautey en personne. \u00c0 la suite d\u2019\u00c9mile Hinzelin, Georges Sadler pr\u00e9sidera le Comit\u00e9 Erckmann-Chatrian de 1924 jusqu\u2019\u00e0 sa mort en 1958. Lui succ\u00e9deront :Albert Schneider (1958-1988),Roger Bichelberger (1989-1998),Michel Caffier (1998-2004),Philippe Claudel (2004-2005),Gaston-Paul Effa (2005-2008),Gilles Laporte (2009-2014)Bernard Visse (2015- ). Depuis sa date de cr\u00e9ation, soutenu par les collectivit\u00e9s locales et territoriales de Lorraine, le Prix Erckmann-Chatrian a \u00e9t\u00e9 attribu\u00e9 tr\u00e8s r\u00e9guli\u00e8rement, sauf interruption de 1940 \u00e0 1944. Juste cons\u00e9quence de sa qualit\u00e9, il a acquis tr\u00e8s vite une belle notori\u00e9t\u00e9 nationale. D\u00e8s 1945, la presse parisienne le baptisait \u00ab Goncourt Lorrain \u00bb. Fid\u00e8le \u00e0 sa politique de qualit\u00e9 et de stricte loyaut\u00e9, et \u00e0 sa tradition de promotion de la culture fran\u00e7aise issue de Lorraine, le Comit\u00e9 Erckmann-Chatrian a cr\u00e9\u00e9 en 1989 deux autres prix, permettant de couvrir un champ plus vaste de la cr\u00e9ation litt\u00e9raire et de la recherche, et de r\u00e9v\u00e9ler de nouveaux talents : la Bourse Histoire, et la Bourse Lorraine. Site Internet.<\/p>\n","protected":false},"author":3,"featured_media":0,"parent":0,"menu_order":0,"comment_status":"closed","ping_status":"closed","template":"","meta":[],"_links":{"self":[{"href":"https:\/\/bernard-visse.fr\/ev\/wp-json\/wp\/v2\/pages\/246"}],"collection":[{"href":"https:\/\/bernard-visse.fr\/ev\/wp-json\/wp\/v2\/pages"}],"about":[{"href":"https:\/\/bernard-visse.fr\/ev\/wp-json\/wp\/v2\/types\/page"}],"author":[{"embeddable":true,"href":"https:\/\/bernard-visse.fr\/ev\/wp-json\/wp\/v2\/users\/3"}],"replies":[{"embeddable":true,"href":"https:\/\/bernard-visse.fr\/ev\/wp-json\/wp\/v2\/comments?post=246"}],"version-history":[{"count":7,"href":"https:\/\/bernard-visse.fr\/ev\/wp-json\/wp\/v2\/pages\/246\/revisions"}],"predecessor-version":[{"id":293,"href":"https:\/\/bernard-visse.fr\/ev\/wp-json\/wp\/v2\/pages\/246\/revisions\/293"}],"wp:attachment":[{"href":"https:\/\/bernard-visse.fr\/ev\/wp-json\/wp\/v2\/media?parent=246"}],"curies":[{"name":"wp","href":"https:\/\/api.w.org\/{rel}","templated":true}]}}